{"id":868596,"date":"2015-08-05T17:59:45","date_gmt":"2015-08-05T15:59:45","guid":{"rendered":"https:\/\/pokeriomokykla.com\/valkommen"},"modified":"2025-04-29T01:31:37","modified_gmt":"2025-04-28T23:31:37","slug":"valkommen","status":"publish","type":"page","link":"https:\/\/pokeriomokykla.com\/sv\/valkommen-till","title":{"rendered":"V\u00e4lkommen!"},"content":{"rendered":"<p style=\"text-align: center\">Grattis, din registrering \u00e4r klar. Ditt konto \u00e4r nu aktivt och du kan redan anv\u00e4nda alla funktioner p\u00e5 PokerioMokykla.com.<\/p>\n","protected":false},"excerpt":{"rendered":"<p>Grattis, din registrering \u00e4r klar. Ditt konto \u00e4r nu aktivt&#8230;<\/p>\n","protected":false},"author":72,"featured_media":0,"parent":0,"menu_order":16,"comment_status":"open","ping_status":"open","template":"","meta":{"_acf_changed":false,"footnotes":""},"class_list":["post-868596","page","type-page","status-publish","hentry"],"acf":[],"_links":{"self":[{"href":"https:\/\/pokeriomokykla.com\/sv\/wp-json\/wp\/v2\/pages\/868596","targetHints":{"allow":["GET"]}}],"collection":[{"href":"https:\/\/pokeriomokykla.com\/sv\/wp-json\/wp\/v2\/pages"}],"about":[{"href":"https:\/\/pokeriomokykla.com\/sv\/wp-json\/wp\/v2\/types\/page"}],"author":[{"embeddable":true,"href":"https:\/\/pokeriomokykla.com\/sv\/wp-json\/wp\/v2\/users\/72"}],"replies":[{"embeddable":true,"href":"https:\/\/pokeriomokykla.com\/sv\/wp-json\/wp\/v2\/comments?post=868596"}],"version-history":[{"count":2,"href":"https:\/\/pokeriomokykla.com\/sv\/wp-json\/wp\/v2\/pages\/868596\/revisions"}],"predecessor-version":[{"id":1034090,"href":"https:\/\/pokeriomokykla.com\/sv\/wp-json\/wp\/v2\/pages\/868596\/revisions\/1034090"}],"wp:attachment":[{"href":"https:\/\/pokeriomokykla.com\/sv\/wp-json\/wp\/v2\/media?parent=868596"}],"curies":[{"name":"wp","href":"https:\/\/api.w.org\/{rel}","templated":true}]}}