{"id":867101,"date":"2016-08-07T14:27:51","date_gmt":"2016-08-07T12:27:51","guid":{"rendered":"https:\/\/pokeriomokykla.com\/grattis-registreringen-lyckades"},"modified":"2026-05-10T20:11:26","modified_gmt":"2026-05-10T18:11:26","slug":"grattis-registreringen-lyckades","status":"publish","type":"page","link":"https:\/\/pokeriomokykla.com\/sv\/valkommen-registrering-tidigt","title":{"rendered":"Grattis, registreringen lyckades"},"content":{"rendered":"<p>Grattis, registreringen \u00e4r helt klar. S\u00e5 snart v\u00e5r administrat\u00f6r ser din \u00f6verf\u00f6ring, kommer medlemskapet att bekr\u00e4ftas. Vanligtvis inom 24 timmar (arbetsdagar).<\/p>\n","protected":false},"excerpt":{"rendered":"<p>Grattis, registreringen \u00e4r helt klar. S\u00e5 snart v\u00e5r administrat\u00f6r ser&#8230;<\/p>\n","protected":false},"author":72,"featured_media":0,"parent":0,"menu_order":22,"comment_status":"closed","ping_status":"closed","template":"","meta":{"_acf_changed":false,"footnotes":""},"class_list":["post-867101","page","type-page","status-publish","hentry"],"acf":[],"_links":{"self":[{"href":"https:\/\/pokeriomokykla.com\/sv\/wp-json\/wp\/v2\/pages\/867101","targetHints":{"allow":["GET"]}}],"collection":[{"href":"https:\/\/pokeriomokykla.com\/sv\/wp-json\/wp\/v2\/pages"}],"about":[{"href":"https:\/\/pokeriomokykla.com\/sv\/wp-json\/wp\/v2\/types\/page"}],"author":[{"embeddable":true,"href":"https:\/\/pokeriomokykla.com\/sv\/wp-json\/wp\/v2\/users\/72"}],"replies":[{"embeddable":true,"href":"https:\/\/pokeriomokykla.com\/sv\/wp-json\/wp\/v2\/comments?post=867101"}],"version-history":[{"count":1,"href":"https:\/\/pokeriomokykla.com\/sv\/wp-json\/wp\/v2\/pages\/867101\/revisions"}],"predecessor-version":[{"id":946778,"href":"https:\/\/pokeriomokykla.com\/sv\/wp-json\/wp\/v2\/pages\/867101\/revisions\/946778"}],"wp:attachment":[{"href":"https:\/\/pokeriomokykla.com\/sv\/wp-json\/wp\/v2\/media?parent=867101"}],"curies":[{"name":"wp","href":"https:\/\/api.w.org\/{rel}","templated":true}]}}