{"id":858818,"date":"2020-06-23T16:10:26","date_gmt":"2020-06-23T14:10:26","guid":{"rendered":"https:\/\/pokeriomokykla.com\/mastercard-onlinekasinon"},"modified":"2025-07-29T13:56:19","modified_gmt":"2025-07-29T11:56:19","slug":"mastercard-onlinekasinon","status":"publish","type":"page","link":"https:\/\/pokeriomokykla.com\/sv\/mastercard-online-kasinon","title":{"rendered":"Mastercard onlinekasinon"},"content":{"rendered":"\n<p>MasterCard &#8211; det \u00e4r ett av de mest popul\u00e4ra och k\u00e4nda betalningss\u00e4tten i hela v\u00e4rlden. Miljontals m\u00e4nniskor anv\u00e4nder dagligen detta f\u00f6retags bankkort f\u00f6r betalningar b\u00e5de i den verkliga v\u00e4rlden och online. <\/p>\n\n\n\n<p>Detta s\u00e4tt \u00e4r s\u00e4kert, enkelt och snabbt! Inte konstigt att m\u00e5nga onlinekasinon erbjuder m\u00f6jligheten att g\u00f6ra betalningar med Mastercard kort (Mastercard online casinos). <\/p>\n\n\n\n<p>I denna artikel kommer vi att diskutera f\u00f6rdelarna, nackdelarna och hur man anv\u00e4nder denna betalningsmetod p\u00e5 onlinekasinon. <\/p>\n\n\n\n<div id=\"ez-toc-container\" class=\"ez-toc-v2_0_76 ez-toc-wrap-left counter-hierarchy ez-toc-counter ez-toc-custom ez-toc-container-direction\">\n<div class=\"ez-toc-title-container\">\n<p class=\"ez-toc-title\" style=\"cursor:inherit\">Inneh\u00e5llsf\u00f6rteckning<\/p>\n<span class=\"ez-toc-title-toggle\"><a href=\"#\" class=\"ez-toc-pull-right ez-toc-btn ez-toc-btn-xs ez-toc-btn-default ez-toc-toggle\" aria-label=\"Toggle Table of Content\"><span class=\"ez-toc-js-icon-con\"><span class=\"\"><span class=\"eztoc-hide\" style=\"display:none;\">Toggle<\/span><span class=\"ez-toc-icon-toggle-span\"><svg style=\"fill: #000000;color:#000000\" xmlns=\"http:\/\/www.w3.org\/2000\/svg\" class=\"list-377408\" width=\"20px\" height=\"20px\" viewBox=\"0 0 24 24\" fill=\"none\"><path d=\"M6 6H4v2h2V6zm14 0H8v2h12V6zM4 11h2v2H4v-2zm16 0H8v2h12v-2zM4 16h2v2H4v-2zm16 0H8v2h12v-2z\" fill=\"currentColor\"><\/path><\/svg><svg style=\"fill: #000000;color:#000000\" class=\"arrow-unsorted-368013\" xmlns=\"http:\/\/www.w3.org\/2000\/svg\" width=\"10px\" height=\"10px\" viewBox=\"0 0 24 24\" version=\"1.2\" baseProfile=\"tiny\"><path d=\"M18.2 9.3l-6.2-6.3-6.2 6.3c-.2.2-.3.4-.3.7s.1.5.3.7c.2.2.4.3.7.3h11c.3 0 .5-.1.7-.3.2-.2.3-.5.3-.7s-.1-.5-.3-.7zM5.8 14.7l6.2 6.3 6.2-6.3c.2-.2.3-.5.3-.7s-.1-.5-.3-.7c-.2-.2-.4-.3-.7-.3h-11c-.3 0-.5.1-.7.3-.2.2-.3.5-.3.7s.1.5.3.7z\"\/><\/svg><\/span><\/span><\/span><\/a><\/span><\/div>\n<nav><ul class='ez-toc-list ez-toc-list-level-1 eztoc-toggle-hide-by-default' ><li class='ez-toc-page-1 ez-toc-heading-level-2'><a class=\"ez-toc-link ez-toc-heading-1\" href=\"https:\/\/pokeriomokykla.com\/sv\/mastercard-online-kasinon\/#Basta_Mastercard_online_casinos_%E2%80%93_var_kan_man_betala\" >B\u00e4sta Mastercard online casinos &#8211; var kan man betala?<\/a><\/li><li class='ez-toc-page-1 ez-toc-heading-level-2'><a class=\"ez-toc-link ez-toc-heading-2\" href=\"https:\/\/pokeriomokykla.com\/sv\/mastercard-online-kasinon\/#Hur_betalar_man_med_Mastercard_pa_onlinekasinon\" >Hur betalar man med Mastercard p\u00e5 onlinekasinon?<\/a><\/li><li class='ez-toc-page-1 ez-toc-heading-level-2'><a class=\"ez-toc-link ez-toc-heading-3\" href=\"https:\/\/pokeriomokykla.com\/sv\/mastercard-online-kasinon\/#Mastercard_Casino_online_%E2%80%93_ar_det_sakert_att_betala\" >Mastercard Casino online &#8211; \u00e4r det s\u00e4kert att betala?<\/a><\/li><li class='ez-toc-page-1 ez-toc-heading-level-2'><a class=\"ez-toc-link ez-toc-heading-4\" href=\"https:\/\/pokeriomokykla.com\/sv\/mastercard-online-kasinon\/#MasterCard_online_casino_%E2%80%93_fordelar_och_nackdelar_med_betalning_med_bankkort\" >MasterCard online casino &#8211; f\u00f6rdelar och nackdelar med betalning med bankkort<\/a><\/li><\/ul><\/nav><\/div>\n<h2 class=\"wp-block-heading\"><span class=\"ez-toc-section\" id=\"Basta_Mastercard_online_casinos_%E2%80%93_var_kan_man_betala\"><\/span>B\u00e4sta Mastercard online casinos &#8211; var kan man betala?<span class=\"ez-toc-section-end\"><\/span><\/h2>\n\n\n\n<p>Som vi redan n\u00e4mnt, accepterar n\u00e4stan varje onlinekasino betalningar med MasterCard kort. Nedan presenterar vi n\u00e5gra p\u00e5litliga onlinekasinon d\u00e4r du kan betala med MasterCard.<\/p>\n\n\n\n<div class='widget-card placeholder--card-fullwidth'\n     data-source-gql='https:\/\/scg-new-live.stellate.sh\/'\n     data-source-widgetjs='https:\/\/widget.affprojects.com\/widget.js'\n     data-shortcode='widget-card'\n     data-shortcode-text='[top-casinos-for-games limit=\"20\" mobile-limit=\"10\" listtype=\"stacked\" scrollable=\"never\" fullwidth=\"true\"]'\n     data-props='{\n\"show_more_button\":true,\n\"show_more_button_text\":\"Show More Bookmakers\",\n\"show_more_text\":false,\n\"show_less_text\":false,\n\"vpn_notification\":false,\n\"show_more_items_amount\":null,\n\"fullwidth\":true,\n\"scrollable\":\"never\",\n\"violet_bonus_text\":true,\n\"ab_testing_show_more_button_rework\":true\n}'\n     data-queries='{\n\"type\":\"TOP-Casino\",\n\"limit\":20,\n\"mobile_limit\":10,\n\"show_new\":1,\n\"button_text_type\":\"TOP\",\n\"language\":\"sv\",\n\"project\":\"PM\",\n\"page\":1\n}'\n     ><\/div>\n\n\n\n\n<h2 class=\"wp-block-heading\"><span class=\"ez-toc-section\" id=\"Hur_betalar_man_med_Mastercard_pa_onlinekasinon\"><\/span><strong>Hur betalar man med Mastercard p\u00e5 onlinekasinon?<\/strong><span class=\"ez-toc-section-end\"><\/span><\/h2>\n\n\n\n<p>MasterCard bankkort kan anv\u00e4ndas f\u00f6r betalningar i 210 l\u00e4nder och mer \u00e4n 25 miljoner olika f\u00f6retag, inklusive olika onlinekasinon. <b>Att betala med detta bankkort \u00e4r mycket enkelt:<\/b><\/p>\n\n\n\n<ol class=\"wp-block-list\">\n<li>F\u00f6rst och fr\u00e4mst beh\u00f6ver du ett Mastercard kort, om du inte har ett &#8211; d\u00e5 kan du best\u00e4lla det fr\u00e5n din bank eller anv\u00e4nda tj\u00e4nster fr\u00e5n moderna internetbanker som Revolut och f\u00e5 ett Mastercard kort;<\/li>\n\n\n\n<li>Om du redan har ett kort &#8211; v\u00e4lj d\u00e5 ett onlinekasino som du gillar. Mer \u00e4n 90% av onlinekasinon accepterar Mastercard, s\u00e5 det borde inte vara sv\u00e5rt att v\u00e4lja;<\/li>\n\n\n\n<li>N\u00e4r du har valt ett kasino, g\u00e5 till betalningssektionen och v\u00e4lj MasterCard alternativet &#8211; du beh\u00f6ver ange kortuppgifterna och \u00f6nskat betalningsbelopp;<\/li>\n\n\n\n<li>N\u00e4r detta \u00e4r gjort b\u00f6r pengarna n\u00e5 ditt spelkonto inom n\u00e5gra \u00f6gonblick.<\/li>\n<\/ol>\n\n\n\n<h3 class=\"wp-block-heading\">Genom att anv\u00e4nda Mastercard kort kan du inte bara g\u00f6ra ins\u00e4ttningar utan ocks\u00e5 f\u00e5 utbetalningar till samma kort:<\/h3>\n\n\n\n<ol class=\"wp-block-list\">\n<li>Ange bara \u00f6nskat utbetalningsbelopp och v\u00e4lj Mastercard. Vid den f\u00f6rsta betalningen sparas vanligtvis dina kortuppgifter, s\u00e5 du beh\u00f6ver troligen inte ange dem igen. Vanligtvis \u00e4r det minsta utbetalningsbeloppet n\u00e4r du v\u00e4ljer Mastercard alternativet fr\u00e5n 10\u20ac till 50\u20ac;<\/li>\n\n\n\n<li>N\u00e4r du har best\u00e4llt en utbetalning \u00e5terst\u00e5r det att v\u00e4nta tills den n\u00e5r ditt bankkonto. Utbetalningstiden beror p\u00e5 ditt valda kasino och den bank du anv\u00e4nder. Om du spelar p\u00e5 ett kasino i samma land d\u00e4r din bank finns, kan du f\u00e5 utbetalningen inom 24 timmar. Men om du spelar p\u00e5 ett utl\u00e4ndskt kasino kan det ta mellan 2 och 5 arbetsdagar.<\/li>\n<\/ol>\n\n\n<div class=\"wp-block-image wp-block-image aligncenter\">\n<figure class=\"\"><img decoding=\"async\" width=\"810\" height=\"450\" src=\"https:\/\/pokeriomokykla.com\/app\/uploads\/2020\/06\/mastercard-online-casinos.gif\" alt=\"\" class=\"wp-image-762310\"\/><\/figure><\/div>\n\n\n<h2 class=\"wp-block-heading\"><span class=\"ez-toc-section\" id=\"Mastercard_Casino_online_%E2%80%93_ar_det_sakert_att_betala\"><\/span>Mastercard Casino online &#8211; \u00e4r det s\u00e4kert att betala?<span class=\"ez-toc-section-end\"><\/span><\/h2>\n\n\n\n<p><b>Denna betalningsmetod \u00e4r ett av de s\u00e4kraste alternativen.<\/b> N\u00e4r du betalar online kan kunder anv\u00e4nda MasterCard SecureCode-systemet f\u00f6r att st\u00e4rka sitt skydd. Det \u00e4r en unik kod som du m\u00e5ste ange f\u00f6r att bekr\u00e4fta n\u00e5gon transaktion online. <\/p>\n\n\n<div class=\"wp-block-image wp-block-image alignright\">\n<figure class=\"\"><img decoding=\"async\" width=\"585\" height=\"352\" src=\"https:\/\/pokeriomokykla.com\/app\/uploads\/2020\/06\/Mastercard-casino-online.png\" alt=\"Mastercard casino online\" class=\"wp-image-762312\" title=\"Mastercard casino online\" srcset=\"https:\/\/pokeriomokykla.com\/app\/uploads\/2020\/06\/Mastercard-casino-online.png 585w, https:\/\/pokeriomokykla.com\/app\/uploads\/2020\/06\/Mastercard-casino-online-300x181.png 300w, https:\/\/pokeriomokykla.com\/app\/uploads\/2020\/06\/Mastercard-casino-online-199px-120px.png 199w\" sizes=\"(max-width: 585px) 100vw, 585px\" \/><\/figure><\/div>\n\n\n<p>\u00c4ven MasterCard erbjuder m\u00f6jligheten att anv\u00e4nda virtuella bankkort, vars information \u00e4ndras efter varje betalning.<\/p>\n\n\n\n<p>Men ingen kan skydda dig om du spelar p\u00e5 op\u00e5litliga onlinekasinon. Se till att ditt valda kasino \u00e4r licensierat och l\u00e4s \u00e5tminstone n\u00e5gra andra anv\u00e4ndares recensioner om det. Om du spelar p\u00e5 ett kasino utan licens kan du hamna i h\u00e4nderna p\u00e5 bedragare som stj\u00e4l din personliga och bankinformation. Fler kasinotips <a href=\"https:\/\/pokeriomokykla.com\/kazino-patarimai\">kan du hitta h\u00e4r.<\/a><\/p>\n\n\n\n<p>Det \u00e4r v\u00e4rt att n\u00e4mna att kreditkort \u00e4r mer skyddade \u00e4n betalkort. Om n\u00e5gon stj\u00e4l dina kreditkortsuppgifter kan du helt enkelt kontakta banken och avbryta obeh\u00f6riga transaktioner. Dessutom f\u00f6rs\u00e4krar vissa banker de medel som finns p\u00e5 ditt kreditkort.<\/p>\n\n\n\n<p>F\u00f6r att ytterligare \u00f6ka s\u00e4kerheten f\u00f6r dina betalningar kan du anv\u00e4nda m\u00f6jligheten som de flesta moderna banker erbjuder att st\u00e4lla in gr\u00e4nser f\u00f6r betalningar med MasterCard. Detta hj\u00e4lper till att undvika ov\u00e4ntade utgifter, och i h\u00e4ndelse av kortst\u00f6ld kan du vara s\u00e4ker p\u00e5 att bedragare inte stj\u00e4l mer \u00e4n den fastst\u00e4llda gr\u00e4nsen.<\/p>\n\n\n\n<h2 class=\"wp-block-heading\"><span class=\"ez-toc-section\" id=\"MasterCard_online_casino_%E2%80%93_fordelar_och_nackdelar_med_betalning_med_bankkort\"><\/span><strong>MasterCard online casino &#8211; f\u00f6rdelar och nackdelar med betalning med bankkort<\/strong><span class=\"ez-toc-section-end\"><\/span><\/h2>\n\n\n\n<p>Betalning p\u00e5 onlinekasinon med MasterCard kort har b\u00e5de f\u00f6rdelar och nackdelar. <b>F\u00f6rst och fr\u00e4mst, l\u00e5t oss b\u00f6rja med f\u00f6rdelarna:<\/b><\/p>\n\n\n\n<ul class=\"wp-block-list\">\n<li>Snabb och enkel ins\u00e4ttningsprocedur &#8211; pengarna n\u00e5r ditt spelkonto inom n\u00e5gra \u00f6gonblick;<\/li>\n\n\n\n<li>Denna betalningsmetod \u00e4r tillg\u00e4nglig p\u00e5 m\u00e5nga onlinekasinon;<\/li>\n\n\n\n<li>Relativt s\u00e4ker betalningsmetod;<\/li>\n\n\n\n<li>N\u00e4r du betalar med MasterCard har du m\u00f6jlighet att dra nytta av alla erbjudna kasinobonusar och rabatter;<\/li>\n\n\n\n<li>M\u00e5nga banker erbjuder mobila appar som ytterligare underl\u00e4ttar betalningsprocedurerna.<\/li>\n<\/ul>\n\n\n<div class=\"wp-block-image wp-block-image aligncenter\">\n<figure class=\"\"><img decoding=\"async\" width=\"700\" height=\"310\" src=\"https:\/\/pokeriomokykla.com\/app\/uploads\/2020\/06\/Mastercard-online-casino.jpg\" alt=\"Mastercard online casino\" class=\"wp-image-762313\" title=\"Mastercard online casino\" srcset=\"https:\/\/pokeriomokykla.com\/app\/uploads\/2020\/06\/Mastercard-online-casino.jpg 700w, https:\/\/pokeriomokykla.com\/app\/uploads\/2020\/06\/Mastercard-online-casino-300x133.jpg 300w, https:\/\/pokeriomokykla.com\/app\/uploads\/2020\/06\/Mastercard-online-casino-271px-120px.jpg 271w\" sizes=\"(max-width: 700px) 100vw, 700px\" \/><\/figure><\/div>\n\n\n<p><\/p>\n\n\n\n<p>Men som vi n\u00e4mnde har denna betalningsmetod ocks\u00e5 <b>n\u00e5gra nackdelar:<\/b><\/p>\n\n\n\n<ul class=\"wp-block-list\">\n<li><span style=\"font-weight: 400;\">Vid uttag kan det ta upp till 5 arbetsdagar innan pengarna n\u00e5r ditt konto;<\/span><\/li>\n\n\n\n<li><span style=\"font-weight: 400;\">Vissa onlinekasinon tar ut avgifter f\u00f6r betalningar med MasterCard. De ligger oftast runt 2-3%;<\/span><\/li>\n\n\n\n<li><span style=\"font-weight: 400;\">N\u00e4r du betalar med Mastercard m\u00e5ste du l\u00e4mna vissa personuppgifter, s\u00e5som namn, efternamn och liknande;<\/span><\/li>\n\n\n\n<li><span style=\"font-weight: 400;\">Om du har ett kreditkort kan du g\u00f6ra ins\u00e4ttningar \u00e4ven om du inte har pengar p\u00e5 kontot. Den brittiska regeringen har redan f\u00f6rbjudit betalningar med kreditkort hos spelbolag, s\u00e5 det verkar som att liknande restriktioner kan inf\u00f6ras i andra l\u00e4nder i en n\u00e4ra framtid.<\/span><\/li>\n<\/ul>\n","protected":false},"excerpt":{"rendered":"<p>MasterCard &#8211; det \u00e4r ett av de mest popul\u00e4ra och&#8230;<\/p>\n","protected":false},"author":5318,"featured_media":762310,"parent":0,"menu_order":0,"comment_status":"closed","ping_status":"closed","template":"page-affiliate-items.php","meta":{"_acf_changed":false,"footnotes":""},"class_list":["post-858818","page","type-page","status-publish","has-post-thumbnail","hentry"],"acf":[],"_links":{"self":[{"href":"https:\/\/pokeriomokykla.com\/sv\/wp-json\/wp\/v2\/pages\/858818","targetHints":{"allow":["GET"]}}],"collection":[{"href":"https:\/\/pokeriomokykla.com\/sv\/wp-json\/wp\/v2\/pages"}],"about":[{"href":"https:\/\/pokeriomokykla.com\/sv\/wp-json\/wp\/v2\/types\/page"}],"author":[{"embeddable":true,"href":"https:\/\/pokeriomokykla.com\/sv\/wp-json\/wp\/v2\/users\/5318"}],"replies":[{"embeddable":true,"href":"https:\/\/pokeriomokykla.com\/sv\/wp-json\/wp\/v2\/comments?post=858818"}],"version-history":[{"count":3,"href":"https:\/\/pokeriomokykla.com\/sv\/wp-json\/wp\/v2\/pages\/858818\/revisions"}],"predecessor-version":[{"id":1108269,"href":"https:\/\/pokeriomokykla.com\/sv\/wp-json\/wp\/v2\/pages\/858818\/revisions\/1108269"}],"wp:featuredmedia":[{"embeddable":true,"href":"https:\/\/pokeriomokykla.com\/sv\/wp-json\/wp\/v2\/media\/762310"}],"wp:attachment":[{"href":"https:\/\/pokeriomokykla.com\/sv\/wp-json\/wp\/v2\/media?parent=858818"}],"curies":[{"name":"wp","href":"https:\/\/api.w.org\/{rel}","templated":true}]}}