{"id":858507,"date":"2020-08-24T11:16:49","date_gmt":"2020-08-24T09:16:49","guid":{"rendered":"https:\/\/pokeriomokykla.com\/litauiska-kasinon-offline-vs-online"},"modified":"2024-10-21T02:07:44","modified_gmt":"2024-10-21T00:07:44","slug":"litauiska-kasinon-offline-vs-online","status":"publish","type":"page","link":"https:\/\/pokeriomokykla.com\/sv\/litauiska-kasinon-offline-vs-online","title":{"rendered":"Litauiska kasinon: offline vs online"},"content":{"rendered":"<p><span style=\"font-weight: 400;\">Det finns ganska m\u00e5nga kasinon i Litauen, s\u00e5 det finns ett stort urval b\u00e5de online och offline. Litauiska kasinon \u00e4r naturligtvis ofta n\u00e5got mer begr\u00e4nsade \u00e4n utl\u00e4ndska, men de kan ofta vara intressanta eller anv\u00e4ndbara f\u00f6r spelaren p\u00e5 sitt eget s\u00e4tt. I den h\u00e4r artikeln kommer vi att diskutera alla sk\u00e4l till varf\u00f6r du b\u00f6r v\u00e4lja kasinon i Litauen.<\/span><\/p>\n<p><img decoding=\"async\" class=\"aligncenter wp-image-763241 size-full\" title=\"Litauiska kasinon\" src=\"https:\/\/pokeriomokykla.com\/app\/uploads\/2020\/08\/Lietuviski-kazino.gif\" alt=\"Litauiska kasinon\" width=\"810\" height=\"450\"><\/p>\n<div id=\"ez-toc-container\" class=\"ez-toc-v2_0_76 ez-toc-wrap-left counter-hierarchy ez-toc-counter ez-toc-custom ez-toc-container-direction\">\n<div class=\"ez-toc-title-container\">\n<p class=\"ez-toc-title\" style=\"cursor:inherit\">Inneh\u00e5llsf\u00f6rteckning<\/p>\n<span class=\"ez-toc-title-toggle\"><a href=\"#\" class=\"ez-toc-pull-right ez-toc-btn ez-toc-btn-xs ez-toc-btn-default ez-toc-toggle\" aria-label=\"Toggle Table of Content\"><span class=\"ez-toc-js-icon-con\"><span class=\"\"><span class=\"eztoc-hide\" style=\"display:none;\">Toggle<\/span><span class=\"ez-toc-icon-toggle-span\"><svg style=\"fill: #000000;color:#000000\" xmlns=\"http:\/\/www.w3.org\/2000\/svg\" class=\"list-377408\" width=\"20px\" height=\"20px\" viewBox=\"0 0 24 24\" fill=\"none\"><path d=\"M6 6H4v2h2V6zm14 0H8v2h12V6zM4 11h2v2H4v-2zm16 0H8v2h12v-2zM4 16h2v2H4v-2zm16 0H8v2h12v-2z\" fill=\"currentColor\"><\/path><\/svg><svg style=\"fill: #000000;color:#000000\" class=\"arrow-unsorted-368013\" xmlns=\"http:\/\/www.w3.org\/2000\/svg\" width=\"10px\" height=\"10px\" viewBox=\"0 0 24 24\" version=\"1.2\" baseProfile=\"tiny\"><path d=\"M18.2 9.3l-6.2-6.3-6.2 6.3c-.2.2-.3.4-.3.7s.1.5.3.7c.2.2.4.3.7.3h11c.3 0 .5-.1.7-.3.2-.2.3-.5.3-.7s-.1-.5-.3-.7zM5.8 14.7l6.2 6.3 6.2-6.3c.2-.2.3-.5.3-.7s-.1-.5-.3-.7c-.2-.2-.4-.3-.7-.3h-11c-.3 0-.5.1-.7.3-.2.2-.3.5-.3.7s.1.5.3.7z\"\/><\/svg><\/span><\/span><\/span><\/a><\/span><\/div>\n<nav><ul class='ez-toc-list ez-toc-list-level-1 eztoc-toggle-hide-by-default' ><li class='ez-toc-page-1 ez-toc-heading-level-2'><a class=\"ez-toc-link ez-toc-heading-1\" href=\"https:\/\/pokeriomokykla.com\/sv\/litauiska-kasinon-offline-vs-online\/#Litauiska_kasinon_%E2%80%93_vilka_fordelar\" >Litauiska kasinon &#8211; vilka f\u00f6rdelar?<\/a><\/li><li class='ez-toc-page-1 ez-toc-heading-level-2'><a class=\"ez-toc-link ez-toc-heading-2\" href=\"https:\/\/pokeriomokykla.com\/sv\/litauiska-kasinon-offline-vs-online\/#Kasinon_i_Litauen_och_spel_online\" >Kasinon i Litauen och spel online<\/a><\/li><li class='ez-toc-page-1 ez-toc-heading-level-2'><a class=\"ez-toc-link ez-toc-heading-3\" href=\"https:\/\/pokeriomokykla.com\/sv\/litauiska-kasinon-offline-vs-online\/#Betsafe_Casino\" >Betsafe Casino<\/a><\/li><li class='ez-toc-page-1 ez-toc-heading-level-2'><a class=\"ez-toc-link ez-toc-heading-4\" href=\"https:\/\/pokeriomokykla.com\/sv\/litauiska-kasinon-offline-vs-online\/#Litauiska_online-kasinon_och_sakerhet\" >Litauiska online-kasinon och s\u00e4kerhet<\/a><\/li><li class='ez-toc-page-1 ez-toc-heading-level-2'><a class=\"ez-toc-link ez-toc-heading-5\" href=\"https:\/\/pokeriomokykla.com\/sv\/litauiska-kasinon-offline-vs-online\/#Litauiska_kasinon_och_kundservice\" >Litauiska kasinon och kundservice<\/a><\/li><li class='ez-toc-page-1 ez-toc-heading-level-2'><a class=\"ez-toc-link ez-toc-heading-6\" href=\"https:\/\/pokeriomokykla.com\/sv\/litauiska-kasinon-offline-vs-online\/#Vad_ska_man_valja_fran_litauiska_kasinon\" >Vad ska man v\u00e4lja fr\u00e5n litauiska kasinon?<\/a><\/li><li class='ez-toc-page-1 ez-toc-heading-level-2'><a class=\"ez-toc-link ez-toc-heading-7\" href=\"https:\/\/pokeriomokykla.com\/sv\/litauiska-kasinon-offline-vs-online\/#Betsafe_Casino-2\" >Betsafe Casino<\/a><\/li><\/ul><\/nav><\/div>\n<h2 style=\"text-align: center;\"><span class=\"ez-toc-section\" id=\"Litauiska_kasinon_%E2%80%93_vilka_fordelar\"><\/span><strong>Litauiska kasinon &#8211; vilka f\u00f6rdelar?<\/strong><span class=\"ez-toc-section-end\"><\/span><\/h2>\n<p><span style=\"font-weight: 400;\">Kasinon i Litauen har en tydlig, st\u00f6rsta f\u00f6rdel &#8211; fysiska platser. F\u00f6r m\u00e5nga litauer kan det vara mycket opraktiskt att resa till andra l\u00e4nder f\u00f6r att spela p\u00e5 grund av ekonomiska eller tidsm\u00e4ssiga sk\u00e4l. Men i Litauen finns det m\u00e5nga sm\u00e5 lokala kasinon d\u00e4r man kan spela.<\/span><\/p>\n<p><span style=\"font-weight: 400;\">Andra f\u00f6rdelar beror naturligtvis p\u00e5 det specifika kasinot. Kasinon i st\u00f6rre litauiska st\u00e4der kan ha turneringar eller andra m\u00e5natliga f\u00f6rm\u00e5ner. Tyv\u00e4rr \u00e4r spelande p\u00e5 kasinon i Litauen inte en s\u00e4rskilt popul\u00e4r aktivitet, s\u00e5 det saknas ofta folk f\u00f6r specifika evenemang. Till exempel, de som gillar pokerturneringar eller ett stort urval av Cash game-bord kan bli besvikna eftersom det helt enkelt saknas spelare \u00e4ven i st\u00f6rre litauiska st\u00e4der.<\/span><\/p>\n<p><span style=\"font-weight: 400;\">Allt annat beror p\u00e5 m\u00e5nga faktorer. Precis som alla andra kasinon erbjuder litauiska kasinon nyb\u00f6rjarbonusar och bonuspaket, gratis spins och f\u00f6rsta ins\u00e4ttningsbonusar. Offline-kasinon i Litauen ger ofta m\u00f6jlighet att prova \u00e5tminstone n\u00e5gra spelautomater eller bordsspel gratis.<\/span><\/p>\n<h2 style=\"text-align: center;\"><span class=\"ez-toc-section\" id=\"Kasinon_i_Litauen_och_spel_online\"><\/span><strong>Kasinon i Litauen och spel online<\/strong><span class=\"ez-toc-section-end\"><\/span><\/h2>\n<p><span style=\"font-weight: 400;\">Nuf\u00f6rtiden \u00e4r det inte l\u00e4ngre n\u00f6dv\u00e4ndigt att \u00e5ka till en fysisk plats f\u00f6r att spela kasinospel. P\u00e5 internet finns det m\u00e5nga exklusivt online (eller b\u00e5de online och offline) rum som erbjuder m\u00e5nga av de senaste spelen, bonusarna och bekv\u00e4mligheterna. Det finns ocks\u00e5 gott om litauiska online-rum d\u00e4r man enkelt kan registrera sig och b\u00f6rja spela.<\/span><\/p>\n<h3 style=\"text-align: center;\">B\u00e4sta litauiska kasinon:<\/h3>\n<p style=\"text-align: center;\"><div class=\"row\"><div class=\"col-md-12 aff-listing-col casino-items shortcode\">\n<article class=\"affiliate-item affiliate-item-8\" data-affiliate-type=\"\" data-affiliate-id=\"8\" data-affiliate-title=\"Betsafe Casino\" data-affiliate-membership-terms=\"\">\n\n  <div class=\"logo col-md-3 col-sm-12 col-xs-12\">\n    <a href=\"https:\/\/pokeriomokykla.com\/casino\/betsafe\" rel=\"nofollow\" target=\"_blank\" class=\"media-img\"><img decoding=\"async\" width=\"470\" height=\"246\" src=\"https:\/\/pokeriomokykla.com\/app\/uploads\/2018\/08\/betsafe.logo_.jpg\" class=\"attachment-full size-full\" alt=\"\" srcset=\"https:\/\/pokeriomokykla.com\/app\/uploads\/2018\/08\/betsafe.logo_.jpg 470w, https:\/\/pokeriomokykla.com\/app\/uploads\/2018\/08\/betsafe.logo_-300x157.jpg 300w, https:\/\/pokeriomokykla.com\/app\/uploads\/2018\/08\/betsafe.logo_-229px-120px.jpg 229w\" sizes=\"(max-width: 470px) 100vw, 470px\" \/><\/a>\n  <\/div>\n\n  <div class=\"post-content col-md-6 col-sm-12 col-xs-12\">\n    <header class=\"entry-header hide\">\n      <h2 class=\"entry-title\"><span class=\"ez-toc-section\" id=\"Betsafe_Casino\"><\/span>\n        <a href=\"https:\/\/pokeriomokykla.com\/casino\/betsafe\" rel=\"bookmark nofollow\" target=\"_blank\">\n          Betsafe Casino        <\/a>\n      <span class=\"ez-toc-section-end\"><\/span><\/h2>\n    <\/header><!-- .entry-header -->\n\n    <div class=\"entry-content\">\n              <div class=\"bonus\">\n          Kazino, sporto la\u017eybos ir pokeris viename!        <\/div>\n      \n      <div class=\"affiliate-info\">\n        \n                  <div class=\"affiliate-accepts\">\n            <div class=\"lt-accepted\" data-toggle=\"tooltip\" title=\"Priima \u017eaid\u0117jus i\u0161 Lietuvos\">\n              <span class=\"checkmark\">\n                <i class=\"fa fa-check\" aria-hidden=\"true\"><\/i>\n              <\/span>\n\n              <span class=\"lt-flag\">\n                <img decoding=\"async\" src=\"https:\/\/pokeriomokykla.com\/app\/themes\/pokerio-mokykla\/img\/flags\/lt.flag.png\">\n              <\/span>\n            <\/div>\n          <\/div>\n        \n        <div class=\"affiliate-rating\" data-toggle=\"tooltip\" title=\"La\u017eyb\u0173 reitingas - 7.68\/10\">\n          <span class=\"rating-star\" data-value=\"5\"><\/span>\n          <span class=\"rating-star\" data-value=\"4\"><\/span>\n          <span class=\"rating-star\" data-value=\"3\"><\/span>\n          <span class=\"rating-star\" data-value=\"2\"><\/span>\n          <span class=\"rating-star\" data-value=\"1\"><\/span>\n\n                      <div class=\"rating-box\">\n              <div class=\"rating\" style=\"width: 76.8%;\"><\/div>\n            <\/div>\n                          <div class=\"rating-value\">7.68<\/div>\n                              <\/div>\n      <\/div>\n\n      <div class=\"rules-text\">Galioja tik naujiems \u017eaid\u0117jams ir tik 18+ am\u017eiaus.<\/div>\n\n    <\/div><!-- .entry-content -->\n  <\/div>\n\n  <div class=\"button col-md-3 col-sm-12 col-xs-12\">\n    <div class=\"deal-button\">\n      <a href=\"https:\/\/pokeriomokykla.com\/casino\/betsafe\" target=\"_blank\" rel=\"nofollow\">\u017daisk dabar!<\/a>\n    <\/div>\n   <div class=\"icons\">\n      <ul>\n                  <li>\n            <div data-toggle=\"tooltip\" title=\"Windows \">\n              <i class=\"fab fa-windows\" aria-hidden=\"true\"><\/i>\n            <\/div>\n          <\/li>\n                  <li>\n            <div data-toggle=\"tooltip\" title=\"Mac OS \">\n              <i class=\"fab fa-apple\" aria-hidden=\"true\"><\/i>\n            <\/div>\n          <\/li>\n                  <li>\n            <div data-toggle=\"tooltip\" title=\"iPhone \">\n              <i class=\"fa fa-mobile\" aria-hidden=\"true\"><\/i>\n            <\/div>\n          <\/li>\n                  <li>\n            <div data-toggle=\"tooltip\" title=\"Android \">\n              <i class=\"fab fa-android\" aria-hidden=\"true\"><\/i>\n            <\/div>\n          <\/li>\n              <\/ul>\n    <\/div>\n  <\/div>\n\n<\/article><!-- #post --><\/div><\/div><\/p>\n<p><span style=\"font-weight: 400;\">\u00c4ven om bekv\u00e4mligheten av att vara hemma \u00e4r mycket attraktiv f\u00f6r m\u00e5nga, har online-spel ocks\u00e5 sina nackdelar. Till exempel anv\u00e4nds chattsystem mycket s\u00e4llan p\u00e5 onlineportaler, s\u00e5 spelet blir en ensam aktivitet. \u00c5 andra sidan \u00e4r social interaktion en stor del av spelandet i fysiska kasinon, eftersom m\u00e4nniskor ofta kommer dit f\u00f6r att b\u00e5de spela och umg\u00e5s.<\/span><span style=\"font-weight: 400;\">F\u00f6rdelen med kasinon i Litauen, som n\u00e4mnts tidigare, \u00e4r att de n\u00e4stan alltid \u00e4r n\u00e4ra hemmet, s\u00e5 det \u00e4r oftast inga problem att \u00e5ka dit f\u00f6r att spela. En annan f\u00f6rdel med litauiska kasinon \u00f6ver online-rum \u00e4r tillf\u00f6rlitligheten.<\/span><\/p>\n<p><span style=\"font-weight: 400;\">Online-spelplattformar granskas inte lika noggrant som fysiska kasinon, s\u00e5 f\u00f6rtroendet f\u00f6r dem kommer att baseras enbart p\u00e5 spelarens egna \u00f6vertygelser. \u00c5 andra sidan granskas kasinon ofta av relevanta institutioner f\u00f6r att s\u00e4kerst\u00e4lla s\u00e5 r\u00e4ttvis verksamhet som m\u00f6jligt, s\u00e5 \u00e4ven om huset alltid vinner, kan man i detta fall vara s\u00e4ker p\u00e5 att EV f\u00f6rloras endast s\u00e5 mycket som anges.<\/span><\/p>\n<p><span style=\"font-weight: 400;\">Naturligtvis f\u00f6rst\u00e5r online-kasinon situationen v\u00e4l, s\u00e5 de erbjuder ofta b\u00e4ttre bonusar eller premier. Detta g\u00e4ller \u00e4ven f\u00f6r online-kasinon i Litauen. N\u00e4stan alla litauiska kasinon som har flyttats till internet erbjuder b\u00e4ttre bonusar \u00e4n vad som n\u00e5gonsin \u00e4r m\u00f6jligt att f\u00e5 i fysiska spelhus.<\/span><\/p>\n<h2 style=\"text-align: center;\"><span class=\"ez-toc-section\" id=\"Litauiska_online-kasinon_och_sakerhet\"><\/span><strong>Litauiska online-kasinon och s\u00e4kerhet<\/strong><span class=\"ez-toc-section-end\"><\/span><\/h2>\n<p><span style=\"font-weight: 400;\">I Litauen kan kasinon enkelt f\u00e5 licens utan att anv\u00e4nda traditionella taktiker. M\u00e5nga utl\u00e4ndska spelhus s\u00f6ker ett enklare s\u00e4tt att f\u00e5 spellicens, s\u00e5 de registrerar sin verksamhet i avl\u00e4gsna l\u00e4nder som Cayman\u00f6arna. P\u00e5 dessa platser \u00e4r det mycket enkelt att registrera spelverksamhet.<\/span><\/p>\n<p><span style=\"font-weight: 400;\">Litauiska online-kasinon beh\u00f6ver inte f\u00f6lja s\u00e5dana strategier (\u00e4ven om de naturligtvis kan). Om ett litauiskt online-kasino har en licens utf\u00e4rdad i Litauen, kan spelaren vara mycket lugnare eftersom det finns en starkare r\u00e4ttslig grund f\u00f6r att l\u00f6sa potentiella tvister. Till skillnad fr\u00e5n utl\u00e4ndska online-kasinon som ofta \u00e4r registrerade i l\u00e4nder <a href=\"https:\/\/europa.eu\/european-union\/about-eu\/countries_lt\" target=\"_blank\" rel=\"noopener noreferrer\">utanf\u00f6r EU<\/a>, finns det i Litauen relevanta institutioner som spelaren alltid kan v\u00e4nda sig till.<\/span><\/p>\n<p><span style=\"font-weight: 400;\">P\u00e5 grund av noggrannare \u00f6vervakning \u00e4r online-kasinon i Litauen ofta mycket mer tillf\u00f6rlitliga. Det r\u00e4ttsliga systemet garanterar kontinuerlig kontroll av spelutbudets r\u00e4ttvisa, som utf\u00f6rs av relevanta institutioner. \u00c5 andra sidan granskas utl\u00e4ndska registrerade institutioner ofta inte lika noggrant f\u00f6r r\u00e4ttvisa. \u00c4nd\u00e5 \u00e4r kasinon en aff\u00e4rsverksamhet som alla andra, s\u00e5 de kommer ofta att s\u00f6ka det b\u00e4sta s\u00e4ttet att tj\u00e4na pengar och den minsta risken att hamna i problem. D\u00e4rf\u00f6r kommer \u00f6verv\u00e4ganden om kasinokontroller och m\u00e5nga andra aspekter att inkluderas i licenss\u00f6kandet.<\/span><\/p>\n<h2 style=\"text-align: center;\"><span class=\"ez-toc-section\" id=\"Litauiska_kasinon_och_kundservice\"><\/span><strong>Litauiska kasinon och kundservice<\/strong><span class=\"ez-toc-section-end\"><\/span><\/h2>\n<p><span style=\"font-weight: 400;\">En av de viktigaste aspekterna f\u00f6r b\u00e5de offline och online-institutioner \u00e4r kundservice. Spelhus \u00e4r inget undantag. Naturligtvis kan du i litauiska kasinon vara s\u00e4ker p\u00e5 att om ett problem uppst\u00e5r eller andra problem alltid kommer att betj\u00e4nas p\u00e5 litauiska.<\/span><\/p>\n<p><span style=\"font-weight: 400;\">I fysiska spelhus kommer servicen naturligtvis alltid att vara mycket b\u00e4ttre \u00e4n i online-rum. I online-rum arbetar vanligtvis tyv\u00e4rr l\u00e5gt betalda specialister som m\u00e5ste betj\u00e4na m\u00e5nga kunder samtidigt. Deras m\u00f6jligheter att hj\u00e4lpa till vid problem eller utbetalningsproblem \u00e4r vanligtvis mycket begr\u00e4nsade.<\/span><\/p>\n<p><img decoding=\"async\" class=\"aligncenter wp-image-763243\" title=\"Kasinon i Litauen\" src=\"https:\/\/pokeriomokykla.com\/app\/uploads\/2020\/08\/Kazino-Lietuvoje.png\" alt=\"Kasinon i Litauen\" width=\"810\" height=\"203\" srcset=\"https:\/\/pokeriomokykla.com\/app\/uploads\/2020\/08\/Kazino-Lietuvoje.png 1024w, https:\/\/pokeriomokykla.com\/app\/uploads\/2020\/08\/Kazino-Lietuvoje-300x75.png 300w, https:\/\/pokeriomokykla.com\/app\/uploads\/2020\/08\/Kazino-Lietuvoje-768px-192px.png 768w, https:\/\/pokeriomokykla.com\/app\/uploads\/2020\/08\/Kazino-Lietuvoje-480px-120px.png 480w, https:\/\/pokeriomokykla.com\/app\/uploads\/2020\/08\/Kazino-Lietuvoje-700px-175px.png 700w\" sizes=\"(max-width: 810px) 100vw, 810px\" \/><\/p>\n<p><span style=\"font-weight: 400;\">\u00c5 andra sidan kommer servicen i fysiska spelhus alltid att vara av h\u00f6gsta kvalitet. En person betj\u00e4nar vanligtvis bara n\u00e5gra f\u00e5 kunder samtidigt. Dessutom, om du ofta spelar i samma hus, kommer du att f\u00e5 allt b\u00e4ttre status (upp till VIP, som f\u00e5r speciella privilegier). Detta finns oftast inte i online-kasinon, i b\u00e4sta fall erbjuds en cashback-bonus liknande pokerns rakeback-system.<\/span><\/p>\n<p><span style=\"font-weight: 400;\">VIP-kunder i Litauen \u00e4r naturligtvis \u00e4nnu inte <\/span><span style=\"font-weight: 400;\">s\u00e5 <\/span><span style=\"font-weight: 400;\">v\u00e4l v\u00e4rderade, men de f\u00e5r fler f\u00f6rdelar \u00e4n en vanlig spelare b\u00e5de offline och online. Vilka privilegier spelare med s\u00e4rskild status f\u00e5r beror p\u00e5 spelhusets villkor, s\u00e5 det \u00e4r n\u00e4stan om\u00f6jligt att sammanst\u00e4lla en allm\u00e4n lista \u00f6ver bonusar. Utomlands f\u00e5r spelare vanligtvis hotellrum, lyxiga f\u00f6rem\u00e5l eller aff\u00e4rsluncher. Naturligtvis \u00e4r dessa alltid mycket ber\u00e4knade g\u00e5vor som \u00e4r avsedda att locka spelare allt mer. I Litauen \u00e4r dessa traditioner n\u00e5got svagare, s\u00e5 man b\u00f6r inte blint f\u00f6rv\u00e4nta sig flygresor eller andra imponerande f\u00f6rdelar om man spelar mycket.<\/span><\/p>\n<h2 style=\"text-align: center;\"><span class=\"ez-toc-section\" id=\"Vad_ska_man_valja_fran_litauiska_kasinon\"><\/span><strong>Vad ska man v\u00e4lja fr\u00e5n litauiska kasinon?<\/strong><span class=\"ez-toc-section-end\"><\/span><\/h2>\n<p><span style=\"font-weight: 400;\">Det finns inte s\u00e4rskilt m\u00e5nga olika kasinon i Litauen, eftersom v\u00e5r marknad inom detta omr\u00e5de fortfarande, tyv\u00e4rr, \u00e4r ganska liten. Naturligtvis finns det fortfarande b\u00e4ttre kasinon \u00e4n andra, b\u00e5de offline och online, s\u00e5 p\u00e5 Pokerio mokykla kan du alltid hitta rankningar av de b\u00e4sta rummen \u2b07<\/span><\/p>\n<p style=\"text-align: center;\"><div class=\"row\"><div class=\"col-md-12 aff-listing-col casino-items shortcode\">\n<article class=\"affiliate-item affiliate-item-8\" data-affiliate-type=\"\" data-affiliate-id=\"8\" data-affiliate-title=\"Betsafe Casino\" data-affiliate-membership-terms=\"\">\n\n  <div class=\"logo col-md-3 col-sm-12 col-xs-12\">\n    <a href=\"https:\/\/pokeriomokykla.com\/casino\/betsafe\" rel=\"nofollow\" target=\"_blank\" class=\"media-img\"><img decoding=\"async\" width=\"470\" height=\"246\" src=\"https:\/\/pokeriomokykla.com\/app\/uploads\/2018\/08\/betsafe.logo_.jpg\" class=\"attachment-full size-full\" alt=\"\" srcset=\"https:\/\/pokeriomokykla.com\/app\/uploads\/2018\/08\/betsafe.logo_.jpg 470w, https:\/\/pokeriomokykla.com\/app\/uploads\/2018\/08\/betsafe.logo_-300x157.jpg 300w, https:\/\/pokeriomokykla.com\/app\/uploads\/2018\/08\/betsafe.logo_-229px-120px.jpg 229w\" sizes=\"(max-width: 470px) 100vw, 470px\" \/><\/a>\n  <\/div>\n\n  <div class=\"post-content col-md-6 col-sm-12 col-xs-12\">\n    <header class=\"entry-header hide\">\n      <h2 class=\"entry-title\"><span class=\"ez-toc-section\" id=\"Betsafe_Casino-2\"><\/span>\n        <a href=\"https:\/\/pokeriomokykla.com\/casino\/betsafe\" rel=\"bookmark nofollow\" target=\"_blank\">\n          Betsafe Casino        <\/a>\n      <span class=\"ez-toc-section-end\"><\/span><\/h2>\n    <\/header><!-- .entry-header -->\n\n    <div class=\"entry-content\">\n              <div class=\"bonus\">\n          Kazino, sporto la\u017eybos ir pokeris viename!        <\/div>\n      \n      <div class=\"affiliate-info\">\n        \n                  <div class=\"affiliate-accepts\">\n            <div class=\"lt-accepted\" data-toggle=\"tooltip\" title=\"Priima \u017eaid\u0117jus i\u0161 Lietuvos\">\n              <span class=\"checkmark\">\n                <i class=\"fa fa-check\" aria-hidden=\"true\"><\/i>\n              <\/span>\n\n              <span class=\"lt-flag\">\n                <img decoding=\"async\" src=\"https:\/\/pokeriomokykla.com\/app\/themes\/pokerio-mokykla\/img\/flags\/lt.flag.png\">\n              <\/span>\n            <\/div>\n          <\/div>\n        \n        <div class=\"affiliate-rating\" data-toggle=\"tooltip\" title=\"La\u017eyb\u0173 reitingas - 7.68\/10\">\n          <span class=\"rating-star\" data-value=\"5\"><\/span>\n          <span class=\"rating-star\" data-value=\"4\"><\/span>\n          <span class=\"rating-star\" data-value=\"3\"><\/span>\n          <span class=\"rating-star\" data-value=\"2\"><\/span>\n          <span class=\"rating-star\" data-value=\"1\"><\/span>\n\n                      <div class=\"rating-box\">\n              <div class=\"rating\" style=\"width: 76.8%;\"><\/div>\n            <\/div>\n                          <div class=\"rating-value\">7.68<\/div>\n                              <\/div>\n      <\/div>\n\n      <div class=\"rules-text\">Galioja tik naujiems \u017eaid\u0117jams ir tik 18+ am\u017eiaus.<\/div>\n\n    <\/div><!-- .entry-content -->\n  <\/div>\n\n  <div class=\"button col-md-3 col-sm-12 col-xs-12\">\n    <div class=\"deal-button\">\n      <a href=\"https:\/\/pokeriomokykla.com\/casino\/betsafe\" target=\"_blank\" rel=\"nofollow\">\u017daisk dabar!<\/a>\n    <\/div>\n   <div class=\"icons\">\n      <ul>\n                  <li>\n            <div data-toggle=\"tooltip\" title=\"Windows \">\n              <i class=\"fab fa-windows\" aria-hidden=\"true\"><\/i>\n            <\/div>\n          <\/li>\n                  <li>\n            <div data-toggle=\"tooltip\" title=\"Mac OS \">\n              <i class=\"fab fa-apple\" aria-hidden=\"true\"><\/i>\n            <\/div>\n          <\/li>\n                  <li>\n            <div data-toggle=\"tooltip\" title=\"iPhone \">\n              <i class=\"fa fa-mobile\" aria-hidden=\"true\"><\/i>\n            <\/div>\n          <\/li>\n                  <li>\n            <div data-toggle=\"tooltip\" title=\"Android \">\n              <i class=\"fab fa-android\" aria-hidden=\"true\"><\/i>\n            <\/div>\n          <\/li>\n              <\/ul>\n    <\/div>\n  <\/div>\n\n<\/article><!-- #post --><\/div><\/div><\/p>\n<p><span style=\"font-weight: 400;\">Om du \u00e5ker till fysiska litauiska spelhus rekommenderar vi att du inte \u00e5ker ensam. En av de st\u00f6rsta f\u00f6rdelarna med offline-kasinon \u00e4r trots allt social interaktion. V\u00e4nner hj\u00e4lper dig att ha en bra tid, och det borde vara huvudsyftet med spelandet. Du b\u00f6r aldrig t\u00e4nka p\u00e5 m\u00f6jligheten att tj\u00e4na pengar, eftersom alla spel \u00e4r riktade mot dig.<\/span><\/p>\n<p><span style=\"font-weight: 400;\">I litauiska kasinon \u00e4r spelutbudet naturligtvis ofta n\u00e5got mer begr\u00e4nsat \u00e4n utomlands. Denna skillnad uppst\u00e5r p\u00e5 grund av enkla kapitalskillnader. Men du kan alltid vara s\u00e4ker p\u00e5 att du kommer att hitta m\u00e5nga v\u00e4lk\u00e4nda spel i alla kasinon i Litauen. Det \u00e4r n\u00e4stan om\u00f6jligt att hitta ett spelhus utan <a href=\"\/sv\/blackjack-regler-blackjack-regler\">BlackJack<\/a>, roulette eller <a href=\"https:\/\/pokeriomokykla.com\/losimo-automatai-internetu\">spelautomater<\/a>.<\/span><\/p>\n<p><span style=\"font-weight: 400;\">Roulette i Litauen har b\u00e4ttre procent \u00e4n i vissa l\u00e4nder utomlands. I USA anv\u00e4nds ofta den amerikanska versionen av roulette, som \u00e4r mycket starkt riktad mot spelaren, eftersom husets f\u00f6rdel \u00e4r 5%. I Litauen anv\u00e4nds d\u00e4remot den europeiska versionen av roulette, som bara har en 0, s\u00e5 husets f\u00f6rdel sjunker till 2,7%.<\/span><\/p>\n<p><span style=\"font-weight: 400;\">S\u00e5, att spela p\u00e5 kasinon i Litauen har flera stora f\u00f6rdelar. <\/span><\/p>\n<p>Da\u017enai \u017eaid\u0117jai net neatkreipia d\u0117mesio \u012f lietuvi\u0161kus lo\u0161imo namus, ta\u010diau taip daryti nereik\u0117t\u0173. Tiek offline tiek online lo\u0161im\u0173 namai tur\u0117s skirtingiems \u017emon\u0117ms tinkam\u0173 aspekt\u0173, kuri\u0173 galb\u016bt nei\u0161eit\u0173 rasti u\u017esienio kazino. Galiausiai, vienas did\u017eiausi\u0173 privalum\u0173 &#8211; nesunkiai prieinami fiziniai lo\u0161imo namai, kuriuose visada galima smagiai praleisti laik\u0105.\n<\/p>\n<h3><strong>F\u00f6lj fler casinonyheter:<\/strong><\/h3>\n<p><a href=\"https:\/\/pokeriomokykla.com\/kazino-naujienos\" class=\"media-img\"><img decoding=\"async\" class=\"alignnone wp-image-763242\" title=\"Casinonyheter\" src=\"https:\/\/pokeriomokykla.com\/app\/uploads\/2020\/08\/PM_Kazino_naujienos_1280x720.jpg\" alt=\"Casinonyheter\" width=\"400\" height=\"225\" srcset=\"https:\/\/pokeriomokykla.com\/app\/uploads\/2020\/08\/PM_Kazino_naujienos_1280x720.jpg 1024w, https:\/\/pokeriomokykla.com\/app\/uploads\/2020\/08\/PM_Kazino_naujienos_1280x720-300x169.jpg 300w, https:\/\/pokeriomokykla.com\/app\/uploads\/2020\/08\/PM_Kazino_naujienos_1280x720-768px-432px.jpg 768w, https:\/\/pokeriomokykla.com\/app\/uploads\/2020\/08\/PM_Kazino_naujienos_1280x720-320px-180px.jpg 320w, https:\/\/pokeriomokykla.com\/app\/uploads\/2020\/08\/PM_Kazino_naujienos_1280x720-120px-68px.jpg 120w, https:\/\/pokeriomokykla.com\/app\/uploads\/2020\/08\/PM_Kazino_naujienos_1280x720-336px-188px.jpg 336w, https:\/\/pokeriomokykla.com\/app\/uploads\/2020\/08\/PM_Kazino_naujienos_1280x720-213px-120px.jpg 213w, https:\/\/pokeriomokykla.com\/app\/uploads\/2020\/08\/PM_Kazino_naujienos_1280x720-700px-394px.jpg 700w\" sizes=\"(max-width: 400px) 100vw, 400px\" \/><\/a><\/p>\n","protected":false},"excerpt":{"rendered":"<p>Det finns ganska m\u00e5nga kasinon i Litauen, s\u00e5 det finns&#8230;<\/p>\n","protected":false},"author":491,"featured_media":935465,"parent":0,"menu_order":0,"comment_status":"closed","ping_status":"closed","template":"page-affiliate-items.php","meta":{"_acf_changed":false,"footnotes":""},"class_list":["post-858507","page","type-page","status-publish","has-post-thumbnail","hentry"],"acf":[],"_links":{"self":[{"href":"https:\/\/pokeriomokykla.com\/sv\/wp-json\/wp\/v2\/pages\/858507","targetHints":{"allow":["GET"]}}],"collection":[{"href":"https:\/\/pokeriomokykla.com\/sv\/wp-json\/wp\/v2\/pages"}],"about":[{"href":"https:\/\/pokeriomokykla.com\/sv\/wp-json\/wp\/v2\/types\/page"}],"author":[{"embeddable":true,"href":"https:\/\/pokeriomokykla.com\/sv\/wp-json\/wp\/v2\/users\/491"}],"replies":[{"embeddable":true,"href":"https:\/\/pokeriomokykla.com\/sv\/wp-json\/wp\/v2\/comments?post=858507"}],"version-history":[{"count":1,"href":"https:\/\/pokeriomokykla.com\/sv\/wp-json\/wp\/v2\/pages\/858507\/revisions"}],"predecessor-version":[{"id":935464,"href":"https:\/\/pokeriomokykla.com\/sv\/wp-json\/wp\/v2\/pages\/858507\/revisions\/935464"}],"wp:featuredmedia":[{"embeddable":true,"href":"https:\/\/pokeriomokykla.com\/sv\/wp-json\/wp\/v2\/media\/935465"}],"wp:attachment":[{"href":"https:\/\/pokeriomokykla.com\/sv\/wp-json\/wp\/v2\/media?parent=858507"}],"curies":[{"name":"wp","href":"https:\/\/api.w.org\/{rel}","templated":true}]}}