{"id":857894,"date":"2020-11-04T16:40:23","date_gmt":"2020-11-04T14:40:23","guid":{"rendered":"https:\/\/pokeriomokykla.com\/skrill-casinon-pa-natet-bonuskoder-och-allt-om-skrill"},"modified":"2025-04-28T23:25:01","modified_gmt":"2025-04-28T21:25:01","slug":"skrill-casinon-pa-natet-bonuskoder-och-allt-om-skrill","status":"publish","type":"page","link":"https:\/\/pokeriomokykla.com\/sv\/skrill-casinos-internet-bonuskoder-med-basta-erbjudanden","title":{"rendered":"Skrill casino online \u2013 bonuskoder 2026"},"content":{"rendered":"<div id=\"ez-toc-container\" class=\"ez-toc-v2_0_76 ez-toc-wrap-left counter-hierarchy ez-toc-counter ez-toc-custom ez-toc-container-direction\">\n<div class=\"ez-toc-title-container\">\n<p class=\"ez-toc-title\" style=\"cursor:inherit\">Inneh\u00e5llsf\u00f6rteckning<\/p>\n<span class=\"ez-toc-title-toggle\"><a href=\"#\" class=\"ez-toc-pull-right ez-toc-btn ez-toc-btn-xs ez-toc-btn-default ez-toc-toggle\" aria-label=\"Toggle Table of Content\"><span class=\"ez-toc-js-icon-con\"><span class=\"\"><span class=\"eztoc-hide\" style=\"display:none;\">Toggle<\/span><span class=\"ez-toc-icon-toggle-span\"><svg style=\"fill: #000000;color:#000000\" xmlns=\"http:\/\/www.w3.org\/2000\/svg\" class=\"list-377408\" width=\"20px\" height=\"20px\" viewBox=\"0 0 24 24\" fill=\"none\"><path d=\"M6 6H4v2h2V6zm14 0H8v2h12V6zM4 11h2v2H4v-2zm16 0H8v2h12v-2zM4 16h2v2H4v-2zm16 0H8v2h12v-2z\" fill=\"currentColor\"><\/path><\/svg><svg style=\"fill: #000000;color:#000000\" class=\"arrow-unsorted-368013\" xmlns=\"http:\/\/www.w3.org\/2000\/svg\" width=\"10px\" height=\"10px\" viewBox=\"0 0 24 24\" version=\"1.2\" baseProfile=\"tiny\"><path d=\"M18.2 9.3l-6.2-6.3-6.2 6.3c-.2.2-.3.4-.3.7s.1.5.3.7c.2.2.4.3.7.3h11c.3 0 .5-.1.7-.3.2-.2.3-.5.3-.7s-.1-.5-.3-.7zM5.8 14.7l6.2 6.3 6.2-6.3c.2-.2.3-.5.3-.7s-.1-.5-.3-.7c-.2-.2-.4-.3-.7-.3h-11c-.3 0-.5.1-.7.3-.2.2-.3.5-.3.7s.1.5.3.7z\"\/><\/svg><\/span><\/span><\/span><\/a><\/span><\/div>\n<nav><ul class='ez-toc-list ez-toc-list-level-1 eztoc-toggle-hide-by-default' ><li class='ez-toc-page-1 ez-toc-heading-level-2'><a class=\"ez-toc-link ez-toc-heading-1\" href=\"https:\/\/pokeriomokykla.com\/sv\/skrill-casinos-internet-bonuskoder-med-basta-erbjudanden\/#Skrill_kasino_lista_%E2%80%93_uppdaterad_2026\" >Skrill kasino lista \u2013 uppdaterad 2026<\/a><\/li><li class='ez-toc-page-1 ez-toc-heading-level-2'><a class=\"ez-toc-link ez-toc-heading-2\" href=\"https:\/\/pokeriomokykla.com\/sv\/skrill-casinos-internet-bonuskoder-med-basta-erbjudanden\/#Hur_fungerar_%E2%80%9ESkrill%E2%80%9C\" >Hur fungerar \u201eSkrill\u201c?<\/a><\/li><li class='ez-toc-page-1 ez-toc-heading-level-2'><a class=\"ez-toc-link ez-toc-heading-3\" href=\"https:\/\/pokeriomokykla.com\/sv\/skrill-casinos-internet-bonuskoder-med-basta-erbjudanden\/#Varfor_bor_du_spela_pa_Skrill_onlinekasinon\" >Varf\u00f6r b\u00f6r du spela p\u00e5 Skrill onlinekasinon?<\/a><\/li><li class='ez-toc-page-1 ez-toc-heading-level-2'><a class=\"ez-toc-link ez-toc-heading-4\" href=\"https:\/\/pokeriomokykla.com\/sv\/skrill-casinos-internet-bonuskoder-med-basta-erbjudanden\/#Skrill_kasinobonusar_Vad_du_bor_veta\" >Skrill kasinobonusar: Vad du b\u00f6r veta<\/a><\/li><li class='ez-toc-page-1 ez-toc-heading-level-2'><a class=\"ez-toc-link ez-toc-heading-5\" href=\"https:\/\/pokeriomokykla.com\/sv\/skrill-casinos-internet-bonuskoder-med-basta-erbjudanden\/#Hur_borjar_du_anvanda_Skrill_och_far_maximal_nytta\" >Hur b\u00f6rjar du anv\u00e4nda Skrill och f\u00e5r maximal nytta?<\/a><\/li><li class='ez-toc-page-1 ez-toc-heading-level-2'><a class=\"ez-toc-link ez-toc-heading-6\" href=\"https:\/\/pokeriomokykla.com\/sv\/skrill-casinos-internet-bonuskoder-med-basta-erbjudanden\/#Insattningar_och_uttag\" >Ins\u00e4ttningar och uttag<\/a><\/li><li class='ez-toc-page-1 ez-toc-heading-level-2'><a class=\"ez-toc-link ez-toc-heading-7\" href=\"https:\/\/pokeriomokykla.com\/sv\/skrill-casinos-internet-bonuskoder-med-basta-erbjudanden\/#Intressanta_fakta_om_Skrill\" >Intressanta fakta om Skrill<\/a><\/li><li class='ez-toc-page-1 ez-toc-heading-level-2'><a class=\"ez-toc-link ez-toc-heading-8\" href=\"https:\/\/pokeriomokykla.com\/sv\/skrill-casinos-internet-bonuskoder-med-basta-erbjudanden\/#Mobila_Skrill_kasinon\" >Mobila Skrill kasinon<\/a><\/li><li class='ez-toc-page-1 ez-toc-heading-level-2'><a class=\"ez-toc-link ez-toc-heading-9\" href=\"https:\/\/pokeriomokykla.com\/sv\/skrill-casinos-internet-bonuskoder-med-basta-erbjudanden\/#Slutsats_om_Skrill_Casino\" >Slutsats om Skrill Casino<\/a><\/li><li class='ez-toc-page-1 ez-toc-heading-level-2'><a class=\"ez-toc-link ez-toc-heading-10\" href=\"https:\/\/pokeriomokykla.com\/sv\/skrill-casinos-internet-bonuskoder-med-basta-erbjudanden\/#FAQ_om_Skrill_Casino\" >FAQ om Skrill Casino<\/a><\/li><\/ul><\/nav><\/div>\n<h2 class=\"wp-block-heading\"><span class=\"ez-toc-section\" id=\"Skrill_kasino_lista_%E2%80%93_uppdaterad_2026\"><\/span>Skrill kasino lista \u2013 uppdaterad 2026 <span class=\"ez-toc-section-end\"><\/span><\/h2>\n\n<div class='widget-card placeholder--card-fullwidth'\n     data-source-gql='https:\/\/scg-new-live.stellate.sh\/'\n     data-source-widgetjs='https:\/\/widget.affprojects.com\/widget.js'\n     data-shortcode='widget-card'\n     data-shortcode-text='[top-casinos-for-games limit=\"20\" mobile-limit=\"10\" listtype=\"stacked\" scrollable=\"never\" fullwidth=\"true\"]'\n     data-props='{\n\"show_more_button\":true,\n\"show_more_button_text\":\"Show More Bookmakers\",\n\"show_more_text\":false,\n\"show_less_text\":false,\n\"vpn_notification\":false,\n\"show_more_items_amount\":null,\n\"fullwidth\":true,\n\"scrollable\":\"never\",\n\"violet_bonus_text\":true,\n\"ab_testing_show_more_button_rework\":true\n}'\n     data-queries='{\n\"type\":\"TOP-Casino\",\n\"limit\":20,\n\"mobile_limit\":10,\n\"show_new\":1,\n\"button_text_type\":\"TOP\",\n\"language\":\"sv\",\n\"project\":\"PM\",\n\"page\":1\n}'\n     ><\/div>\n\n<p>\u201eSkrill\u201c \u00e4r en popul\u00e4r elektronisk pl\u00e5nbok som erbjuder s\u00e4kra, snabba och bekv\u00e4ma transaktioner f\u00f6r onlinekasinofantaster \u00f6ver hela v\u00e4rlden. Denna betalningsmetod har blivit en favorit bland spelare p\u00e5 grund av dess enkelhet, h\u00f6ga s\u00e4kerhetsniv\u00e5 och allm\u00e4nna acceptans p\u00e5 m\u00e5nga onlinekasinon.<\/p>\n<p>H\u00e4r hittar du allt du beh\u00f6ver veta om \u201eSkrill\u201c kasinon, inklusive bonuskoder, transaktionsfunktioner och tips f\u00f6r att maximera din upplevelse.<\/p>\n<h2 class=\"wp-block-heading\"><span class=\"ez-toc-section\" id=\"Hur_fungerar_%E2%80%9ESkrill%E2%80%9C\"><\/span>Hur fungerar \u201eSkrill\u201c?<span class=\"ez-toc-section-end\"><\/span><\/h2>\n<p>\u201eSkrill\u201c fungerar som en digital pl\u00e5nbok som ger m\u00f6jlighet att \u00f6verf\u00f6ra pengar fr\u00e5n ett konto till ett annat. M\u00e5nga kasinospelare anv\u00e4nder den f\u00f6r s\u00e4kra och snabba betalningar till sina kasinokonton. Dessutom kan du enkelt och utan kr\u00e5ngel ta ut dina vinster fr\u00e5n kasinokontot med \u201eSkrill\u201c.<\/p>\n<h2 class=\"wp-block-heading\"><span class=\"ez-toc-section\" id=\"Varfor_bor_du_spela_pa_Skrill_onlinekasinon\"><\/span>Varf\u00f6r b\u00f6r du spela p\u00e5 Skrill onlinekasinon?<span class=\"ez-toc-section-end\"><\/span><\/h2>\n<p>Skrill har m\u00e5nga f\u00f6rdelar, s\u00e5som snabba transaktioner, flera s\u00e4tt att fylla p\u00e5 Skrill kontot, och registreringen \u00e4r gratis. D\u00e4rf\u00f6r v\u00e4ljer m\u00e5nga spelare kasinon som anv\u00e4nder Skrill.<\/p>\n<p>Men eftersom det finns s\u00e5 m\u00e5nga olika elektroniska pl\u00e5nb\u00f6cker kan det ibland vara sv\u00e5rt att hitta r\u00e4tt betalningsmetod f\u00f6r dig. D\u00e4rf\u00f6r har vi listat f\u00f6rdelarna och nackdelarna med Skrill f\u00f6r din skull. P\u00e5 s\u00e5 s\u00e4tt kan du j\u00e4mf\u00f6ra och avg\u00f6ra om denna betalningsmetod uppfyller dina krav.<\/p>\n<figure class=\"wp-block-table is-style-regular\">\n<table class=\"has-pale-ocean-gradient-background has-background has-fixed-layout\">\n<thead>\n<tr>\n<th>\u2714\ufe0f <strong>Skrill anv\u00e4ndningsf\u00f6rdelar<\/strong><\/th>\n<th>\u274c <strong>Skrill nackdelar<\/strong><\/th>\n<\/tr>\n<\/thead>\n<tbody>\n<tr>\n<td><strong>Snabba och smidiga transaktioner:<\/strong> Ins\u00e4ttningar och uttag g\u00f6rs snabbt, s\u00e5 att du kan anv\u00e4nda dina medel utan on\u00f6diga f\u00f6rseningar.<\/td>\n<td><strong>L\u00e5ng verifieringsprocess:<\/strong> P\u00e5 grund av ytterligare s\u00e4kerhetskontroller som kr\u00e4vs f\u00f6r att skydda dina medel kan verifieringen av \u201eSkrill\u201c kontot ta tid.<\/td>\n<\/tr>\n<tr>\n<td><strong>Kostnadsfri kontoinst\u00e4llning:<\/strong> Att skapa ett \u201eSkrill\u201c konto \u00e4r helt gratis, vilket g\u00f6r det tillg\u00e4ngligt f\u00f6r alla anv\u00e4ndare.<\/td>\n<td><strong>Begr\u00e4nsade kundtj\u00e4nstalternativ:<\/strong> Skrill erbjuder inte livechattst\u00f6d utan anv\u00e4nder ist\u00e4llet en automatisk chattrobot Sofia, som kanske inte uppfyller alla kunders behov.<\/td>\n<\/tr>\n<tr>\n<td><strong>Flera finansieringsalternativ:<\/strong> Du kan fylla p\u00e5 din Skrill pl\u00e5nbok p\u00e5 olika s\u00e4tt, till exempel via bank\u00f6verf\u00f6ring, \u201eTrustly\u201c, \u201ePaysafecard\u201c och fler.<\/td>\n<td><strong>Begr\u00e4nsad anv\u00e4ndning utanf\u00f6r spel:<\/strong> \u00c4ven om \u201eSkrill\u201c \u00e4r allm\u00e4nt anv\u00e4nt inom spel, \u00e4r det inte lika ofta accepterat i andra branscher, vilket kan leda till oanv\u00e4nda medel i pl\u00e5nboken.<\/td>\n<\/tr>\n<tr>\n<td><strong>S\u00e4kra transaktioner:<\/strong> \u201eSkrill\u201c prioriterar anv\u00e4ndars\u00e4kerhet och erbjuder funktioner som tv\u00e5faktorsautentisering f\u00f6r att s\u00e4kerst\u00e4lla extra skydd.<\/td>\n<td><\/td>\n<\/tr>\n<tr>\n<td><strong>Mycket accepterat f\u00f6r spel:<\/strong> M\u00e5nga onlinekasinon och spelplattformar st\u00f6der \u201eSkrill\u201c som en f\u00f6redragen betalningsmetod.<\/td>\n<td><\/td>\n<\/tr>\n<tr>\n<td><strong>Reglerad och p\u00e5litlig leverant\u00f6r:<\/strong> Skrill \u00e4r en p\u00e5litlig betalningsmetod som regleras av Financial Conduct Authority (FCA), vilket g\u00f6r den tillf\u00f6rlitlig.<\/td>\n<td><\/td>\n<\/tr>\n<tr>\n<td><strong>M\u00e5ngsidig betalnings\u00e5tkomst:<\/strong> \u201eSkrill\u201c \u00e4r kompatibel med b\u00e5de datorer och mobila enheter, vilket g\u00f6r det m\u00f6jligt att anv\u00e4nda den n\u00e4r som helst och var som helst.<\/td>\n<td><\/td>\n<\/tr>\n<tr>\n<td><strong>M\u00f6jlighet att anv\u00e4nda f\u00f6rbetalt kort:<\/strong> \u201eSkrill\u201c erbjuder ett f\u00f6rbetalt kort kopplat till ditt konto, vilket g\u00f6r det bekv\u00e4mt att handla fysiskt.<\/td>\n<td><\/td>\n<\/tr>\n<tr>\n<td><strong>S\u00e4rskilda sportfunktioner:<\/strong> \u201eSkrill\u201c har en s\u00e4rskild sportsektion d\u00e4r anv\u00e4ndare kan hitta anv\u00e4ndbara insikter, inklusive lagstatistik, spelaruppgifter och tips.<\/td>\n<td><\/td>\n<\/tr>\n<\/tbody>\n<\/table>\n<\/figure>\n<h2 class=\"wp-block-heading\"><span class=\"ez-toc-section\" id=\"Skrill_kasinobonusar_Vad_du_bor_veta\"><\/span>Skrill kasinobonusar: Vad du b\u00f6r veta<span class=\"ez-toc-section-end\"><\/span><\/h2>\n<\/p>\n<p>\u00c4ven om \u201eSkrill\u201c \u00e4r en bekv\u00e4m betalningsmetod, ger vissa onlinekasinon inte r\u00e4tt till vissa bonusar, s\u00e5som v\u00e4lkomsterbjudanden, f\u00f6r ins\u00e4ttningar gjorda via \u201eSkrill\u201c. Detta beror p\u00e5 oro f\u00f6r att bonusar kan missbrukas. Men m\u00e5nga kasinon erbjuder fortfarande exklusiva bonusar f\u00f6r \u201eSkrill\u201c anv\u00e4ndare eller inkluderar \u201eSkrill\u201c ins\u00e4ttningar i standardkampanjer.<\/p>\n<p>F\u00f6r att s\u00e4kerst\u00e4lla att du \u00e4r ber\u00e4ttigad till bonusar:<\/p>\n<ul class=\"wp-block-list\">\n<li>Kontrollera villkoren f\u00f6r kasinobonuserbjudanden.<\/li>\n<li>Hitta kasinon som specifikt betonar Skrill v\u00e4nliga bonusar.<\/li>\n<\/ul>\n<h3 class=\"wp-block-heading\">Skrill kasinobonustyper:<\/h3>\n<ul class=\"wp-block-list\">\n<li>Matched deposit bonus<\/li>\n<li><a href=\"https:\/\/pokeriomokykla.com\/reload-bonus\">Reload bonus<\/a><\/li>\n<li><a href=\"https:\/\/pokeriomokykla.com\/kazino-bonusai-be-depozito\">Casino Skrill no deposit bonus<\/a><\/li>\n<li><a href=\"https:\/\/pokeriomokykla.com\/nemokami-sukimai-free-casino-spins\">Free spins or bonus spins<\/a><\/li>\n<\/ul>\n<h2 class=\"wp-block-heading\"><span class=\"ez-toc-section\" id=\"Hur_borjar_du_anvanda_Skrill_och_far_maximal_nytta\"><\/span><b>Hur b\u00f6rjar du anv\u00e4nda Skrill och f\u00e5r maximal nytta?<\/b><span class=\"ez-toc-section-end\"><\/span><\/h2>\n<\/p>\n<p><span style=\"font-weight: 400;\">Registrering p\u00e5 Skrill plattformen \u00e4r mycket enkel. Det tar bara n\u00e5gra minuter att registrera sig, och sedan beh\u00f6ver du bara verifiera din identitet f\u00f6r att fullt ut kunna dra nytta av denna betalningsplattform.<\/span><\/p>\n<ul class=\"wp-block-list\">\n<li><span style=\"font-weight: 400;\">Bes\u00f6k Skrill webbplats och klicka p\u00e5 \u201e<\/span><a href=\"https:\/\/account.skrill.com\/wallet\/account\/sign-up?locale=en\" target=\"_blank\" rel=\"noopener\"><span style=\"font-weight: 400;\">Register<\/span><\/a><span style=\"font-weight: 400;\">\u201c<\/span><\/li>\n<li><span style=\"font-weight: 400;\">Ange dina personliga uppgifter (namn, efternamn, land, kontovaluta, e-post, l\u00f6senord)<\/span><\/li>\n<li><span style=\"font-weight: 400;\">Acceptera anv\u00e4ndarvillkoren och slutf\u00f6r registreringen.<\/span><\/li>\n<\/ul>\n<p><span style=\"font-weight: 400;\">Efter dessa steg har du skapat din virtuella Skrill pl\u00e5nbok. \u00c4ven om den redan \u00e4r aktiv och du kan logga in p\u00e5 kontot, har en oaktiverad Skrill pl\u00e5nbok med en icke-verifierad identitet begr\u00e4nsad nytta, eftersom du helt enkelt inte kommer att kunna g\u00f6ra betalningar eller \u00f6verf\u00f6ringar. F\u00f6r att kunna anv\u00e4nda Skrill fullt ut m\u00e5ste du slutf\u00f6ra registreringen och s\u00e4tta in medel i den elektroniska pl\u00e5nboken. N\u00e4r du p\u00e5b\u00f6rjar kontoverifieringsprocessen m\u00e5ste du ange:<\/span><\/p>\n<ul class=\"wp-block-list\">\n<li><span style=\"font-weight: 400;\">Bostadsadress (den m\u00e5ste verifieras genom att aktivera platsinst\u00e4llningen p\u00e5 din smartphone eller ladda upp ett dokument som bekr\u00e4ftar den angivna adressen);<\/span><\/li>\n<li><span style=\"font-weight: 400;\">Postnummer;<\/span><\/li>\n<li><span style=\"font-weight: 400;\">F\u00f6delsedatum;<\/span><\/li>\n<li><span style=\"font-weight: 400;\">Mobiltelefonnummer<\/span><\/li>\n<\/ul>\n<p><span style=\"font-weight: 400;\">N\u00e4r du har angett dessa uppgifter f\u00e5r du ett SMS med en verifieringskod till din telefon. Du m\u00e5ste ange den koden i Skrill appen och p\u00e5 webbplatsen och slutf\u00f6ra de \u00e5terst\u00e5ende stegen f\u00f6r att avsluta registreringsprocessen. <\/span><\/p>\n<p><span style=\"font-weight: 400;\">Precis som med NETELLER, efter detta steg m\u00e5ste det finnas minst en ins\u00e4ttningsmetod i Skrill-kontot som \u00e4r kopplad till den virtuella pl\u00e5nboken. S\u00e5 efter registreringen b\u00f6r du fylla p\u00e5 Skrill-pl\u00e5nboken fr\u00e5n ett bankkort, bankkonto eller annan betalningsmetod. Det finns dussintals alternativ f\u00f6r hur man g\u00f6r detta.<\/span><\/p>\n<p><span style=\"font-weight: 400;\">N\u00e4r allt \u00e4r klart och registreringen \u00e4r avslutad kan du redan g\u00e5 vidare till spelbolagen och tryggt fylla p\u00e5 kontot med hj\u00e4lp av Skrill virtuella pl\u00e5nbok.<\/span><\/p>\n<h2 class=\"wp-block-heading\"><span class=\"ez-toc-section\" id=\"Insattningar_och_uttag\"><\/span><b>Ins\u00e4ttningar och uttag<\/b><span class=\"ez-toc-section-end\"><\/span><\/h2>\n<\/p>\n<p><span style=\"font-weight: 400;\">Skrill-pl\u00e5nb\u00f6cker \u00e4r ett av de snabbaste s\u00e4tten att ta ut vinster fr\u00e5n ett kasino. Vanligtvis betalas vinster ut till Skrill-pl\u00e5nboken inom 24 timmar (utomlands), men i s\u00e4llsynta fall kan utbetalningstiden f\u00f6rl\u00e4ngas till 3-5 arbetsdagar.<\/span><\/p>\n<p><span style=\"font-weight: 400;\">Eftersom elektroniska pl\u00e5nb\u00f6cker fortfarande inte betraktas som en likv\u00e4rdig motsvarighet till ett bankkonto eller ett betalningskort, kan spelarrang\u00f6ren kr\u00e4va ytterligare identitetsverifiering f\u00f6r att ta ut ett st\u00f6rre belopp.<\/span><\/p>\n<p><span style=\"font-weight: 400;\">Bli inte r\u00e4dd och skicka de n\u00f6dv\u00e4ndiga dokumenten. Det tar vanligtvis tid f\u00f6r sj\u00e4lva betalningsbehandlingen och bekr\u00e4ftelsen, eftersom n\u00e4r spelarrang\u00f6ren har utf\u00f6rt den, kommer pengarna in p\u00e5 ditt Skrill-konto omedelbart.<\/span><\/p>\n<h2 class=\"wp-block-heading\"><span class=\"ez-toc-section\" id=\"Intressanta_fakta_om_Skrill\"><\/span>Intressanta fakta om Skrill<span class=\"ez-toc-section-end\"><\/span><\/h2>\n<\/p>\n<p><span style=\"font-weight: 400;\">F\u00f6rutom allm\u00e4nna fakta om Skrill, som f\u00f6retag och varum\u00e4rke, \u00e4r det viktigt att lyfta fram tj\u00e4nstefunktioner som \u00e4r relevanta f\u00f6r varje kund:<\/span><\/p>\n<ul class=\"wp-block-list\">\n<li><strong>Grundande \u00e5r.<\/strong> &#8220;Skrill&#8221; grundades 2001 och hette ursprungligen &#8220;Moneybookers&#8221;.<\/li>\n<li><strong>Tillh\u00f6r &#8220;Paysafe Group&#8221;.<\/strong> &#8220;Skrill&#8221; tillsammans med &#8220;NETELLER&#8221; tillh\u00f6r &#8220;Paysafe Group&#8221;, som \u00e4r en av de st\u00f6rsta leverant\u00f6rerna av elektroniska betalningstj\u00e4nster i v\u00e4rlden.<\/li>\n<li><strong>M\u00f6jlighet att anv\u00e4nda mer \u00e4n 40 valutor.<\/strong> &#8220;Skrill&#8221; till\u00e5ter anv\u00e4ndare att g\u00f6ra transaktioner i mer \u00e4n 40 valutor, vilket g\u00f6r det idealiskt f\u00f6r internationella betalningar.<\/li>\n<li><strong>Bonusar f\u00f6r kasinospelare.<\/strong> \u00c4ven om vissa bonusar inte beror p\u00e5 &#8220;Skrill&#8221;-ins\u00e4ttningar, erbjuder vissa kasinon speciella bonusar just f\u00f6r &#8220;Skrill&#8221;-anv\u00e4ndare.<\/li>\n<li><strong>Bekv\u00e4m sportsektion.<\/strong> &#8220;Skrill&#8221; har en speciell sektion f\u00f6r sportfans, med statistik och bettingtips.<\/li>\n<li><strong>Varum\u00e4rke inom sportomr\u00e5det.<\/strong> &#8220;Skrill&#8221; har varit sponsor vid m\u00e5nga sportevenemang, inklusive fotboll och e-sportturneringar.<\/li>\n<\/ul>\n<h2 class=\"wp-block-heading\"><span class=\"ez-toc-section\" id=\"Mobila_Skrill_kasinon\"><\/span>Mobila Skrill kasinon<span class=\"ez-toc-section-end\"><\/span><\/h2>\n<\/p>\n<p>Om du inte vill anv\u00e4nda en dator \u00e4r det v\u00e4rt att veta att &#8220;Skrill&#8221; till\u00e5ter betalningar \u00e4ven med mobiltelefon. Appen kan laddas ner fr\u00e5n &#8220;Android Play Store&#8221; och &#8220;iOS&#8221; appbutiker, vilket g\u00f6r det m\u00f6jligt att snabbt, s\u00e4kert och mycket bekv\u00e4mt g\u00f6ra betalningar i farten.<\/p>\n<p>Alltid tillg\u00e4nglig, var du \u00e4n \u00e4r &#8211; f\u00f6r att kontrollera ditt kontosaldo, g\u00f6ra transaktioner eller ta ut pengar &#8211; s\u00e5dan \u00e4r &#8220;Skrill&#8221;-appens m\u00e5ngsidighet.<\/p>\n<h2 class=\"wp-block-heading\"><span class=\"ez-toc-section\" id=\"Slutsats_om_Skrill_Casino\"><\/span>Slutsats om Skrill Casino<span class=\"ez-toc-section-end\"><\/span><\/h2>\n<\/p>\n<p>&#8220;Skrill&#8221; \u00e4r en m\u00e5ngsidig och s\u00e4ker betalningsmetod som f\u00f6rb\u00e4ttrar onlinekasino-upplevelsen f\u00f6r spelare \u00f6ver hela v\u00e4rlden. P\u00e5 grund av enkel anv\u00e4ndning, snabba transaktioner och allm\u00e4nt erk\u00e4nnande \u00e4r det det b\u00e4sta valet f\u00f6r kasinoentusiaster. Innan du b\u00f6rjar spela, se alltid \u00f6ver betalnings- och bonusvillkoren f\u00f6r det valda kasinot f\u00f6r att s\u00e4kerst\u00e4lla den b\u00e4sta m\u00f6jliga upplevelsen.<\/p>\n<p>Genom att v\u00e4lja ett p\u00e5litligt &#8220;Skrill&#8221;-kasino och f\u00f6rst\u00e5 hur man maximerar sina transaktioner kan du njuta av ett smidigt och givande spel\u00e4ventyr.<\/p>\n<h2 class=\"wp-block-heading\"><span class=\"ez-toc-section\" id=\"FAQ_om_Skrill_Casino\"><\/span>FAQ om Skrill Casino<span class=\"ez-toc-section-end\"><\/span><\/h2>\n<\/p>\n<div class=\"schema-faq wp-block-yoast-faq-block\">\n<div class=\"schema-faq-section\" id=\"faq-question-1732565981590\"><strong class=\"schema-faq-question\"><strong>Vad \u00e4r Skrill?<\/strong><\/strong> <\/p>\n<p class=\"schema-faq-answer\">\u201eSkrill\u201c \u00e4r en online betalningstj\u00e4nst som g\u00f6r det m\u00f6jligt f\u00f6r anv\u00e4ndare att s\u00e4kert skicka, ta emot och lagra pengar. Den anv\u00e4nds ofta f\u00f6r e-handel, spel och internationella penning\u00f6verf\u00f6ringar.<\/p>\n<\/p><\/div>\n<div class=\"schema-faq-section\" id=\"faq-question-1732565997087\"><strong class=\"schema-faq-question\"><strong>Hur skapar man ett \u201eSkrill\u201c konto?<\/strong><\/strong> <\/p>\n<p class=\"schema-faq-answer\">Du kan skapa ett \u201eSkrill\u201c konto genom att bes\u00f6ka den officiella webbplatsen, registrera dig med din e-postadress och fylla i n\u00f6dv\u00e4ndig personlig information.<\/p>\n<\/p><\/div>\n<div class=\"schema-faq-section\" id=\"faq-question-1732566006099\"><strong class=\"schema-faq-question\"><strong>\u00c4r det gratis att anv\u00e4nda \u201eSkrill\u201c?<\/strong><\/strong> <\/p>\n<p class=\"schema-faq-answer\">Att skapa ett konto \u00e4r gratis, men \u201eSkrill\u201c kan ta ut avgifter f\u00f6r vissa tj\u00e4nster, s\u00e5som uttag, valutav\u00e4xling eller inaktivitet.<\/p>\n<\/p><\/div>\n<div class=\"schema-faq-section\" id=\"faq-question-1732566022541\"><strong class=\"schema-faq-question\"><strong>Vilka valutor st\u00f6der \u201eSkrill\u201c?<\/strong><\/strong> <\/p>\n<p class=\"schema-faq-answer\">Skrill st\u00f6der mer \u00e4n 40 valutor, vilket g\u00f6r det till ett m\u00e5ngsidigt val f\u00f6r internationella transaktioner.<\/p>\n<\/p><\/div>\n<div class=\"schema-faq-section\" id=\"faq-question-1732566031863\"><strong class=\"schema-faq-question\"><strong>Kan jag anv\u00e4nda \u201eSkrill\u201c f\u00f6r online-spel?<\/strong><\/strong> <\/p>\n<p class=\"schema-faq-answer\">Ja, \u201eSkrill\u201c \u00e4r ett av de mest popul\u00e4ra betalningsmetoderna p\u00e5 onlinekasinon och bettingsidor p\u00e5 grund av dess s\u00e4kerhet och snabbhet.<\/p>\n<\/p><\/div>\n<div class=\"schema-faq-section\" id=\"faq-question-1732566041185\"><strong class=\"schema-faq-question\"><strong>Kan man f\u00e5 bonusar p\u00e5 onlinekasinon f\u00f6r \u201eSkrill\u201c ins\u00e4ttningar?<\/strong><\/strong> <\/p>\n<p class=\"schema-faq-answer\">Inte alltid. P\u00e5 vissa kasinon \u00e4r \u201eSkrill\u201c ins\u00e4ttningar inte inkluderade i v\u00e4lkomstbonusar. Kontrollera bonusvillkoren f\u00f6r det kasino du anv\u00e4nder.<\/p>\n<\/p><\/div>\n<\/p><\/div>\n","protected":false},"excerpt":{"rendered":"<p>Skrill kasino lista \u2013 uppdaterad \u201eSkrill\u201c \u00e4r en popul\u00e4r elektronisk&#8230;<\/p>\n","protected":false},"author":5318,"featured_media":1091445,"parent":0,"menu_order":0,"comment_status":"closed","ping_status":"closed","template":"page-affiliate-items.php","meta":{"_acf_changed":false,"footnotes":""},"class_list":["post-857894","page","type-page","status-publish","has-post-thumbnail","hentry"],"acf":[],"_links":{"self":[{"href":"https:\/\/pokeriomokykla.com\/sv\/wp-json\/wp\/v2\/pages\/857894","targetHints":{"allow":["GET"]}}],"collection":[{"href":"https:\/\/pokeriomokykla.com\/sv\/wp-json\/wp\/v2\/pages"}],"about":[{"href":"https:\/\/pokeriomokykla.com\/sv\/wp-json\/wp\/v2\/types\/page"}],"author":[{"embeddable":true,"href":"https:\/\/pokeriomokykla.com\/sv\/wp-json\/wp\/v2\/users\/5318"}],"replies":[{"embeddable":true,"href":"https:\/\/pokeriomokykla.com\/sv\/wp-json\/wp\/v2\/comments?post=857894"}],"version-history":[{"count":4,"href":"https:\/\/pokeriomokykla.com\/sv\/wp-json\/wp\/v2\/pages\/857894\/revisions"}],"predecessor-version":[{"id":1093478,"href":"https:\/\/pokeriomokykla.com\/sv\/wp-json\/wp\/v2\/pages\/857894\/revisions\/1093478"}],"wp:featuredmedia":[{"embeddable":true,"href":"https:\/\/pokeriomokykla.com\/sv\/wp-json\/wp\/v2\/media\/1091445"}],"wp:attachment":[{"href":"https:\/\/pokeriomokykla.com\/sv\/wp-json\/wp\/v2\/media?parent=857894"}],"curies":[{"name":"wp","href":"https:\/\/api.w.org\/{rel}","templated":true}]}}