{"id":999952,"date":"2020-08-24T11:16:49","date_gmt":"2020-08-24T09:16:49","guid":{"rendered":"https:\/\/pokeriomokykla.com\/litovski-kazinoji-offline-vs-online"},"modified":"2024-10-21T03:44:52","modified_gmt":"2024-10-21T01:44:52","slug":"litovski-kazinoji-offline-vs-online","status":"publish","type":"page","link":"https:\/\/pokeriomokykla.com\/sl\/stacionarne-proti-spletne-kazino","title":{"rendered":"Litovski kazinoji: offline vs online"},"content":{"rendered":"<p><span style=\"font-weight: 400;\">Kazino v Litvi je precej, zato obstaja veliko izbire tako v spletni kot v fizi\u010dni sferi. Litovski kazinoji so seveda pogosto nekoliko bolj omejeni kot tuji, vendar so lahko pogosto na svoj na\u010din zanimivi ali koristni za igralca. V tem \u010dlanku bomo obravnavali vse razloge, zakaj bi morali izbrati kazino v Litvi.<\/span><\/p>\n<p><img decoding=\"async\" class=\"aligncenter wp-image-763241 size-full\" title=\"Litovski kazinoji\" src=\"https:\/\/pokeriomokykla.com\/app\/uploads\/2020\/08\/Lietuviski-kazino.gif\" alt=\"Litovski kazinoji\" width=\"810\" height=\"450\"><\/p>\n<div id=\"ez-toc-container\" class=\"ez-toc-v2_0_76 ez-toc-wrap-left counter-hierarchy ez-toc-counter ez-toc-custom ez-toc-container-direction\">\n<div class=\"ez-toc-title-container\">\n<p class=\"ez-toc-title\" style=\"cursor:inherit\">Kazalo<\/p>\n<span class=\"ez-toc-title-toggle\"><a href=\"#\" class=\"ez-toc-pull-right ez-toc-btn ez-toc-btn-xs ez-toc-btn-default ez-toc-toggle\" aria-label=\"Toggle Table of Content\"><span class=\"ez-toc-js-icon-con\"><span class=\"\"><span class=\"eztoc-hide\" style=\"display:none;\">Toggle<\/span><span class=\"ez-toc-icon-toggle-span\"><svg style=\"fill: #000000;color:#000000\" xmlns=\"http:\/\/www.w3.org\/2000\/svg\" class=\"list-377408\" width=\"20px\" height=\"20px\" viewBox=\"0 0 24 24\" fill=\"none\"><path d=\"M6 6H4v2h2V6zm14 0H8v2h12V6zM4 11h2v2H4v-2zm16 0H8v2h12v-2zM4 16h2v2H4v-2zm16 0H8v2h12v-2z\" fill=\"currentColor\"><\/path><\/svg><svg style=\"fill: #000000;color:#000000\" class=\"arrow-unsorted-368013\" xmlns=\"http:\/\/www.w3.org\/2000\/svg\" width=\"10px\" height=\"10px\" viewBox=\"0 0 24 24\" version=\"1.2\" baseProfile=\"tiny\"><path d=\"M18.2 9.3l-6.2-6.3-6.2 6.3c-.2.2-.3.4-.3.7s.1.5.3.7c.2.2.4.3.7.3h11c.3 0 .5-.1.7-.3.2-.2.3-.5.3-.7s-.1-.5-.3-.7zM5.8 14.7l6.2 6.3 6.2-6.3c.2-.2.3-.5.3-.7s-.1-.5-.3-.7c-.2-.2-.4-.3-.7-.3h-11c-.3 0-.5.1-.7.3-.2.2-.3.5-.3.7s.1.5.3.7z\"\/><\/svg><\/span><\/span><\/span><\/a><\/span><\/div>\n<nav><ul class='ez-toc-list ez-toc-list-level-1 eztoc-toggle-hide-by-default' ><li class='ez-toc-page-1 ez-toc-heading-level-2'><a class=\"ez-toc-link ez-toc-heading-1\" href=\"https:\/\/pokeriomokykla.com\/sl\/stacionarne-proti-spletne-kazino\/#Litovski_kazinoji_%E2%80%93_kaksne_so_prednosti\" >Litovski kazinoji &#8211; kak\u0161ne so prednosti?<\/a><\/li><li class='ez-toc-page-1 ez-toc-heading-level-2'><a class=\"ez-toc-link ez-toc-heading-2\" href=\"https:\/\/pokeriomokykla.com\/sl\/stacionarne-proti-spletne-kazino\/#Kazino_v_Litvi_in_igranje_na_spletu\" >Kazino v Litvi in igranje na spletu<\/a><\/li><li class='ez-toc-page-1 ez-toc-heading-level-2'><a class=\"ez-toc-link ez-toc-heading-3\" href=\"https:\/\/pokeriomokykla.com\/sl\/stacionarne-proti-spletne-kazino\/#Betsafe_Casino\" >Betsafe Casino<\/a><\/li><li class='ez-toc-page-1 ez-toc-heading-level-2'><a class=\"ez-toc-link ez-toc-heading-4\" href=\"https:\/\/pokeriomokykla.com\/sl\/stacionarne-proti-spletne-kazino\/#Litovski_spletni_kazinoji_in_varnost\" >Litovski spletni kazinoji in varnost<\/a><\/li><li class='ez-toc-page-1 ez-toc-heading-level-2'><a class=\"ez-toc-link ez-toc-heading-5\" href=\"https:\/\/pokeriomokykla.com\/sl\/stacionarne-proti-spletne-kazino\/#Litovski_kazinoji_in_storitve\" >Litovski kazinoji in storitve<\/a><\/li><li class='ez-toc-page-1 ez-toc-heading-level-2'><a class=\"ez-toc-link ez-toc-heading-6\" href=\"https:\/\/pokeriomokykla.com\/sl\/stacionarne-proti-spletne-kazino\/#Kaj_izbrati_med_litovskimi_kazinoji\" >Kaj izbrati med litovskimi kazinoji?<\/a><\/li><li class='ez-toc-page-1 ez-toc-heading-level-2'><a class=\"ez-toc-link ez-toc-heading-7\" href=\"https:\/\/pokeriomokykla.com\/sl\/stacionarne-proti-spletne-kazino\/#Betsafe_Casino-2\" >Betsafe Casino<\/a><\/li><\/ul><\/nav><\/div>\n<h2 style=\"text-align: center;\"><span class=\"ez-toc-section\" id=\"Litovski_kazinoji_%E2%80%93_kaksne_so_prednosti\"><\/span><strong>Litovski kazinoji &#8211; kak\u0161ne so prednosti?<\/strong><span class=\"ez-toc-section-end\"><\/span><\/h2>\n<p><span style=\"font-weight: 400;\">Kazino v Litvi imajo eno jasno, najve\u010djo prednost &#8211; fizi\u010dne lokacije. Za mnoge Litovce je potovanje v druge dr\u017eave zaradi iger na sre\u010do lahko zelo neprakti\u010dno zaradi finan\u010dnih ali \u010dasovnih razlogov. Vendar pa v Litvi obstaja veliko majhnih lokalnih kazinojev, kjer lahko igrate.<\/span><\/p>\n<p><span style=\"font-weight: 400;\">Druge prednosti bodo seveda odvisne od specifi\u010dnega kazinoja. Kazinoji v ve\u010djih litovskih mestih lahko ponujajo turnirje ali druge mese\u010dne ugodnosti. Na \u017ealost igranje v kazinojih v Litvi ni zelo priljubljena dejavnost, zato pogosto primanjkuje ljudi za specifi\u010dne dogodke. Na primer, ljubitelji poker turnirjev ali velike izbire Cash game miz bodo morda razo\u010darani, saj preprosto primanjkuje igralcev tudi v ve\u010djih litovskih mestih.<\/span><\/p>\n<p><span style=\"font-weight: 400;\">Vse ostalo je odvisno od \u0161tevilnih dejavnikov. Tako kot vsi drugi kazinoji, litovski ponujajo pakete bonusov in nagrad za novince, brezpla\u010dne vrtljaje in pove\u010danje prvega depozita. Fizi\u010dni kazinoji v Litvi pogosto omogo\u010dajo preizkusiti vsaj nekaj igralnih avtomatov ali namiznih iger brezpla\u010dno.<\/span><\/p>\n<h2 style=\"text-align: center;\"><span class=\"ez-toc-section\" id=\"Kazino_v_Litvi_in_igranje_na_spletu\"><\/span><strong>Kazino v Litvi in igranje na spletu<\/strong><span class=\"ez-toc-section-end\"><\/span><\/h2>\n<p><span style=\"font-weight: 400;\">Danes ni ve\u010d potrebno iti na fizi\u010dno lokacijo, da bi igrali kazino igre. Na spletu je veliko izklju\u010dno spletnih (ali spletnih in fizi\u010dnih) sob, ki ponujajo \u0161tevilne najnovej\u0161e igre, bonuse in udobja. Na spletu ne manjka tudi litovskih spletnih sob, kjer se lahko enostavno registrirate in za\u010dnete igrati.<\/span><\/p>\n<h3 style=\"text-align: center;\">Najbolj\u0161i litovski kazinoji:<\/h3>\n<p style=\"text-align: center;\"><div class=\"row\"><div class=\"col-md-12 aff-listing-col casino-items shortcode\">\n<article class=\"affiliate-item affiliate-item-8\" data-affiliate-type=\"\" data-affiliate-id=\"8\" data-affiliate-title=\"Betsafe Casino\" data-affiliate-membership-terms=\"\">\n\n  <div class=\"logo col-md-3 col-sm-12 col-xs-12\">\n    <a href=\"https:\/\/pokeriomokykla.com\/casino\/betsafe\" rel=\"nofollow\" target=\"_blank\" class=\"media-img\"><img decoding=\"async\" width=\"470\" height=\"246\" src=\"https:\/\/pokeriomokykla.com\/app\/uploads\/2018\/08\/betsafe.logo_.jpg\" class=\"attachment-full size-full\" alt=\"\" srcset=\"https:\/\/pokeriomokykla.com\/app\/uploads\/2018\/08\/betsafe.logo_.jpg 470w, https:\/\/pokeriomokykla.com\/app\/uploads\/2018\/08\/betsafe.logo_-300x157.jpg 300w, https:\/\/pokeriomokykla.com\/app\/uploads\/2018\/08\/betsafe.logo_-229px-120px.jpg 229w\" sizes=\"(max-width: 470px) 100vw, 470px\" \/><\/a>\n  <\/div>\n\n  <div class=\"post-content col-md-6 col-sm-12 col-xs-12\">\n    <header class=\"entry-header hide\">\n      <h2 class=\"entry-title\"><span class=\"ez-toc-section\" id=\"Betsafe_Casino\"><\/span>\n        <a href=\"https:\/\/pokeriomokykla.com\/casino\/betsafe\" rel=\"bookmark nofollow\" target=\"_blank\">\n          Betsafe Casino        <\/a>\n      <span class=\"ez-toc-section-end\"><\/span><\/h2>\n    <\/header><!-- .entry-header -->\n\n    <div class=\"entry-content\">\n              <div class=\"bonus\">\n          Kazino, sporto la\u017eybos ir pokeris viename!        <\/div>\n      \n      <div class=\"affiliate-info\">\n        \n                  <div class=\"affiliate-accepts\">\n            <div class=\"lt-accepted\" data-toggle=\"tooltip\" title=\"Priima \u017eaid\u0117jus i\u0161 Lietuvos\">\n              <span class=\"checkmark\">\n                <i class=\"fa fa-check\" aria-hidden=\"true\"><\/i>\n              <\/span>\n\n              <span class=\"lt-flag\">\n                <img decoding=\"async\" src=\"https:\/\/pokeriomokykla.com\/app\/themes\/pokerio-mokykla\/img\/flags\/lt.flag.png\">\n              <\/span>\n            <\/div>\n          <\/div>\n        \n        <div class=\"affiliate-rating\" data-toggle=\"tooltip\" title=\"La\u017eyb\u0173 reitingas - 7.68\/10\">\n          <span class=\"rating-star\" data-value=\"5\"><\/span>\n          <span class=\"rating-star\" data-value=\"4\"><\/span>\n          <span class=\"rating-star\" data-value=\"3\"><\/span>\n          <span class=\"rating-star\" data-value=\"2\"><\/span>\n          <span class=\"rating-star\" data-value=\"1\"><\/span>\n\n                      <div class=\"rating-box\">\n              <div class=\"rating\" style=\"width: 76.8%;\"><\/div>\n            <\/div>\n                          <div class=\"rating-value\">7.68<\/div>\n                              <\/div>\n      <\/div>\n\n      <div class=\"rules-text\">Galioja tik naujiems \u017eaid\u0117jams ir tik 18+ am\u017eiaus.<\/div>\n\n    <\/div><!-- .entry-content -->\n  <\/div>\n\n  <div class=\"button col-md-3 col-sm-12 col-xs-12\">\n    <div class=\"deal-button\">\n      <a href=\"https:\/\/pokeriomokykla.com\/casino\/betsafe\" target=\"_blank\" rel=\"nofollow\">\u017daisk dabar!<\/a>\n    <\/div>\n   <div class=\"icons\">\n      <ul>\n                  <li>\n            <div data-toggle=\"tooltip\" title=\"Windows \">\n              <i class=\"fab fa-windows\" aria-hidden=\"true\"><\/i>\n            <\/div>\n          <\/li>\n                  <li>\n            <div data-toggle=\"tooltip\" title=\"Mac OS \">\n              <i class=\"fab fa-apple\" aria-hidden=\"true\"><\/i>\n            <\/div>\n          <\/li>\n                  <li>\n            <div data-toggle=\"tooltip\" title=\"iPhone \">\n              <i class=\"fa fa-mobile\" aria-hidden=\"true\"><\/i>\n            <\/div>\n          <\/li>\n                  <li>\n            <div data-toggle=\"tooltip\" title=\"Android \">\n              <i class=\"fab fa-android\" aria-hidden=\"true\"><\/i>\n            <\/div>\n          <\/li>\n              <\/ul>\n    <\/div>\n  <\/div>\n\n<\/article><!-- #post --><\/div><\/div><\/p>\n<p><span style=\"font-weight: 400;\">\u010ceprav je udobje doma za mnoge zelo privla\u010dno, ima igranje na spletu tudi svoje slabosti. Na primer, na spletnih portalih se zelo redko uporablja pogovorni sistem, zato igranje postane dejavnost za eno osebo. Medtem pa je v fizi\u010dnih kazinojih socialnost velik del iger na sre\u010do, saj pogosto prihajajo ljudje, ki \u017eelijo poleg igranja tudi komunicirati.<\/span><span style=\"font-weight: 400;\">Prednost litovskih kazinojev, kot je bilo omenjeno prej, je, da so skoraj vedno blizu doma, zato obi\u010dajno ni te\u017eav priti tja igrati. Druga prednost litovskih kazinojev pred spletnimi sobami je zanesljivost.<\/span><\/p>\n<p><span style=\"font-weight: 400;\">Spletne igralne platforme niso tako strogo preverjene kot fizi\u010dni kazinoji, zato bo zaupanje vanje temeljilo le na prepri\u010danjih samega igralca. Medtem pa so kazinoji pogosto preverjani s strani ustreznih institucij, da bi zagotovili \u010dim bolj po\u0161teno poslovanje, zato, \u010deprav hi\u0161a vedno zmaga, je v tem primeru mogo\u010de biti prepri\u010dan, da se izgubi le toliko, kolikor je navedeno.<\/span><\/p>\n<p><span style=\"font-weight: 400;\">Seveda spletni kazinoji dobro razumejo situacijo, zato pogosto ponujajo bolj\u0161e bonuse ali nagrade. Ta vidik velja tudi za spletne kazinoje v Litvi. Skoraj vsi litovski kazinoji, ki so preneseni v spletni prostor, ponujajo bolj\u0161e bonuse, kot jih je mogo\u010de dobiti v fizi\u010dnih igralnicah.<\/span><\/p>\n<h2 style=\"text-align: center;\"><span class=\"ez-toc-section\" id=\"Litovski_spletni_kazinoji_in_varnost\"><\/span><strong>Litovski spletni kazinoji in varnost<\/strong><span class=\"ez-toc-section-end\"><\/span><\/h2>\n<p><span style=\"font-weight: 400;\">V Litvi lahko kazinoji enostavno pridobijo licenco brez uporabe tradicionalnih taktik. Mnogi tuji kazinoji i\u0161\u010dejo la\u017eji na\u010din za pridobitev igralni\u0161ke licence, zato svoje poslovanje registrirajo v oddaljenih krajih, kot so Kajmanski otoki. Na teh mestih je zelo enostavno registrirati igralni\u0161ko dejavnost.<\/span><\/p>\n<p><span style=\"font-weight: 400;\">Litovski spletni kazinoji se ne rabijo dr\u017eati tak\u0161nih strategij (\u010deprav seveda lahko). \u010ce ima litovski spletni kazino licenco, izdano v Litvi, je igralec lahko veliko bolj miren, saj obstaja mo\u010dnej\u0161a pravna podlaga za re\u0161evanje morebitnih sporov. V nasprotju s tujimi spletnimi kazinoji, ki so pogosto registrirani v <a href=\"https:\/\/europa.eu\/european-union\/about-eu\/countries_lt\" target=\"_blank\" rel=\"noopener noreferrer\">dr\u017eavah zunaj EU<\/a>, v Litvi obstajajo ustrezne institucije, na katere se lahko igralec vedno obrne.<\/span><\/p>\n<p><span style=\"font-weight: 400;\">Zaradi bolj skrbnega nadzora so spletni kazinoji v Litvi pogosto veliko bolj zanesljivi. Pravna sistema zagotavlja stalno preverjanje po\u0161tenosti ponudbe iger, ki jo izvajajo ustrezne institucije. Medtem pa tuje registrirane ustanove pogosto niso tako skrbno preverjene glede po\u0161tenosti. Kljub temu so kazinoji posel kot vsi drugi, zato pogosto i\u0161\u010dejo najbolj\u0161i na\u010din za zaslu\u017eek in najmanj\u0161o mo\u017enost za zaplete. Zato bodo v iskanje licenc vklju\u010deni tudi premisleki o preverjanju kazinojev in \u0161tevilnih drugih vidikih.<\/span><\/p>\n<h2 style=\"text-align: center;\"><span class=\"ez-toc-section\" id=\"Litovski_kazinoji_in_storitve\"><\/span><strong>Litovski kazinoji in storitve<\/strong><span class=\"ez-toc-section-end\"><\/span><\/h2>\n<p><span style=\"font-weight: 400;\">Eden najpomembnej\u0161ih vidikov tako fizi\u010dnih kot spletnih ustanov je storitev za stranke. Kazinoji niso nobena izjema. Seveda lahko v litovskih kazinojih ra\u010dunate na to, da boste v primeru te\u017eav ali drugih zapletov vedno postre\u017eeni v litov\u0161\u010dini.<\/span><\/p>\n<p><span style=\"font-weight: 400;\">V fizi\u010dnih kazinojih bo storitev seveda vedno veliko bolj\u0161a kot v spletnih sobah. V spletnih sobah obi\u010dajno delajo, \u017eal, slabo pla\u010dani strokovnjaki, ki morajo hkrati postre\u010di \u0161tevilne stranke. Njihove mo\u017enosti za pomo\u010d pri te\u017eavah ali te\u017eavah z izpla\u010dili so obi\u010dajno zelo omejene.<\/span><\/p>\n<p><img decoding=\"async\" class=\"aligncenter wp-image-763243\" title=\"Kazino v Litvi\" src=\"https:\/\/pokeriomokykla.com\/app\/uploads\/2020\/08\/Kazino-Lietuvoje.png\" alt=\"Kazino v Litvi\" width=\"810\" height=\"203\" srcset=\"https:\/\/pokeriomokykla.com\/app\/uploads\/2020\/08\/Kazino-Lietuvoje.png 1024w, https:\/\/pokeriomokykla.com\/app\/uploads\/2020\/08\/Kazino-Lietuvoje-300x75.png 300w, https:\/\/pokeriomokykla.com\/app\/uploads\/2020\/08\/Kazino-Lietuvoje-768px-192px.png 768w, https:\/\/pokeriomokykla.com\/app\/uploads\/2020\/08\/Kazino-Lietuvoje-480px-120px.png 480w, https:\/\/pokeriomokykla.com\/app\/uploads\/2020\/08\/Kazino-Lietuvoje-700px-175px.png 700w\" sizes=\"(max-width: 810px) 100vw, 810px\" \/><\/p>\n<p><span style=\"font-weight: 400;\">Medtem pa bo v fizi\u010dnih igralnicah storitev vedno najvi\u0161je kakovosti. Ena oseba obi\u010dajno postre\u017ee le nekaj strank hkrati. Prav tako, \u010de pogosto igrate v istih hi\u0161ah, boste dobili vse bolj\u0161e statuse (do VIP, ki dobijo posebne privilegije). Tega obi\u010dajno ni v spletnih kazinojih, v najbolj\u0161em primeru je ponujena denarna nagrada, podobna poker rakeback sistemu.<\/span><\/p>\n<p><span style=\"font-weight: 400;\">VIP stranke v Litvi seveda \u0161e niso <\/span><span style=\"font-weight: 400;\">tako <\/span><span style=\"font-weight: 400;\">dobro ocenjene, vendar dobijo ve\u010d ugodnosti kot obi\u010dajni igralci tako offline kot online. Katere privilegije dobijo igralci s posebnim statusom, je odvisno od pogojev igralnice, zato je skoraj nemogo\u010de sestaviti splo\u0161en seznam bonusov. V tujini igralci obi\u010dajno dobijo hotelske sobe, luksuzne predmete ali poslovna kosila. Seveda so to vedno zelo premi\u0161ljena darila, namenjena vse bolj privabiti igralce. V Litvi so te tradicije nekoliko \u0161ibkej\u0161e, zato ne bi smeli slepo pri\u010dakovati letov ali drugih impresivnih ugodnosti, \u010de veliko igrate.<\/span><\/p>\n<h2 style=\"text-align: center;\"><span class=\"ez-toc-section\" id=\"Kaj_izbrati_med_litovskimi_kazinoji\"><\/span><strong>Kaj izbrati med litovskimi kazinoji?<\/strong><span class=\"ez-toc-section-end\"><\/span><\/h2>\n<p><span style=\"font-weight: 400;\">Razli\u010dnih litovskih kazinojev ni veliko, saj je na\u0161 trg na tem podro\u010dju \u0161e vedno, \u017eal, precej majhen. Seveda pa \u0161e vedno obstajajo bolj\u0161i kazinoji od drugih, tako na offline kot online trgu, zato lahko v Poker \u0161oli vedno najdete ocene vseh najbolj\u0161ih sob \u2b07<\/span><\/p>\n<p style=\"text-align: center;\"><div class=\"row\"><div class=\"col-md-12 aff-listing-col casino-items shortcode\">\n<article class=\"affiliate-item affiliate-item-8\" data-affiliate-type=\"\" data-affiliate-id=\"8\" data-affiliate-title=\"Betsafe Casino\" data-affiliate-membership-terms=\"\">\n\n  <div class=\"logo col-md-3 col-sm-12 col-xs-12\">\n    <a href=\"https:\/\/pokeriomokykla.com\/casino\/betsafe\" rel=\"nofollow\" target=\"_blank\" class=\"media-img\"><img decoding=\"async\" width=\"470\" height=\"246\" src=\"https:\/\/pokeriomokykla.com\/app\/uploads\/2018\/08\/betsafe.logo_.jpg\" class=\"attachment-full size-full\" alt=\"\" srcset=\"https:\/\/pokeriomokykla.com\/app\/uploads\/2018\/08\/betsafe.logo_.jpg 470w, https:\/\/pokeriomokykla.com\/app\/uploads\/2018\/08\/betsafe.logo_-300x157.jpg 300w, https:\/\/pokeriomokykla.com\/app\/uploads\/2018\/08\/betsafe.logo_-229px-120px.jpg 229w\" sizes=\"(max-width: 470px) 100vw, 470px\" \/><\/a>\n  <\/div>\n\n  <div class=\"post-content col-md-6 col-sm-12 col-xs-12\">\n    <header class=\"entry-header hide\">\n      <h2 class=\"entry-title\"><span class=\"ez-toc-section\" id=\"Betsafe_Casino-2\"><\/span>\n        <a href=\"https:\/\/pokeriomokykla.com\/casino\/betsafe\" rel=\"bookmark nofollow\" target=\"_blank\">\n          Betsafe Casino        <\/a>\n      <span class=\"ez-toc-section-end\"><\/span><\/h2>\n    <\/header><!-- .entry-header -->\n\n    <div class=\"entry-content\">\n              <div class=\"bonus\">\n          Kazino, sporto la\u017eybos ir pokeris viename!        <\/div>\n      \n      <div class=\"affiliate-info\">\n        \n                  <div class=\"affiliate-accepts\">\n            <div class=\"lt-accepted\" data-toggle=\"tooltip\" title=\"Priima \u017eaid\u0117jus i\u0161 Lietuvos\">\n              <span class=\"checkmark\">\n                <i class=\"fa fa-check\" aria-hidden=\"true\"><\/i>\n              <\/span>\n\n              <span class=\"lt-flag\">\n                <img decoding=\"async\" src=\"https:\/\/pokeriomokykla.com\/app\/themes\/pokerio-mokykla\/img\/flags\/lt.flag.png\">\n              <\/span>\n            <\/div>\n          <\/div>\n        \n        <div class=\"affiliate-rating\" data-toggle=\"tooltip\" title=\"La\u017eyb\u0173 reitingas - 7.68\/10\">\n          <span class=\"rating-star\" data-value=\"5\"><\/span>\n          <span class=\"rating-star\" data-value=\"4\"><\/span>\n          <span class=\"rating-star\" data-value=\"3\"><\/span>\n          <span class=\"rating-star\" data-value=\"2\"><\/span>\n          <span class=\"rating-star\" data-value=\"1\"><\/span>\n\n                      <div class=\"rating-box\">\n              <div class=\"rating\" style=\"width: 76.8%;\"><\/div>\n            <\/div>\n                          <div class=\"rating-value\">7.68<\/div>\n                              <\/div>\n      <\/div>\n\n      <div class=\"rules-text\">Galioja tik naujiems \u017eaid\u0117jams ir tik 18+ am\u017eiaus.<\/div>\n\n    <\/div><!-- .entry-content -->\n  <\/div>\n\n  <div class=\"button col-md-3 col-sm-12 col-xs-12\">\n    <div class=\"deal-button\">\n      <a href=\"https:\/\/pokeriomokykla.com\/casino\/betsafe\" target=\"_blank\" rel=\"nofollow\">\u017daisk dabar!<\/a>\n    <\/div>\n   <div class=\"icons\">\n      <ul>\n                  <li>\n            <div data-toggle=\"tooltip\" title=\"Windows \">\n              <i class=\"fab fa-windows\" aria-hidden=\"true\"><\/i>\n            <\/div>\n          <\/li>\n                  <li>\n            <div data-toggle=\"tooltip\" title=\"Mac OS \">\n              <i class=\"fab fa-apple\" aria-hidden=\"true\"><\/i>\n            <\/div>\n          <\/li>\n                  <li>\n            <div data-toggle=\"tooltip\" title=\"iPhone \">\n              <i class=\"fa fa-mobile\" aria-hidden=\"true\"><\/i>\n            <\/div>\n          <\/li>\n                  <li>\n            <div data-toggle=\"tooltip\" title=\"Android \">\n              <i class=\"fab fa-android\" aria-hidden=\"true\"><\/i>\n            <\/div>\n          <\/li>\n              <\/ul>\n    <\/div>\n  <\/div>\n\n<\/article><!-- #post --><\/div><\/div><\/p>\n<p><span style=\"font-weight: 400;\">\u010ce potujete v fizi\u010dne litovske igralnice, priporo\u010damo, da ne greste sami. Konec koncev, ena najve\u010djih prednosti offline kazinojev je socialnost. Prijatelji vam bodo pomagali dobro pre\u017eiveti \u010das, kar bi moral biti glavni cilj iger na sre\u010do. Nikakor ne bi smeli razmi\u0161ljati o mo\u017enostih zaslu\u017eka, saj so vse igre usmerjene proti vam.<\/span><\/p>\n<p><span style=\"font-weight: 400;\">V litovskih kazinojih je seveda izbira iger pogosto nekoliko bolj omejena kot v tujini. Ta razlika nastane zaradi preprostega razloga &#8211; razlik v kapitalu. Vendar pa lahko vedno ra\u010dunate, da boste na\u0161li \u0161tevilne dobro znane igre v vseh kazinojih v Litvi. Skoraj nemogo\u010de je najti igralnico brez <a href=\"https:\/\/pokeriomokykla.com\/blackjack-taisykles\">BlackJacka<\/a>, rulete ali <a href=\"https:\/\/pokeriomokykla.com\/losimo-automatai-internetu\">igralnih avtomatov<\/a>.<\/span><\/p>\n<p><span style=\"font-weight: 400;\">Ruleta v Litvi ima bolj\u0161e odstotke kot v nekaterih tujih dr\u017eavah. V ZDA se pogosto uporablja ameri\u0161ka razli\u010dica rulete, ki je zelo usmerjena proti igralcu, saj ima hi\u0161a prednost 5%. Medtem pa se v Litvi uporablja evropska razli\u010dica rulete, ki ima le eno 0, zato hi\u0161na prednost pade na 2,7%.<\/span><\/p>\n<p><span style=\"font-weight: 400;\">Torej, igranje v kazinojih v Litvi ima nekaj velikih prednosti.<\/span><\/p>\n<p>Da\u017enai \u017eaid\u0117jai net neatkreipia d\u0117mesio \u012f lietuvi\u0161kus lo\u0161imo namus, ta\u010diau taip daryti nereik\u0117t\u0173. Tiek offline tiek online lo\u0161im\u0173 namai tur\u0117s skirtingiems \u017emon\u0117ms tinkam\u0173 aspekt\u0173, kuri\u0173 galb\u016bt nei\u0161eit\u0173 rasti u\u017esienio kazino. Galiausiai, vienas did\u017eiausi\u0173 privalum\u0173 &#8211; nesunkiai prieinami fiziniai lo\u0161imo namai, kuriuose visada galima smagiai praleisti laik\u0105.\n<\/p>\n<h3><strong>Spremljajte ve\u010d novic o igralnicah:<\/strong><\/h3>\n<p><a href=\"https:\/\/pokeriomokykla.com\/kazino-naujienos\" class=\"media-img\"><img decoding=\"async\" class=\"alignnone wp-image-763242\" title=\"Novice o igralnicah\" src=\"https:\/\/pokeriomokykla.com\/app\/uploads\/2020\/08\/PM_Kazino_naujienos_1280x720.jpg\" alt=\"Novice o igralnicah\" width=\"400\" height=\"225\" srcset=\"https:\/\/pokeriomokykla.com\/app\/uploads\/2020\/08\/PM_Kazino_naujienos_1280x720.jpg 1024w, https:\/\/pokeriomokykla.com\/app\/uploads\/2020\/08\/PM_Kazino_naujienos_1280x720-300x169.jpg 300w, https:\/\/pokeriomokykla.com\/app\/uploads\/2020\/08\/PM_Kazino_naujienos_1280x720-768px-432px.jpg 768w, https:\/\/pokeriomokykla.com\/app\/uploads\/2020\/08\/PM_Kazino_naujienos_1280x720-320px-180px.jpg 320w, https:\/\/pokeriomokykla.com\/app\/uploads\/2020\/08\/PM_Kazino_naujienos_1280x720-120px-68px.jpg 120w, https:\/\/pokeriomokykla.com\/app\/uploads\/2020\/08\/PM_Kazino_naujienos_1280x720-336px-188px.jpg 336w, https:\/\/pokeriomokykla.com\/app\/uploads\/2020\/08\/PM_Kazino_naujienos_1280x720-213px-120px.jpg 213w, https:\/\/pokeriomokykla.com\/app\/uploads\/2020\/08\/PM_Kazino_naujienos_1280x720-700px-394px.jpg 700w\" sizes=\"(max-width: 400px) 100vw, 400px\" \/><\/a><\/p>\n","protected":false},"excerpt":{"rendered":"<p>Kazino v Litvi je precej, zato obstaja veliko izbire tako&#8230;<\/p>\n","protected":false},"author":491,"featured_media":1035132,"parent":0,"menu_order":0,"comment_status":"closed","ping_status":"closed","template":"page-affiliate-items.php","meta":{"_acf_changed":false,"footnotes":""},"class_list":["post-999952","page","type-page","status-publish","has-post-thumbnail","hentry"],"acf":[],"_links":{"self":[{"href":"https:\/\/pokeriomokykla.com\/sl\/wp-json\/wp\/v2\/pages\/999952","targetHints":{"allow":["GET"]}}],"collection":[{"href":"https:\/\/pokeriomokykla.com\/sl\/wp-json\/wp\/v2\/pages"}],"about":[{"href":"https:\/\/pokeriomokykla.com\/sl\/wp-json\/wp\/v2\/types\/page"}],"author":[{"embeddable":true,"href":"https:\/\/pokeriomokykla.com\/sl\/wp-json\/wp\/v2\/users\/491"}],"replies":[{"embeddable":true,"href":"https:\/\/pokeriomokykla.com\/sl\/wp-json\/wp\/v2\/comments?post=999952"}],"version-history":[{"count":1,"href":"https:\/\/pokeriomokykla.com\/sl\/wp-json\/wp\/v2\/pages\/999952\/revisions"}],"predecessor-version":[{"id":1035131,"href":"https:\/\/pokeriomokykla.com\/sl\/wp-json\/wp\/v2\/pages\/999952\/revisions\/1035131"}],"wp:featuredmedia":[{"embeddable":true,"href":"https:\/\/pokeriomokykla.com\/sl\/wp-json\/wp\/v2\/media\/1035132"}],"wp:attachment":[{"href":"https:\/\/pokeriomokykla.com\/sl\/wp-json\/wp\/v2\/media?parent=999952"}],"curies":[{"name":"wp","href":"https:\/\/api.w.org\/{rel}","templated":true}]}}