{"id":999939,"date":"2020-11-04T16:40:23","date_gmt":"2020-11-04T14:40:23","guid":{"rendered":"https:\/\/pokeriomokykla.com\/skrill-spletne-igralnice-bonus-kode-in-vse-o-skrill"},"modified":"2025-04-28T23:24:59","modified_gmt":"2025-04-28T21:24:59","slug":"skrill-spletne-igralnice-bonus-kode-in-vse-o-skrill","status":"publish","type":"page","link":"https:\/\/pokeriomokykla.com\/sl\/skrill-casinos-internet-bonus-kode-z-najboljsimi-ponudbami","title":{"rendered":"Skrill kazino na spletu \u2013 bonusne kode 2026"},"content":{"rendered":"<div id=\"ez-toc-container\" class=\"ez-toc-v2_0_76 ez-toc-wrap-left counter-hierarchy ez-toc-counter ez-toc-custom ez-toc-container-direction\">\n<div class=\"ez-toc-title-container\">\n<p class=\"ez-toc-title\" style=\"cursor:inherit\">Kazalo<\/p>\n<span class=\"ez-toc-title-toggle\"><a href=\"#\" class=\"ez-toc-pull-right ez-toc-btn ez-toc-btn-xs ez-toc-btn-default ez-toc-toggle\" aria-label=\"Toggle Table of Content\"><span class=\"ez-toc-js-icon-con\"><span class=\"\"><span class=\"eztoc-hide\" style=\"display:none;\">Toggle<\/span><span class=\"ez-toc-icon-toggle-span\"><svg style=\"fill: #000000;color:#000000\" xmlns=\"http:\/\/www.w3.org\/2000\/svg\" class=\"list-377408\" width=\"20px\" height=\"20px\" viewBox=\"0 0 24 24\" fill=\"none\"><path d=\"M6 6H4v2h2V6zm14 0H8v2h12V6zM4 11h2v2H4v-2zm16 0H8v2h12v-2zM4 16h2v2H4v-2zm16 0H8v2h12v-2z\" fill=\"currentColor\"><\/path><\/svg><svg style=\"fill: #000000;color:#000000\" class=\"arrow-unsorted-368013\" xmlns=\"http:\/\/www.w3.org\/2000\/svg\" width=\"10px\" height=\"10px\" viewBox=\"0 0 24 24\" version=\"1.2\" baseProfile=\"tiny\"><path d=\"M18.2 9.3l-6.2-6.3-6.2 6.3c-.2.2-.3.4-.3.7s.1.5.3.7c.2.2.4.3.7.3h11c.3 0 .5-.1.7-.3.2-.2.3-.5.3-.7s-.1-.5-.3-.7zM5.8 14.7l6.2 6.3 6.2-6.3c.2-.2.3-.5.3-.7s-.1-.5-.3-.7c-.2-.2-.4-.3-.7-.3h-11c-.3 0-.5.1-.7.3-.2.2-.3.5-.3.7s.1.5.3.7z\"\/><\/svg><\/span><\/span><\/span><\/a><\/span><\/div>\n<nav><ul class='ez-toc-list ez-toc-list-level-1 eztoc-toggle-hide-by-default' ><li class='ez-toc-page-1 ez-toc-heading-level-2'><a class=\"ez-toc-link ez-toc-heading-1\" href=\"https:\/\/pokeriomokykla.com\/sl\/skrill-casinos-internet-bonus-kode-z-najboljsimi-ponudbami\/#Skrill_kazino_seznam_%E2%80%93_posodobljeno_2026\" >Skrill kazino seznam \u2013 posodobljeno 2026<\/a><\/li><li class='ez-toc-page-1 ez-toc-heading-level-2'><a class=\"ez-toc-link ez-toc-heading-2\" href=\"https:\/\/pokeriomokykla.com\/sl\/skrill-casinos-internet-bonus-kode-z-najboljsimi-ponudbami\/#Kako_deluje_%E2%80%9ESkrill%E2%80%9C\" >Kako deluje \u201eSkrill\u201c?<\/a><\/li><li class='ez-toc-page-1 ez-toc-heading-level-2'><a class=\"ez-toc-link ez-toc-heading-3\" href=\"https:\/\/pokeriomokykla.com\/sl\/skrill-casinos-internet-bonus-kode-z-najboljsimi-ponudbami\/#Zakaj_bi_morali_igrati_v_Skrill_spletnih_kazinojih\" >Zakaj bi morali igrati v Skrill spletnih kazinojih?<\/a><\/li><li class='ez-toc-page-1 ez-toc-heading-level-2'><a class=\"ez-toc-link ez-toc-heading-4\" href=\"https:\/\/pokeriomokykla.com\/sl\/skrill-casinos-internet-bonus-kode-z-najboljsimi-ponudbami\/#Skrill_kazino_bonusi_Kaj_morate_vedeti\" >Skrill kazino bonusi: Kaj morate vedeti<\/a><\/li><li class='ez-toc-page-1 ez-toc-heading-level-2'><a class=\"ez-toc-link ez-toc-heading-5\" href=\"https:\/\/pokeriomokykla.com\/sl\/skrill-casinos-internet-bonus-kode-z-najboljsimi-ponudbami\/#Kako_zaceti_uporabljati_Skrill_in_doseci_maksimalno_korist\" >Kako za\u010deti uporabljati Skrill in dose\u010di maksimalno korist?<\/a><\/li><li class='ez-toc-page-1 ez-toc-heading-level-2'><a class=\"ez-toc-link ez-toc-heading-6\" href=\"https:\/\/pokeriomokykla.com\/sl\/skrill-casinos-internet-bonus-kode-z-najboljsimi-ponudbami\/#Vplacila_in_izplacila\" >Vpla\u010dila in izpla\u010dila<\/a><\/li><li class='ez-toc-page-1 ez-toc-heading-level-2'><a class=\"ez-toc-link ez-toc-heading-7\" href=\"https:\/\/pokeriomokykla.com\/sl\/skrill-casinos-internet-bonus-kode-z-najboljsimi-ponudbami\/#Zanimiva_dejstva_o_Skrill\" >Zanimiva dejstva o Skrill<\/a><\/li><li class='ez-toc-page-1 ez-toc-heading-level-2'><a class=\"ez-toc-link ez-toc-heading-8\" href=\"https:\/\/pokeriomokykla.com\/sl\/skrill-casinos-internet-bonus-kode-z-najboljsimi-ponudbami\/#Mobilni_Skrill_kazinoji\" >Mobilni Skrill kazinoji<\/a><\/li><li class='ez-toc-page-1 ez-toc-heading-level-2'><a class=\"ez-toc-link ez-toc-heading-9\" href=\"https:\/\/pokeriomokykla.com\/sl\/skrill-casinos-internet-bonus-kode-z-najboljsimi-ponudbami\/#Zakljucek_o_Skrill_Casino\" >Zaklju\u010dek o Skrill Casino<\/a><\/li><li class='ez-toc-page-1 ez-toc-heading-level-2'><a class=\"ez-toc-link ez-toc-heading-10\" href=\"https:\/\/pokeriomokykla.com\/sl\/skrill-casinos-internet-bonus-kode-z-najboljsimi-ponudbami\/#Pogosta_vprasanja_o_Skrill_Casino\" >Pogosta vpra\u0161anja o Skrill Casino<\/a><\/li><\/ul><\/nav><\/div>\n<h2 class=\"wp-block-heading\"><span class=\"ez-toc-section\" id=\"Skrill_kazino_seznam_%E2%80%93_posodobljeno_2026\"><\/span>Skrill kazino seznam \u2013 posodobljeno 2026 <span class=\"ez-toc-section-end\"><\/span><\/h2>\n\n<div class='widget-card placeholder--card-fullwidth'\n     data-source-gql='https:\/\/scg-new-live.stellate.sh\/'\n     data-source-widgetjs='https:\/\/widget.affprojects.com\/widget.js'\n     data-shortcode='widget-card'\n     data-shortcode-text='[top-casinos-for-games limit=\"20\" mobile-limit=\"10\" listtype=\"stacked\" scrollable=\"never\" fullwidth=\"true\"]'\n     data-props='{\n\"show_more_button\":true,\n\"show_more_button_text\":\"Show More Bookmakers\",\n\"show_more_text\":false,\n\"show_less_text\":false,\n\"vpn_notification\":false,\n\"show_more_items_amount\":null,\n\"fullwidth\":true,\n\"scrollable\":\"never\",\n\"violet_bonus_text\":true,\n\"ab_testing_show_more_button_rework\":true\n}'\n     data-queries='{\n\"type\":\"TOP-Casino\",\n\"limit\":20,\n\"mobile_limit\":10,\n\"show_new\":1,\n\"button_text_type\":\"TOP\",\n\"language\":\"sl\",\n\"project\":\"PM\",\n\"page\":1\n}'\n     ><\/div>\n\n<p>\u201eSkrill\u201c je priljubljena elektronska denarnica, ki ponuja varne, hitre in priro\u010dne transakcije za navdu\u0161ence spletnih kazinojev po vsem svetu. Ta na\u010din pla\u010dila je postal priljubljen med igralci zaradi enostavne uporabe, visoke stopnje varnosti in splo\u0161nega priznanja v \u0161tevilnih spletnih kazinojih.<\/p>\n<p>Tukaj boste na\u0161li vse, kar morate vedeti o \u201eSkrill\u201c kazinojih, vklju\u010dno s kodami za bonuse, funkcijami transakcij in nasveti, kako kar najbolje izkoristiti svojo izku\u0161njo.<\/p>\n<h2 class=\"wp-block-heading\"><span class=\"ez-toc-section\" id=\"Kako_deluje_%E2%80%9ESkrill%E2%80%9C\"><\/span>Kako deluje \u201eSkrill\u201c?<span class=\"ez-toc-section-end\"><\/span><\/h2>\n<p>\u201eSkrill\u201c deluje kot digitalna denarnica, ki omogo\u010da prenos denarja z enega ra\u010duna na drugega. Mnogi igralci kazinojev jo uporabljajo za varna in hitra pla\u010dila na svoje kazino ra\u010dune. Poleg tega lahko z uporabo \u201eSkrill\u201c enostavno in brez te\u017eav dvignete znesek, ki ste ga osvojili na kazino ra\u010dunu.<\/p>\n<h2 class=\"wp-block-heading\"><span class=\"ez-toc-section\" id=\"Zakaj_bi_morali_igrati_v_Skrill_spletnih_kazinojih\"><\/span>Zakaj bi morali igrati v Skrill spletnih kazinojih?<span class=\"ez-toc-section-end\"><\/span><\/h2>\n<p>Skrill ima veliko prednosti, kot so hitre transakcije, \u0161tevilni na\u010dini za polnjenje Skrill ra\u010duna, poleg tega pa je registracija brezpla\u010dna. Zaradi tega se veliko igralcev odlo\u010da za kazinoje, ki uporabljajo Skrill.<\/p>\n<p>Vendar pa je zaradi \u0161tevilnih razli\u010dnih elektronskih denarnic v\u010dasih te\u017eko najti pravi na\u010din pla\u010dila za vas. Zato smo za vas navedli prednosti in slabosti Skrill. Tako boste lahko primerjali in ugotovili, ali ta na\u010din pla\u010dila ustreza va\u0161im zahtevam.<\/p>\n<figure class=\"wp-block-table is-style-regular\">\n<table class=\"has-pale-ocean-gradient-background has-background has-fixed-layout\">\n<thead>\n<tr>\n<th>\u2714\ufe0f <strong>Prednosti uporabe Skrill<\/strong><\/th>\n<th>\u274c <strong>Slabosti Skrill<\/strong><\/th>\n<\/tr>\n<\/thead>\n<tbody>\n<tr>\n<td><strong>Hitre in gladke transakcije:<\/strong> Vpla\u010dila in dvigi se izvajajo hitro, zato lahko uporabljate svoja sredstva brez nepotrebnega odla\u0161anja.<\/td>\n<td><strong>Dolg postopek preverjanja:<\/strong> Zaradi dodatnih varnostnih preverjanj, potrebnih za za\u0161\u010dito va\u0161ih sredstev, lahko preverjanje ra\u010duna \u201eSkrill\u201c traja.<\/td>\n<\/tr>\n<tr>\n<td><strong>Brezpla\u010dna nastavitev ra\u010duna:<\/strong> Ustvarjanje ra\u010duna \u201eSkrill\u201c je popolnoma brezpla\u010dno, zato je dostopno vsem uporabnikom.<\/td>\n<td><strong>Omejene mo\u017enosti za podporo strankam:<\/strong> Skrill ne nudi podpore v \u017eivo, temve\u010d uporablja avtomatiziranega klepetalnega robota Sofija, ki morda ne bo ustrezal vsem potrebam strank.<\/td>\n<\/tr>\n<tr>\n<td><strong>Ve\u010d mo\u017enosti financiranja:<\/strong> Denarnico Skrill lahko napolnite na razli\u010dne na\u010dine, kot so ban\u010dno nakazilo, \u201eTrustly\u201c, \u201ePaysafecard\u201c itd.<\/td>\n<td><strong>Omejena uporaba za ne-igralne namene:<\/strong> \u010ceprav je \u201eSkrill\u201c \u0161iroko uporabljen v igrah, v drugih industrijah ni tako pogosto sprejet, zato lahko v denarnici ostanejo neuporabljena sredstva.<\/td>\n<\/tr>\n<tr>\n<td><strong>Varne transakcije:<\/strong> \u201eSkrill\u201c daje prednost varnosti uporabnikov in ponuja funkcije, kot je dvostopenjska avtentikacija, za dodatno za\u0161\u010dito.<\/td>\n<td><\/td>\n<\/tr>\n<tr>\n<td><strong>Zelo sprejemljiv za igre:<\/strong> Mnogi spletni kazinoji in igralne platforme podpirajo \u201eSkrill\u201c kot \u017eeleni na\u010din pla\u010dila.<\/td>\n<td><\/td>\n<\/tr>\n<tr>\n<td><strong>Reguliran in zanesljiv ponudnik:<\/strong> Skrill je zanesljiv na\u010din pla\u010dila, ki ga ureja Agencija za finan\u010dno ravnanje (FCA), zato mu lahko zaupate.<\/td>\n<td><\/td>\n<\/tr>\n<tr>\n<td><strong>Raznolika dostopnost pla\u010dil:<\/strong> \u201eSkrill\u201c je zdru\u017eljiv tako z ra\u010dunalniki kot z mobilnimi napravami, zato ga lahko uporabljate kadarkoli in kjerkoli.<\/td>\n<td><\/td>\n<\/tr>\n<tr>\n<td><strong>Mo\u017enost uporabe predpla\u010dni\u0161ke kartice:<\/strong> \u201eSkrill\u201c ponuja predpla\u010dni\u0161ko kartico, povezano z va\u0161im ra\u010dunom, kar omogo\u010da udobne fizi\u010dne nakupe.<\/td>\n<td><\/td>\n<\/tr>\n<tr>\n<td><strong>Posebne \u0161portne funkcije:<\/strong> \u201eSkrill\u201c ima poseben \u0161portni oddelek, kjer uporabniki lahko najdejo koristne vpoglede, vklju\u010dno s statistiko ekip, podatki o igralcih in nasveti.<\/td>\n<td><\/td>\n<\/tr>\n<\/tbody>\n<\/table>\n<\/figure>\n<h2 class=\"wp-block-heading\"><span class=\"ez-toc-section\" id=\"Skrill_kazino_bonusi_Kaj_morate_vedeti\"><\/span>Skrill kazino bonusi: Kaj morate vedeti<span class=\"ez-toc-section-end\"><\/span><\/h2>\n<\/p>\n<p>\u010ceprav je \u201eSkrill\u201c priro\u010den na\u010din pla\u010dila, nekateri spletni kazinoji ne omogo\u010dajo dolo\u010denih bonusov, kot so dobrodo\u0161li ponudbe, za vloge, opravljene prek \u201eSkrill\u201c. To je zaradi skrbi, da ne bi pri\u0161lo do zlorabe bonusov. Vendar pa mnogi kazinoji \u0161e vedno ponujajo ekskluzivne bonuse za uporabnike \u201eSkrill\u201c ali vklju\u010dujejo vloge \u201eSkrill\u201c v standardne promocije.<\/p>\n<p>Da bi zagotovili, da ste upravi\u010deni do bonusov:<\/p>\n<ul class=\"wp-block-list\">\n<li>Preverite pogoje in dolo\u010dila ponudb kazino bonusov.<\/li>\n<li>I\u0161\u010dite kazinoje, ki posebej poudarjajo bonuse, prijazne do Skrill.<\/li>\n<\/ul>\n<h3 class=\"wp-block-heading\">Skrill tipi kazino bonusov:<\/h3>\n<ul class=\"wp-block-list\">\n<li>Matched deposit bonus<\/li>\n<li><a href=\"https:\/\/pokeriomokykla.com\/reload-bonus\">Reload bonus<\/a><\/li>\n<li><a href=\"https:\/\/pokeriomokykla.com\/kazino-bonusai-be-depozito\">Casino Skrill no deposit bonus<\/a><\/li>\n<li><a href=\"https:\/\/pokeriomokykla.com\/nemokami-sukimai-free-casino-spins\">Free spins or bonus spins<\/a><\/li>\n<\/ul>\n<h2 class=\"wp-block-heading\"><span class=\"ez-toc-section\" id=\"Kako_zaceti_uporabljati_Skrill_in_doseci_maksimalno_korist\"><\/span><b>Kako za\u010deti uporabljati Skrill in dose\u010di maksimalno korist?<\/b><span class=\"ez-toc-section-end\"><\/span><\/h2>\n<\/p>\n<p><span style=\"font-weight: 400\">Registracija na platformi Skrill je zelo enostavna. Za registracijo boste potrebovali le nekaj minut, nato pa boste morali potrditi svojo identiteto in lahko boste v celoti izkoristili prednosti te pla\u010dilne platforme.<\/span><\/p>\n<ul class=\"wp-block-list\">\n<li><span style=\"font-weight: 400\">Obi\u0161\u010dite spletno stran Skrill in kliknite \u201e<\/span><a href=\"https:\/\/account.skrill.com\/wallet\/account\/sign-up?locale=en\" target=\"_blank\" rel=\"noopener\"><span style=\"font-weight: 400\">Register<\/span><\/a><span style=\"font-weight: 400\">\u201c<\/span><\/li>\n<li><span style=\"font-weight: 400\">Vnesite svoje osebne podatke (ime, priimek, dr\u017eava prebivali\u0161\u010da, valuta ra\u010duna, e-po\u0161ta, geslo)<\/span><\/li>\n<li><span style=\"font-weight: 400\">Sprejmite pogoje storitve in dokon\u010dajte registracijo.<\/span><\/li>\n<\/ul>\n<p><span style=\"font-weight: 400\">Po teh korakih boste ustvarili svojo virtualno Skrill denarnico. \u010ceprav je \u017ee aktivna in se lahko prijavite v ra\u010dun, neaktivirana Skrill denarnica z nepotrjeno identiteto nima veliko koristi, saj ne boste mogli opravljati pla\u010dil ali nakazil. Da bi lahko v celoti uporabljali Skrill, morate dokon\u010dati registracijo in polo\u017eiti sredstva v spletno denarnico. Ko za\u010dnete postopek potrditve ra\u010duna, boste morali vnesti:<\/span><\/p>\n<ul class=\"wp-block-list\">\n<li><span style=\"font-weight: 400\">Naslov prebivali\u0161\u010da (potrebno ga bo potrditi z vklopom funkcije dolo\u010danja lokacije na pametnem telefonu ali z nalaganjem dokumenta, ki potrjuje navedeni naslov prebivali\u0161\u010da);<\/span><\/li>\n<li><span style=\"font-weight: 400\">Po\u0161tno \u0161tevilko;<\/span><\/li>\n<li><span style=\"font-weight: 400\">Datum rojstva;<\/span><\/li>\n<li><span style=\"font-weight: 400\">Mobilno telefonsko \u0161tevilko<\/span><\/li>\n<\/ul>\n<p><span style=\"font-weight: 400\">Ko vnesete te podatke, boste na telefon prejeli SMS sporo\u010dilo s potrditveno kodo. To kodo boste morali vnesti v aplikacijo Skrill in na spletni strani ter opraviti preostale korake, da dokon\u010date postopek registracije.<\/span><\/p>\n<p><span style=\"font-weight: 400\">Tako kot pri NETELLER, mora po tem koraku v Skrill ra\u010dunu obstajati vsaj en na\u010din vpla\u010dila, ki je povezan z virtualno denarnico. Zato je po registraciji potrebno napolniti Skrill denarnico z ban\u010dno kartico, ban\u010dnim ra\u010dunom ali drugim na\u010dinom pla\u010dila. Mo\u017enosti, kako to storiti, je na desetine.<\/span><\/p>\n<p><span style=\"font-weight: 400\">Ko je vse opravljeno in je registracija zaklju\u010dena, se lahko premaknete k stavnim podjetjem in samozavestno napolnite ra\u010dun z uporabo Skrill virtualne denarnice.<\/span><\/p>\n<h2 class=\"wp-block-heading\"><span class=\"ez-toc-section\" id=\"Vplacila_in_izplacila\"><\/span><b>Vpla\u010dila in izpla\u010dila<\/b><span class=\"ez-toc-section-end\"><\/span><\/h2>\n<\/p>\n<p><span style=\"font-weight: 400\">Skrill denarnice so eden najhitrej\u0161ih na\u010dinov, kako lahko iz kazinoja dvignete dobitke. Obi\u010dajno so dobitki izpla\u010dani v Skrill denarnico v 24 urah (v tujini), vendar se v redkih primerih \u010das izpla\u010dila lahko podalj\u0161a na 3-5 delovnih dni.<\/span><\/p>\n<p><span style=\"font-weight: 400\">Ker elektronske denarnice \u0161e vedno niso obravnavane kot enakovredne ban\u010dnemu ra\u010dunu ali pla\u010dilni kartici, lahko organizator iger na sre\u010do zahteva dodatno potrditev identitete, \u010de \u017eelite dvigniti ve\u010dji znesek.<\/span><\/p>\n<p><span style=\"font-weight: 400\">Ne bojte se in po\u0161ljite potrebne dokumente. Obi\u010dajno traja obdelava in potrditev pla\u010dila, saj po tem, ko organizator iger na sre\u010do to opravi, denar v va\u0161o Skrill denarnico prispe takoj.<\/span><\/p>\n<h2 class=\"wp-block-heading\"><span class=\"ez-toc-section\" id=\"Zanimiva_dejstva_o_Skrill\"><\/span>Zanimiva dejstva o Skrill<span class=\"ez-toc-section-end\"><\/span><\/h2>\n<\/p>\n<p><span style=\"font-weight: 400\">Poleg splo\u0161nih dejstev o Skrill, kot o podjetju in blagovni znamki, je pomembno izpostaviti tudi lastnosti storitev, ki so pomembne za vsakega uporabnika:<\/span><\/p>\n<ul class=\"wp-block-list\">\n<li><strong>Leto ustanovitve.<\/strong> \u201eSkrill\u201c je bila ustanovljena leta 2001 in se je sprva imenovala \u201eMoneybookers\u201c.<\/li>\n<li><strong>Pripada \u201ePaysafe Group\u201c.<\/strong> \u201eSkrill\u201c skupaj z \u201eNETELLER\u201c pripada \u201ePaysafe Group\u201c, ki je eden najve\u010djih ponudnikov elektronskih pla\u010dilnih storitev na svetu.<\/li>\n<li><strong>Mo\u017enost uporabe ve\u010d kot 40 valut.<\/strong> \u201eSkrill\u201c omogo\u010da uporabnikom izvajanje transakcij v ve\u010d kot 40 valutah, kar jo naredi idealno za mednarodna pla\u010dila.<\/li>\n<li><strong>Bonusi za igralce kazinoja.<\/strong> \u010ceprav nekateri bonusi niso odvisni od vpla\u010dil \u201eSkrill\u201c, nekateri kazinoji ponujajo posebne bonuse prav za uporabnike \u201eSkrill\u201c.<\/li>\n<li><strong>Udoben \u0161portni oddelek.<\/strong> \u201eSkrill\u201c ima poseben oddelek, namenjen \u0161portnim navdu\u0161encem, s statistiko in stavnimi nasveti.<\/li>\n<li><strong>Blagovna znamka na podro\u010dju \u0161porta.<\/strong> \u201eSkrill\u201c je bila sponzor na \u0161tevilnih \u0161portnih dogodkih, vklju\u010dno s turnirji v nogometu in e-\u0161portu.<\/li>\n<\/ul>\n<h2 class=\"wp-block-heading\"><span class=\"ez-toc-section\" id=\"Mobilni_Skrill_kazinoji\"><\/span>Mobilni Skrill kazinoji<span class=\"ez-toc-section-end\"><\/span><\/h2>\n<\/p>\n<p>\u010ce ne \u017eelite uporabljati ra\u010dunalnika, je vredno vedeti, da \u201eSkrill\u201c omogo\u010da pla\u010dila tudi z mobilnim telefonom. Aplikacijo lahko prenesete iz \u201eAndroid Play Store\u201c in \u201eiOS\u201c trgovin z aplikacijami, kar omogo\u010da hitro, varno in zelo priro\u010dno izvajanje pla\u010dil na poti.<\/p>\n<p>Na voljo 24 ur na dan, kjerkoli \u017ee ste &#8211; za preverjanje stanja na ra\u010dunu, izvajanje transakcij ali dvig denarja &#8211; tak\u0161na je univerzalnost aplikacije \u201eSkrill\u201c.<\/p>\n<h2 class=\"wp-block-heading\"><span class=\"ez-toc-section\" id=\"Zakljucek_o_Skrill_Casino\"><\/span>Zaklju\u010dek o Skrill Casino<span class=\"ez-toc-section-end\"><\/span><\/h2>\n<\/p>\n<p>\u201eSkrill\u201c je vsestranski in varen na\u010din pla\u010dila, ki izbolj\u0161uje izku\u0161njo spletnega kazinoja za igralce po vsem svetu. Zaradi enostavne uporabe, hitrih transakcij in splo\u0161nega priznanja je najbolj\u0161a izbira za kazino navdu\u0161ence. Preden za\u010dnete igrati, vedno preverite pogoje pla\u010dil in bonusov izbranega kazinoja, da zagotovite najbolj\u0161o mo\u017eno izku\u0161njo.<\/p>\n<p>Z izbiro zanesljivega \u201eSkrill\u201c kazinoja in razumevanjem, kako kar najbolje izkoristiti svoje transakcije, boste lahko u\u017eivali v gladki in koristni igralni avanturi.<\/p>\n<h2 class=\"wp-block-heading\"><span class=\"ez-toc-section\" id=\"Pogosta_vprasanja_o_Skrill_Casino\"><\/span>Pogosta vpra\u0161anja o Skrill Casino<span class=\"ez-toc-section-end\"><\/span><\/h2>\n<\/p>\n<div class=\"schema-faq wp-block-yoast-faq-block\">\n<div class=\"schema-faq-section\" id=\"faq-question-1732565981590\"><strong class=\"schema-faq-question\"><strong>Kaj je Skrill?<\/strong><\/strong> <\/p>\n<p class=\"schema-faq-answer\">\u201eSkrill\u201c je spletna pla\u010dilna storitev, ki uporabnikom omogo\u010da varno po\u0161iljanje, prejemanje in shranjevanje denarja. \u0160iroko se uporablja za e-trgovino, igre na sre\u010do in mednarodne denarne prenose.<\/p>\n<\/p><\/div>\n<div class=\"schema-faq-section\" id=\"faq-question-1732565997087\"><strong class=\"schema-faq-question\"><strong>Kako ustvariti ra\u010dun \u201eSkrill\u201c?<\/strong><\/strong> <\/p>\n<p class=\"schema-faq-answer\">Ra\u010dun \u201eSkrill\u201c lahko ustvarite tako, da obi\u0161\u010dete uradno spletno stran, se registrirate z va\u0161im e-po\u0161tnim naslovom in izpolnite potrebne osebne podatke.<\/p>\n<\/p><\/div>\n<div class=\"schema-faq-section\" id=\"faq-question-1732566006099\"><strong class=\"schema-faq-question\"><strong>Ali je uporaba \u201eSkrill\u201c brezpla\u010dna?<\/strong><\/strong> <\/p>\n<p class=\"schema-faq-answer\">Ustvarjanje ra\u010duna je brezpla\u010dno, vendar lahko \u201eSkrill\u201c zara\u010duna pristojbine za dolo\u010dene storitve, kot so dvig denarja, pretvorba valut ali neaktivnost.<\/p>\n<\/p><\/div>\n<div class=\"schema-faq-section\" id=\"faq-question-1732566022541\"><strong class=\"schema-faq-question\"><strong>Katerih valut podpira \u201eSkrill\u201c?<\/strong><\/strong> <\/p>\n<p class=\"schema-faq-answer\">Skrill podpira ve\u010d kot 40 valut, kar ga naredi za univerzalno izbiro za mednarodne transakcije.<\/p>\n<\/p><\/div>\n<div class=\"schema-faq-section\" id=\"faq-question-1732566031863\"><strong class=\"schema-faq-question\"><strong>Ali lahko uporabljam \u201eSkrill\u201c za spletne igre na sre\u010do?<\/strong><\/strong> <\/p>\n<p class=\"schema-faq-answer\">Da, \u201eSkrill\u201c je zaradi svoje varnosti in hitrosti eden izmed najbolj priljubljenih na\u010dinov pla\u010dila v spletnih igralnicah in stavnicah.<\/p>\n<\/p><\/div>\n<div class=\"schema-faq-section\" id=\"faq-question-1732566041185\"><strong class=\"schema-faq-question\"><strong>Ali lahko za vpla\u010dila z \u201eSkrill\u201c prejmem bonuse v spletnih igralnicah?<\/strong><\/strong> <\/p>\n<p class=\"schema-faq-answer\">Ne vedno. V nekaterih igralnicah vpla\u010dila z \u201eSkrill\u201c niso vklju\u010dena v dobrodo\u0161le bonuse. Preverite pogoje za bonuse v uporabljeni igralnici.<\/p>\n<\/p><\/div>\n<\/p><\/div>\n","protected":false},"excerpt":{"rendered":"<p>Skrill kazino seznam \u2013 posodobljeno \u201eSkrill\u201c je priljubljena elektronska denarnica,&#8230;<\/p>\n","protected":false},"author":5318,"featured_media":1091458,"parent":0,"menu_order":0,"comment_status":"closed","ping_status":"closed","template":"page-affiliate-items.php","meta":{"_acf_changed":false,"footnotes":""},"class_list":["post-999939","page","type-page","status-publish","has-post-thumbnail","hentry"],"acf":[],"_links":{"self":[{"href":"https:\/\/pokeriomokykla.com\/sl\/wp-json\/wp\/v2\/pages\/999939","targetHints":{"allow":["GET"]}}],"collection":[{"href":"https:\/\/pokeriomokykla.com\/sl\/wp-json\/wp\/v2\/pages"}],"about":[{"href":"https:\/\/pokeriomokykla.com\/sl\/wp-json\/wp\/v2\/types\/page"}],"author":[{"embeddable":true,"href":"https:\/\/pokeriomokykla.com\/sl\/wp-json\/wp\/v2\/users\/5318"}],"replies":[{"embeddable":true,"href":"https:\/\/pokeriomokykla.com\/sl\/wp-json\/wp\/v2\/comments?post=999939"}],"version-history":[{"count":3,"href":"https:\/\/pokeriomokykla.com\/sl\/wp-json\/wp\/v2\/pages\/999939\/revisions"}],"predecessor-version":[{"id":1093488,"href":"https:\/\/pokeriomokykla.com\/sl\/wp-json\/wp\/v2\/pages\/999939\/revisions\/1093488"}],"wp:featuredmedia":[{"embeddable":true,"href":"https:\/\/pokeriomokykla.com\/sl\/wp-json\/wp\/v2\/media\/1091458"}],"wp:attachment":[{"href":"https:\/\/pokeriomokykla.com\/sl\/wp-json\/wp\/v2\/media?parent=999939"}],"curies":[{"name":"wp","href":"https:\/\/api.w.org\/{rel}","templated":true}]}}