{"id":998389,"date":"2020-06-23T16:10:26","date_gmt":"2020-06-23T14:10:26","guid":{"rendered":"https:\/\/pokeriomokykla.com\/mastercard-spletne-igralnice"},"modified":"2025-07-29T13:55:57","modified_gmt":"2025-07-29T11:55:57","slug":"mastercard-spletne-igralnice","status":"publish","type":"page","link":"https:\/\/pokeriomokykla.com\/sl\/mastercard-spletne-igralnice","title":{"rendered":"Mastercard spletne igralnice"},"content":{"rendered":"\n<p>MasterCard &#8211; to je eden izmed najbolj priljubljenih in znanih na\u010dinov pla\u010devanja po vsem svetu. Ban\u010dne kartice te finan\u010dne storitvene dru\u017ebe vsakodnevno uporabljajo milijoni ljudi &#8211; tako za pla\u010dila v resni\u010dnem svetu kot tudi na spletu. <\/p>\n\n\n\n<p>Ta na\u010din je varen, preprost in hiter! Ni presenetljivo, da \u0161tevilna spletna kazino ponujajo mo\u017enost pla\u010devanja s kartico Mastercard (Mastercard online casinos). <\/p>\n\n\n\n<p>V tem \u010dlanku bomo obravnavali prednosti, slabosti in kako uporabljati ta na\u010din pla\u010devanja v spletnih kazinojih. <\/p>\n\n\n\n<div id=\"ez-toc-container\" class=\"ez-toc-v2_0_76 ez-toc-wrap-left counter-hierarchy ez-toc-counter ez-toc-custom ez-toc-container-direction\">\n<div class=\"ez-toc-title-container\">\n<p class=\"ez-toc-title\" style=\"cursor:inherit\">Kazalo<\/p>\n<span class=\"ez-toc-title-toggle\"><a href=\"#\" class=\"ez-toc-pull-right ez-toc-btn ez-toc-btn-xs ez-toc-btn-default ez-toc-toggle\" aria-label=\"Toggle Table of Content\"><span class=\"ez-toc-js-icon-con\"><span class=\"\"><span class=\"eztoc-hide\" style=\"display:none;\">Toggle<\/span><span class=\"ez-toc-icon-toggle-span\"><svg style=\"fill: #000000;color:#000000\" xmlns=\"http:\/\/www.w3.org\/2000\/svg\" class=\"list-377408\" width=\"20px\" height=\"20px\" viewBox=\"0 0 24 24\" fill=\"none\"><path d=\"M6 6H4v2h2V6zm14 0H8v2h12V6zM4 11h2v2H4v-2zm16 0H8v2h12v-2zM4 16h2v2H4v-2zm16 0H8v2h12v-2z\" fill=\"currentColor\"><\/path><\/svg><svg style=\"fill: #000000;color:#000000\" class=\"arrow-unsorted-368013\" xmlns=\"http:\/\/www.w3.org\/2000\/svg\" width=\"10px\" height=\"10px\" viewBox=\"0 0 24 24\" version=\"1.2\" baseProfile=\"tiny\"><path d=\"M18.2 9.3l-6.2-6.3-6.2 6.3c-.2.2-.3.4-.3.7s.1.5.3.7c.2.2.4.3.7.3h11c.3 0 .5-.1.7-.3.2-.2.3-.5.3-.7s-.1-.5-.3-.7zM5.8 14.7l6.2 6.3 6.2-6.3c.2-.2.3-.5.3-.7s-.1-.5-.3-.7c-.2-.2-.4-.3-.7-.3h-11c-.3 0-.5.1-.7.3-.2.2-.3.5-.3.7s.1.5.3.7z\"\/><\/svg><\/span><\/span><\/span><\/a><\/span><\/div>\n<nav><ul class='ez-toc-list ez-toc-list-level-1 eztoc-toggle-hide-by-default' ><li class='ez-toc-page-1 ez-toc-heading-level-2'><a class=\"ez-toc-link ez-toc-heading-1\" href=\"https:\/\/pokeriomokykla.com\/sl\/mastercard-spletne-igralnice\/#Najboljsi_Mastercard_online_casinos_%E2%80%93_kje_lahko_placate\" >Najbolj\u0161i Mastercard online casinos &#8211; kje lahko pla\u010date?<\/a><\/li><li class='ez-toc-page-1 ez-toc-heading-level-2'><a class=\"ez-toc-link ez-toc-heading-2\" href=\"https:\/\/pokeriomokykla.com\/sl\/mastercard-spletne-igralnice\/#Kako_placati_z_Mastercard_v_spletnih_kazinojih\" >Kako pla\u010dati z Mastercard v spletnih kazinojih?<\/a><\/li><li class='ez-toc-page-1 ez-toc-heading-level-2'><a class=\"ez-toc-link ez-toc-heading-3\" href=\"https:\/\/pokeriomokykla.com\/sl\/mastercard-spletne-igralnice\/#Mastercard_Casino_online_%E2%80%93_ali_je_placevanje_varno\" >Mastercard Casino online &#8211; ali je pla\u010devanje varno?<\/a><\/li><li class='ez-toc-page-1 ez-toc-heading-level-2'><a class=\"ez-toc-link ez-toc-heading-4\" href=\"https:\/\/pokeriomokykla.com\/sl\/mastercard-spletne-igralnice\/#MasterCard_online_casino_%E2%80%93_prednosti_in_slabosti_placevanja_z_bancno_kartico\" >MasterCard online casino &#8211; prednosti in slabosti pla\u010devanja z ban\u010dno kartico<\/a><\/li><\/ul><\/nav><\/div>\n<h2 class=\"wp-block-heading\"><span class=\"ez-toc-section\" id=\"Najboljsi_Mastercard_online_casinos_%E2%80%93_kje_lahko_placate\"><\/span>Najbolj\u0161i Mastercard online casinos &#8211; kje lahko pla\u010date?<span class=\"ez-toc-section-end\"><\/span><\/h2>\n\n\n\n<p>Kot smo \u017ee omenili, skoraj vsak spletni kazino sprejema pla\u010dila s kartico MasterCard. Spodaj navajamo nekaj zanesljivih spletnih kazinojev, kjer lahko pla\u010date z MasterCard.<\/p>\n\n\n\n<div class='widget-card placeholder--card-fullwidth'\n     data-source-gql='https:\/\/scg-new-live.stellate.sh\/'\n     data-source-widgetjs='https:\/\/widget.affprojects.com\/widget.js'\n     data-shortcode='widget-card'\n     data-shortcode-text='[top-casinos-for-games limit=\"20\" mobile-limit=\"10\" listtype=\"stacked\" scrollable=\"never\" fullwidth=\"true\"]'\n     data-props='{\n\"show_more_button\":true,\n\"show_more_button_text\":\"Show More Bookmakers\",\n\"show_more_text\":false,\n\"show_less_text\":false,\n\"vpn_notification\":false,\n\"show_more_items_amount\":null,\n\"fullwidth\":true,\n\"scrollable\":\"never\",\n\"violet_bonus_text\":true,\n\"ab_testing_show_more_button_rework\":true\n}'\n     data-queries='{\n\"type\":\"TOP-Casino\",\n\"limit\":20,\n\"mobile_limit\":10,\n\"show_new\":1,\n\"button_text_type\":\"TOP\",\n\"language\":\"sl\",\n\"project\":\"PM\",\n\"page\":1\n}'\n     ><\/div>\n\n\n\n\n<h2 class=\"wp-block-heading\"><span class=\"ez-toc-section\" id=\"Kako_placati_z_Mastercard_v_spletnih_kazinojih\"><\/span><strong>Kako pla\u010dati z Mastercard v spletnih kazinojih?<\/strong><span class=\"ez-toc-section-end\"><\/span><\/h2>\n\n\n\n<p>MasterCard ban\u010dne kartice so sprejete v 210 dr\u017eavah po svetu in ve\u010d kot 25 milijonih razli\u010dnih podjetij, vklju\u010dno z razli\u010dnimi spletnimi kazinoji. <b>Pla\u010devanje s to ban\u010dno kartico je izjemno preprosto:<\/b><\/p>\n\n\n\n<ol class=\"wp-block-list\">\n<li>Najprej potrebujete Mastercard kartico, \u010de je nimate &#8211; jo lahko naro\u010dite pri svoji banki ali uporabite storitve sodobnih spletnih bank, kot je Revolut, in pridobite Mastercard kartico;<\/li>\n\n\n\n<li>\u010ce \u017ee imate kartico &#8211; izberite spletni kazino, ki vam je v\u0161e\u010d. Ve\u010d kot 90% spletnih kazinojev sprejema Mastercard, zato izbira ne bi smela biti te\u017eka;<\/li>\n\n\n\n<li>Ko izberete kazino, pojdite na razdelek za pla\u010dila in izberite mo\u017enost MasterCard &#8211; vnesli boste podatke o kartici in \u017eeleni znesek pla\u010dila;<\/li>\n\n\n\n<li>Ko to storite, bi morali denar na va\u0161em igralnem ra\u010dunu prejeti v nekaj trenutkih.<\/li>\n<\/ol>\n\n\n\n<h3 class=\"wp-block-heading\">Z uporabo Mastercard kartice lahko ne le vpla\u010date, ampak tudi prejmete izpla\u010dila na isto kartico:<\/h3>\n\n\n\n<ol class=\"wp-block-list\">\n<li>Preprosto vnesite \u017eeleni znesek izpla\u010dila in izberite Mastercard. Pri prvem pla\u010dilu so va\u0161i podatki o kartici obi\u010dajno shranjeni, zato jih verjetno ne bo treba ponovno vna\u0161ati. Obi\u010dajno minimalni znesek izpla\u010dila pri izbiri mo\u017enosti Mastercard zna\u0161a od 10\u20ac do 50\u20ac;<\/li>\n\n\n\n<li>Ko naro\u010dite izpla\u010dilo, ostane le \u0161e \u010dakati, da dose\u017ee va\u0161 ban\u010dni ra\u010dun. \u010cas izpla\u010dila bo odvisen od izbranega kazinoja in uporabljene banke. \u010ce igrate v kazinoju v isti dr\u017eavi, kjer je va\u0161a banka, lahko izpla\u010dilo prejmete v 24 urah. Vendar, \u010de igrate v tujem kazinoju, boste morda morali po\u010dakati od 2 do 5 delovnih dni.<\/li>\n<\/ol>\n\n\n<div class=\"wp-block-image wp-block-image aligncenter\">\n<figure class=\"\"><img decoding=\"async\" width=\"810\" height=\"450\" src=\"https:\/\/pokeriomokykla.com\/app\/uploads\/2020\/06\/mastercard-online-casinos.gif\" alt=\"\" class=\"wp-image-762310\"\/><\/figure><\/div>\n\n\n<h2 class=\"wp-block-heading\"><span class=\"ez-toc-section\" id=\"Mastercard_Casino_online_%E2%80%93_ali_je_placevanje_varno\"><\/span>Mastercard Casino online &#8211; ali je pla\u010devanje varno?<span class=\"ez-toc-section-end\"><\/span><\/h2>\n\n\n\n<p><b>Ta na\u010din pla\u010devanja je ena najvarnej\u0161ih izbir.<\/b> Pri pla\u010devanju na spletu lahko stranke uporabljajo sistem MasterCard SecureCode in tako okrepijo svojo za\u0161\u010dito. To je edinstvena koda, ki jo boste morali vnesti, da potrdite katero koli transakcijo na spletu. <\/p>\n\n\n<div class=\"wp-block-image wp-block-image alignright\">\n<figure class=\"\"><img decoding=\"async\" width=\"585\" height=\"352\" src=\"https:\/\/pokeriomokykla.com\/app\/uploads\/2020\/06\/Mastercard-casino-online.png\" alt=\"Mastercard casino online\" class=\"wp-image-762312\" title=\"Mastercard casino online\" srcset=\"https:\/\/pokeriomokykla.com\/app\/uploads\/2020\/06\/Mastercard-casino-online.png 585w, https:\/\/pokeriomokykla.com\/app\/uploads\/2020\/06\/Mastercard-casino-online-300x181.png 300w, https:\/\/pokeriomokykla.com\/app\/uploads\/2020\/06\/Mastercard-casino-online-199px-120px.png 199w\" sizes=\"(max-width: 585px) 100vw, 585px\" \/><\/figure><\/div>\n\n\n<p>Prav tako MasterCard ponuja mo\u017enost uporabe virtualnih ban\u010dnih kartic, katerih informacije se spremenijo po vsakem pla\u010dilu.<\/p>\n\n\n\n<p>Vendar vas nih\u010de ne more za\u0161\u010dititi, \u010de igrate v nezanesljivih spletnih kazinojih. Pred igranjem se prepri\u010dajte, da je va\u0161 izbrani kazino licenciran in preberite vsaj nekaj mnenj drugih uporabnikov o njem. \u010ce igrate v kazinoju brez licence, lahko postanete \u017ertev prevarantov, ki vam bodo ukradli osebne in ban\u010dne podatke. Ve\u010d nasvetov za kazino lahko najdete <a href=\"https:\/\/pokeriomokykla.com\/kazino-patarimai\">tukaj.<\/a><\/p>\n\n\n\n<p>Omeniti velja, da so kreditne kartice bolj za\u0161\u010ditene kot debetne. \u010ce vam nekdo ukrade podatke o kreditni kartici, se lahko preprosto obrnete na banko in prekli\u010dete nepoobla\u0161\u010dene transakcije. Prav tako nekatere banke zavarujejo sredstva na va\u0161i kreditni kartici.<\/p>\n\n\n\n<p>Za \u0161e ve\u010djo varnost pri pla\u010devanju lahko izkoristite mo\u017enost, ki jo ponuja ve\u010dina sodobnih bank, da nastavite omejitve pla\u010devanja s MasterCard. To vam bo pomagalo prepre\u010diti nepri\u010dakovane stro\u0161ke, in v primeru kraje kartice boste prepri\u010dani, da prevaranti ne bodo ukradli ve\u010d, kot je dolo\u010dena omejitev.<\/p>\n\n\n\n<h2 class=\"wp-block-heading\"><span class=\"ez-toc-section\" id=\"MasterCard_online_casino_%E2%80%93_prednosti_in_slabosti_placevanja_z_bancno_kartico\"><\/span><strong>MasterCard online casino &#8211; prednosti in slabosti pla\u010devanja z ban\u010dno kartico<\/strong><span class=\"ez-toc-section-end\"><\/span><\/h2>\n\n\n\n<p>Pla\u010devanje v spletnih kazinojih s kartico MasterCard ima tako prednosti kot slabosti. <b>Najprej za\u010dnimo s prednostmi:<\/b><\/p>\n\n\n\n<ul class=\"wp-block-list\">\n<li>Hitri in preprosti postopki vpla\u010dil &#8211; denar bo na va\u0161em igralnem ra\u010dunu v nekaj trenutkih;<\/li>\n\n\n\n<li>Ta na\u010din pla\u010devanja je na voljo v \u0161tevilnih spletnih kazinojih;<\/li>\n\n\n\n<li>Relativno varen na\u010din pla\u010devanja;<\/li>\n\n\n\n<li>Pri pla\u010devanju z MasterCard imate mo\u017enost izkoristiti vse ponujene kazino bonuse in popuste;<\/li>\n\n\n\n<li>\u0160tevilne banke ponujajo mobilne aplikacije, ki \u0161e dodatno olaj\u0161ajo postopke pla\u010devanja.<\/li>\n<\/ul>\n\n\n<div class=\"wp-block-image wp-block-image aligncenter\">\n<figure class=\"\"><img decoding=\"async\" width=\"700\" height=\"310\" src=\"https:\/\/pokeriomokykla.com\/app\/uploads\/2020\/06\/Mastercard-online-casino.jpg\" alt=\"Mastercard online casino\" class=\"wp-image-762313\" title=\"Mastercard online casino\" srcset=\"https:\/\/pokeriomokykla.com\/app\/uploads\/2020\/06\/Mastercard-online-casino.jpg 700w, https:\/\/pokeriomokykla.com\/app\/uploads\/2020\/06\/Mastercard-online-casino-300x133.jpg 300w, https:\/\/pokeriomokykla.com\/app\/uploads\/2020\/06\/Mastercard-online-casino-271px-120px.jpg 271w\" sizes=\"(max-width: 700px) 100vw, 700px\" \/><\/figure><\/div>\n\n\n<p><\/p>\n\n\n\n<p>Vendar, kot smo \u017ee omenili, ima ta na\u010din pla\u010devanja tudi <b>nekaj slabosti:<\/b><\/p>\n\n\n\n<ul class=\"wp-block-list\">\n<li><span style=\"font-weight: 400;\">Pri izpla\u010dilu lahko traja do 5 delovnih dni, da denar prispe na va\u0161 ra\u010dun;<\/span><\/li>\n\n\n\n<li><span style=\"font-weight: 400;\">Nekateri spletni kazino zara\u010dunavajo provizije za pla\u010dila s MasterCard. Te obi\u010dajno zna\u0161ajo pribli\u017eno 2-3%;<\/span><\/li>\n\n\n\n<li><span style=\"font-weight: 400;\">Pri pla\u010dilu z Mastercard morate navesti nekatere svoje osebne podatke, kot so ime, priimek in podobno;<\/span><\/li>\n\n\n\n<li><span style=\"font-weight: 400;\">\u010ce imate kreditno kartico, lahko opravite vpla\u010dila, tudi \u010de nimate denarja na ra\u010dunu. Vlada Zdru\u017eenega kraljestva je \u017ee prepovedala pla\u010dila s kreditnimi karticami v igralni\u0161kih podjetjih, zato se zdi, da bodo podobne omejitve v bli\u017enji prihodnosti uvedene tudi v drugih dr\u017eavah.<\/span><\/li>\n<\/ul>\n","protected":false},"excerpt":{"rendered":"<p>MasterCard &#8211; to je eden izmed najbolj priljubljenih in znanih&#8230;<\/p>\n","protected":false},"author":5318,"featured_media":762310,"parent":0,"menu_order":0,"comment_status":"closed","ping_status":"closed","template":"page-affiliate-items.php","meta":{"_acf_changed":false,"footnotes":""},"class_list":["post-998389","page","type-page","status-publish","has-post-thumbnail","hentry"],"acf":[],"_links":{"self":[{"href":"https:\/\/pokeriomokykla.com\/sl\/wp-json\/wp\/v2\/pages\/998389","targetHints":{"allow":["GET"]}}],"collection":[{"href":"https:\/\/pokeriomokykla.com\/sl\/wp-json\/wp\/v2\/pages"}],"about":[{"href":"https:\/\/pokeriomokykla.com\/sl\/wp-json\/wp\/v2\/types\/page"}],"author":[{"embeddable":true,"href":"https:\/\/pokeriomokykla.com\/sl\/wp-json\/wp\/v2\/users\/5318"}],"replies":[{"embeddable":true,"href":"https:\/\/pokeriomokykla.com\/sl\/wp-json\/wp\/v2\/comments?post=998389"}],"version-history":[{"count":3,"href":"https:\/\/pokeriomokykla.com\/sl\/wp-json\/wp\/v2\/pages\/998389\/revisions"}],"predecessor-version":[{"id":1108268,"href":"https:\/\/pokeriomokykla.com\/sl\/wp-json\/wp\/v2\/pages\/998389\/revisions\/1108268"}],"wp:featuredmedia":[{"embeddable":true,"href":"https:\/\/pokeriomokykla.com\/sl\/wp-json\/wp\/v2\/media\/762310"}],"wp:attachment":[{"href":"https:\/\/pokeriomokykla.com\/sl\/wp-json\/wp\/v2\/media?parent=998389"}],"curies":[{"name":"wp","href":"https:\/\/api.w.org\/{rel}","templated":true}]}}