{"id":898171,"date":"2020-11-04T16:40:23","date_gmt":"2020-11-04T14:40:23","guid":{"rendered":"https:\/\/pokeriomokykla.com\/skrill-kasina-online-bonusove-kody-a-vsetko-o-skrill"},"modified":"2025-04-28T23:24:57","modified_gmt":"2025-04-28T21:24:57","slug":"skrill-kasina-online-bonusove-kody-a-vsetko-o-skrill","status":"publish","type":"page","link":"https:\/\/pokeriomokykla.com\/sk\/skrill-kasino-online-bonusove-kody\/","title":{"rendered":"Skrill kas\u00edno online \u2013 bonusov\u00e9 k\u00f3dy 2026"},"content":{"rendered":"<div id=\"ez-toc-container\" class=\"ez-toc-v2_0_76 ez-toc-wrap-left counter-hierarchy ez-toc-counter ez-toc-custom ez-toc-container-direction\">\n<div class=\"ez-toc-title-container\">\n<p class=\"ez-toc-title\" style=\"cursor:inherit\">Obsah<\/p>\n<span class=\"ez-toc-title-toggle\"><a href=\"#\" class=\"ez-toc-pull-right ez-toc-btn ez-toc-btn-xs ez-toc-btn-default ez-toc-toggle\" aria-label=\"Toggle Table of Content\"><span class=\"ez-toc-js-icon-con\"><span class=\"\"><span class=\"eztoc-hide\" style=\"display:none;\">Toggle<\/span><span class=\"ez-toc-icon-toggle-span\"><svg style=\"fill: #000000;color:#000000\" xmlns=\"http:\/\/www.w3.org\/2000\/svg\" class=\"list-377408\" width=\"20px\" height=\"20px\" viewBox=\"0 0 24 24\" fill=\"none\"><path d=\"M6 6H4v2h2V6zm14 0H8v2h12V6zM4 11h2v2H4v-2zm16 0H8v2h12v-2zM4 16h2v2H4v-2zm16 0H8v2h12v-2z\" fill=\"currentColor\"><\/path><\/svg><svg style=\"fill: #000000;color:#000000\" class=\"arrow-unsorted-368013\" xmlns=\"http:\/\/www.w3.org\/2000\/svg\" width=\"10px\" height=\"10px\" viewBox=\"0 0 24 24\" version=\"1.2\" baseProfile=\"tiny\"><path d=\"M18.2 9.3l-6.2-6.3-6.2 6.3c-.2.2-.3.4-.3.7s.1.5.3.7c.2.2.4.3.7.3h11c.3 0 .5-.1.7-.3.2-.2.3-.5.3-.7s-.1-.5-.3-.7zM5.8 14.7l6.2 6.3 6.2-6.3c.2-.2.3-.5.3-.7s-.1-.5-.3-.7c-.2-.2-.4-.3-.7-.3h-11c-.3 0-.5.1-.7.3-.2.2-.3.5-.3.7s.1.5.3.7z\"\/><\/svg><\/span><\/span><\/span><\/a><\/span><\/div>\n<nav><ul class='ez-toc-list ez-toc-list-level-1 eztoc-toggle-hide-by-default' ><li class='ez-toc-page-1 ez-toc-heading-level-2'><a class=\"ez-toc-link ez-toc-heading-1\" href=\"https:\/\/pokeriomokykla.com\/sk\/skrill-kasino-online-bonusove-kody\/#Skrill_kasino_zoznam_%E2%80%93_aktualizovany_2026\" >Skrill kas\u00edno zoznam \u2013 aktualizovan\u00fd 2026<\/a><\/li><li class='ez-toc-page-1 ez-toc-heading-level-2'><a class=\"ez-toc-link ez-toc-heading-2\" href=\"https:\/\/pokeriomokykla.com\/sk\/skrill-kasino-online-bonusove-kody\/#Ako_funguje_%E2%80%9ESkrill%E2%80%9C\" >Ako funguje \u201eSkrill\u201c?<\/a><\/li><li class='ez-toc-page-1 ez-toc-heading-level-2'><a class=\"ez-toc-link ez-toc-heading-3\" href=\"https:\/\/pokeriomokykla.com\/sk\/skrill-kasino-online-bonusove-kody\/#Preco_by_ste_mali_hrat_v_Skrill_online_kasinach\" >Pre\u010do by ste mali hra\u0165 v Skrill online kas\u00ednach?<\/a><\/li><li class='ez-toc-page-1 ez-toc-heading-level-2'><a class=\"ez-toc-link ez-toc-heading-4\" href=\"https:\/\/pokeriomokykla.com\/sk\/skrill-kasino-online-bonusove-kody\/#Skrill_kasino_bonusy_Co_by_ste_mali_vediet\" >Skrill kas\u00edno bonusy: \u010co by ste mali vedie\u0165<\/a><\/li><li class='ez-toc-page-1 ez-toc-heading-level-2'><a class=\"ez-toc-link ez-toc-heading-5\" href=\"https:\/\/pokeriomokykla.com\/sk\/skrill-kasino-online-bonusove-kody\/#Ako_zacat_pouzivat_Skrill_a_dosiahnut_maximalny_uzitok\" >Ako za\u010da\u0165 pou\u017e\u00edva\u0165 Skrill a dosiahnu\u0165 maxim\u00e1lny \u00fa\u017eitok?<\/a><\/li><li class='ez-toc-page-1 ez-toc-heading-level-2'><a class=\"ez-toc-link ez-toc-heading-6\" href=\"https:\/\/pokeriomokykla.com\/sk\/skrill-kasino-online-bonusove-kody\/#Vklady_a_vybery\" >Vklady a v\u00fdbery<\/a><\/li><li class='ez-toc-page-1 ez-toc-heading-level-2'><a class=\"ez-toc-link ez-toc-heading-7\" href=\"https:\/\/pokeriomokykla.com\/sk\/skrill-kasino-online-bonusove-kody\/#Zaujimave_fakty_o_Skrill\" >Zauj\u00edmav\u00e9 fakty o Skrill<\/a><\/li><li class='ez-toc-page-1 ez-toc-heading-level-2'><a class=\"ez-toc-link ez-toc-heading-8\" href=\"https:\/\/pokeriomokykla.com\/sk\/skrill-kasino-online-bonusove-kody\/#Mobilne_Skrill_kasina\" >Mobiln\u00e9 Skrill kas\u00edna<\/a><\/li><li class='ez-toc-page-1 ez-toc-heading-level-2'><a class=\"ez-toc-link ez-toc-heading-9\" href=\"https:\/\/pokeriomokykla.com\/sk\/skrill-kasino-online-bonusove-kody\/#Zaver_o_Skrill_Casino\" >Z\u00e1ver o Skrill Casino<\/a><\/li><li class='ez-toc-page-1 ez-toc-heading-level-2'><a class=\"ez-toc-link ez-toc-heading-10\" href=\"https:\/\/pokeriomokykla.com\/sk\/skrill-kasino-online-bonusove-kody\/#Casto_kladene_otazky_o_Skrill_Casino\" >\u010casto kladen\u00e9 ot\u00e1zky o Skrill Casino<\/a><\/li><\/ul><\/nav><\/div>\n<h2 class=\"wp-block-heading\"><span class=\"ez-toc-section\" id=\"Skrill_kasino_zoznam_%E2%80%93_aktualizovany_2026\"><\/span>Skrill kas\u00edno zoznam \u2013 aktualizovan\u00fd 2026 <span class=\"ez-toc-section-end\"><\/span><\/h2>\n\n<div class='widget-card placeholder--card-fullwidth'\n     data-source-gql='https:\/\/scg-new-live.stellate.sh\/'\n     data-source-widgetjs='https:\/\/widget.affprojects.com\/widget.js'\n     data-shortcode='widget-card'\n     data-shortcode-text='[top-casinos-for-games limit=\"20\" mobile-limit=\"10\" listtype=\"stacked\" scrollable=\"never\" fullwidth=\"true\"]'\n     data-props='{\n\"show_more_button\":true,\n\"show_more_button_text\":\"Show More Bookmakers\",\n\"show_more_text\":false,\n\"show_less_text\":false,\n\"vpn_notification\":false,\n\"show_more_items_amount\":null,\n\"fullwidth\":true,\n\"scrollable\":\"never\",\n\"violet_bonus_text\":true,\n\"ab_testing_show_more_button_rework\":true\n}'\n     data-queries='{\n\"type\":\"TOP-Casino\",\n\"limit\":20,\n\"mobile_limit\":10,\n\"show_new\":1,\n\"button_text_type\":\"TOP\",\n\"language\":\"sk\",\n\"project\":\"PM\",\n\"page\":1\n}'\n     ><\/div>\n\n<p>\u201eSkrill\u201c je popul\u00e1rna elektronick\u00e1 pe\u0148a\u017eenka, ktor\u00e1 pon\u00faka bezpe\u010dn\u00e9, r\u00fdchle a pohodln\u00e9 transakcie pre nad\u0161encov online kas\u00edn po celom svete. Tento sp\u00f4sob platby sa stal ob\u013e\u00faben\u00fdm medzi hr\u00e1\u010dmi v\u010faka jednoduch\u00e9mu pou\u017e\u00edvaniu, vysokej \u00farovni bezpe\u010dnosti a v\u0161eobecn\u00e9mu uznaniu v mnoh\u00fdch online kas\u00ednach.<\/p>\n<p>Tu n\u00e1jdete v\u0161etko, \u010do potrebujete vedie\u0165 o \u201eSkrill\u201c kas\u00ednach, vr\u00e1tane bonusov\u00fdch k\u00f3dov, funkci\u00ed transakci\u00ed a tipov, ako maximalizova\u0165 svoj z\u00e1\u017eitok.<\/p>\n<h2 class=\"wp-block-heading\"><span class=\"ez-toc-section\" id=\"Ako_funguje_%E2%80%9ESkrill%E2%80%9C\"><\/span>Ako funguje \u201eSkrill\u201c?<span class=\"ez-toc-section-end\"><\/span><\/h2>\n<p>\u201eSkrill\u201c funguje ako digit\u00e1lna pe\u0148a\u017eenka, ktor\u00e1 umo\u017e\u0148uje prevod pe\u0148az\u00ed z jedn\u00e9ho \u00fa\u010dtu na druh\u00fd. Mnoho kas\u00ednov\u00fdch hr\u00e1\u010dov ju pou\u017e\u00edva na bezpe\u010dn\u00e9 a r\u00fdchle platby na svoje kas\u00ednov\u00e9 \u00fa\u010dty. Okrem toho, pomocou \u201eSkrill\u201c m\u00f4\u017eete \u013eahko a bez starost\u00ed vybra\u0165 vyhran\u00fa sumu z kas\u00ednov\u00e9ho \u00fa\u010dtu.<\/p>\n<h2 class=\"wp-block-heading\"><span class=\"ez-toc-section\" id=\"Preco_by_ste_mali_hrat_v_Skrill_online_kasinach\"><\/span>Pre\u010do by ste mali hra\u0165 v Skrill online kas\u00ednach?<span class=\"ez-toc-section-end\"><\/span><\/h2>\n<p>Skrill m\u00e1 mnoho v\u00fdhod, ako napr\u00edklad r\u00fdchle vykon\u00e1vanie transakci\u00ed, mno\u017estvo sp\u00f4sobov, ako doplni\u0165 Skrill \u00fa\u010det, a navy\u0161e registr\u00e1cia je bezplatn\u00e1. Z tohto d\u00f4vodu si mnoho hr\u00e1\u010dov vyber\u00e1 kas\u00edna, ktor\u00e9 pou\u017e\u00edvaj\u00fa Skrill.<\/p>\n<p>Av\u0161ak, ke\u010f\u017ee existuje to\u013eko r\u00f4znych elektronick\u00fdch pe\u0148a\u017eeniek, niekedy m\u00f4\u017ee by\u0165 \u0165a\u017ek\u00e9 n\u00e1js\u0165 pre v\u00e1s vhodn\u00fd sp\u00f4sob platby. Preto sme pre v\u00e1s uviedli v\u00fdhody a nev\u00fdhody Skrill. Takto m\u00f4\u017eete porovna\u0165 a zisti\u0165, \u010di tento sp\u00f4sob platby sp\u013a\u0148a va\u0161e po\u017eiadavky.<\/p>\n<figure class=\"wp-block-table is-style-regular\">\n<table class=\"has-pale-ocean-gradient-background has-background has-fixed-layout\">\n<thead>\n<tr>\n<th>\u2714\ufe0f <strong>V\u00fdhody pou\u017e\u00edvania Skrill<\/strong><\/th>\n<th>\u274c <strong>Nev\u00fdhody Skrill<\/strong><\/th>\n<\/tr>\n<\/thead>\n<tbody>\n<tr>\n<td><strong>R\u00fdchle a plynul\u00e9 transakcie:<\/strong> Vklady a v\u00fdbery s\u00fa vykon\u00e1van\u00e9 r\u00fdchlo, tak\u017ee m\u00f4\u017eete pou\u017e\u00edva\u0165 svoje prostriedky bez zbyto\u010dn\u00e9ho zdr\u017eania.<\/td>\n<td><strong>Dlh\u00fd proces overovania:<\/strong> Kv\u00f4li dodato\u010dn\u00fdm bezpe\u010dnostn\u00fdm kontrol\u00e1m potrebn\u00fdm na ochranu va\u0161ich prostriedkov m\u00f4\u017ee overenie \u00fa\u010dtu \u201eSkrill\u201c trva\u0165 dlh\u0161ie.<\/td>\n<\/tr>\n<tr>\n<td><strong>Bezplatn\u00e9 nastavenie \u00fa\u010dtu:<\/strong> Vytvorenie \u00fa\u010dtu \u201eSkrill\u201c je \u00faplne bezplatn\u00e9, tak\u017ee je pr\u00edstupn\u00e9 pre v\u0161etk\u00fdch pou\u017e\u00edvate\u013eov.<\/td>\n<td><strong>Obmedzen\u00e9 mo\u017enosti z\u00e1kazn\u00edckej podpory:<\/strong> Skrill neposkytuje podporu cez \u017eiv\u00fd chat, namiesto toho pou\u017e\u00edva automatizovan\u00e9ho chat robota Sofiu, ktor\u00e1 nemus\u00ed vyhovova\u0165 v\u0161etk\u00fdm potreb\u00e1m z\u00e1kazn\u00edkov.<\/td>\n<\/tr>\n<tr>\n<td><strong>R\u00f4zne mo\u017enosti financovania:<\/strong> Skrill pe\u0148a\u017eenku m\u00f4\u017eete doplni\u0165 r\u00f4znymi sp\u00f4sobmi, ako s\u00fa bankov\u00fd prevod, \u201eTrustly\u201c, \u201ePaysafecard\u201c a \u010fal\u0161ie.<\/td>\n<td><strong>Obmedzen\u00e9 pou\u017eitie mimo hern\u00fdch \u00fa\u010delov:<\/strong> Hoci je \u201eSkrill\u201c \u0161iroko pou\u017e\u00edvan\u00fd v hr\u00e1ch, v in\u00fdch odvetviach nie je tak \u010dasto prij\u00edman\u00fd, tak\u017ee v pe\u0148a\u017eenke m\u00f4\u017eu zosta\u0165 nevyu\u017eit\u00e9 prostriedky.<\/td>\n<\/tr>\n<tr>\n<td><strong>Bezpe\u010dn\u00e9 transakcie:<\/strong> \u201eSkrill\u201c kladie d\u00f4raz na bezpe\u010dnos\u0165 pou\u017e\u00edvate\u013eov a pon\u00faka funkcie, ako je dvojfaktorov\u00e1 autentifik\u00e1cia, na zabezpe\u010denie dodato\u010dnej ochrany.<\/td>\n<td><\/td>\n<\/tr>\n<tr>\n<td><strong>Ve\u013emi vhodn\u00fd pre hry:<\/strong> Mnoho online kas\u00edn a hern\u00fdch platforiem podporuje \u201eSkrill\u201c ako preferovan\u00fd sp\u00f4sob platby.<\/td>\n<td><\/td>\n<\/tr>\n<tr>\n<td><strong>Regulovan\u00fd a d\u00f4veryhodn\u00fd poskytovate\u013e:<\/strong> Skrill je d\u00f4veryhodn\u00fd sp\u00f4sob platby, ktor\u00fd je regulovan\u00fd \u00daradom pre finan\u010dn\u00e9 spr\u00e1vanie (FCA), tak\u017ee mu m\u00f4\u017eete d\u00f4verova\u0165.<\/td>\n<td><\/td>\n<\/tr>\n<tr>\n<td><strong>V\u0161estrann\u00fd pr\u00edstup k platb\u00e1m:<\/strong> \u201eSkrill\u201c je kompatibiln\u00fd s po\u010d\u00edta\u010dmi aj mobiln\u00fdmi zariadeniami, tak\u017ee ho m\u00f4\u017eete pou\u017e\u00edva\u0165 kedyko\u013evek a kdeko\u013evek.<\/td>\n<td><\/td>\n<\/tr>\n<tr>\n<td><strong>Mo\u017enos\u0165 pou\u017e\u00edva\u0165 predplaten\u00fa kartu:<\/strong> \u201eSkrill\u201c pon\u00faka predplaten\u00fa kartu, ktor\u00e1 je prepojen\u00e1 s va\u0161\u00edm \u00fa\u010dtom, tak\u017ee je pohodln\u00e9 nakupova\u0165 fyzicky.<\/td>\n<td><\/td>\n<\/tr>\n<tr>\n<td><strong>\u0160peci\u00e1lne \u0161portov\u00e9 funkcie:<\/strong> \u201eSkrill\u201c m\u00e1 \u0161peci\u00e1lnu \u0161portov\u00fa sekciu, kde pou\u017e\u00edvatelia m\u00f4\u017eu n\u00e1js\u0165 u\u017eito\u010dn\u00e9 poznatky, vr\u00e1tane \u0161tatist\u00edk t\u00edmov, \u00fadajov o hr\u00e1\u010doch a tipov.<\/td>\n<td><\/td>\n<\/tr>\n<\/tbody>\n<\/table>\n<\/figure>\n<h2 class=\"wp-block-heading\"><span class=\"ez-toc-section\" id=\"Skrill_kasino_bonusy_Co_by_ste_mali_vediet\"><\/span>Skrill kas\u00edno bonusy: \u010co by ste mali vedie\u0165<span class=\"ez-toc-section-end\"><\/span><\/h2>\n<\/p>\n<p>Hoci je \u201eSkrill\u201c pohodln\u00fd sp\u00f4sob platby, niektor\u00e9 online kas\u00edna neposkytuj\u00fa n\u00e1rok na ur\u010dit\u00e9 bonusy, ako s\u00fa uv\u00edtacie ponuky, za vklady uskuto\u010dnen\u00e9 cez \u201eSkrill\u201c. Je to kv\u00f4li obav\u00e1m, \u017ee by sa bonusy mohli zneu\u017e\u00edva\u0165. Av\u0161ak mnoho kas\u00edn st\u00e1le pon\u00faka exkluz\u00edvne bonusy pre pou\u017e\u00edvate\u013eov \u201eSkrill\u201c alebo zahr\u0148uje \u201eSkrill\u201c vklady do \u0161tandardn\u00fdch akci\u00ed.<\/p>\n<p>Aby ste sa uistili, \u017ee m\u00e1te n\u00e1rok na bonusy:<\/p>\n<ul class=\"wp-block-list\">\n<li>Skontrolujte podmienky a pravidl\u00e1 kas\u00ednov\u00fdch bonusov\u00fdch pon\u00fak.<\/li>\n<li>H\u013eadajte kas\u00edna, ktor\u00e9 \u0161peci\u00e1lne zd\u00f4raz\u0148uj\u00fa Skrill priazniv\u00e9 bonusy.<\/li>\n<\/ul>\n<h3 class=\"wp-block-heading\">Skrill casino bonus typy:<\/h3>\n<ul class=\"wp-block-list\">\n<li>Matched deposit bonus<\/li>\n<li><a href=\"https:\/\/pokeriomokykla.com\/reload-bonus\">Reload bonus<\/a><\/li>\n<li><a href=\"https:\/\/pokeriomokykla.com\/kazino-bonusai-be-depozito\">Casino Skrill no deposit bonus<\/a><\/li>\n<li><a href=\"https:\/\/pokeriomokykla.com\/nemokami-sukimai-free-casino-spins\">Free spins or bonus spins<\/a><\/li>\n<\/ul>\n<h2 class=\"wp-block-heading\"><span class=\"ez-toc-section\" id=\"Ako_zacat_pouzivat_Skrill_a_dosiahnut_maximalny_uzitok\"><\/span><b>Ako za\u010da\u0165 pou\u017e\u00edva\u0165 Skrill a dosiahnu\u0165 maxim\u00e1lny \u00fa\u017eitok?<\/b><span class=\"ez-toc-section-end\"><\/span><\/h2>\n<\/p>\n<p><span style=\"font-weight: 400;\">Registr\u00e1cia na platforme Skrill je ve\u013emi jednoduch\u00e1. Na registr\u00e1ciu budete potrebova\u0165 len nieko\u013eko min\u00fat a n\u00e1sledne sta\u010d\u00ed overi\u0165 svoju toto\u017enos\u0165 a m\u00f4\u017eete plne vyu\u017e\u00edva\u0165 v\u00fdhody tejto platobnej platformy.<\/span><\/p>\n<ul class=\"wp-block-list\">\n<li><span style=\"font-weight: 400;\">Nav\u0161t\u00edvte webov\u00fa str\u00e1nku Skrill a kliknite na \u201e<\/span><a href=\"https:\/\/account.skrill.com\/wallet\/account\/sign-up?locale=en\" target=\"_blank\" rel=\"noopener\"><span style=\"font-weight: 400;\">Register<\/span><\/a><span style=\"font-weight: 400;\">\u201c<\/span><\/li>\n<li><span style=\"font-weight: 400;\">Zadajte svoje osobn\u00e9 \u00fadaje (meno, priezvisko, krajina bydliska, mena \u00fa\u010dtu, e-mail, heslo)<\/span><\/li>\n<li><span style=\"font-weight: 400;\">S\u00fahlaste s podmienkami poskytovania slu\u017eieb a dokon\u010dite registr\u00e1ciu.<\/span><\/li>\n<\/ul>\n<p><span style=\"font-weight: 400;\">Po vykonan\u00ed t\u00fdchto krokov si vytvor\u00edte svoju virtu\u00e1lnu Skrill pe\u0148a\u017eenku. A hoci je u\u017e akt\u00edvna a k \u00fa\u010dtu sa d\u00e1 prihl\u00e1si\u0165, neakt\u00edvna Skrill pe\u0148a\u017eenka s neoverenou toto\u017enos\u0165ou m\u00e1 m\u00e1lo \u00fa\u017eitku, preto\u017ee nebudete m\u00f4c\u0165 vykon\u00e1va\u0165 platby alebo prevody. Aby ste mohli plnohodnotne pou\u017e\u00edva\u0165 Skrill, je potrebn\u00e9 dokon\u010di\u0165 registr\u00e1ciu a vlo\u017ei\u0165 prostriedky do online pe\u0148a\u017eenky. Po za\u010dat\u00ed procesu overenia \u00fa\u010dtu budete musie\u0165 zada\u0165:<\/span><\/p>\n<ul class=\"wp-block-list\">\n<li><span style=\"font-weight: 400;\">Adresu bydliska (bude potrebn\u00e9 ju overi\u0165 zapnut\u00edm funkcie lokaliz\u00e1cie na smartf\u00f3ne alebo nahran\u00edm dokumentu, ktor\u00fd potvrdzuje uveden\u00fa adresu);<\/span><\/li>\n<li><span style=\"font-weight: 400;\">Po\u0161tov\u00e9 smerovacie \u010d\u00edslo;<\/span><\/li>\n<li><span style=\"font-weight: 400;\">D\u00e1tum narodenia;<\/span><\/li>\n<li><span style=\"font-weight: 400;\">Mobiln\u00e9 telef\u00f3nne \u010d\u00edslo<\/span><\/li>\n<\/ul>\n<p><span style=\"font-weight: 400;\">Po zadan\u00ed t\u00fdchto \u00fadajov dostanete na telef\u00f3n SMS spr\u00e1vu s overovac\u00edm k\u00f3dom. Tento k\u00f3d budete musie\u0165 zada\u0165 v aplik\u00e1cii Skrill a na webovej str\u00e1nke a vykona\u0165 zost\u00e1vaj\u00face kroky na dokon\u010denie procesu registr\u00e1cie. <\/span><\/p>\n<p><span style=\"font-weight: 400;\">Rovnako ako pri NETELLER, po tomto kroku mus\u00ed by\u0165 v Skrill \u00fa\u010dte aspo\u0148 jeden sp\u00f4sob vkladu, ktor\u00fd je prepojen\u00fd s virtu\u00e1lnou pe\u0148a\u017eenkou. Po registr\u00e1cii by ste mali doplni\u0165 Skrill pe\u0148a\u017eenku z bankovej karty, bankov\u00e9ho \u00fa\u010dtu alebo in\u00fdm sp\u00f4sobom platby. Existuj\u00fa desiatky mo\u017enost\u00ed, ako to urobi\u0165.<\/span><\/p>\n<p><span style=\"font-weight: 400;\">Po dokon\u010den\u00ed v\u0161etk\u00fdch krokov a ukon\u010den\u00ed registr\u00e1cie m\u00f4\u017eete prejs\u0165 k st\u00e1vkov\u00fdm spolo\u010dnostiam a bez ob\u00e1v doplni\u0165 \u00fa\u010det pomocou Skrill virtu\u00e1lnej pe\u0148a\u017eenky.<\/span><\/p>\n<h2 class=\"wp-block-heading\"><span class=\"ez-toc-section\" id=\"Vklady_a_vybery\"><\/span><b>Vklady a v\u00fdbery<\/b><span class=\"ez-toc-section-end\"><\/span><\/h2>\n<\/p>\n<p><span style=\"font-weight: 400;\">Skrill pe\u0148a\u017eenky s\u00fa jedn\u00fdm z najr\u00fdchlej\u0161\u00edch sp\u00f4sobov, ako si m\u00f4\u017eete vybra\u0165 v\u00fdhry z kas\u00edna. Zvy\u010dajne s\u00fa v\u00fdhry vyplaten\u00e9 do Skrill pe\u0148a\u017eenky do 24 hod\u00edn (v zahrani\u010d\u00ed), ale v zriedkav\u00fdch pr\u00edpadoch m\u00f4\u017ee \u010das v\u00fdplaty trva\u0165 a\u017e 3-5 pracovn\u00fdch dn\u00ed.<\/span><\/p>\n<p><span style=\"font-weight: 400;\">Ke\u010f\u017ee elektronick\u00e9 pe\u0148a\u017eenky st\u00e1le nie s\u00fa pova\u017eovan\u00e9 za rovnocenn\u00fa alternat\u00edvu k bankov\u00e9mu \u00fa\u010dtu alebo platobnej karte, pri v\u00fdbere v\u00e4\u010d\u0161ej sumy m\u00f4\u017ee st\u00e1vkov\u00e1 spolo\u010dnos\u0165 po\u017eadova\u0165 dodato\u010dn\u00e9 overenie toto\u017enosti.<\/span><\/p>\n<p><span style=\"font-weight: 400;\">Nebojte sa a po\u0161lite potrebn\u00e9 dokumenty. Spracovanie a potvrdenie platby zvy\u010dajne trv\u00e1, preto\u017ee po tom, \u010do ho st\u00e1vkov\u00e1 spolo\u010dnos\u0165 vykon\u00e1, peniaze do va\u0161ej Skrill \u00fa\u010dtu pr\u00eddu okam\u017eite.<\/span><\/p>\n<h2 class=\"wp-block-heading\"><span class=\"ez-toc-section\" id=\"Zaujimave_fakty_o_Skrill\"><\/span>Zauj\u00edmav\u00e9 fakty o Skrill<span class=\"ez-toc-section-end\"><\/span><\/h2>\n<\/p>\n<p><span style=\"font-weight: 400;\">Okrem v\u0161eobecn\u00fdch faktov o Skrill ako o spolo\u010dnosti a zna\u010dke je d\u00f4le\u017eit\u00e9 zd\u00f4razni\u0165 aj vlastnosti slu\u017eieb, ktor\u00e9 s\u00fa relevantn\u00e9 pre ka\u017ed\u00e9ho klienta:<\/span><\/p>\n<ul class=\"wp-block-list\">\n<li><strong>Rok zalo\u017eenia.<\/strong> \u201eSkrill\u201c bola zalo\u017een\u00e1 v roku 2001 a p\u00f4vodne sa volala \u201eMoneybookers\u201c.<\/li>\n<li><strong>Patr\u00ed do \u201ePaysafe Group\u201c.<\/strong> \u201eSkrill\u201c spolu s \u201eNETELLER\u201c patr\u00ed do \u201ePaysafe Group\u201c, ktor\u00e1 je jedn\u00fdm z najv\u00e4\u010d\u0161\u00edch poskytovate\u013eov elektronick\u00fdch platobn\u00fdch slu\u017eieb na svete.<\/li>\n<li><strong>Mo\u017enos\u0165 pou\u017e\u00edva\u0165 viac ako 40 mien.<\/strong> \u201eSkrill\u201c umo\u017e\u0148uje pou\u017e\u00edvate\u013eom vykon\u00e1va\u0165 transakcie vo viac ako 40 men\u00e1ch, \u010do ju rob\u00ed ide\u00e1lnou pre medzin\u00e1rodn\u00e9 platby.<\/li>\n<li><strong>Bonusy pre hr\u00e1\u010dov kas\u00edna.<\/strong> Hoci niektor\u00e9 bonusy nez\u00e1visia od vkladov \u201eSkrill\u201c, niektor\u00e9 kas\u00edna pon\u00fakaj\u00fa \u0161peci\u00e1lne bonusy pr\u00e1ve pre pou\u017e\u00edvate\u013eov \u201eSkrill\u201c.<\/li>\n<li><strong>Pohodln\u00e1 \u0161portov\u00e1 sekcia.<\/strong> \u201eSkrill\u201c m\u00e1 \u0161peci\u00e1lnu sekciu pre \u0161portov\u00fdch fan\u00fa\u0161ikov so \u0161tatistikami a tipmi na st\u00e1vky.<\/li>\n<li><strong>Zna\u010dka v oblasti \u0161portu.<\/strong> \u201eSkrill\u201c bola sponzorom mnoh\u00fdch \u0161portov\u00fdch podujat\u00ed, vr\u00e1tane futbalov\u00fdch a e-\u0161portov\u00fdch turnajov.<\/li>\n<\/ul>\n<h2 class=\"wp-block-heading\"><span class=\"ez-toc-section\" id=\"Mobilne_Skrill_kasina\"><\/span>Mobiln\u00e9 Skrill kas\u00edna<span class=\"ez-toc-section-end\"><\/span><\/h2>\n<\/p>\n<p>Ak nechcete pou\u017e\u00edva\u0165 po\u010d\u00edta\u010d, stoj\u00ed za to vedie\u0165, \u017ee \u201eSkrill\u201c umo\u017e\u0148uje vykon\u00e1va\u0165 platby aj mobiln\u00fdm telef\u00f3nom. Aplik\u00e1ciu si m\u00f4\u017eete stiahnu\u0165 z \u201eAndroid Play Store\u201c a \u201eiOS\u201c obchodov s aplik\u00e1ciami, tak\u017ee m\u00f4\u017eete r\u00fdchlo, bezpe\u010dne a ve\u013emi pohodlne vykon\u00e1va\u0165 platby na cest\u00e1ch.<\/p>\n<p>Je dostupn\u00e1 24 hod\u00edn denne, nech ste kdeko\u013evek &#8211; \u010di u\u017e chcete skontrolova\u0165 zostatok na \u00fa\u010dte, vykona\u0165 transakcie alebo vybra\u0165 peniaze &#8211; tak\u00e1 je univerz\u00e1lnos\u0165 aplik\u00e1cie \u201eSkrill\u201c.<\/p>\n<h2 class=\"wp-block-heading\"><span class=\"ez-toc-section\" id=\"Zaver_o_Skrill_Casino\"><\/span>Z\u00e1ver o Skrill Casino<span class=\"ez-toc-section-end\"><\/span><\/h2>\n<\/p>\n<p>\u201eSkrill\u201c je univerz\u00e1lny a bezpe\u010dn\u00fd sp\u00f4sob platby, ktor\u00fd zlep\u0161uje z\u00e1\u017eitok z online kas\u00edna pre hr\u00e1\u010dov po celom svete. V\u010faka jednoduch\u00e9mu pou\u017e\u00edvaniu, r\u00fdchlym transakci\u00e1m a celosvetov\u00e9mu uznaniu je najlep\u0161ou vo\u013ebou pre nad\u0161encov kas\u00edna. Pred za\u010dat\u00edm hry si v\u017edy pre\u0161tudujte platobn\u00e9 a bonusov\u00e9 podmienky vybran\u00e9ho kas\u00edna, aby ste si zabezpe\u010dili \u010do najlep\u0161iu mo\u017en\u00fa sk\u00fasenos\u0165.<\/p>\n<p>V\u00fdberom d\u00f4veryhodn\u00e9ho \u201eSkrill\u201c kas\u00edna a pochopen\u00edm, ako maximalizova\u0165 svoje transakcie, si m\u00f4\u017eete u\u017ei\u0165 plynul\u00fd a prospe\u0161n\u00fd hern\u00fd z\u00e1\u017eitok.<\/p>\n<h2 class=\"wp-block-heading\"><span class=\"ez-toc-section\" id=\"Casto_kladene_otazky_o_Skrill_Casino\"><\/span>\u010casto kladen\u00e9 ot\u00e1zky o Skrill Casino<span class=\"ez-toc-section-end\"><\/span><\/h2>\n<\/p>\n<div class=\"schema-faq wp-block-yoast-faq-block\">\n<div class=\"schema-faq-section\" id=\"faq-question-1732565981590\"><strong class=\"schema-faq-question\"><strong>\u010co je Skrill?<\/strong><\/strong> <\/p>\n<p class=\"schema-faq-answer\">\u201eSkrill\u201c je slu\u017eba pre online platby, ktor\u00e1 umo\u017e\u0148uje pou\u017e\u00edvate\u013eom bezpe\u010dne posiela\u0165, prij\u00edma\u0165 a uchov\u00e1va\u0165 peniaze. Je \u0161iroko pou\u017e\u00edvan\u00e1 v e-commerce, hr\u00e1ch a medzin\u00e1rodn\u00fdch prevodoch pe\u0148az\u00ed.<\/p>\n<\/p><\/div>\n<div class=\"schema-faq-section\" id=\"faq-question-1732565997087\"><strong class=\"schema-faq-question\"><strong>Ako si vytvori\u0165 \u00fa\u010det \u201eSkrill\u201c?<\/strong><\/strong> <\/p>\n<p class=\"schema-faq-answer\">M\u00f4\u017eete si vytvori\u0165 \u00fa\u010det \u201eSkrill\u201c n\u00e1v\u0161tevou ofici\u00e1lnej webovej str\u00e1nky, registr\u00e1ciou s va\u0161ou e-mailovou adresou a vyplnen\u00edm potrebn\u00fdch osobn\u00fdch \u00fadajov.<\/p>\n<\/p><\/div>\n<div class=\"schema-faq-section\" id=\"faq-question-1732566006099\"><strong class=\"schema-faq-question\"><strong>Je pou\u017e\u00edvanie \u201eSkrill\u201c bezplatn\u00e9?<\/strong><\/strong> <\/p>\n<p class=\"schema-faq-answer\">Vytvorenie \u00fa\u010dtu je bezplatn\u00e9, ale \u201eSkrill\u201c m\u00f4\u017ee \u00fa\u010dtova\u0165 poplatky za ur\u010dit\u00e9 slu\u017eby, ako je v\u00fdber pe\u0148az\u00ed, konverzia meny alebo ne\u010dinnos\u0165.<\/p>\n<\/p><\/div>\n<div class=\"schema-faq-section\" id=\"faq-question-1732566022541\"><strong class=\"schema-faq-question\"><strong>Ak\u00e9 meny podporuje \u201eSkrill\u201c?<\/strong><\/strong> <\/p>\n<p class=\"schema-faq-answer\">Skrill podporuje viac ako 40 mien, \u010do z neho rob\u00ed univerz\u00e1lnu vo\u013ebu pre medzin\u00e1rodn\u00e9 transakcie.<\/p>\n<\/p><\/div>\n<div class=\"schema-faq-section\" id=\"faq-question-1732566031863\"><strong class=\"schema-faq-question\"><strong>M\u00f4\u017eem pou\u017e\u00edva\u0165 \u201eSkrill\u201c na online hazardn\u00e9 hry?<\/strong><\/strong> <\/p>\n<p class=\"schema-faq-answer\">\u00c1no, \u201eSkrill\u201c je v\u010faka svojej bezpe\u010dnosti a r\u00fdchlosti jedn\u00fdm z najpopul\u00e1rnej\u0161\u00edch platobn\u00fdch met\u00f3d v online kas\u00ednach a st\u00e1vkov\u00fdch str\u00e1nkach.<\/p>\n<\/p><\/div>\n<div class=\"schema-faq-section\" id=\"faq-question-1732566041185\"><strong class=\"schema-faq-question\"><strong>M\u00f4\u017eem z\u00edska\u0165 bonusy v online kas\u00edne za vklady cez \u201eSkrill\u201c?<\/strong><\/strong> <\/p>\n<p class=\"schema-faq-answer\">Nie v\u017edy. V niektor\u00fdch kas\u00ednach nie s\u00fa vklady cez \u201eSkrill\u201c zahrnut\u00e9 do uv\u00edtac\u00edch bonusov. Skontrolujte podmienky poskytovania bonusov v pou\u017e\u00edvanom kas\u00edne.<\/p>\n<\/p><\/div>\n<\/p><\/div>\n","protected":false},"excerpt":{"rendered":"<p>Skrill kas\u00edno zoznam \u2013 aktualizovan\u00fd \u201eSkrill\u201c je popul\u00e1rna elektronick\u00e1 pe\u0148a\u017eenka,&#8230;<\/p>\n","protected":false},"author":5318,"featured_media":1091419,"parent":0,"menu_order":0,"comment_status":"closed","ping_status":"closed","template":"page-affiliate-items.php","meta":{"_acf_changed":false,"footnotes":""},"class_list":["post-898171","page","type-page","status-publish","has-post-thumbnail","hentry"],"acf":[],"_links":{"self":[{"href":"https:\/\/pokeriomokykla.com\/sk\/wp-json\/wp\/v2\/pages\/898171","targetHints":{"allow":["GET"]}}],"collection":[{"href":"https:\/\/pokeriomokykla.com\/sk\/wp-json\/wp\/v2\/pages"}],"about":[{"href":"https:\/\/pokeriomokykla.com\/sk\/wp-json\/wp\/v2\/types\/page"}],"author":[{"embeddable":true,"href":"https:\/\/pokeriomokykla.com\/sk\/wp-json\/wp\/v2\/users\/5318"}],"replies":[{"embeddable":true,"href":"https:\/\/pokeriomokykla.com\/sk\/wp-json\/wp\/v2\/comments?post=898171"}],"version-history":[{"count":4,"href":"https:\/\/pokeriomokykla.com\/sk\/wp-json\/wp\/v2\/pages\/898171\/revisions"}],"predecessor-version":[{"id":1093485,"href":"https:\/\/pokeriomokykla.com\/sk\/wp-json\/wp\/v2\/pages\/898171\/revisions\/1093485"}],"wp:featuredmedia":[{"embeddable":true,"href":"https:\/\/pokeriomokykla.com\/sk\/wp-json\/wp\/v2\/media\/1091419"}],"wp:attachment":[{"href":"https:\/\/pokeriomokykla.com\/sk\/wp-json\/wp\/v2\/media?parent=898171"}],"curies":[{"name":"wp","href":"https:\/\/api.w.org\/{rel}","templated":true}]}}