{"id":892764,"date":"2016-06-27T12:57:20","date_gmt":"2016-06-27T10:57:20","guid":{"rendered":"https:\/\/pokeriomokykla.com\/kontakty"},"modified":"2025-04-29T01:21:03","modified_gmt":"2025-04-28T23:21:03","slug":"kontakty","status":"publish","type":"page","link":"https:\/\/pokeriomokykla.com\/sk\/kontakt-892764","title":{"rendered":"Kontakty"},"content":{"rendered":"<p>M\u00e1te ot\u00e1zky alebo n\u00e1vrhy?<br \/>Kontaktujte PokerioMokykla.com!<br \/><strong>Email<\/strong>:\u00a0<a href=\"mailto:info@pokeriomokykla.com\">info@pokeriomokykla.com<\/a><\/p>\n","protected":false},"excerpt":{"rendered":"<p>M\u00e1te ot\u00e1zky alebo n\u00e1vrhy?Kontaktujte PokerioMokykla.com!Email:\u00a0info@pokeriomokykla.com<\/p>\n","protected":false},"author":491,"featured_media":0,"parent":0,"menu_order":6,"comment_status":"closed","ping_status":"closed","template":"","meta":{"_acf_changed":false,"footnotes":""},"class_list":["post-892764","page","type-page","status-publish","hentry"],"acf":[],"_links":{"self":[{"href":"https:\/\/pokeriomokykla.com\/sk\/wp-json\/wp\/v2\/pages\/892764","targetHints":{"allow":["GET"]}}],"collection":[{"href":"https:\/\/pokeriomokykla.com\/sk\/wp-json\/wp\/v2\/pages"}],"about":[{"href":"https:\/\/pokeriomokykla.com\/sk\/wp-json\/wp\/v2\/types\/page"}],"author":[{"embeddable":true,"href":"https:\/\/pokeriomokykla.com\/sk\/wp-json\/wp\/v2\/users\/491"}],"replies":[{"embeddable":true,"href":"https:\/\/pokeriomokykla.com\/sk\/wp-json\/wp\/v2\/comments?post=892764"}],"version-history":[{"count":2,"href":"https:\/\/pokeriomokykla.com\/sk\/wp-json\/wp\/v2\/pages\/892764\/revisions"}],"predecessor-version":[{"id":1007919,"href":"https:\/\/pokeriomokykla.com\/sk\/wp-json\/wp\/v2\/pages\/892764\/revisions\/1007919"}],"wp:attachment":[{"href":"https:\/\/pokeriomokykla.com\/sk\/wp-json\/wp\/v2\/media?parent=892764"}],"curies":[{"name":"wp","href":"https:\/\/api.w.org\/{rel}","templated":true}]}}