{"id":892687,"date":"2016-08-07T14:27:51","date_gmt":"2016-08-07T12:27:51","guid":{"rendered":"https:\/\/pokeriomokykla.com\/gratulujeme-registracia-bola-uspesna"},"modified":"2026-05-11T00:52:20","modified_gmt":"2026-05-10T22:52:20","slug":"gratulujeme-registracia-bola-uspesna","status":"publish","type":"page","link":"https:\/\/pokeriomokykla.com\/sk\/vitajte-registracia-vcasne","title":{"rendered":"Gratulujeme, registr\u00e1cia bola \u00faspe\u0161n\u00e1"},"content":{"rendered":"","protected":false},"excerpt":{"rendered":"","protected":false},"author":72,"featured_media":0,"parent":0,"menu_order":22,"comment_status":"closed","ping_status":"closed","template":"","meta":{"_acf_changed":false,"footnotes":""},"class_list":["post-892687","page","type-page","status-publish","hentry"],"acf":[],"_links":{"self":[{"href":"https:\/\/pokeriomokykla.com\/sk\/wp-json\/wp\/v2\/pages\/892687","targetHints":{"allow":["GET"]}}],"collection":[{"href":"https:\/\/pokeriomokykla.com\/sk\/wp-json\/wp\/v2\/pages"}],"about":[{"href":"https:\/\/pokeriomokykla.com\/sk\/wp-json\/wp\/v2\/types\/page"}],"author":[{"embeddable":true,"href":"https:\/\/pokeriomokykla.com\/sk\/wp-json\/wp\/v2\/users\/72"}],"replies":[{"embeddable":true,"href":"https:\/\/pokeriomokykla.com\/sk\/wp-json\/wp\/v2\/comments?post=892687"}],"version-history":[{"count":1,"href":"https:\/\/pokeriomokykla.com\/sk\/wp-json\/wp\/v2\/pages\/892687\/revisions"}],"predecessor-version":[{"id":980085,"href":"https:\/\/pokeriomokykla.com\/sk\/wp-json\/wp\/v2\/pages\/892687\/revisions\/980085"}],"wp:attachment":[{"href":"https:\/\/pokeriomokykla.com\/sk\/wp-json\/wp\/v2\/media?parent=892687"}],"curies":[{"name":"wp","href":"https:\/\/api.w.org\/{rel}","templated":true}]}}