{"id":884891,"date":"2020-06-23T16:10:26","date_gmt":"2020-06-23T14:10:26","guid":{"rendered":"https:\/\/pokeriomokykla.com\/mastercard-online-kasina"},"modified":"2025-07-29T13:55:09","modified_gmt":"2025-07-29T11:55:09","slug":"mastercard-online-kasina","status":"publish","type":"page","link":"https:\/\/pokeriomokykla.com\/sk\/mastercard-online-kasina","title":{"rendered":"Mastercard online kas\u00edna"},"content":{"rendered":"\n<p>MasterCard &#8211; je jedn\u00fdm z najpopul\u00e1rnej\u0161\u00edch a najzn\u00e1mej\u0161\u00edch sp\u00f4sobov platby na celom svete. Bankov\u00e9 karty tejto spolo\u010dnosti poskytuj\u00facej finan\u010dn\u00e9 slu\u017eby pou\u017e\u00edvaj\u00fa denne mili\u00f3ny \u013eud\u00ed &#8211; ako na platby v re\u00e1lnom svete, tak aj online.<\/p>\n\n\n\n<p>Tento sp\u00f4sob je bezpe\u010dn\u00fd, jednoduch\u00fd a r\u00fdchly! Nie je prekvapen\u00edm, \u017ee mnoho online kas\u00edn pon\u00faka mo\u017enos\u0165 vykon\u00e1va\u0165 platby kartou Mastercard (Mastercard online kas\u00edna).<\/p>\n\n\n\n<p>V tomto \u010dl\u00e1nku sa budeme zaobera\u0165 v\u00fdhodami, nev\u00fdhodami a sp\u00f4sobom pou\u017e\u00edvania tohto platobn\u00e9ho sp\u00f4sobu v online kas\u00ednach.<\/p>\n\n\n\n<div id=\"ez-toc-container\" class=\"ez-toc-v2_0_76 ez-toc-wrap-left counter-hierarchy ez-toc-counter ez-toc-custom ez-toc-container-direction\">\n<div class=\"ez-toc-title-container\">\n<p class=\"ez-toc-title\" style=\"cursor:inherit\">Obsah<\/p>\n<span class=\"ez-toc-title-toggle\"><a href=\"#\" class=\"ez-toc-pull-right ez-toc-btn ez-toc-btn-xs ez-toc-btn-default ez-toc-toggle\" aria-label=\"Toggle Table of Content\"><span class=\"ez-toc-js-icon-con\"><span class=\"\"><span class=\"eztoc-hide\" style=\"display:none;\">Toggle<\/span><span class=\"ez-toc-icon-toggle-span\"><svg style=\"fill: #000000;color:#000000\" xmlns=\"http:\/\/www.w3.org\/2000\/svg\" class=\"list-377408\" width=\"20px\" height=\"20px\" viewBox=\"0 0 24 24\" fill=\"none\"><path d=\"M6 6H4v2h2V6zm14 0H8v2h12V6zM4 11h2v2H4v-2zm16 0H8v2h12v-2zM4 16h2v2H4v-2zm16 0H8v2h12v-2z\" fill=\"currentColor\"><\/path><\/svg><svg style=\"fill: #000000;color:#000000\" class=\"arrow-unsorted-368013\" xmlns=\"http:\/\/www.w3.org\/2000\/svg\" width=\"10px\" height=\"10px\" viewBox=\"0 0 24 24\" version=\"1.2\" baseProfile=\"tiny\"><path d=\"M18.2 9.3l-6.2-6.3-6.2 6.3c-.2.2-.3.4-.3.7s.1.5.3.7c.2.2.4.3.7.3h11c.3 0 .5-.1.7-.3.2-.2.3-.5.3-.7s-.1-.5-.3-.7zM5.8 14.7l6.2 6.3 6.2-6.3c.2-.2.3-.5.3-.7s-.1-.5-.3-.7c-.2-.2-.4-.3-.7-.3h-11c-.3 0-.5.1-.7.3-.2.2-.3.5-.3.7s.1.5.3.7z\"\/><\/svg><\/span><\/span><\/span><\/a><\/span><\/div>\n<nav><ul class='ez-toc-list ez-toc-list-level-1 eztoc-toggle-hide-by-default' ><li class='ez-toc-page-1 ez-toc-heading-level-2'><a class=\"ez-toc-link ez-toc-heading-1\" href=\"https:\/\/pokeriomokykla.com\/sk\/mastercard-online-kasina\/#Najlepsie_Mastercard_online_kasina_%E2%80%93_kde_je_mozne_platit\" >Najlep\u0161ie Mastercard online kas\u00edna &#8211; kde je mo\u017en\u00e9 plati\u0165?<\/a><\/li><li class='ez-toc-page-1 ez-toc-heading-level-2'><a class=\"ez-toc-link ez-toc-heading-2\" href=\"https:\/\/pokeriomokykla.com\/sk\/mastercard-online-kasina\/#Ako_platit_s_Mastercard_v_online_kasinach\" >Ako plati\u0165 s Mastercard v online kas\u00ednach?<\/a><\/li><li class='ez-toc-page-1 ez-toc-heading-level-2'><a class=\"ez-toc-link ez-toc-heading-3\" href=\"https:\/\/pokeriomokykla.com\/sk\/mastercard-online-kasina\/#Mastercard_Casino_online_%E2%80%93_je_platba_bezpecna\" >Mastercard Casino online &#8211; je platba bezpe\u010dn\u00e1?<\/a><\/li><li class='ez-toc-page-1 ez-toc-heading-level-2'><a class=\"ez-toc-link ez-toc-heading-4\" href=\"https:\/\/pokeriomokykla.com\/sk\/mastercard-online-kasina\/#MasterCard_online_casino_%E2%80%93_vyhody_a_nevyhody_platby_bankovou_kartou\" >MasterCard online casino &#8211; v\u00fdhody a nev\u00fdhody platby bankovou kartou<\/a><\/li><\/ul><\/nav><\/div>\n<h2 class=\"wp-block-heading\"><span class=\"ez-toc-section\" id=\"Najlepsie_Mastercard_online_kasina_%E2%80%93_kde_je_mozne_platit\"><\/span>Najlep\u0161ie Mastercard online kas\u00edna &#8211; kde je mo\u017en\u00e9 plati\u0165?<span class=\"ez-toc-section-end\"><\/span><\/h2>\n\n\n\n<p>Ako sme u\u017e spomenuli, takmer ka\u017ed\u00e9 online kas\u00edno prij\u00edma platby kartou MasterCard. Ni\u017e\u0161ie uv\u00e1dzame nieko\u013eko d\u00f4veryhodn\u00fdch online kas\u00edn, kde m\u00f4\u017eete plati\u0165 MasterCard.<\/p>\n\n\n\n<div class='widget-card placeholder--card-fullwidth'\n     data-source-gql='https:\/\/scg-new-live.stellate.sh\/'\n     data-source-widgetjs='https:\/\/widget.affprojects.com\/widget.js'\n     data-shortcode='widget-card'\n     data-shortcode-text='[top-casinos-for-games limit=\"20\" mobile-limit=\"10\" listtype=\"stacked\" scrollable=\"never\" fullwidth=\"true\"]'\n     data-props='{\n\"show_more_button\":true,\n\"show_more_button_text\":\"Show More Bookmakers\",\n\"show_more_text\":false,\n\"show_less_text\":false,\n\"vpn_notification\":false,\n\"show_more_items_amount\":null,\n\"fullwidth\":true,\n\"scrollable\":\"never\",\n\"violet_bonus_text\":true,\n\"ab_testing_show_more_button_rework\":true\n}'\n     data-queries='{\n\"type\":\"TOP-Casino\",\n\"limit\":20,\n\"mobile_limit\":10,\n\"show_new\":1,\n\"button_text_type\":\"TOP\",\n\"language\":\"sk\",\n\"project\":\"PM\",\n\"page\":1\n}'\n     ><\/div>\n\n\n\n\n<h2 class=\"wp-block-heading\"><span class=\"ez-toc-section\" id=\"Ako_platit_s_Mastercard_v_online_kasinach\"><\/span><strong>Ako plati\u0165 s Mastercard v online kas\u00ednach?<\/strong><span class=\"ez-toc-section-end\"><\/span><\/h2>\n\n\n\n<p>MasterCard bankov\u00fdmi kartami je mo\u017en\u00e9 plati\u0165 v 210 krajin\u00e1ch sveta a vo viac ako 25 mili\u00f3noch r\u00f4znych spolo\u010dnost\u00ed, vr\u00e1tane r\u00f4znych online kas\u00edn. <b>Platba touto bankovou kartou je ve\u013emi jednoduch\u00e1:<\/b><\/p>\n\n\n\n<ol class=\"wp-block-list\">\n<li>Najprv potrebujete kartu Mastercard, ak ju nem\u00e1te &#8211; m\u00f4\u017eete si ju objedna\u0165 z va\u0161ej banky alebo vyu\u017ei\u0165 slu\u017eby modern\u00fdch online b\u00e1nk, ako je Revolut, a z\u00edska\u0165 kartu Mastercard;<\/li>\n\n\n\n<li>Ak u\u017e m\u00e1te kartu &#8211; vyberte si online kas\u00edno, ktor\u00e9 sa v\u00e1m p\u00e1\u010di. Viac ako 90% online kas\u00edn prij\u00edma Mastercard, tak\u017ee v\u00fdber by nemal by\u0165 \u0165a\u017ek\u00fd;<\/li>\n\n\n\n<li>Po v\u00fdbere kas\u00edna prejdite do sekcie platieb a vyberte mo\u017enos\u0165 MasterCard &#8211; budete musie\u0165 zada\u0165 \u00fadaje o karte a po\u017eadovan\u00fa sumu platby;<\/li>\n\n\n\n<li>Po vykonan\u00ed tohto kroku by peniaze mali dorazi\u0165 na v\u00e1\u0161 hern\u00fd \u00fa\u010det v priebehu nieko\u013ek\u00fdch okamihov.<\/li>\n<\/ol>\n\n\n\n<h3 class=\"wp-block-heading\">Pou\u017e\u00edvan\u00edm karty Mastercard m\u00f4\u017eete nielen vykon\u00e1va\u0165 vklady, ale aj prij\u00edma\u0165 v\u00fdbery na t\u00fa ist\u00fa kartu:<\/h3>\n\n\n\n<ol class=\"wp-block-list\">\n<li>Jednoducho zadajte po\u017eadovan\u00fa sumu v\u00fdberu a vyberte Mastercard. Pri prvom platbe s\u00fa va\u0161e \u00fadaje o karte zvy\u010dajne ulo\u017een\u00e9, tak\u017ee ich pravdepodobne nebudete musie\u0165 zada\u0165 znova. Be\u017en\u00e1 minim\u00e1lna suma v\u00fdberu pri v\u00fdbere mo\u017enosti Mastercard je od 10\u20ac do 50\u20ac;<\/li>\n\n\n\n<li>Po objednan\u00ed v\u00fdberu zost\u00e1va \u010daka\u0165, k\u00fdm doraz\u00ed na v\u00e1\u0161 bankov\u00fd \u00fa\u010det. \u010cas v\u00fdberu z\u00e1vis\u00ed od v\u00e1\u0161ho vybran\u00e9ho kas\u00edna a banky. Ak hr\u00e1te v kas\u00edne v tej istej krajine, kde je va\u0161a banka, v\u00fdber m\u00f4\u017eete dosta\u0165 aj do 24 hod\u00edn. Ak v\u0161ak hr\u00e1te v zahrani\u010dnom kas\u00edne, m\u00f4\u017ee to trva\u0165 od 2 do 5 pracovn\u00fdch dn\u00ed.<\/li>\n<\/ol>\n\n\n<div class=\"wp-block-image wp-block-image aligncenter\">\n<figure class=\"\"><img decoding=\"async\" width=\"810\" height=\"450\" src=\"https:\/\/pokeriomokykla.com\/app\/uploads\/2020\/06\/mastercard-online-casinos.gif\" alt=\"\" class=\"wp-image-762310\"\/><\/figure><\/div>\n\n\n<h2 class=\"wp-block-heading\"><span class=\"ez-toc-section\" id=\"Mastercard_Casino_online_%E2%80%93_je_platba_bezpecna\"><\/span>Mastercard Casino online &#8211; je platba bezpe\u010dn\u00e1?<span class=\"ez-toc-section-end\"><\/span><\/h2>\n\n\n\n<p><b>Tento platobn\u00fd sp\u00f4sob je jedn\u00fdm z najbezpe\u010dnej\u0161\u00edch mo\u017enost\u00ed.<\/b> Pri platb\u00e1ch online m\u00f4\u017eu klienti pou\u017e\u00edva\u0165 syst\u00e9m MasterCard SecureCode a t\u00fdm posilni\u0165 svoju ochranu. Je to unik\u00e1tny k\u00f3d, ktor\u00fd budete musie\u0165 zada\u0165 na potvrdenie akejko\u013evek transakcie online.<\/p>\n\n\n<div class=\"wp-block-image wp-block-image alignright\">\n<figure class=\"\"><img decoding=\"async\" width=\"585\" height=\"352\" src=\"https:\/\/pokeriomokykla.com\/app\/uploads\/2020\/06\/Mastercard-casino-online.png\" alt=\"Mastercard casino online\" class=\"wp-image-762312\" title=\"Mastercard casino online\" srcset=\"https:\/\/pokeriomokykla.com\/app\/uploads\/2020\/06\/Mastercard-casino-online.png 585w, https:\/\/pokeriomokykla.com\/app\/uploads\/2020\/06\/Mastercard-casino-online-300x181.png 300w, https:\/\/pokeriomokykla.com\/app\/uploads\/2020\/06\/Mastercard-casino-online-199px-120px.png 199w\" sizes=\"(max-width: 585px) 100vw, 585px\" \/><\/figure><\/div>\n\n\n<p>MasterCard tie\u017e pon\u00faka mo\u017enos\u0165 pou\u017e\u00edva\u0165 virtu\u00e1lne bankov\u00e9 karty, ktor\u00fdch inform\u00e1cie sa menia po ka\u017edej platbe.<\/p>\n\n\n\n<p>Av\u0161ak, nikto v\u00e1s nem\u00f4\u017ee ochr\u00e1ni\u0165, ak budete hra\u0165 v ned\u00f4veryhodn\u00fdch online kas\u00ednach. Pred hran\u00edm sa uistite, \u017ee va\u0161e vybran\u00e9 kas\u00edno je licencovan\u00e9 a pre\u010d\u00edtajte si aspo\u0148 nieko\u013eko recenzi\u00ed od in\u00fdch pou\u017e\u00edvate\u013eov. Ak budete hra\u0165 v kas\u00edne bez licencie, m\u00f4\u017eete sa dosta\u0165 do pasce podvodn\u00edkov, ktor\u00ed ukradn\u00fa va\u0161e osobn\u00e9 a bankov\u00e9 inform\u00e1cie. Viac kas\u00ednov\u00fdch tipov <a href=\"https:\/\/pokeriomokykla.com\/kazino-patarimai\">n\u00e1jdete tu.<\/a><\/p>\n\n\n\n<p>Stoj\u00ed za zmienku, \u017ee kreditn\u00e9 karty s\u00fa viac chr\u00e1nen\u00e9 ako debetn\u00e9. Ak niekto ukradne \u00fadaje o va\u0161ej kreditnej karte, m\u00f4\u017eete jednoducho kontaktova\u0165 banku a zru\u0161i\u0165 neautorizovan\u00e9 transakcie. Niektor\u00e9 banky tie\u017e poisti\u0165 prostriedky na va\u0161ej kreditnej karte.<\/p>\n\n\n\n<p>Ak chcete e\u0161te viac zv\u00fd\u0161i\u0165 bezpe\u010dnos\u0165 svojich platieb, m\u00f4\u017eete vyu\u017ei\u0165 mo\u017enos\u0165, ktor\u00fa pon\u00faka v\u00e4\u010d\u0161ina modern\u00fdch b\u00e1nk, a nastavi\u0165 limity na platby s MasterCard. To pom\u00f4\u017ee pred\u00eds\u0165 neo\u010dak\u00e1van\u00fdm v\u00fddavkom a v pr\u00edpade kr\u00e1de\u017ee karty si m\u00f4\u017eete by\u0165 ist\u00ed, \u017ee podvodn\u00edci neukradn\u00fa viac, ako je stanoven\u00fd limit.<\/p>\n\n\n\n<h2 class=\"wp-block-heading\"><span class=\"ez-toc-section\" id=\"MasterCard_online_casino_%E2%80%93_vyhody_a_nevyhody_platby_bankovou_kartou\"><\/span><strong>MasterCard online casino &#8211; v\u00fdhody a nev\u00fdhody platby bankovou kartou<\/strong><span class=\"ez-toc-section-end\"><\/span><\/h2>\n\n\n\n<p>Platba v online kas\u00ednach s kartou MasterCard m\u00e1 svoje v\u00fdhody aj nev\u00fdhody. <b>Najprv za\u010dnime s v\u00fdhodami:<\/b><\/p>\n\n\n\n<ul class=\"wp-block-list\">\n<li>R\u00fdchly a jednoduch\u00fd proces vkladov &#8211; peniaze dorazia na v\u00e1\u0161 hern\u00fd \u00fa\u010det v priebehu nieko\u013ek\u00fdch okamihov;<\/li>\n\n\n\n<li>Tento sp\u00f4sob platby je dostupn\u00fd vo v\u00e4\u010d\u0161ine online kas\u00edn;<\/li>\n\n\n\n<li>Relat\u00edvne bezpe\u010dn\u00fd sp\u00f4sob platby;<\/li>\n\n\n\n<li>Pri platbe s MasterCard m\u00e1te mo\u017enos\u0165 vyu\u017ei\u0165 v\u0161etky pon\u00fakan\u00e9 kas\u00ednov\u00e9 bonusy a z\u013eavy;<\/li>\n\n\n\n<li>Mnoho b\u00e1nk pon\u00faka mobiln\u00e9 aplik\u00e1cie, ktor\u00e9 e\u0161te viac u\u013eah\u010duj\u00fa platobn\u00e9 proced\u00fary.<\/li>\n<\/ul>\n\n\n<div class=\"wp-block-image wp-block-image aligncenter\">\n<figure class=\"\"><img decoding=\"async\" width=\"700\" height=\"310\" src=\"https:\/\/pokeriomokykla.com\/app\/uploads\/2020\/06\/Mastercard-online-casino.jpg\" alt=\"Mastercard online casino\" class=\"wp-image-762313\" title=\"Mastercard online casino\" srcset=\"https:\/\/pokeriomokykla.com\/app\/uploads\/2020\/06\/Mastercard-online-casino.jpg 700w, https:\/\/pokeriomokykla.com\/app\/uploads\/2020\/06\/Mastercard-online-casino-300x133.jpg 300w, https:\/\/pokeriomokykla.com\/app\/uploads\/2020\/06\/Mastercard-online-casino-271px-120px.jpg 271w\" sizes=\"(max-width: 700px) 100vw, 700px\" \/><\/figure><\/div>\n\n\n<p><\/p>\n\n\n\n<p>Av\u0161ak, ako sme u\u017e spomenuli, tento sp\u00f4sob platby m\u00e1 aj <b>nieko\u013eko nev\u00fdhod:<\/b><\/p>\n\n\n\n<p>&#8220;`<\/p>\n\n\n\n<ul class=\"wp-block-list\">\n<li><span style=\"font-weight: 400;\">Pri v\u00fdbere m\u00f4\u017ee trva\u0165 a\u017e 5 pracovn\u00fdch dn\u00ed, k\u00fdm peniaze dorazia na v\u00e1\u0161 \u00fa\u010det;<\/span><\/li>\n\n\n\n<li><span style=\"font-weight: 400;\">Niektor\u00e9 online kas\u00edna \u00fa\u010dtuj\u00fa poplatky za platby MasterCard. Tie zvy\u010dajne dosahuj\u00fa pribli\u017ene 2-3%;<\/span><\/li>\n\n\n\n<li><span style=\"font-weight: 400;\">Pri platbe Mastercard mus\u00edte poskytn\u00fa\u0165 niektor\u00e9 svoje osobn\u00e9 \u00fadaje, ako meno, priezvisko a pod.;<\/span><\/li>\n\n\n\n<li><span style=\"font-weight: 400;\">Ak m\u00e1te kreditn\u00fa kartu, m\u00f4\u017eete vykon\u00e1va\u0165 vklady aj bez pe\u0148az\u00ed na \u00fa\u010dte. Vl\u00e1da Spojen\u00e9ho kr\u00e1\u013eovstva u\u017e zak\u00e1zala platby kreditn\u00fdmi kartami v st\u00e1vkov\u00fdch spolo\u010dnostiach, tak\u017ee je pravdepodobn\u00e9, \u017ee v bl\u00edzkej bud\u00facnosti m\u00f4\u017eu by\u0165 podobn\u00e9 obmedzenia zaveden\u00e9 aj v in\u00fdch krajin\u00e1ch.<\/span><\/li>\n<\/ul>\n","protected":false},"excerpt":{"rendered":"<p>MasterCard &#8211; je jedn\u00fdm z najpopul\u00e1rnej\u0161\u00edch a najzn\u00e1mej\u0161\u00edch sp\u00f4sobov platby&#8230;<\/p>\n","protected":false},"author":5318,"featured_media":762310,"parent":0,"menu_order":0,"comment_status":"closed","ping_status":"closed","template":"page-affiliate-items.php","meta":{"_acf_changed":false,"footnotes":""},"class_list":["post-884891","page","type-page","status-publish","has-post-thumbnail","hentry"],"acf":[],"_links":{"self":[{"href":"https:\/\/pokeriomokykla.com\/sk\/wp-json\/wp\/v2\/pages\/884891","targetHints":{"allow":["GET"]}}],"collection":[{"href":"https:\/\/pokeriomokykla.com\/sk\/wp-json\/wp\/v2\/pages"}],"about":[{"href":"https:\/\/pokeriomokykla.com\/sk\/wp-json\/wp\/v2\/types\/page"}],"author":[{"embeddable":true,"href":"https:\/\/pokeriomokykla.com\/sk\/wp-json\/wp\/v2\/users\/5318"}],"replies":[{"embeddable":true,"href":"https:\/\/pokeriomokykla.com\/sk\/wp-json\/wp\/v2\/comments?post=884891"}],"version-history":[{"count":4,"href":"https:\/\/pokeriomokykla.com\/sk\/wp-json\/wp\/v2\/pages\/884891\/revisions"}],"predecessor-version":[{"id":1108267,"href":"https:\/\/pokeriomokykla.com\/sk\/wp-json\/wp\/v2\/pages\/884891\/revisions\/1108267"}],"wp:featuredmedia":[{"embeddable":true,"href":"https:\/\/pokeriomokykla.com\/sk\/wp-json\/wp\/v2\/media\/762310"}],"wp:attachment":[{"href":"https:\/\/pokeriomokykla.com\/sk\/wp-json\/wp\/v2\/media?parent=884891"}],"curies":[{"name":"wp","href":"https:\/\/api.w.org\/{rel}","templated":true}]}}