{"id":998415,"date":"2020-06-23T16:10:26","date_gmt":"2020-06-23T14:10:26","guid":{"rendered":"https:\/\/pokeriomokykla.com\/mastercard-tiessaistes-kazino"},"modified":"2025-07-29T13:54:31","modified_gmt":"2025-07-29T11:54:31","slug":"mastercard-tiessaistes-kazino","status":"publish","type":"page","link":"https:\/\/pokeriomokykla.com\/lv\/masterkarte-tiessaistes-kazino","title":{"rendered":"Mastercard tie\u0161saistes kazino"},"content":{"rendered":"\n<p>MasterCard &#8211; tas ir viens no popul\u0101r\u0101kajiem un paz\u012bstam\u0101kajiem nor\u0113\u0137inu veidiem vis\u0101 pasaul\u0113. \u0160\u012bs, finan\u0161u pakalpojumus sniedzo\u0161\u0101s uz\u0146\u0113muma, banku kartes ikdien\u0101 izmanto miljoniem cilv\u0113ku &#8211; gan nor\u0113\u0137iniem re\u0101laj\u0101 pasaul\u0113, gan internet\u0101. <\/p>\n\n\n\n<p>\u0160is veids ir dro\u0161s, vienk\u0101r\u0161s un \u0101trs! <span style=\"font-weight: 400;\">Nav br\u012bnums, ka ar\u012b <\/span>daudzi tie\u0161saistes kazino pied\u0101v\u0101 iesp\u0113ju veikt maks\u0101jumus ar Mastercard karti<span style=\"font-weight: 400;\"> (Mastercard online casinos). <\/span><\/p>\n\n\n\n<p><span style=\"font-weight: 400;\">\u0160aj\u0101 rakst\u0101 apspried\u012bsim \u0161\u012b maks\u0101juma veida tie\u0161saistes kazino priek\u0161roc\u012bbas, tr\u016bkumus un k\u0101 to izmantot. <\/span><\/p>\n\n\n\n<div id=\"ez-toc-container\" class=\"ez-toc-v2_0_76 ez-toc-wrap-left counter-hierarchy ez-toc-counter ez-toc-custom ez-toc-container-direction\">\n<div class=\"ez-toc-title-container\">\n<p class=\"ez-toc-title\" style=\"cursor:inherit\">Saturs<\/p>\n<span class=\"ez-toc-title-toggle\"><a href=\"#\" class=\"ez-toc-pull-right ez-toc-btn ez-toc-btn-xs ez-toc-btn-default ez-toc-toggle\" aria-label=\"Toggle Table of Content\"><span class=\"ez-toc-js-icon-con\"><span class=\"\"><span class=\"eztoc-hide\" style=\"display:none;\">Toggle<\/span><span class=\"ez-toc-icon-toggle-span\"><svg style=\"fill: #000000;color:#000000\" xmlns=\"http:\/\/www.w3.org\/2000\/svg\" class=\"list-377408\" width=\"20px\" height=\"20px\" viewBox=\"0 0 24 24\" fill=\"none\"><path d=\"M6 6H4v2h2V6zm14 0H8v2h12V6zM4 11h2v2H4v-2zm16 0H8v2h12v-2zM4 16h2v2H4v-2zm16 0H8v2h12v-2z\" fill=\"currentColor\"><\/path><\/svg><svg style=\"fill: #000000;color:#000000\" class=\"arrow-unsorted-368013\" xmlns=\"http:\/\/www.w3.org\/2000\/svg\" width=\"10px\" height=\"10px\" viewBox=\"0 0 24 24\" version=\"1.2\" baseProfile=\"tiny\"><path d=\"M18.2 9.3l-6.2-6.3-6.2 6.3c-.2.2-.3.4-.3.7s.1.5.3.7c.2.2.4.3.7.3h11c.3 0 .5-.1.7-.3.2-.2.3-.5.3-.7s-.1-.5-.3-.7zM5.8 14.7l6.2 6.3 6.2-6.3c.2-.2.3-.5.3-.7s-.1-.5-.3-.7c-.2-.2-.4-.3-.7-.3h-11c-.3 0-.5.1-.7.3-.2.2-.3.5-.3.7s.1.5.3.7z\"\/><\/svg><\/span><\/span><\/span><\/a><\/span><\/div>\n<nav><ul class='ez-toc-list ez-toc-list-level-1 eztoc-toggle-hide-by-default' ><li class='ez-toc-page-1 ez-toc-heading-level-2'><a class=\"ez-toc-link ez-toc-heading-1\" href=\"https:\/\/pokeriomokykla.com\/lv\/masterkarte-tiessaistes-kazino\/#Labakie_Mastercard_online_casinos_%E2%80%93_kur_var_norekinaties\" >Lab\u0101kie Mastercard online casinos &#8211; kur var nor\u0113\u0137in\u0101ties?<\/a><\/li><li class='ez-toc-page-1 ez-toc-heading-level-2'><a class=\"ez-toc-link ez-toc-heading-2\" href=\"https:\/\/pokeriomokykla.com\/lv\/masterkarte-tiessaistes-kazino\/#Ka_norekinaties_ar_Mastercard_tiessaistes_kazino\" >K\u0101 nor\u0113\u0137in\u0101ties ar Mastercard tie\u0161saistes kazino?<\/a><\/li><li class='ez-toc-page-1 ez-toc-heading-level-2'><a class=\"ez-toc-link ez-toc-heading-3\" href=\"https:\/\/pokeriomokykla.com\/lv\/masterkarte-tiessaistes-kazino\/#Mastercard_Casino_online_%E2%80%93_vai_norekinaties_ir_drosi\" >Mastercard Casino online &#8211; vai nor\u0113\u0137in\u0101ties ir dro\u0161i?<\/a><\/li><li class='ez-toc-page-1 ez-toc-heading-level-2'><a class=\"ez-toc-link ez-toc-heading-4\" href=\"https:\/\/pokeriomokykla.com\/lv\/masterkarte-tiessaistes-kazino\/#MasterCard_online_casino_%E2%80%93_norekinu_ar_bankas_karti_plusi_un_minusi\" >MasterCard online casino &#8211; nor\u0113\u0137inu ar bankas karti plusi un m\u012bnusi<\/a><\/li><\/ul><\/nav><\/div>\n<h2 class=\"wp-block-heading\"><span class=\"ez-toc-section\" id=\"Labakie_Mastercard_online_casinos_%E2%80%93_kur_var_norekinaties\"><\/span>Lab\u0101kie Mastercard online casinos &#8211; kur var nor\u0113\u0137in\u0101ties?<span class=\"ez-toc-section-end\"><\/span><\/h2>\n\n\n\n<p><span style=\"font-weight: 400;\">K\u0101 jau min\u0113j\u0101m, gandr\u012bz katrs tie\u0161saistes kazino pie\u0146em maks\u0101jumus ar MasterCard karti. <\/span>Apak\u0161\u0101 pied\u0101v\u0101jam da\u017eus uzticamus tie\u0161saistes kazino, kuros var\u0113siet nor\u0113\u0137in\u0101ties ar MasterCard.<\/p>\n\n\n\n<div class='widget-card placeholder--card-fullwidth'\n     data-source-gql='https:\/\/scg-new-live.stellate.sh\/'\n     data-source-widgetjs='https:\/\/widget.affprojects.com\/widget.js'\n     data-shortcode='widget-card'\n     data-shortcode-text='[top-casinos-for-games limit=\"20\" mobile-limit=\"10\" listtype=\"stacked\" scrollable=\"never\" fullwidth=\"true\"]'\n     data-props='{\n\"show_more_button\":true,\n\"show_more_button_text\":\"Show More Bookmakers\",\n\"show_more_text\":false,\n\"show_less_text\":false,\n\"vpn_notification\":false,\n\"show_more_items_amount\":null,\n\"fullwidth\":true,\n\"scrollable\":\"never\",\n\"violet_bonus_text\":true,\n\"ab_testing_show_more_button_rework\":true\n}'\n     data-queries='{\n\"type\":\"TOP-Casino\",\n\"limit\":20,\n\"mobile_limit\":10,\n\"show_new\":1,\n\"button_text_type\":\"TOP\",\n\"language\":\"lv\",\n\"project\":\"PM\",\n\"page\":1\n}'\n     ><\/div>\n\n\n\n\n<h2 class=\"wp-block-heading\"><span class=\"ez-toc-section\" id=\"Ka_norekinaties_ar_Mastercard_tiessaistes_kazino\"><\/span><strong>K\u0101 nor\u0113\u0137in\u0101ties ar Mastercard tie\u0161saistes kazino?<\/strong><span class=\"ez-toc-section-end\"><\/span><\/h2>\n\n\n\n<p><span style=\"font-weight: 400;\">MasterCard banku kartes var izmantot nor\u0113\u0137iniem 210 pasaules valst\u012bs un vair\u0101k nek\u0101 25 miljonos da\u017e\u0101du uz\u0146\u0113mumu, tostarp ar\u012b da\u017e\u0101dos tie\u0161saistes kazino. <\/span><b>Nor\u0113\u0137in\u0101\u0161an\u0101s ar \u0161o bankas karti ir \u013coti vienk\u0101r\u0161a:<\/b><\/p>\n\n\n\n<ol class=\"wp-block-list\">\n<li><span style=\"font-weight: 400;\">Vispirms jums ir nepiecie\u0161ama Mastercard karte, ja t\u0101s nav &#8211; tad varat to pas\u016bt\u012bt no j\u016bsu izmantot\u0101s bankas vai izmantot jauno tie\u0161saistes banku, k\u0101 Revolut, pakalpojumus un sa\u0146emt Mastercard karti;<\/span><\/li>\n\n\n\n<li><span style=\"font-weight: 400;\">Ja jums jau ir karte &#8211; tad izv\u0113lieties jums pat\u012bkamu tie\u0161saistes kazino. Vair\u0101k nek\u0101 90% tie\u0161saistes kazino pie\u0146em Mastercard, t\u0101p\u0113c izv\u0113l\u0113ties nevajadz\u0113tu b\u016bt gr\u016bti;<\/span><\/li>\n\n\n\n<li><span style=\"font-weight: 400;\">Izv\u0113loties kazino, dodieties uz maks\u0101jumu sada\u013cu un izv\u0113lieties MasterCard opciju &#8211; jums b\u016bs j\u0101ievada kartes dati un v\u0113lam\u0101 maks\u0101juma summa;<\/span><\/li>\n\n\n\n<li><span style=\"font-weight: 400;\">To izdarot, nauda j\u016bsu sp\u0113\u013cu kont\u0101 vajadz\u0113tu non\u0101kt da\u017eu mirk\u013cu laik\u0101.<\/span><\/li>\n<\/ol>\n\n\n\n<h3 class=\"wp-block-heading\">Izmantojot Mastercard karti, var\u0113siet ne tikai veikt iemaksas, bet ar\u012b sa\u0146emt izmaksas uz to pa\u0161u karti:<\/h3>\n\n\n\n<ol class=\"wp-block-list\">\n<li><span style=\"font-weight: 400;\">Vienk\u0101r\u0161i ievadiet v\u0113lamo izmaksas summu un izv\u0113lieties Mastercard. Veicot pirmo maks\u0101jumu, j\u016bsu kartes dati parasti tiek saglab\u0101ti, t\u0101p\u0113c tos, iesp\u0113jams, neb\u016bs j\u0101ievada no jauna. Parasti minim\u0101l\u0101 izmaksas summa, izv\u0113loties Mastercard opciju, ir no 10\u20ac l\u012bdz 50\u20ac;<\/span><\/li>\n\n\n\n<li><span style=\"font-weight: 400;\">Pas\u016btot izmaksu, atliek gaid\u012bt, l\u012bdz t\u0101 non\u0101ks j\u016bsu bankas kont\u0101. Izmaksas laiks b\u016bs atkar\u012bgs no j\u016bsu izv\u0113l\u0113t\u0101 kazino un izmantot\u0101s bankas. Ja sp\u0113l\u0113jat t\u0101s pa\u0161as valsts kazino, kur\u0101 ir j\u016bsu banka, tad izmaksu var sa\u0146emt ar\u012b 24 stundu laik\u0101. Tom\u0113r, ja sp\u0113l\u0113jat \u0101rzemju kazino, tad var n\u0101kties gaid\u012bt no 2 l\u012bdz 5 darba dien\u0101m.<\/span><\/li>\n<\/ol>\n\n\n<div class=\"wp-block-image wp-block-image aligncenter\">\n<figure class=\"\"><img decoding=\"async\" width=\"810\" height=\"450\" src=\"https:\/\/pokeriomokykla.com\/app\/uploads\/2020\/06\/mastercard-online-casinos.gif\" alt=\"\" class=\"wp-image-762310\"\/><\/figure><\/div>\n\n\n<h2 class=\"wp-block-heading\"><span class=\"ez-toc-section\" id=\"Mastercard_Casino_online_%E2%80%93_vai_norekinaties_ir_drosi\"><\/span>Mastercard Casino online &#8211; vai nor\u0113\u0137in\u0101ties ir dro\u0161i?<span class=\"ez-toc-section-end\"><\/span><\/h2>\n\n\n\n<p><b>\u0160\u012b maks\u0101juma metode ir viena no dro\u0161\u0101kaj\u0101m izv\u0113l\u0113m.<\/b><span style=\"font-weight: 400;\"> Nor\u0113\u0137inoties internet\u0101, klienti var izmantot MasterCard SecureCode sist\u0113mu un t\u0101d\u0113j\u0101di stiprin\u0101t savu aizsardz\u012bbu. Tas ir unik\u0101ls kods, kuru jums b\u016bs j\u0101ievada, lai apstiprin\u0101tu jebk\u0101du transakciju internet\u0101.&nbsp;<\/span><\/p>\n\n\n<div class=\"wp-block-image wp-block-image alignright\">\n<figure class=\"\"><img decoding=\"async\" width=\"585\" height=\"352\" src=\"https:\/\/pokeriomokykla.com\/app\/uploads\/2020\/06\/Mastercard-casino-online.png\" alt=\"Mastercard casino online\" class=\"wp-image-762312\" title=\"Mastercard casino online\" srcset=\"https:\/\/pokeriomokykla.com\/app\/uploads\/2020\/06\/Mastercard-casino-online.png 585w, https:\/\/pokeriomokykla.com\/app\/uploads\/2020\/06\/Mastercard-casino-online-300x181.png 300w, https:\/\/pokeriomokykla.com\/app\/uploads\/2020\/06\/Mastercard-casino-online-199px-120px.png 199w\" sizes=\"(max-width: 585px) 100vw, 585px\" \/><\/figure><\/div>\n\n\n<p><span style=\"font-weight: 400;\">T\u0101pat MasterCard pied\u0101v\u0101 iesp\u0113ju izmantot virtu\u0101l\u0101s banku kartes, kuru inform\u0101cija main\u0101s p\u0113c katra nor\u0113\u0137ina.<\/span><\/p>\n\n\n\n<p><span style=\"font-weight: 400;\">Tom\u0113r neviens j\u016bs nevar\u0113s aizsarg\u0101t, ja sp\u0113l\u0113siet neuzticamos tie\u0161saistes kazino. <\/span>Pirms sp\u0113l\u0113\u0161anas noteikti p\u0101rliecinieties, vai j\u016bsu izv\u0113l\u0113tais kazino ir licenc\u0113ts, un izlasiet vismaz da\u017eus citu lietot\u0101ju atsauksmes par to.<span style=\"font-weight: 400;\"> Ja sp\u0113l\u0113siet kazino bez licences, varat non\u0101kt kr\u0101pnieku nagos, kuri nozags j\u016bsu person\u012bgo un bankas inform\u0101ciju. Vair\u0101k kazino padomu <a href=\"https:\/\/pokeriomokykla.com\/kazino-patarimai\">varat atrast \u0161eit.<\/a><\/span><\/p>\n\n\n\n<p><span style=\"font-weight: 400;\">Ir v\u0113rts piemin\u0113t, ka <\/span>kred\u012btkartes ir vair\u0101k aizsarg\u0101tas nek\u0101 debetkartes.<span style=\"font-weight: 400;\"> Ja k\u0101ds nozog j\u016bsu kred\u012btkartes datus, tad varat vienk\u0101r\u0161i sazin\u0101ties ar banku un atcelt neautoriz\u0113tas transakcijas. T\u0101pat da\u017ei bankas apdro\u0161ina j\u016bsu kred\u012btkart\u0113 eso\u0161os l\u012bdzek\u013cus.<\/span><\/p>\n\n\n\n<p><span style=\"font-weight: 400;\">Lai v\u0113l vair\u0101k palielin\u0101tu savu nor\u0113\u0137inu dro\u0161\u012bbu, varat izmantot liel\u0101k\u0101s m\u016bsdienu bankas pied\u0101v\u0101to iesp\u0113ju <\/span>noteikt nor\u0113\u0137inu ar MasterCard limitus.<span style=\"font-weight: 400;\"> Tas pal\u012bdz\u0113s izvair\u012bties no neparedz\u0113tiem izdevumiem, un kartes z\u0101dz\u012bbas gad\u012bjum\u0101 j\u016bs b\u016bsiet p\u0101rliecin\u0101ti, ka kr\u0101pnieki nezags vair\u0101k nek\u0101 noteiktais limits.<\/span><\/p>\n\n\n\n<h2 class=\"wp-block-heading\"><span class=\"ez-toc-section\" id=\"MasterCard_online_casino_%E2%80%93_norekinu_ar_bankas_karti_plusi_un_minusi\"><\/span><strong>MasterCard online casino &#8211; nor\u0113\u0137inu ar bankas karti plusi un m\u012bnusi<\/strong><span class=\"ez-toc-section-end\"><\/span><\/h2>\n\n\n\n<p><span style=\"font-weight: 400;\">Nor\u0113\u0137in\u0101\u0161an\u0101s tie\u0161saistes kazino ar MasterCard karti ir gan plusi, gan m\u012bnusi. <\/span><b>Vispirms s\u0101ksim ar plusiem:<\/b><\/p>\n\n\n\n<ul class=\"wp-block-list\">\n<li><span style=\"font-weight: 400;\">\u0100tra un vienk\u0101r\u0161a iemaksu proced\u016bra &#8211; nauda j\u016bsu sp\u0113\u013cu kont\u0101 non\u0101ks da\u017eu mirk\u013cu laik\u0101;<\/span><\/li>\n\n\n\n<li><span style=\"font-weight: 400;\">\u0160\u012b maks\u0101juma metode ir pieejama daudzos tie\u0161saistes kazino;<\/span><\/li>\n\n\n\n<li><span style=\"font-weight: 400;\">Sal\u012bdzino\u0161i dro\u0161s nor\u0113\u0137inu veids;<\/span><\/li>\n\n\n\n<li><span style=\"font-weight: 400;\">Nor\u0113\u0137inoties ar MasterCard, jums ir iesp\u0113ja izmantot visas pied\u0101v\u0101t\u0101s kazino pr\u0113mijas un atlaides;<\/span><\/li>\n\n\n\n<li><span style=\"font-weight: 400;\">Daudzas bankas pied\u0101v\u0101 mobil\u0101s lietotnes, kas v\u0113l vair\u0101k atvieglo nor\u0113\u0137inu proced\u016bras.<\/span><\/li>\n<\/ul>\n\n\n<div class=\"wp-block-image wp-block-image aligncenter\">\n<figure class=\"\"><img decoding=\"async\" width=\"700\" height=\"310\" src=\"https:\/\/pokeriomokykla.com\/app\/uploads\/2020\/06\/Mastercard-online-casino.jpg\" alt=\"Mastercard online casino\" class=\"wp-image-762313\" title=\"Mastercard online casino\" srcset=\"https:\/\/pokeriomokykla.com\/app\/uploads\/2020\/06\/Mastercard-online-casino.jpg 700w, https:\/\/pokeriomokykla.com\/app\/uploads\/2020\/06\/Mastercard-online-casino-300x133.jpg 300w, https:\/\/pokeriomokykla.com\/app\/uploads\/2020\/06\/Mastercard-online-casino-271px-120px.jpg 271w\" sizes=\"(max-width: 700px) 100vw, 700px\" \/><\/figure><\/div>\n\n\n<p><\/p>\n\n\n\n<p><span style=\"font-weight: 400;\">Tom\u0113r, k\u0101 jau min\u0113j\u0101m, \u0161\u012b maks\u0101juma metode ir ar\u012b <\/span><b>da\u017ei m\u012bnusi:<\/b><\/p>\n\n\n\n<ul class=\"wp-block-list\">\n<li><span style=\"font-weight: 400;\">Veicot izmaksu, var n\u0101kties gaid\u012bt l\u012bdz 5 darba dien\u0101m, l\u012bdz nauda non\u0101ks j\u016bsu kont\u0101;<\/span><\/li>\n\n\n\n<li><span style=\"font-weight: 400;\">Da\u017ei tie\u0161saistes kazino piem\u0113ro maksas nor\u0113\u0137iniem ar MasterCard. T\u0101s parasti ir apm\u0113ram 2-3%;<\/span><\/li>\n\n\n\n<li><span style=\"font-weight: 400;\">Nor\u0113\u0137inoties ar Mastercard, jums j\u0101sniedz da\u017ei person\u012bgie dati, piem\u0113ram, v\u0101rds, uzv\u0101rds un taml\u012bdz\u012bgi;<\/span><\/li>\n\n\n\n<li><span style=\"font-weight: 400;\">Ja jums ir kred\u012btkarte, tad varat veikt iemaksas pat tad, ja kont\u0101 nav naudas. Lielbrit\u0101nijas vald\u012bba jau ir aizliegusi nor\u0113\u0137inus ar kred\u012btkart\u0113m azartsp\u0113\u013cu uz\u0146\u0113mumos, t\u0101p\u0113c \u0161\u0137iet, ka tuv\u0101kaj\u0101 n\u0101kotn\u0113 l\u012bdz\u012bgi ierobe\u017eojumi var tikt ieviesti ar\u012b cit\u0101s valst\u012bs.<\/span><\/li>\n<\/ul>\n","protected":false},"excerpt":{"rendered":"<p>MasterCard &#8211; tas ir viens no popul\u0101r\u0101kajiem un paz\u012bstam\u0101kajiem nor\u0113\u0137inu&#8230;<\/p>\n","protected":false},"author":5318,"featured_media":762310,"parent":0,"menu_order":0,"comment_status":"closed","ping_status":"closed","template":"page-affiliate-items.php","meta":{"_acf_changed":false,"footnotes":""},"class_list":["post-998415","page","type-page","status-publish","has-post-thumbnail","hentry"],"acf":[],"_links":{"self":[{"href":"https:\/\/pokeriomokykla.com\/lv\/wp-json\/wp\/v2\/pages\/998415","targetHints":{"allow":["GET"]}}],"collection":[{"href":"https:\/\/pokeriomokykla.com\/lv\/wp-json\/wp\/v2\/pages"}],"about":[{"href":"https:\/\/pokeriomokykla.com\/lv\/wp-json\/wp\/v2\/types\/page"}],"author":[{"embeddable":true,"href":"https:\/\/pokeriomokykla.com\/lv\/wp-json\/wp\/v2\/users\/5318"}],"replies":[{"embeddable":true,"href":"https:\/\/pokeriomokykla.com\/lv\/wp-json\/wp\/v2\/comments?post=998415"}],"version-history":[{"count":3,"href":"https:\/\/pokeriomokykla.com\/lv\/wp-json\/wp\/v2\/pages\/998415\/revisions"}],"predecessor-version":[{"id":1108266,"href":"https:\/\/pokeriomokykla.com\/lv\/wp-json\/wp\/v2\/pages\/998415\/revisions\/1108266"}],"wp:featuredmedia":[{"embeddable":true,"href":"https:\/\/pokeriomokykla.com\/lv\/wp-json\/wp\/v2\/media\/762310"}],"wp:attachment":[{"href":"https:\/\/pokeriomokykla.com\/lv\/wp-json\/wp\/v2\/media?parent=998415"}],"curies":[{"name":"wp","href":"https:\/\/api.w.org\/{rel}","templated":true}]}}