{"id":881575,"date":"2015-08-05T17:59:45","date_gmt":"2015-08-05T15:59:45","guid":{"rendered":"https:\/\/pokeriomokykla.com\/sveicinati"},"modified":"2025-04-29T01:31:31","modified_gmt":"2025-04-28T23:31:31","slug":"sveicinati","status":"publish","type":"page","link":"https:\/\/pokeriomokykla.com\/lv\/laipni-ludzam","title":{"rendered":"Sveiki!"},"content":{"rendered":"<p style=\"text-align: center\">Apsveicam, j\u016bsu re\u0123istr\u0101cija ir pabeigta. J\u016bsu konts jau ir akt\u012bvs, un j\u016bs jau varat izmantot visas PokerioMokykla.com funkcijas.<\/p>\n","protected":false},"excerpt":{"rendered":"<p>Apsveicam, j\u016bsu re\u0123istr\u0101cija ir pabeigta. J\u016bsu konts jau ir akt\u012bvs,&#8230;<\/p>\n","protected":false},"author":72,"featured_media":0,"parent":0,"menu_order":16,"comment_status":"open","ping_status":"open","template":"","meta":{"_acf_changed":false,"footnotes":""},"class_list":["post-881575","page","type-page","status-publish","hentry"],"acf":[],"_links":{"self":[{"href":"https:\/\/pokeriomokykla.com\/lv\/wp-json\/wp\/v2\/pages\/881575","targetHints":{"allow":["GET"]}}],"collection":[{"href":"https:\/\/pokeriomokykla.com\/lv\/wp-json\/wp\/v2\/pages"}],"about":[{"href":"https:\/\/pokeriomokykla.com\/lv\/wp-json\/wp\/v2\/types\/page"}],"author":[{"embeddable":true,"href":"https:\/\/pokeriomokykla.com\/lv\/wp-json\/wp\/v2\/users\/72"}],"replies":[{"embeddable":true,"href":"https:\/\/pokeriomokykla.com\/lv\/wp-json\/wp\/v2\/comments?post=881575"}],"version-history":[{"count":2,"href":"https:\/\/pokeriomokykla.com\/lv\/wp-json\/wp\/v2\/pages\/881575\/revisions"}],"predecessor-version":[{"id":1050407,"href":"https:\/\/pokeriomokykla.com\/lv\/wp-json\/wp\/v2\/pages\/881575\/revisions\/1050407"}],"wp:attachment":[{"href":"https:\/\/pokeriomokykla.com\/lv\/wp-json\/wp\/v2\/media?parent=881575"}],"curies":[{"name":"wp","href":"https:\/\/api.w.org\/{rel}","templated":true}]}}