{"id":880125,"date":"2016-08-07T14:27:51","date_gmt":"2016-08-07T12:27:51","guid":{"rendered":"https:\/\/pokeriomokykla.com\/apsveicam-registracija-veiksmiga"},"modified":"2026-05-11T03:02:16","modified_gmt":"2026-05-11T01:02:16","slug":"apsveicam-registracija-veiksmiga","status":"publish","type":"page","link":"https:\/\/pokeriomokykla.com\/lv\/laipni-ludzam-registracija-laicigi","title":{"rendered":"Apsveicam, re\u0123istr\u0101cija veiksm\u012bga"},"content":{"rendered":"<p>Apsveicam, re\u0123istr\u0101cija ir piln\u012bb\u0101 pabeigta. Tikl\u012bdz m\u016bsu administratore redz\u0113s j\u016bsu p\u0101rskait\u012bjumu, vi\u0146a apstiprin\u0101s dal\u012bbu. Parasti l\u012bdz 24 stund\u0101m (darba dien\u0101s).<\/p>\n","protected":false},"excerpt":{"rendered":"<p>Apsveicam, re\u0123istr\u0101cija ir piln\u012bb\u0101 pabeigta. Tikl\u012bdz m\u016bsu administratore redz\u0113s j\u016bsu&#8230;<\/p>\n","protected":false},"author":72,"featured_media":0,"parent":0,"menu_order":22,"comment_status":"closed","ping_status":"closed","template":"","meta":{"_acf_changed":false,"footnotes":""},"class_list":["post-880125","page","type-page","status-publish","hentry"],"acf":[],"_links":{"self":[{"href":"https:\/\/pokeriomokykla.com\/lv\/wp-json\/wp\/v2\/pages\/880125","targetHints":{"allow":["GET"]}}],"collection":[{"href":"https:\/\/pokeriomokykla.com\/lv\/wp-json\/wp\/v2\/pages"}],"about":[{"href":"https:\/\/pokeriomokykla.com\/lv\/wp-json\/wp\/v2\/types\/page"}],"author":[{"embeddable":true,"href":"https:\/\/pokeriomokykla.com\/lv\/wp-json\/wp\/v2\/users\/72"}],"replies":[{"embeddable":true,"href":"https:\/\/pokeriomokykla.com\/lv\/wp-json\/wp\/v2\/comments?post=880125"}],"version-history":[{"count":1,"href":"https:\/\/pokeriomokykla.com\/lv\/wp-json\/wp\/v2\/pages\/880125\/revisions"}],"predecessor-version":[{"id":963283,"href":"https:\/\/pokeriomokykla.com\/lv\/wp-json\/wp\/v2\/pages\/880125\/revisions\/963283"}],"wp:attachment":[{"href":"https:\/\/pokeriomokykla.com\/lv\/wp-json\/wp\/v2\/media?parent=880125"}],"curies":[{"name":"wp","href":"https:\/\/api.w.org\/{rel}","templated":true}]}}