{"id":871140,"date":"2020-11-04T16:40:23","date_gmt":"2020-11-04T14:40:23","guid":{"rendered":"https:\/\/pokeriomokykla.com\/skrill-kazino-interneta-bonusa-kodi-un-viss-par-skrill"},"modified":"2025-04-28T23:24:55","modified_gmt":"2025-04-28T21:24:55","slug":"skrill-kazino-interneta-bonusa-kodi-un-viss-par-skrill","status":"publish","type":"page","link":"https:\/\/pokeriomokykla.com\/lv\/skrill-kazino-interneta-bonusu-kodi-ar-labakajiem-piedavajumiem","title":{"rendered":"Skrill kazino internetu \u2013 bonusu kodi 2026"},"content":{"rendered":"<div id=\"ez-toc-container\" class=\"ez-toc-v2_0_76 ez-toc-wrap-left counter-hierarchy ez-toc-counter ez-toc-custom ez-toc-container-direction\">\n<div class=\"ez-toc-title-container\">\n<p class=\"ez-toc-title\" style=\"cursor:inherit\">Saturs<\/p>\n<span class=\"ez-toc-title-toggle\"><a href=\"#\" class=\"ez-toc-pull-right ez-toc-btn ez-toc-btn-xs ez-toc-btn-default ez-toc-toggle\" aria-label=\"Toggle Table of Content\"><span class=\"ez-toc-js-icon-con\"><span class=\"\"><span class=\"eztoc-hide\" style=\"display:none;\">Toggle<\/span><span class=\"ez-toc-icon-toggle-span\"><svg style=\"fill: #000000;color:#000000\" xmlns=\"http:\/\/www.w3.org\/2000\/svg\" class=\"list-377408\" width=\"20px\" height=\"20px\" viewBox=\"0 0 24 24\" fill=\"none\"><path d=\"M6 6H4v2h2V6zm14 0H8v2h12V6zM4 11h2v2H4v-2zm16 0H8v2h12v-2zM4 16h2v2H4v-2zm16 0H8v2h12v-2z\" fill=\"currentColor\"><\/path><\/svg><svg style=\"fill: #000000;color:#000000\" class=\"arrow-unsorted-368013\" xmlns=\"http:\/\/www.w3.org\/2000\/svg\" width=\"10px\" height=\"10px\" viewBox=\"0 0 24 24\" version=\"1.2\" baseProfile=\"tiny\"><path d=\"M18.2 9.3l-6.2-6.3-6.2 6.3c-.2.2-.3.4-.3.7s.1.5.3.7c.2.2.4.3.7.3h11c.3 0 .5-.1.7-.3.2-.2.3-.5.3-.7s-.1-.5-.3-.7zM5.8 14.7l6.2 6.3 6.2-6.3c.2-.2.3-.5.3-.7s-.1-.5-.3-.7c-.2-.2-.4-.3-.7-.3h-11c-.3 0-.5.1-.7.3-.2.2-.3.5-.3.7s.1.5.3.7z\"\/><\/svg><\/span><\/span><\/span><\/a><\/span><\/div>\n<nav><ul class='ez-toc-list ez-toc-list-level-1 eztoc-toggle-hide-by-default' ><li class='ez-toc-page-1 ez-toc-heading-level-2'><a class=\"ez-toc-link ez-toc-heading-1\" href=\"https:\/\/pokeriomokykla.com\/lv\/skrill-kazino-interneta-bonusu-kodi-ar-labakajiem-piedavajumiem\/#Skrill_kazino_saraksts_%E2%80%93_atjauninats_2026\" >Skrill kazino saraksts \u2013 atjaunin\u0101ts 2026<\/a><\/li><li class='ez-toc-page-1 ez-toc-heading-level-2'><a class=\"ez-toc-link ez-toc-heading-2\" href=\"https:\/\/pokeriomokykla.com\/lv\/skrill-kazino-interneta-bonusu-kodi-ar-labakajiem-piedavajumiem\/#Ka_darbojas_%E2%80%9ESkrill%E2%80%9C\" >K\u0101 darbojas \u201eSkrill\u201c?<\/a><\/li><li class='ez-toc-page-1 ez-toc-heading-level-2'><a class=\"ez-toc-link ez-toc-heading-3\" href=\"https:\/\/pokeriomokykla.com\/lv\/skrill-kazino-interneta-bonusu-kodi-ar-labakajiem-piedavajumiem\/#Kapec_jums_vajadzetu_spelet_Skrill_tiessaistes_kazino\" >K\u0101p\u0113c jums vajadz\u0113tu sp\u0113l\u0113t Skrill tie\u0161saistes kazino?<\/a><\/li><li class='ez-toc-page-1 ez-toc-heading-level-2'><a class=\"ez-toc-link ez-toc-heading-4\" href=\"https:\/\/pokeriomokykla.com\/lv\/skrill-kazino-interneta-bonusu-kodi-ar-labakajiem-piedavajumiem\/#Skrill_kazino_bonusi_Ko_jums_vajadzetu_zinat\" >Skrill kazino bonusi: Ko jums vajadz\u0113tu zin\u0101t<\/a><\/li><li class='ez-toc-page-1 ez-toc-heading-level-2'><a class=\"ez-toc-link ez-toc-heading-5\" href=\"https:\/\/pokeriomokykla.com\/lv\/skrill-kazino-interneta-bonusu-kodi-ar-labakajiem-piedavajumiem\/#Ka_sakt_izmantot_Skrill_un_sasniegt_maksimalu_labumu\" >K\u0101 s\u0101kt izmantot Skrill un sasniegt maksim\u0101lu labumu?<\/a><\/li><li class='ez-toc-page-1 ez-toc-heading-level-2'><a class=\"ez-toc-link ez-toc-heading-6\" href=\"https:\/\/pokeriomokykla.com\/lv\/skrill-kazino-interneta-bonusu-kodi-ar-labakajiem-piedavajumiem\/#Iemaksas_un_izmaksas\" >Iemaksas un izmaksas<\/a><\/li><li class='ez-toc-page-1 ez-toc-heading-level-2'><a class=\"ez-toc-link ez-toc-heading-7\" href=\"https:\/\/pokeriomokykla.com\/lv\/skrill-kazino-interneta-bonusu-kodi-ar-labakajiem-piedavajumiem\/#Interesanti_fakti_par_Skrill\" >Interesanti fakti par Skrill<\/a><\/li><li class='ez-toc-page-1 ez-toc-heading-level-2'><a class=\"ez-toc-link ez-toc-heading-8\" href=\"https:\/\/pokeriomokykla.com\/lv\/skrill-kazino-interneta-bonusu-kodi-ar-labakajiem-piedavajumiem\/#Mobilie_Skrill_kazino\" >Mobilie Skrill kazino<\/a><\/li><li class='ez-toc-page-1 ez-toc-heading-level-2'><a class=\"ez-toc-link ez-toc-heading-9\" href=\"https:\/\/pokeriomokykla.com\/lv\/skrill-kazino-interneta-bonusu-kodi-ar-labakajiem-piedavajumiem\/#Secinajums_par_Skrill_Casino\" >Secin\u0101jums par Skrill Casino<\/a><\/li><li class='ez-toc-page-1 ez-toc-heading-level-2'><a class=\"ez-toc-link ez-toc-heading-10\" href=\"https:\/\/pokeriomokykla.com\/lv\/skrill-kazino-interneta-bonusu-kodi-ar-labakajiem-piedavajumiem\/#BUJ_par_Skrill_Casino\" >B.U.J par Skrill Casino<\/a><\/li><\/ul><\/nav><\/div>\n<h2 class=\"wp-block-heading\"><span class=\"ez-toc-section\" id=\"Skrill_kazino_saraksts_%E2%80%93_atjauninats_2026\"><\/span>Skrill kazino saraksts \u2013 atjaunin\u0101ts 2026 <span class=\"ez-toc-section-end\"><\/span><\/h2>\n\n<div class='widget-card placeholder--card-fullwidth'\n     data-source-gql='https:\/\/scg-new-live.stellate.sh\/'\n     data-source-widgetjs='https:\/\/widget.affprojects.com\/widget.js'\n     data-shortcode='widget-card'\n     data-shortcode-text='[top-casinos-for-games limit=\"20\" mobile-limit=\"10\" listtype=\"stacked\" scrollable=\"never\" fullwidth=\"true\"]'\n     data-props='{\n\"show_more_button\":true,\n\"show_more_button_text\":\"Show More Bookmakers\",\n\"show_more_text\":false,\n\"show_less_text\":false,\n\"vpn_notification\":false,\n\"show_more_items_amount\":null,\n\"fullwidth\":true,\n\"scrollable\":\"never\",\n\"violet_bonus_text\":true,\n\"ab_testing_show_more_button_rework\":true\n}'\n     data-queries='{\n\"type\":\"TOP-Casino\",\n\"limit\":20,\n\"mobile_limit\":10,\n\"show_new\":1,\n\"button_text_type\":\"TOP\",\n\"language\":\"lv\",\n\"project\":\"PM\",\n\"page\":1\n}'\n     ><\/div>\n\n<p>\u201eSkrill\u201c ir popul\u0101ra elektronisk\u0101 mak\u0101, kas pied\u0101v\u0101 dro\u0161us, \u0101trus un \u0113rtus dar\u012bjumus tie\u0161saistes kazino entuziastiem vis\u0101 pasaul\u0113. \u0160\u012b maks\u0101jumu metode ir k\u013cuvusi par iecien\u012btu sp\u0113l\u0113t\u0101ju vid\u016b, pateicoties t\u0101s vienk\u0101r\u0161ai lieto\u0161anai, augstam dro\u0161\u012bbas l\u012bmenim un visp\u0101r\u0113jai atz\u012b\u0161anai daudzos tie\u0161saistes kazino.<\/p>\n<p>\u0160eit j\u016bs atrad\u012bsiet visu, kas jums j\u0101zina par \u201eSkrill\u201c kazino, ieskaitot bonusu kodus, dar\u012bjumu funkcijas un padomus, k\u0101 maksim\u0101li palielin\u0101t savu pieredzi.<\/p>\n<h2 class=\"wp-block-heading\"><span class=\"ez-toc-section\" id=\"Ka_darbojas_%E2%80%9ESkrill%E2%80%9C\"><\/span>K\u0101 darbojas \u201eSkrill\u201c?<span class=\"ez-toc-section-end\"><\/span><\/h2>\n<p>\u201eSkrill\u201c darbojas k\u0101 digit\u0101l\u0101 mak\u0101, kas \u013cauj p\u0101rskait\u012bt naudu no viena konta uz citu. Daudzi kazino sp\u0113l\u0113t\u0101ji to izmanto dro\u0161iem un \u0101triem maks\u0101jumiem savos kazino kontos. Turkl\u0101t, izmantojot \u201eSkrill\u201c, j\u016bs varat viegli un bez r\u016bp\u0113m iz\u0146emt laim\u0113to summu no kazino konta.<\/p>\n<h2 class=\"wp-block-heading\"><span class=\"ez-toc-section\" id=\"Kapec_jums_vajadzetu_spelet_Skrill_tiessaistes_kazino\"><\/span>K\u0101p\u0113c jums vajadz\u0113tu sp\u0113l\u0113t Skrill tie\u0161saistes kazino?<span class=\"ez-toc-section-end\"><\/span><\/h2>\n<p>Skrill ir daudz priek\u0161roc\u012bbu, piem\u0113ram, \u0101tri dar\u012bjumi, daudz veidu, k\u0101 papildin\u0101t Skrill kontu, un re\u0123istr\u0101cija ir bez maksas. \u0160\u012b iemesla d\u0113\u013c daudzi sp\u0113l\u0113t\u0101ji izv\u0113las kazino, kas izmanto Skrill.<\/p>\n<p>Tom\u0113r, t\u0101 k\u0101 ir tik daudz da\u017e\u0101du elektronisko maku, da\u017ereiz var b\u016bt gr\u016bti atrast jums piem\u0113rotu maks\u0101jumu metodi. T\u0101p\u0113c j\u016bsu lab\u0101 m\u0113s esam uzskait\u012bju\u0161i Skrill priek\u0161roc\u012bbas un tr\u016bkumus. T\u0101d\u0113j\u0101di j\u016bs var\u0113siet sal\u012bdzin\u0101t un noteikt, vai \u0161\u012b maks\u0101jumu metode atbilst j\u016bsu pras\u012bb\u0101m.<\/p>\n<figure class=\"wp-block-table is-style-regular\">\n<table class=\"has-pale-ocean-gradient-background has-background has-fixed-layout\">\n<thead>\n<tr>\n<th>\u2714\ufe0f <strong>Skrill izmanto\u0161anas priek\u0161roc\u012bbas<\/strong><\/th>\n<th>\u274c <strong>Skrill tr\u016bkumi<\/strong><\/th>\n<\/tr>\n<\/thead>\n<tbody>\n<tr>\n<td><strong>\u0100tri un vienm\u0113r\u012bgi dar\u012bjumi:<\/strong> Iemaksas un naudas iz\u0146em\u0161ana notiek \u0101tri, t\u0101p\u0113c j\u016bs varat izmantot savus l\u012bdzek\u013cus bez liekas kav\u0113\u0161an\u0101s.<\/td>\n<td><strong>Ilgs p\u0101rbaudes process:<\/strong> Papildu dro\u0161\u012bbas p\u0101rbaudes, kas nepiecie\u0161amas j\u016bsu l\u012bdzek\u013cu aizsardz\u012bbai, var aizkav\u0113t \u201eSkrill\u201c konta p\u0101rbaudi.<\/td>\n<\/tr>\n<tr>\n<td><strong>Bezmaksas konta izveide:<\/strong> Izveidot \u201eSkrill\u201c kontu ir piln\u012bgi bez maksas, t\u0101p\u0113c tas ir pieejams visiem lietot\u0101jiem.<\/td>\n<td><strong>Ierobe\u017eotas klientu apkalpo\u0161anas iesp\u0113jas:<\/strong> Skrill nesniedz pal\u012bdz\u012bbu tie\u0161saistes \u010dat\u0101, bet izmanto autom\u0101tisko \u010data robotu Sofiju, kas var neatbilst vis\u0101m klientu vajadz\u012bb\u0101m.<\/td>\n<\/tr>\n<tr>\n<td><strong>Daudzveid\u012bgas finans\u0113\u0161anas iesp\u0113jas:<\/strong> Skrill maku var papildin\u0101t da\u017e\u0101dos veidos, piem\u0113ram, ar bankas p\u0101rskait\u012bjumu, \u201eTrustly\u201c, \u201ePaysafecard\u201c u.c.<\/td>\n<td><strong>Ierobe\u017eota izmanto\u0161ana \u0101rpus sp\u0113\u013cu nozares:<\/strong> Lai gan \u201eSkrill\u201c ir pla\u0161i izmantots sp\u0113l\u0113s, cit\u0101s nozar\u0113s tas nav tik bie\u017ei pie\u0146emts, t\u0101p\u0113c mak\u0101 var palikt neizmantoti l\u012bdzek\u013ci.<\/td>\n<\/tr>\n<tr>\n<td><strong>Dro\u0161i dar\u012bjumi:<\/strong> \u201eSkrill\u201c prioritiz\u0113 lietot\u0101ju dro\u0161\u012bbu un pied\u0101v\u0101 t\u0101das funkcijas k\u0101 divu faktoru autentifik\u0101cija, lai nodro\u0161in\u0101tu papildu aizsardz\u012bbu.<\/td>\n<td><\/td>\n<\/tr>\n<tr>\n<td><strong>\u013boti pie\u0146emams sp\u0113l\u0113m:<\/strong> Daudzi tie\u0161saistes kazino un sp\u0113\u013cu platformas atbalsta \u201eSkrill\u201c k\u0101 v\u0113lamo maks\u0101jumu metodi.<\/td>\n<td><\/td>\n<\/tr>\n<tr>\n<td><strong>Regul\u0113ts un uzticams pakalpojumu sniedz\u0113js:<\/strong> Skrill ir uzticama maks\u0101jumu metode, kuru regul\u0113 Finan\u0161u uzved\u012bbas iest\u0101de (FCA), t\u0101p\u0113c tai var uztic\u0113ties.<\/td>\n<td><\/td>\n<\/tr>\n<tr>\n<td><strong>Daudzpus\u012bga maks\u0101jumu piek\u013cuve:<\/strong> \u201eSkrill\u201c ir sader\u012bgs gan ar datoriem, gan mobilaj\u0101m ier\u012bc\u0113m, t\u0101p\u0113c to var izmantot jebkur\u0101 laik\u0101 un viet\u0101.<\/td>\n<td><\/td>\n<\/tr>\n<tr>\n<td><strong>Iesp\u0113ja izmantot priek\u0161apmaksas karti:<\/strong> \u201eSkrill\u201c pied\u0101v\u0101 priek\u0161apmaksas karti, kas saist\u012bta ar j\u016bsu kontu, t\u0101p\u0113c ir \u0113rti veikt pirkumus fiziski.<\/td>\n<td><\/td>\n<\/tr>\n<tr>\n<td><strong>\u012apa\u0161as sporta funkcijas:<\/strong> \u201eSkrill\u201c ir \u012bpa\u0161a sporta sada\u013ca, kur\u0101 lietot\u0101ji var atrast noder\u012bgas ieskatus, ieskaitot komandu statistiku, sp\u0113l\u0113t\u0101ju datus un padomus.<\/td>\n<td><\/td>\n<\/tr>\n<\/tbody>\n<\/table>\n<\/figure>\n<h2 class=\"wp-block-heading\"><span class=\"ez-toc-section\" id=\"Skrill_kazino_bonusi_Ko_jums_vajadzetu_zinat\"><\/span>Skrill kazino bonusi: Ko jums vajadz\u0113tu zin\u0101t<span class=\"ez-toc-section-end\"><\/span><\/h2>\n<\/p>\n<p>Lai gan \u201eSkrill\u201c ir \u0113rta maks\u0101jumu metode, da\u017ei tie\u0161saistes kazino nepie\u0161\u0137ir ties\u012bbas uz noteiktiem bonusiem, piem\u0113ram, sveiciena pied\u0101v\u0101jumiem, par \u201eSkrill\u201c veiktiem iemaks\u0101m. Tas ir saist\u012bts ar ba\u017e\u0101m, ka bonusi netiks \u013caunpr\u0101t\u012bgi izmantoti. Tom\u0113r daudzi kazino joproj\u0101m pied\u0101v\u0101 ekskluz\u012bvus bonusus \u201eSkrill\u201c lietot\u0101jiem vai iek\u013cauj \u201eSkrill\u201c iemaksas standarta akcij\u0101s.<\/p>\n<p>Lai p\u0101rliecin\u0101tos, ka jums ir ties\u012bbas sa\u0146emt bonusus:<\/p>\n<ul class=\"wp-block-list\">\n<li>P\u0101rbaudiet kazino bonusu pied\u0101v\u0101jumu noteikumus un nosac\u012bjumus.<\/li>\n<li>Mekl\u0113jiet kazino, kas \u012bpa\u0161i izce\u013c Skrill draudz\u012bgus bonusus.<\/li>\n<\/ul>\n<h3 class=\"wp-block-heading\">Skrill kazino bonusu veidi:<\/h3>\n<ul class=\"wp-block-list\">\n<li>Matched deposit bonus<\/li>\n<li><a href=\"https:\/\/pokeriomokykla.com\/reload-bonus\">Reload bonus<\/a><\/li>\n<li><a href=\"https:\/\/pokeriomokykla.com\/kazino-bonusai-be-depozito\">Casino Skrill no deposit bonus<\/a><\/li>\n<li><a href=\"https:\/\/pokeriomokykla.com\/nemokami-sukimai-free-casino-spins\">Free spins or bonus spins<\/a><\/li>\n<\/ul>\n<h2 class=\"wp-block-heading\"><span class=\"ez-toc-section\" id=\"Ka_sakt_izmantot_Skrill_un_sasniegt_maksimalu_labumu\"><\/span><b>K\u0101 s\u0101kt izmantot Skrill un sasniegt maksim\u0101lu labumu?<\/b><span class=\"ez-toc-section-end\"><\/span><\/h2>\n<\/p>\n<p><span style=\"font-weight: 400;\">Re\u0123istr\u0101cija Skrill platform\u0101 ir \u013coti vienk\u0101r\u0161a. Lai re\u0123istr\u0113tos, jums b\u016bs nepiecie\u0161amas da\u017eas min\u016btes, un p\u0113c tam b\u016bs tikai j\u0101apstiprina sava identit\u0101te, lai piln\u012bb\u0101 izmantotu \u0161\u012bs maks\u0101jumu platformas priek\u0161roc\u012bbas.<\/span><\/p>\n<ul class=\"wp-block-list\">\n<li><span style=\"font-weight: 400;\">Apmekl\u0113jiet Skrill t\u012bmek\u013ca vietni un noklik\u0161\u0137iniet uz \u201e<\/span><a href=\"https:\/\/account.skrill.com\/wallet\/account\/sign-up?locale=en\" target=\"_blank\" rel=\"noopener\"><span style=\"font-weight: 400;\">Register<\/span><\/a><span style=\"font-weight: 400;\">\u201c<\/span><\/li>\n<li><span style=\"font-weight: 400;\">Ievadiet savus person\u012bgos datus (v\u0101rds, uzv\u0101rds, dz\u012bvesvieta, konta val\u016bta, e-pasts, parole)<\/span><\/li>\n<li><span style=\"font-weight: 400;\">Piekr\u012btiet pakalpojumu snieg\u0161anas noteikumiem un pabeidziet re\u0123istr\u0101ciju.<\/span><\/li>\n<\/ul>\n<p><span style=\"font-weight: 400;\">P\u0113c \u0161o so\u013cu veik\u0161anas j\u016bs jau b\u016bsiet izveidojis savu virtu\u0101lo Skrill maku. Un, lai gan tas jau ir akt\u012bvs un pie konta var piesl\u0113gties, neaktiviz\u0113ts Skrill maks ar neapstiprin\u0101tu identit\u0101ti ir maz noder\u012bgs, jo jums vienk\u0101r\u0161i neizdosies veikt maks\u0101jumus vai p\u0101rskait\u012bjumus. Lai piln\u012bb\u0101 izmantotu Skrill, ir j\u0101nosl\u0113dz re\u0123istr\u0101cija un j\u0101iemaks\u0101 l\u012bdzek\u013ci tie\u0161saistes mak\u0101. S\u0101kot konta apstiprin\u0101\u0161anas procesu, jums b\u016bs j\u0101ievada:<\/span><\/p>\n<ul class=\"wp-block-list\">\n<li><span style=\"font-weight: 400;\">Dz\u012bvesvietas adrese (to b\u016bs j\u0101apstiprina, iesl\u0113dzot atra\u0161an\u0101s vietas noteik\u0161anas funkciju viedt\u0101lrun\u012b vai aug\u0161upiel\u0101d\u0113jot dokumentu, kas apstiprina nor\u0101d\u012bto dz\u012bvesvietu);<\/span><\/li>\n<li><span style=\"font-weight: 400;\">Pasta kods;<\/span><\/li>\n<li><span style=\"font-weight: 400;\">Dzim\u0161anas datums;<\/span><\/li>\n<li><span style=\"font-weight: 400;\">Mobil\u0101 t\u0101lru\u0146a numurs<\/span><\/li>\n<\/ul>\n<p><span style=\"font-weight: 400;\">Ievadot \u0161os datus, j\u016bs sa\u0146emsiet SMS zi\u0146ojumu ar apstiprin\u0101juma kodu. \u0160is kods b\u016bs j\u0101ievada Skrill lietotn\u0113 un t\u012bmek\u013ca vietn\u0113, k\u0101 ar\u012b j\u0101veic atliku\u0161\u0101s darb\u012bbas, lai pabeigtu re\u0123istr\u0101cijas procesu.<\/span><\/p>\n<p><span style=\"font-weight: 400;\">T\u0101pat k\u0101 ar NETELLER, p\u0113c \u0161\u012b posma Skrill kont\u0101 ir j\u0101b\u016bt vismaz vienam l\u012bdzek\u013cu iemaksas veidam, kas b\u016btu saist\u012bts ar virtu\u0101lo maku. T\u0101p\u0113c p\u0113c re\u0123istr\u0101cijas b\u016btu j\u0101papildina Skrill maks ar bankas karti, bankas kontu vai citu maks\u0101juma veidu. Ir desmitiem veidu, k\u0101 to izdar\u012bt.<\/span><\/p>\n<p><span style=\"font-weight: 400;\">Kad viss ir izdar\u012bts un re\u0123istr\u0101cija pabeigta, jau var p\u0101riet pie azartsp\u0113\u013cu uz\u0146\u0113mumiem un dro\u0161i papildin\u0101t kontu, izmantojot Skrill virtu\u0101lo maku.<\/span><\/p>\n<h2 class=\"wp-block-heading\"><span class=\"ez-toc-section\" id=\"Iemaksas_un_izmaksas\"><\/span><b>Iemaksas un izmaksas<\/b><span class=\"ez-toc-section-end\"><\/span><\/h2>\n<\/p>\n<p><span style=\"font-weight: 400;\">Skrill maki ir viens no \u0101tr\u0101kajiem veidiem, k\u0101 var iz\u0146emt laimestus no kazino. Parasti laimesti tiek izmaks\u0101ti uz Skrill maku 24 stundu laik\u0101 (\u0101rvalst\u012bs), ta\u010du ret\u0101kos gad\u012bjumos izmaksas laiks var pagarin\u0101ties l\u012bdz 3-5 darba dien\u0101m.<\/span><\/p>\n<p><span style=\"font-weight: 400;\">T\u0101 k\u0101 elektroniskie maki joproj\u0101m netiek uzskat\u012bti par l\u012bdzv\u0113rt\u012bgu alternat\u012bvu bankas kontam vai maks\u0101jumu kartei, lai iz\u0146emtu liel\u0101ku summu, azartsp\u0113\u013cu organizators var piepras\u012bt papildu identit\u0101tes apstiprin\u0101jumu.<\/span><\/p>\n<p><span style=\"font-weight: 400;\">Nebaidieties un nos\u016btiet nepiecie\u0161amos dokumentus. Parasti maks\u0101juma apstr\u0101de un apstiprin\u0101\u0161ana aiz\u0146em laiku, jo p\u0113c tam, kad azartsp\u0113\u013cu organizators to veic, nauda j\u016bsu Skrill kont\u0101 ien\u0101k acumirkl\u012b.<\/span><\/p>\n<h2 class=\"wp-block-heading\"><span class=\"ez-toc-section\" id=\"Interesanti_fakti_par_Skrill\"><\/span>Interesanti fakti par Skrill<span class=\"ez-toc-section-end\"><\/span><\/h2>\n<\/p>\n<p><span style=\"font-weight: 400;\">Papildus visp\u0101r\u0113jiem faktiem par Skrill, k\u0101 par uz\u0146\u0113mumu un z\u012bmolu, ir svar\u012bgi izcelt ar\u012b katram klientam aktu\u0101los pakalpojumu \u012bpa\u0161\u012bbas:<\/span><\/p>\n<ul class=\"wp-block-list\">\n<li><strong>Dibin\u0101\u0161anas gads.<\/strong> \u201eSkrill\u201c tika dibin\u0101ta 2001. gad\u0101 un s\u0101kotn\u0113ji sauc\u0101s \u201eMoneybookers\u201c.<\/li>\n<li><strong>Pieder \u201ePaysafe Group\u201c.<\/strong> \u201eSkrill\u201c kop\u0101 ar \u201eNETELLER\u201c pieder \u201ePaysafe Group\u201c, kas ir viens no liel\u0101kajiem elektronisko maks\u0101jumu pakalpojumu sniedz\u0113jiem pasaul\u0113.<\/li>\n<li><strong>Iesp\u0113ja izmantot vair\u0101k nek\u0101 40 val\u016btas.<\/strong> \u201eSkrill\u201c \u013cauj lietot\u0101jiem veikt dar\u012bjumus vair\u0101k nek\u0101 40 val\u016bt\u0101s, t\u0101p\u0113c t\u0101 ir ide\u0101li piem\u0113rota starptautiskiem maks\u0101jumiem.<\/li>\n<li><strong>Bonusi kazino sp\u0113l\u0113t\u0101jiem.<\/strong> Lai gan da\u017ei bonusi nav atkar\u012bgi no \u201eSkrill\u201c iemaks\u0101m, da\u017ei kazino pied\u0101v\u0101 \u012bpa\u0161us bonusus tie\u0161i \u201eSkrill\u201c lietot\u0101jiem.<\/li>\n<li><strong>\u0112rta sporta sada\u013ca.<\/strong> \u201eSkrill\u201c ir \u012bpa\u0161a sada\u013ca, kas paredz\u0113ta sporta cien\u012bt\u0101jiem, ar statistiku un der\u012bbu padomiem.<\/li>\n<li><strong>Z\u012bmols sporta jom\u0101.<\/strong> \u201eSkrill\u201c ir bijusi sponsore daudzos sporta pas\u0101kumos, tostarp futbola un e-sporta turn\u012bros.<\/li>\n<\/ul>\n<h2 class=\"wp-block-heading\"><span class=\"ez-toc-section\" id=\"Mobilie_Skrill_kazino\"><\/span>Mobilie Skrill kazino<span class=\"ez-toc-section-end\"><\/span><\/h2>\n<\/p>\n<p>Ja nev\u0113laties izmantot datoru, ir v\u0113rts zin\u0101t, ka \u201eSkrill\u201c \u013cauj veikt maks\u0101jumus ar\u012b ar mobilo t\u0101lruni. Lietotni var lejupiel\u0101d\u0113t no \u201eAndroid Play Store\u201c un \u201eiOS\u201c lietot\u0146u veikaliem, t\u0101p\u0113c var \u0101tri, dro\u0161i un \u013coti \u0113rti veikt maks\u0101jumus kust\u012bb\u0101.<\/p>\n<p>Visu diennakti pieejama, lai kur j\u016bs atrastos &#8211; v\u0113loties p\u0101rbaud\u012bt sava konta atlikumu, veikt dar\u012bjumus vai iz\u0146emt naudu &#8211; t\u0101ds ir \u201eSkrill\u201c lietotnes univers\u0101lums.<\/p>\n<h2 class=\"wp-block-heading\"><span class=\"ez-toc-section\" id=\"Secinajums_par_Skrill_Casino\"><\/span>Secin\u0101jums par Skrill Casino<span class=\"ez-toc-section-end\"><\/span><\/h2>\n<\/p>\n<p>\u201eSkrill\u201c ir univers\u0101ls un dro\u0161s maks\u0101jumu veids, kas uzlabo tie\u0161saistes kazino pieredzi sp\u0113l\u0113t\u0101jiem vis\u0101 pasaul\u0113. Pateicoties vienk\u0101r\u0161ai lieto\u0161anai, \u0101triem dar\u012bjumiem un visp\u0101r\u0113jai atz\u012b\u0161anai, tas ir lab\u0101kais kazino entuziastu izv\u0113le. Pirms s\u0101kat sp\u0113l\u0113t, vienm\u0113r p\u0101rskatiet izv\u0113l\u0113t\u0101 kazino maks\u0101jumu un bonusu nosac\u012bjumus, lai nodro\u0161in\u0101tu vislab\u0101ko iesp\u0113jamo pieredzi.<\/p>\n<p>Izv\u0113loties uzticamu \u201eSkrill\u201c kazino un saprotot, k\u0101 maksim\u0101li palielin\u0101t savus dar\u012bjumus, j\u016bs var\u0113siet baud\u012bt gludu un izdev\u012bgu sp\u0113\u013cu piedz\u012bvojumu.<\/p>\n<h2 class=\"wp-block-heading\"><span class=\"ez-toc-section\" id=\"BUJ_par_Skrill_Casino\"><\/span>B.U.J par Skrill Casino<span class=\"ez-toc-section-end\"><\/span><\/h2>\n<\/p>\n<div class=\"schema-faq wp-block-yoast-faq-block\">\n<div class=\"schema-faq-section\" id=\"faq-question-1732565981590\"><strong class=\"schema-faq-question\"><strong>Kas ir Skrill?<\/strong><\/strong> <\/p>\n<p class=\"schema-faq-answer\">\u201eSkrill\u201c &#8211; t\u0101 ir tie\u0161saistes maks\u0101jumu pakalpojums, kas \u013cauj lietot\u0101jiem dro\u0161i s\u016bt\u012bt, sa\u0146emt un uzglab\u0101t naudu. Tas tiek pla\u0161i izmantots e-komercij\u0101, sp\u0113l\u0113s un starptautiskajos naudas p\u0101rvedumos.<\/p>\n<\/p><\/div>\n<div class=\"schema-faq-section\" id=\"faq-question-1732565997087\"><strong class=\"schema-faq-question\"><strong>K\u0101 izveidot \u201eSkrill\u201c kontu?<\/strong><\/strong> <\/p>\n<p class=\"schema-faq-answer\">J\u016bs varat izveidot \u201eSkrill\u201c kontu, apmekl\u0113jot ofici\u0101lo vietni, re\u0123istr\u0113joties ar savu e-pasta adresi un aizpildot nepiecie\u0161amo person\u012bgo inform\u0101ciju.<\/p>\n<\/p><\/div>\n<div class=\"schema-faq-section\" id=\"faq-question-1732566006099\"><strong class=\"schema-faq-question\"><strong>Vai \u201eSkrill\u201c lieto\u0161ana ir bezmaksas?<\/strong><\/strong> <\/p>\n<p class=\"schema-faq-answer\">Konta izveide ir bezmaksas, ta\u010du \u201eSkrill\u201c var iekas\u0113t maksu par noteiktiem pakalpojumiem, piem\u0113ram, naudas iz\u0146em\u0161anu, val\u016btas konvert\u0101ciju vai neaktivit\u0101ti.<\/p>\n<\/p><\/div>\n<div class=\"schema-faq-section\" id=\"faq-question-1732566022541\"><strong class=\"schema-faq-question\"><strong>K\u0101das val\u016btas atbalsta \u201eSkrill\u201c?<\/strong><\/strong> <\/p>\n<p class=\"schema-faq-answer\">Skrill atbalsta vair\u0101k nek\u0101 40 val\u016btas, t\u0101p\u0113c tas ir univers\u0101la izv\u0113le starptautisko dar\u012bjumu veik\u0161anai.<\/p>\n<\/p><\/div>\n<div class=\"schema-faq-section\" id=\"faq-question-1732566031863\"><strong class=\"schema-faq-question\"><strong>Vai es varu izmantot \u201eSkrill\u201c tie\u0161saistes azartsp\u0113l\u0113m?<\/strong><\/strong> <\/p>\n<p class=\"schema-faq-answer\">J\u0101, \u201eSkrill\u201c savas dro\u0161\u012bbas un \u0101truma d\u0113\u013c ir viens no popul\u0101r\u0101kajiem maks\u0101jumu veidiem tie\u0161saistes kazino un der\u012bbu vietn\u0113s.<\/p>\n<\/p><\/div>\n<div class=\"schema-faq-section\" id=\"faq-question-1732566041185\"><strong class=\"schema-faq-question\"><strong>Vai par \u201eSkrill\u201c iemaks\u0101m var sa\u0146emt pr\u0113mijas interneta kazino?<\/strong><\/strong> <\/p>\n<p class=\"schema-faq-answer\">Ne vienm\u0113r. Da\u017eos kazino \u201eSkrill\u201c iemaksas netiek iek\u013cautas sveiciena pr\u0113mij\u0101s. P\u0101rbaudiet izmantot\u0101 kazino pr\u0113miju pie\u0161\u0137ir\u0161anas nosac\u012bjumus.<\/p>\n<\/p><\/div>\n<\/p><\/div>\n","protected":false},"excerpt":{"rendered":"<p>Skrill kazino saraksts \u2013 atjaunin\u0101ts \u201eSkrill\u201c ir popul\u0101ra elektronisk\u0101 mak\u0101,&#8230;<\/p>\n","protected":false},"author":5318,"featured_media":1091406,"parent":0,"menu_order":0,"comment_status":"closed","ping_status":"closed","template":"page-affiliate-items.php","meta":{"_acf_changed":false,"footnotes":""},"class_list":["post-871140","page","type-page","status-publish","has-post-thumbnail","hentry"],"acf":[],"_links":{"self":[{"href":"https:\/\/pokeriomokykla.com\/lv\/wp-json\/wp\/v2\/pages\/871140","targetHints":{"allow":["GET"]}}],"collection":[{"href":"https:\/\/pokeriomokykla.com\/lv\/wp-json\/wp\/v2\/pages"}],"about":[{"href":"https:\/\/pokeriomokykla.com\/lv\/wp-json\/wp\/v2\/types\/page"}],"author":[{"embeddable":true,"href":"https:\/\/pokeriomokykla.com\/lv\/wp-json\/wp\/v2\/users\/5318"}],"replies":[{"embeddable":true,"href":"https:\/\/pokeriomokykla.com\/lv\/wp-json\/wp\/v2\/comments?post=871140"}],"version-history":[{"count":4,"href":"https:\/\/pokeriomokykla.com\/lv\/wp-json\/wp\/v2\/pages\/871140\/revisions"}],"predecessor-version":[{"id":1093484,"href":"https:\/\/pokeriomokykla.com\/lv\/wp-json\/wp\/v2\/pages\/871140\/revisions\/1093484"}],"wp:featuredmedia":[{"embeddable":true,"href":"https:\/\/pokeriomokykla.com\/lv\/wp-json\/wp\/v2\/media\/1091406"}],"wp:attachment":[{"href":"https:\/\/pokeriomokykla.com\/lv\/wp-json\/wp\/v2\/media?parent=871140"}],"curies":[{"name":"wp","href":"https:\/\/api.w.org\/{rel}","templated":true}]}}