{"id":823434,"date":"2020-06-23T16:10:26","date_gmt":"2020-06-23T14:10:26","guid":{"rendered":"https:\/\/pokeriomokykla.com\/mastercard-casino-online"},"modified":"2025-06-11T10:50:53","modified_gmt":"2025-06-11T08:50:53","slug":"mastercard-casino-online","status":"publish","type":"page","link":"https:\/\/pokeriomokykla.com\/it\/mastercard-casino-online","title":{"rendered":"Mastercard casin\u00f2 online"},"content":{"rendered":"\n<p>MasterCard &#8211; \u00e8 uno dei metodi di pagamento pi\u00f9 popolari e conosciuti in tutto il mondo. Le carte bancarie di questa azienda di servizi finanziari sono utilizzate quotidianamente da milioni di persone, sia per i pagamenti nel mondo reale che online. <\/p>\n\n\n\n<p>Questo metodo \u00e8 sicuro, semplice e veloce! Non sorprende che molti casin\u00f2 online offrano la possibilit\u00e0 di effettuare pagamenti con carta Mastercard (Mastercard online casinos). <\/p>\n\n\n\n<p>In questo articolo discuteremo i vantaggi, gli svantaggi e come utilizzare questo metodo di pagamento nei casin\u00f2 online. <\/p>\n\n\n\n<div id=\"ez-toc-container\" class=\"ez-toc-v2_0_76 ez-toc-wrap-left counter-hierarchy ez-toc-counter ez-toc-custom ez-toc-container-direction\">\n<div class=\"ez-toc-title-container\">\n<p class=\"ez-toc-title\" style=\"cursor:inherit\">Indice<\/p>\n<span class=\"ez-toc-title-toggle\"><a href=\"#\" class=\"ez-toc-pull-right ez-toc-btn ez-toc-btn-xs ez-toc-btn-default ez-toc-toggle\" aria-label=\"Toggle Table of Content\"><span class=\"ez-toc-js-icon-con\"><span class=\"\"><span class=\"eztoc-hide\" style=\"display:none;\">Toggle<\/span><span class=\"ez-toc-icon-toggle-span\"><svg style=\"fill: #000000;color:#000000\" xmlns=\"http:\/\/www.w3.org\/2000\/svg\" class=\"list-377408\" width=\"20px\" height=\"20px\" viewBox=\"0 0 24 24\" fill=\"none\"><path d=\"M6 6H4v2h2V6zm14 0H8v2h12V6zM4 11h2v2H4v-2zm16 0H8v2h12v-2zM4 16h2v2H4v-2zm16 0H8v2h12v-2z\" fill=\"currentColor\"><\/path><\/svg><svg style=\"fill: #000000;color:#000000\" class=\"arrow-unsorted-368013\" xmlns=\"http:\/\/www.w3.org\/2000\/svg\" width=\"10px\" height=\"10px\" viewBox=\"0 0 24 24\" version=\"1.2\" baseProfile=\"tiny\"><path d=\"M18.2 9.3l-6.2-6.3-6.2 6.3c-.2.2-.3.4-.3.7s.1.5.3.7c.2.2.4.3.7.3h11c.3 0 .5-.1.7-.3.2-.2.3-.5.3-.7s-.1-.5-.3-.7zM5.8 14.7l6.2 6.3 6.2-6.3c.2-.2.3-.5.3-.7s-.1-.5-.3-.7c-.2-.2-.4-.3-.7-.3h-11c-.3 0-.5.1-.7.3-.2.2-.3.5-.3.7s.1.5.3.7z\"\/><\/svg><\/span><\/span><\/span><\/a><\/span><\/div>\n<nav><ul class='ez-toc-list ez-toc-list-level-1 eztoc-toggle-hide-by-default' ><li class='ez-toc-page-1 ez-toc-heading-level-2'><a class=\"ez-toc-link ez-toc-heading-1\" href=\"https:\/\/pokeriomokykla.com\/it\/mastercard-casino-online\/#I_migliori_Mastercard_online_casinos_%E2%80%93_dove_e_possibile_pagare\" >I migliori Mastercard online casinos &#8211; dove \u00e8 possibile pagare?<\/a><\/li><li class='ez-toc-page-1 ez-toc-heading-level-2'><a class=\"ez-toc-link ez-toc-heading-2\" href=\"https:\/\/pokeriomokykla.com\/it\/mastercard-casino-online\/#Come_pagare_con_Mastercard_nei_casino_online\" >Come pagare con Mastercard nei casin\u00f2 online?<\/a><\/li><li class='ez-toc-page-1 ez-toc-heading-level-2'><a class=\"ez-toc-link ez-toc-heading-3\" href=\"https:\/\/pokeriomokykla.com\/it\/mastercard-casino-online\/#Mastercard_Casino_online_%E2%80%93_e_sicuro_pagare\" >Mastercard Casino online &#8211; \u00e8 sicuro pagare?<\/a><\/li><li class='ez-toc-page-1 ez-toc-heading-level-2'><a class=\"ez-toc-link ez-toc-heading-4\" href=\"https:\/\/pokeriomokykla.com\/it\/mastercard-casino-online\/#MasterCard_online_casino_%E2%80%93_vantaggi_e_svantaggi_del_pagamento_con_carta_bancaria\" >MasterCard online casino &#8211; vantaggi e svantaggi del pagamento con carta bancaria<\/a><\/li><\/ul><\/nav><\/div>\n<h2 class=\"wp-block-heading\"><span class=\"ez-toc-section\" id=\"I_migliori_Mastercard_online_casinos_%E2%80%93_dove_e_possibile_pagare\"><\/span>I migliori Mastercard online casinos &#8211; dove \u00e8 possibile pagare?<span class=\"ez-toc-section-end\"><\/span><\/h2>\n\n\n\n<p>Come abbiamo gi\u00e0 menzionato, quasi ogni casin\u00f2 online accetta pagamenti con carta MasterCard. Di seguito presentiamo alcuni casin\u00f2 online affidabili dove potrete pagare con MasterCard.<\/p>\n\n\n\n<div class='widget-card placeholder--card-fullwidth'\n     data-source-gql='https:\/\/scg-new-live.stellate.sh\/'\n     data-source-widgetjs='https:\/\/widget.affprojects.com\/widget.js'\n     data-shortcode='widget-card'\n     data-shortcode-text='[top-casinos-for-games limit=\"20\" mobile-limit=\"10\" listtype=\"stacked\" scrollable=\"never\" fullwidth=\"true\"]'\n     data-props='{\n\"show_more_button\":true,\n\"show_more_button_text\":\"Show More Bookmakers\",\n\"show_more_text\":false,\n\"show_less_text\":false,\n\"vpn_notification\":false,\n\"show_more_items_amount\":null,\n\"fullwidth\":true,\n\"scrollable\":\"never\",\n\"violet_bonus_text\":true,\n\"ab_testing_show_more_button_rework\":true\n}'\n     data-queries='{\n\"type\":\"TOP-Casino\",\n\"limit\":20,\n\"mobile_limit\":10,\n\"show_new\":1,\n\"button_text_type\":\"TOP\",\n\"language\":\"it\",\n\"project\":\"PM\",\n\"page\":1\n}'\n     ><\/div>\n\n\n\n\n<h2 class=\"wp-block-heading\"><span class=\"ez-toc-section\" id=\"Come_pagare_con_Mastercard_nei_casino_online\"><\/span><strong>Come pagare con Mastercard nei casin\u00f2 online?<\/strong><span class=\"ez-toc-section-end\"><\/span><\/h2>\n\n\n\n<p>Le carte bancarie MasterCard possono essere utilizzate per pagamenti in 210 paesi del mondo e in oltre 25 milioni di aziende diverse, inclusi vari casin\u00f2 online. <b>Il pagamento con questa carta bancaria \u00e8 estremamente semplice:<\/b><\/p>\n\n\n\n<ol class=\"wp-block-list\">\n<li>Prima di tutto, avete bisogno di una carta Mastercard; se non l'avete, potete ordinarla dalla vostra banca o utilizzare i servizi di banche online innovative come Revolut per ottenere una carta Mastercard;<\/li>\n\n\n\n<li>Se avete gi\u00e0 la carta, scegliete il casin\u00f2 online che preferite. Pi\u00f9 del 90% dei casin\u00f2 online accetta Mastercard, quindi non dovrebbe essere difficile scegliere;<\/li>\n\n\n\n<li>Una volta scelto il casin\u00f2, andate alla sezione pagamenti e selezionate l'opzione MasterCard &#8211; dovrete inserire i dati della carta e l'importo del pagamento desiderato;<\/li>\n\n\n\n<li>Dopo aver fatto ci\u00f2, i soldi dovrebbero raggiungere il vostro conto di gioco in pochi istanti.<\/li>\n<\/ol>\n\n\n\n<h3 class=\"wp-block-heading\">Utilizzando la carta Mastercard potrete non solo effettuare depositi, ma anche ricevere prelievi sulla stessa carta:<\/h3>\n\n\n\n<ol class=\"wp-block-list\">\n<li>Basta inserire l'importo del prelievo desiderato e selezionare Mastercard. Al primo pagamento, i dati della vostra carta vengono solitamente salvati, quindi probabilmente non sar\u00e0 necessario reinserirli. Di solito, l'importo minimo di prelievo scegliendo l'opzione Mastercard varia da 10\u20ac a 50\u20ac;<\/li>\n\n\n\n<li>Dopo aver richiesto il prelievo, resta solo da aspettare che raggiunga il vostro conto bancario. Il tempo di prelievo dipender\u00e0 dal casin\u00f2 scelto e dalla banca utilizzata. Se giocate in un casin\u00f2 dello stesso paese in cui si trova la vostra banca, il prelievo pu\u00f2 essere ricevuto anche entro 24 ore. Tuttavia, se giocate in un casin\u00f2 straniero, potrebbe essere necessario attendere da 2 a 5 giorni lavorativi.<\/li>\n<\/ol>\n\n\n<div class=\"wp-block-image wp-block-image aligncenter\">\n<figure class=\"\"><img decoding=\"async\" width=\"810\" height=\"450\" src=\"https:\/\/pokeriomokykla.com\/app\/uploads\/2020\/06\/mastercard-online-casinos.gif\" alt=\"\" class=\"wp-image-762310\"\/><\/figure><\/div>\n\n\n<h2 class=\"wp-block-heading\"><span class=\"ez-toc-section\" id=\"Mastercard_Casino_online_%E2%80%93_e_sicuro_pagare\"><\/span>Mastercard Casino online &#8211; \u00e8 sicuro pagare?<span class=\"ez-toc-section-end\"><\/span><\/h2>\n\n\n\n<p><b>Questo metodo di pagamento \u00e8 una delle scelte pi\u00f9 sicure.<\/b> Pagando online, i clienti possono utilizzare il sistema MasterCard SecureCode per rafforzare la propria protezione. \u00c8 un codice unico che dovrete inserire per confermare qualsiasi transazione online. <\/p>\n\n\n<div class=\"wp-block-image wp-block-image alignright\">\n<figure class=\"\"><img decoding=\"async\" width=\"585\" height=\"352\" src=\"https:\/\/pokeriomokykla.com\/app\/uploads\/2020\/06\/Mastercard-casino-online.png\" alt=\"Mastercard casino online\" class=\"wp-image-762312\" title=\"Mastercard casino online\" srcset=\"https:\/\/pokeriomokykla.com\/app\/uploads\/2020\/06\/Mastercard-casino-online.png 585w, https:\/\/pokeriomokykla.com\/app\/uploads\/2020\/06\/Mastercard-casino-online-300x181.png 300w, https:\/\/pokeriomokykla.com\/app\/uploads\/2020\/06\/Mastercard-casino-online-199px-120px.png 199w\" sizes=\"(max-width: 585px) 100vw, 585px\" \/><\/figure><\/div>\n\n\n<p>Inoltre, MasterCard offre la possibilit\u00e0 di utilizzare carte bancarie virtuali, le cui informazioni cambiano dopo ogni pagamento.<\/p>\n\n\n\n<p>Tuttavia, nessuno potr\u00e0 proteggervi se giocate in casin\u00f2 online non affidabili. Assicuratevi sempre che il casin\u00f2 scelto sia autorizzato e leggete almeno alcune recensioni di altri utenti su di esso. Se giocate in un casin\u00f2 senza licenza, potreste cadere nelle trappole dei truffatori che ruberanno le vostre informazioni personali e bancarie. Maggiori consigli sui casin\u00f2 <a href=\"https:\/\/pokeriomokykla.com\/kazino-patarimai\">potete trovarli qui.<\/a><\/p>\n\n\n\n<p>Vale la pena menzionare che le carte di credito sono pi\u00f9 protette rispetto alle carte di debito. Se qualcuno ruba i dati della vostra carta di credito, potete semplicemente contattare la banca e annullare le transazioni non autorizzate. Inoltre, alcune banche assicurano i fondi presenti sulla vostra carta di credito.<\/p>\n\n\n\n<p>Per aumentare ulteriormente la sicurezza dei vostri pagamenti, potete utilizzare la possibilit\u00e0 offerta dalla maggior parte delle banche moderne di impostare limiti di pagamento con MasterCard. Questo aiuter\u00e0 a evitare spese impreviste e, in caso di furto della carta, sarete certi che i truffatori non ruberanno pi\u00f9 del limite impostato.<\/p>\n\n\n\n<h2 class=\"wp-block-heading\"><span class=\"ez-toc-section\" id=\"MasterCard_online_casino_%E2%80%93_vantaggi_e_svantaggi_del_pagamento_con_carta_bancaria\"><\/span><strong>MasterCard online casino &#8211; vantaggi e svantaggi del pagamento con carta bancaria<\/strong><span class=\"ez-toc-section-end\"><\/span><\/h2>\n\n\n\n<p>Il pagamento nei casin\u00f2 online con carta MasterCard ha sia vantaggi che svantaggi. <b>Innanzitutto, iniziamo con i vantaggi:<\/b><\/p>\n\n\n\n<ul class=\"wp-block-list\">\n<li>Procedura di deposito rapida e semplice &#8211; i soldi raggiungeranno il vostro conto di gioco in pochi istanti;<\/li>\n\n\n\n<li>Questo metodo di pagamento \u00e8 disponibile in molti casin\u00f2 online;<\/li>\n\n\n\n<li>Metodo di pagamento relativamente sicuro;<\/li>\n\n\n\n<li>Pagando con MasterCard avete la possibilit\u00e0 di usufruire di tutte le promozioni e sconti offerti dai casin\u00f2;<\/li>\n\n\n\n<li>Molte banche offrono applicazioni mobili che facilitano ulteriormente le procedure di pagamento.<\/li>\n<\/ul>\n\n\n<div class=\"wp-block-image wp-block-image aligncenter\">\n<figure class=\"\"><img decoding=\"async\" width=\"700\" height=\"310\" src=\"https:\/\/pokeriomokykla.com\/app\/uploads\/2020\/06\/Mastercard-online-casino.jpg\" alt=\"Mastercard online casino\" class=\"wp-image-762313\" title=\"Mastercard online casino\" srcset=\"https:\/\/pokeriomokykla.com\/app\/uploads\/2020\/06\/Mastercard-online-casino.jpg 700w, https:\/\/pokeriomokykla.com\/app\/uploads\/2020\/06\/Mastercard-online-casino-300x133.jpg 300w, https:\/\/pokeriomokykla.com\/app\/uploads\/2020\/06\/Mastercard-online-casino-271px-120px.jpg 271w\" sizes=\"(max-width: 700px) 100vw, 700px\" \/><\/figure><\/div>\n\n\n<p><\/p>\n\n\n\n<p>Tuttavia, come abbiamo detto, questo metodo di pagamento ha anche <b>alcuni svantaggi:<\/b><\/p>\n\n\n\n<ul class=\"wp-block-list\">\n<li><span style=\"font-weight: 400;\">Effettuando un prelievo potrebbe essere necessario attendere fino a 5 giorni lavorativi affinch\u00e9 il denaro raggiunga il tuo conto;<\/span><\/li>\n\n\n\n<li><span style=\"font-weight: 400;\">Alcuni casin\u00f2 online applicano commissioni per i pagamenti con MasterCard. Queste sono generalmente intorno al 2-3%;<\/span><\/li>\n\n\n\n<li><span style=\"font-weight: 400;\">Effettuando pagamenti con Mastercard \u00e8 necessario fornire alcuni dei propri dati personali, come nome, cognome e cos\u00ec via;<\/span><\/li>\n\n\n\n<li><span style=\"font-weight: 400;\">Se hai una carta di credito, puoi effettuare depositi anche senza avere denaro sul conto. Il governo del Regno Unito ha gi\u00e0 vietato i pagamenti con carte di credito presso le societ\u00e0 di gioco d'azzardo, quindi sembra che restrizioni simili possano essere introdotte anche in altri paesi nel prossimo futuro.<\/span><\/li>\n<\/ul>\n","protected":false},"excerpt":{"rendered":"<p>MasterCard &#8211; \u00e8 uno dei metodi di pagamento pi\u00f9 popolari&#8230;<\/p>\n","protected":false},"author":5318,"featured_media":762310,"parent":0,"menu_order":0,"comment_status":"closed","ping_status":"closed","template":"page-affiliate-items.php","meta":{"_acf_changed":false,"footnotes":""},"class_list":["post-823434","page","type-page","status-publish","has-post-thumbnail","hentry"],"acf":[],"_links":{"self":[{"href":"https:\/\/pokeriomokykla.com\/it\/wp-json\/wp\/v2\/pages\/823434","targetHints":{"allow":["GET"]}}],"collection":[{"href":"https:\/\/pokeriomokykla.com\/it\/wp-json\/wp\/v2\/pages"}],"about":[{"href":"https:\/\/pokeriomokykla.com\/it\/wp-json\/wp\/v2\/types\/page"}],"author":[{"embeddable":true,"href":"https:\/\/pokeriomokykla.com\/it\/wp-json\/wp\/v2\/users\/5318"}],"replies":[{"embeddable":true,"href":"https:\/\/pokeriomokykla.com\/it\/wp-json\/wp\/v2\/comments?post=823434"}],"version-history":[{"count":4,"href":"https:\/\/pokeriomokykla.com\/it\/wp-json\/wp\/v2\/pages\/823434\/revisions"}],"predecessor-version":[{"id":1106646,"href":"https:\/\/pokeriomokykla.com\/it\/wp-json\/wp\/v2\/pages\/823434\/revisions\/1106646"}],"wp:featuredmedia":[{"embeddable":true,"href":"https:\/\/pokeriomokykla.com\/it\/wp-json\/wp\/v2\/media\/762310"}],"wp:attachment":[{"href":"https:\/\/pokeriomokykla.com\/it\/wp-json\/wp\/v2\/media?parent=823434"}],"curies":[{"name":"wp","href":"https:\/\/api.w.org\/{rel}","templated":true}]}}