{"id":822803,"date":"2015-08-05T17:59:45","date_gmt":"2015-08-05T15:59:45","guid":{"rendered":"https:\/\/pokeriomokykla.com\/benvenuti"},"modified":"2025-04-29T01:31:28","modified_gmt":"2025-04-28T23:31:28","slug":"benvenuti","status":"publish","type":"page","link":"https:\/\/pokeriomokykla.com\/it\/benvenuti-a","title":{"rendered":"Benvenuti!"},"content":{"rendered":"<p style=\"text-align: center\">Congratulazioni, la tua registrazione \u00e8 completata. Il tuo account \u00e8 gi\u00e0 attivo e puoi gi\u00e0 utilizzare tutte le funzionalit\u00e0 di PokerioMokykla.com.<\/p>\n","protected":false},"excerpt":{"rendered":"<p>Congratulazioni, la tua registrazione \u00e8 completata. Il tuo account \u00e8&#8230;<\/p>\n","protected":false},"author":72,"featured_media":0,"parent":0,"menu_order":16,"comment_status":"open","ping_status":"open","template":"","meta":{"_acf_changed":false,"footnotes":""},"class_list":["post-822803","page","type-page","status-publish","hentry"],"acf":[],"_links":{"self":[{"href":"https:\/\/pokeriomokykla.com\/it\/wp-json\/wp\/v2\/pages\/822803","targetHints":{"allow":["GET"]}}],"collection":[{"href":"https:\/\/pokeriomokykla.com\/it\/wp-json\/wp\/v2\/pages"}],"about":[{"href":"https:\/\/pokeriomokykla.com\/it\/wp-json\/wp\/v2\/types\/page"}],"author":[{"embeddable":true,"href":"https:\/\/pokeriomokykla.com\/it\/wp-json\/wp\/v2\/users\/72"}],"replies":[{"embeddable":true,"href":"https:\/\/pokeriomokykla.com\/it\/wp-json\/wp\/v2\/comments?post=822803"}],"version-history":[{"count":1,"href":"https:\/\/pokeriomokykla.com\/it\/wp-json\/wp\/v2\/pages\/822803\/revisions"}],"predecessor-version":[{"id":832292,"href":"https:\/\/pokeriomokykla.com\/it\/wp-json\/wp\/v2\/pages\/822803\/revisions\/832292"}],"wp:attachment":[{"href":"https:\/\/pokeriomokykla.com\/it\/wp-json\/wp\/v2\/media?parent=822803"}],"curies":[{"name":"wp","href":"https:\/\/api.w.org\/{rel}","templated":true}]}}