{"id":822138,"date":"2016-08-10T17:45:47","date_gmt":"2016-08-10T15:45:47","guid":{"rendered":"https:\/\/pokeriomokykla.com\/regole-e-condizioni"},"modified":"2025-04-29T00:57:13","modified_gmt":"2025-04-28T22:57:13","slug":"regole-e-condizioni","status":"publish","type":"page","link":"https:\/\/pokeriomokykla.com\/it\/regole-equazioni","title":{"rendered":"Regole e condizioni"},"content":{"rendered":"<h3 class=\"p1\"><span class=\"s1\"><b>Comunicazione<\/b><\/span><\/h3>\n<ol>\n<li><span class=\"s1\">PokerioMokykla.com \u00e8 una comunit\u00e0 di poker chiusa, ci sforziamo di mantenere un alto livello di comprensione reciproca. Pertanto, tutta la comunicazione nella scuola \u00e8 basata sulla comprensione reciproca.<\/span><\/li>\n<li><span class=\"s1\">Ogni studente ha il diritto alle proprie opinioni e a un punto di vista diverso. Pertanto, ogni membro della scuola deve rispettare l'opinione degli altri. Tuttavia, qualsiasi discriminazione razziale, religiosa, nazionale, sessuale o di altro tipo \u00e8 severamente vietata. I membri che violano intenzionalmente questa disposizione (insultando intenzionalmente, incitando alla discriminazione, umiliando, molestando, minacciando e in altro modo degradando le libert\u00e0 e la dignit\u00e0 degli altri) saranno immediatamente e permanentemente espulsi dalla scuola di poker, senza diritto di ritorno. In tal caso, il membro viene espulso e le quote di iscrizione e di abbonamento pagate non vengono rimborsate.<\/span><\/li>\n<li><span class=\"s1\">Se necessario, l'amministrazione di PokerioMokykla.com si riserva il diritto di segnalare alla polizia della Repubblica di Lituania e ad altre istituzioni minacce o incitamenti alla discriminazione.<\/span><\/li>\n<\/ol>\n<h3 class=\"p1\"><span class=\"s1\"><b>Responsabilit\u00e0<\/b><\/span><\/h3>\n<ol>\n<li><span class=\"s1\">PokerioMokykla.com non pubblicizza giochi d'azzardo, non rappresenta alcuna societ\u00e0 di poker, casin\u00f2 o scommesse. Il contenuto del sito \u00e8 puramente informativo. L'amministrazione della scuola di poker non riceve alcun reddito dagli operatori di giochi d'azzardo e simili.<\/span><\/li>\n<li>Pokeriomokykla.com aggiorna e integra costantemente le informazioni sulle novit\u00e0 del poker, dei casin\u00f2 e delle scommesse.<\/li>\n<li><span class=\"s1\">I soldi per i servizi forniti (quota di abbonamento, lezioni, programmi di supporto) non vengono rimborsati.<\/span><\/li>\n<li><span class=\"s1\">PokerioMokykla.com non \u00e8 responsabile per i danni che potreste subire direttamente o indirettamente a causa delle informazioni ricevute dalla scuola di poker PokerioMokykla.com, del contenuto delle previsioni di scommesse, del contenuto del forum, dell'affidabilit\u00e0 delle informazioni, della perdita o del ritardo.<\/span><\/li>\n<li><span class=\"s1\">PokerioMokykla.com non tollerer\u00e0 messaggi il cui contenuto \u00e8 contrario alle leggi della Repubblica di Lituania, ai trattati internazionali e ai messaggi contrari alle norme etiche. Tali messaggi saranno rimossi.<\/span><\/li>\n<li><span class=\"s1\">Le regole sono costantemente aggiornate. L'ignoranza delle regole non esonera dalla responsabilit\u00e0.<\/span><\/li>\n<\/ol>\n<h3 class=\"p1\"><span class=\"s1\"><b>Pubblicit\u00e0<\/b><\/span><\/h3>\n<ol>\n<li class=\"p2\"><span class=\"s1\">Su PokerioMokykla.com \u00e8 vietata qualsiasi tipo di pubblicit\u00e0 non concordata con l'amministrazione della scuola di poker PokerioMokykla.com. Gli utenti che diffondono pubblicit\u00e0 saranno avvertiti.<\/span><\/li>\n<li class=\"p3\"><span class=\"s2\">Su PokerioMokykla.com \u00e8 severamente vietata qualsiasi pubblicit\u00e0 di link di tipo affiliato, sia nella creazione di messaggi che nell'invio di messaggi personali. In particolare, quelli che violano la legge sulla supervisione del gioco d'azzardo della Repubblica di Lituania. Gli autori di tali messaggi saranno immediatamente espulsi dalla scuola di poker per sempre, i soldi non saranno rimborsati e i loro dati (inclusi gli indirizzi IP) saranno trasmessi alla commissione statale di supervisione del gioco d'azzardo come violatori delle leggi della Repubblica di Lituania.<\/span><\/li>\n<\/ol>\n<h3><strong>Raccolta di informazioni<\/strong><\/h3>\n<ol>\n<li>PokerioMokykla.com si riserva il diritto di raccogliere e utilizzare le informazioni dei visitatori registrati per scopi di marketing. Le informazioni dei visitatori includono tutti i dati, tra cui la cronologia di navigazione, l'indirizzo e-mail, il numero di telefono, ecc.<\/li>\n<li>PokerioMokykla.com rispetta la privacy dei suoi visitatori e la protezione delle informazioni, quindi i dati forniti possono essere utilizzati esclusivamente per scopi di marketing delle attivit\u00e0 del sito web. Le informazioni raccolte non possono essere trasmesse a terzi.<\/li>\n<\/ol>\n","protected":false},"excerpt":{"rendered":"<p>Comunicazione PokerioMokykla.com \u00e8 una comunit\u00e0 di poker chiusa, ci sforziamo&#8230;<\/p>\n","protected":false},"author":491,"featured_media":0,"parent":0,"menu_order":23,"comment_status":"closed","ping_status":"closed","template":"","meta":{"_acf_changed":false,"footnotes":""},"class_list":["post-822138","page","type-page","status-publish","hentry"],"acf":[],"_links":{"self":[{"href":"https:\/\/pokeriomokykla.com\/it\/wp-json\/wp\/v2\/pages\/822138","targetHints":{"allow":["GET"]}}],"collection":[{"href":"https:\/\/pokeriomokykla.com\/it\/wp-json\/wp\/v2\/pages"}],"about":[{"href":"https:\/\/pokeriomokykla.com\/it\/wp-json\/wp\/v2\/types\/page"}],"author":[{"embeddable":true,"href":"https:\/\/pokeriomokykla.com\/it\/wp-json\/wp\/v2\/users\/491"}],"replies":[{"embeddable":true,"href":"https:\/\/pokeriomokykla.com\/it\/wp-json\/wp\/v2\/comments?post=822138"}],"version-history":[{"count":2,"href":"https:\/\/pokeriomokykla.com\/it\/wp-json\/wp\/v2\/pages\/822138\/revisions"}],"predecessor-version":[{"id":1007361,"href":"https:\/\/pokeriomokykla.com\/it\/wp-json\/wp\/v2\/pages\/822138\/revisions\/1007361"}],"wp:attachment":[{"href":"https:\/\/pokeriomokykla.com\/it\/wp-json\/wp\/v2\/media?parent=822138"}],"curies":[{"name":"wp","href":"https:\/\/api.w.org\/{rel}","templated":true}]}}