{"id":813084,"date":"2020-08-24T11:16:49","date_gmt":"2020-08-24T09:16:49","guid":{"rendered":"https:\/\/pokeriomokykla.com\/casino-lituani-offline-vs-online"},"modified":"2024-10-21T08:59:25","modified_gmt":"2024-10-21T06:59:25","slug":"casino-lituani-offline-vs-online","status":"publish","type":"page","link":"https:\/\/pokeriomokykla.com\/it\/vecchi-casino-lituani-offline-vs-online","title":{"rendered":"Casin\u00f2 lituani: offline vs online"},"content":{"rendered":"<p><span style=\"font-weight: 400\">I casin\u00f2 in Lituania sono abbastanza numerosi, quindi c'\u00e8 una vasta scelta sia online che offline. I casin\u00f2 lituani, naturalmente, sono spesso un po' pi\u00f9 limitati rispetto a quelli stranieri, ma possono spesso essere interessanti o utili per il giocatore. In questo articolo discuteremo tutte le ragioni per cui dovresti scegliere un casin\u00f2 in Lituania.<\/span><\/p>\n<p><img decoding=\"async\" class=\"aligncenter wp-image-763241 size-full\" title=\"Casin\u00f2 lituani\" src=\"https:\/\/pokeriomokykla.com\/app\/uploads\/2020\/08\/Lietuviski-kazino.gif\" alt=\"Casin\u00f2 lituani\" width=\"810\" height=\"450\"><\/p>\n<div id=\"ez-toc-container\" class=\"ez-toc-v2_0_76 ez-toc-wrap-left counter-hierarchy ez-toc-counter ez-toc-custom ez-toc-container-direction\">\n<div class=\"ez-toc-title-container\">\n<p class=\"ez-toc-title\" style=\"cursor:inherit\">Indice<\/p>\n<span class=\"ez-toc-title-toggle\"><a href=\"#\" class=\"ez-toc-pull-right ez-toc-btn ez-toc-btn-xs ez-toc-btn-default ez-toc-toggle\" aria-label=\"Toggle Table of Content\"><span class=\"ez-toc-js-icon-con\"><span class=\"\"><span class=\"eztoc-hide\" style=\"display:none;\">Toggle<\/span><span class=\"ez-toc-icon-toggle-span\"><svg style=\"fill: #000000;color:#000000\" xmlns=\"http:\/\/www.w3.org\/2000\/svg\" class=\"list-377408\" width=\"20px\" height=\"20px\" viewBox=\"0 0 24 24\" fill=\"none\"><path d=\"M6 6H4v2h2V6zm14 0H8v2h12V6zM4 11h2v2H4v-2zm16 0H8v2h12v-2zM4 16h2v2H4v-2zm16 0H8v2h12v-2z\" fill=\"currentColor\"><\/path><\/svg><svg style=\"fill: #000000;color:#000000\" class=\"arrow-unsorted-368013\" xmlns=\"http:\/\/www.w3.org\/2000\/svg\" width=\"10px\" height=\"10px\" viewBox=\"0 0 24 24\" version=\"1.2\" baseProfile=\"tiny\"><path d=\"M18.2 9.3l-6.2-6.3-6.2 6.3c-.2.2-.3.4-.3.7s.1.5.3.7c.2.2.4.3.7.3h11c.3 0 .5-.1.7-.3.2-.2.3-.5.3-.7s-.1-.5-.3-.7zM5.8 14.7l6.2 6.3 6.2-6.3c.2-.2.3-.5.3-.7s-.1-.5-.3-.7c-.2-.2-.4-.3-.7-.3h-11c-.3 0-.5.1-.7.3-.2.2-.3.5-.3.7s.1.5.3.7z\"\/><\/svg><\/span><\/span><\/span><\/a><\/span><\/div>\n<nav><ul class='ez-toc-list ez-toc-list-level-1 eztoc-toggle-hide-by-default' ><li class='ez-toc-page-1 ez-toc-heading-level-2'><a class=\"ez-toc-link ez-toc-heading-1\" href=\"https:\/\/pokeriomokykla.com\/it\/vecchi-casino-lituani-offline-vs-online\/#Casino_lituani_%E2%80%93_quali_vantaggi\" >Casin\u00f2 lituani &#8211; quali vantaggi?<\/a><\/li><li class='ez-toc-page-1 ez-toc-heading-level-2'><a class=\"ez-toc-link ez-toc-heading-2\" href=\"https:\/\/pokeriomokykla.com\/it\/vecchi-casino-lituani-offline-vs-online\/#Casino_in_Lituania_e_gioco_online\" >Casin\u00f2 in Lituania e gioco online<\/a><\/li><li class='ez-toc-page-1 ez-toc-heading-level-2'><a class=\"ez-toc-link ez-toc-heading-3\" href=\"https:\/\/pokeriomokykla.com\/it\/vecchi-casino-lituani-offline-vs-online\/#Betsafe_Casino\" >Betsafe Casino<\/a><\/li><li class='ez-toc-page-1 ez-toc-heading-level-2'><a class=\"ez-toc-link ez-toc-heading-4\" href=\"https:\/\/pokeriomokykla.com\/it\/vecchi-casino-lituani-offline-vs-online\/#Casino_online_lituani_e_sicurezza\" >Casin\u00f2 online lituani e sicurezza<\/a><\/li><li class='ez-toc-page-1 ez-toc-heading-level-2'><a class=\"ez-toc-link ez-toc-heading-5\" href=\"https:\/\/pokeriomokykla.com\/it\/vecchi-casino-lituani-offline-vs-online\/#Casino_lituani_e_servizio_clienti\" >Casin\u00f2 lituani e servizio clienti<\/a><\/li><li class='ez-toc-page-1 ez-toc-heading-level-2'><a class=\"ez-toc-link ez-toc-heading-6\" href=\"https:\/\/pokeriomokykla.com\/it\/vecchi-casino-lituani-offline-vs-online\/#Cosa_scegliere_tra_i_casino_lituani\" >Cosa scegliere tra i casin\u00f2 lituani?<\/a><\/li><li class='ez-toc-page-1 ez-toc-heading-level-2'><a class=\"ez-toc-link ez-toc-heading-7\" href=\"https:\/\/pokeriomokykla.com\/it\/vecchi-casino-lituani-offline-vs-online\/#Betsafe_Casino-2\" >Betsafe Casino<\/a><\/li><\/ul><\/nav><\/div>\n<h2 style=\"text-align: center\"><span class=\"ez-toc-section\" id=\"Casino_lituani_%E2%80%93_quali_vantaggi\"><\/span><strong>Casin\u00f2 lituani &#8211; quali vantaggi?<\/strong><span class=\"ez-toc-section-end\"><\/span><\/h2>\n<p><span style=\"font-weight: 400\">I casin\u00f2 in Lituania hanno un chiaro, grande vantaggio: le location fisiche. Per molti lituani, viaggiare per giocare in altri paesi pu\u00f2 essere estremamente impratico per ragioni finanziarie o di tempo. Tuttavia, in Lituania esistono molti piccoli casin\u00f2 locali dove \u00e8 possibile giocare.<\/span><\/p>\n<p><span style=\"font-weight: 400\">Altri vantaggi, naturalmente, dipenderanno dal casin\u00f2 specifico. I casin\u00f2 delle citt\u00e0 pi\u00f9 grandi della Lituania possono avere tornei o altre offerte mensili di vantaggi. Purtroppo, il gioco d'azzardo nei casin\u00f2 in Lituania non \u00e8 un'attivit\u00e0 molto popolare, quindi spesso mancano persone per eventi specifici. Ad esempio, gli appassionati di tornei di poker o di una vasta scelta di tavoli Cash game potrebbero rimanere delusi, poich\u00e9 semplicemente manca il campo anche nelle citt\u00e0 pi\u00f9 grandi della Lituania.<\/span><\/p>\n<p><span style=\"font-weight: 400\">Il resto dipende da molti fattori. Come tutti gli altri casin\u00f2, quelli lituani offrono pacchetti di bonus e premi per i nuovi arrivati, giri gratuiti e aumenti del primo deposito. I casin\u00f2 offline in Lituania spesso danno la possibilit\u00e0 di provare almeno alcune slot machine o giochi da tavolo gratuitamente.<\/span><\/p>\n<h2 style=\"text-align: center\"><span class=\"ez-toc-section\" id=\"Casino_in_Lituania_e_gioco_online\"><\/span><strong>Casin\u00f2 in Lituania e gioco online<\/strong><span class=\"ez-toc-section-end\"><\/span><\/h2>\n<p><span style=\"font-weight: 400\">Oggi non \u00e8 pi\u00f9 necessario andare in una location fisica per giocare ai giochi da casin\u00f2. Online ci sono molte stanze esclusivamente online (o online e offline) che offrono molti dei giochi pi\u00f9 recenti, bonus e comodit\u00e0. Online non mancano nemmeno le stanze lituane, dove \u00e8 facile registrarsi e iniziare a giocare.<\/span><\/p>\n<h3 style=\"text-align: center\">I migliori casin\u00f2 lituani:<\/h3>\n<p style=\"text-align: center\"><div class=\"row\"><div class=\"col-md-12 aff-listing-col casino-items shortcode\">\n<article class=\"affiliate-item affiliate-item-8\" data-affiliate-type=\"\" data-affiliate-id=\"8\" data-affiliate-title=\"Betsafe Casino\" data-affiliate-membership-terms=\"\">\n\n  <div class=\"logo col-md-3 col-sm-12 col-xs-12\">\n    <a href=\"https:\/\/pokeriomokykla.com\/casino\/betsafe\" rel=\"nofollow\" target=\"_blank\" class=\"media-img\"><img decoding=\"async\" width=\"470\" height=\"246\" src=\"https:\/\/pokeriomokykla.com\/app\/uploads\/2018\/08\/betsafe.logo_.jpg\" class=\"attachment-full size-full\" alt=\"\" srcset=\"https:\/\/pokeriomokykla.com\/app\/uploads\/2018\/08\/betsafe.logo_.jpg 470w, https:\/\/pokeriomokykla.com\/app\/uploads\/2018\/08\/betsafe.logo_-300x157.jpg 300w, https:\/\/pokeriomokykla.com\/app\/uploads\/2018\/08\/betsafe.logo_-229px-120px.jpg 229w\" sizes=\"(max-width: 470px) 100vw, 470px\" \/><\/a>\n  <\/div>\n\n  <div class=\"post-content col-md-6 col-sm-12 col-xs-12\">\n    <header class=\"entry-header hide\">\n      <h2 class=\"entry-title\"><span class=\"ez-toc-section\" id=\"Betsafe_Casino\"><\/span>\n        <a href=\"https:\/\/pokeriomokykla.com\/casino\/betsafe\" rel=\"bookmark nofollow\" target=\"_blank\">\n          Betsafe Casino        <\/a>\n      <span class=\"ez-toc-section-end\"><\/span><\/h2>\n    <\/header><!-- .entry-header -->\n\n    <div class=\"entry-content\">\n              <div class=\"bonus\">\n          Kazino, sporto la\u017eybos ir pokeris viename!        <\/div>\n      \n      <div class=\"affiliate-info\">\n        \n                  <div class=\"affiliate-accepts\">\n            <div class=\"lt-accepted\" data-toggle=\"tooltip\" title=\"Priima \u017eaid\u0117jus i\u0161 Lietuvos\">\n              <span class=\"checkmark\">\n                <i class=\"fa fa-check\" aria-hidden=\"true\"><\/i>\n              <\/span>\n\n              <span class=\"lt-flag\">\n                <img decoding=\"async\" src=\"https:\/\/pokeriomokykla.com\/app\/themes\/pokerio-mokykla\/img\/flags\/lt.flag.png\">\n              <\/span>\n            <\/div>\n          <\/div>\n        \n        <div class=\"affiliate-rating\" data-toggle=\"tooltip\" title=\"La\u017eyb\u0173 reitingas - 7.68\/10\">\n          <span class=\"rating-star\" data-value=\"5\"><\/span>\n          <span class=\"rating-star\" data-value=\"4\"><\/span>\n          <span class=\"rating-star\" data-value=\"3\"><\/span>\n          <span class=\"rating-star\" data-value=\"2\"><\/span>\n          <span class=\"rating-star\" data-value=\"1\"><\/span>\n\n                      <div class=\"rating-box\">\n              <div class=\"rating\" style=\"width: 76.8%;\"><\/div>\n            <\/div>\n                          <div class=\"rating-value\">7.68<\/div>\n                              <\/div>\n      <\/div>\n\n      <div class=\"rules-text\">Galioja tik naujiems \u017eaid\u0117jams ir tik 18+ am\u017eiaus.<\/div>\n\n    <\/div><!-- .entry-content -->\n  <\/div>\n\n  <div class=\"button col-md-3 col-sm-12 col-xs-12\">\n    <div class=\"deal-button\">\n      <a href=\"https:\/\/pokeriomokykla.com\/casino\/betsafe\" target=\"_blank\" rel=\"nofollow\">\u017daisk dabar!<\/a>\n    <\/div>\n   <div class=\"icons\">\n      <ul>\n                  <li>\n            <div data-toggle=\"tooltip\" title=\"Windows \">\n              <i class=\"fab fa-windows\" aria-hidden=\"true\"><\/i>\n            <\/div>\n          <\/li>\n                  <li>\n            <div data-toggle=\"tooltip\" title=\"Mac OS \">\n              <i class=\"fab fa-apple\" aria-hidden=\"true\"><\/i>\n            <\/div>\n          <\/li>\n                  <li>\n            <div data-toggle=\"tooltip\" title=\"iPhone \">\n              <i class=\"fa fa-mobile\" aria-hidden=\"true\"><\/i>\n            <\/div>\n          <\/li>\n                  <li>\n            <div data-toggle=\"tooltip\" title=\"Android \">\n              <i class=\"fab fa-android\" aria-hidden=\"true\"><\/i>\n            <\/div>\n          <\/li>\n              <\/ul>\n    <\/div>\n  <\/div>\n\n<\/article><!-- #post --><\/div><\/div><\/p>\n<p><span style=\"font-weight: 400\">Sebbene il comfort di casa sia molto attraente per molti, il gioco online ha anche i suoi svantaggi. Ad esempio, sui portali online viene usato molto raramente il sistema di chat sistema, quindi il gioco diventa un'attivit\u00e0 solitaria. Nei casin\u00f2 fisici, invece, la socialit\u00e0 \u00e8 un grande aspetto del gioco, poich\u00e9 spesso ci sono persone che vogliono anche socializzare oltre a giocare.<\/span><span style=\"font-weight: 400\">Il vantaggio dei casin\u00f2 in Lituania, come menzionato prima, \u00e8 che sono quasi sempre vicini a casa, quindi andare l\u00ec a giocare di solito non \u00e8 un problema. Un altro vantaggio dei casin\u00f2 lituani rispetto alle stanze online \u00e8 l'affidabilit\u00e0.<\/span><\/p>\n<p><span style=\"font-weight: 400\">Le piattaforme di gioco online non sono controllate cos\u00ec rigorosamente come i casin\u00f2 fisici, quindi la fiducia in esse sar\u00e0 basata solo sulle convinzioni del giocatore stesso. I casin\u00f2 fisici, invece, sono spesso controllati dalle istituzioni competenti per garantire il pi\u00f9 equo svolgimento delle attivit\u00e0, quindi, anche se la casa vince sempre, in questo caso si pu\u00f2 essere sicuri che l'EV perso \u00e8 solo quello dichiarato.<\/span><\/p>\n<p><span style=\"font-weight: 400\">Naturalmente, i casin\u00f2 online comprendono bene la situazione, quindi spesso offrono bonus o premi migliori. Questo aspetto vale anche per i casin\u00f2 online in Lituania. Quasi tutti i casin\u00f2 lituani che sono stati trasferiti online offrono bonus migliori di quelli che si possono ottenere nei casin\u00f2 fisici.<\/span><\/p>\n<h2 style=\"text-align: center\"><span class=\"ez-toc-section\" id=\"Casino_online_lituani_e_sicurezza\"><\/span><strong>Casin\u00f2 online lituani e sicurezza<\/strong><span class=\"ez-toc-section-end\"><\/span><\/h2>\n<p><span style=\"font-weight: 400\">In Lituania, i casin\u00f2 possono facilmente ottenere una licenza senza usare tattiche tradizionali. Molti casin\u00f2 stranieri cercano un modo pi\u00f9 semplice per ottenere una licenza di gioco, quindi registrano la loro attivit\u00e0 in paesi lontani, come le Isole Cayman. In questi luoghi \u00e8 molto facile registrare un'attivit\u00e0 di gioco.<\/span><\/p>\n<p><span style=\"font-weight: 400\">I casin\u00f2 online lituani non devono seguire tali strategie (anche se, naturalmente, possono). Se un casin\u00f2 online lituano ha una licenza rilasciata in Lituania, il giocatore pu\u00f2 essere molto pi\u00f9 tranquillo, poich\u00e9 esiste una base legale pi\u00f9 forte per risolvere eventuali controversie. A differenza dei casin\u00f2 online stranieri, che sono spesso registrati in paesi <a href=\"https:\/\/europa.eu\/european-union\/about-eu\/countries_lt\" target=\"_blank\" rel=\"noopener noreferrer\">fuori dall'UE<\/a>, in Lituania esistono istituzioni competenti a cui il giocatore pu\u00f2 sempre rivolgersi.<\/span><\/p>\n<p><span style=\"font-weight: 400\">A causa di una supervisione pi\u00f9 attenta, i casin\u00f2 online in Lituania saranno spesso molto pi\u00f9 affidabili. Il sistema giuridico garantisce un controllo costante dell'equit\u00e0 dell'offerta di giochi, effettuato dalle istituzioni competenti. Le istituzioni registrate all'estero, invece, non saranno spesso controllate cos\u00ec attentamente per l'equit\u00e0. Tuttavia, i casin\u00f2 sono un business come tutti gli altri, quindi cercheranno spesso il modo migliore per guadagnare e la minore probabilit\u00e0 di incorrere in problemi. Pertanto, nella ricerca delle licenze saranno inclusi anche considerazioni sui controlli dei casin\u00f2 e molti altri aspetti.<\/span><\/p>\n<h2 style=\"text-align: center\"><span class=\"ez-toc-section\" id=\"Casino_lituani_e_servizio_clienti\"><\/span><strong>Casin\u00f2 lituani e servizio clienti<\/strong><span class=\"ez-toc-section-end\"><\/span><\/h2>\n<p><span style=\"font-weight: 400\">Uno degli aspetti pi\u00f9 importanti sia delle strutture offline che online \u00e8 il servizio clienti. I casin\u00f2 non fanno eccezione. Naturalmente, nei casin\u00f2 lituani puoi essere sicuro che, in caso di problemi o altri inconvenienti, sarai sempre servito in lingua lituana.<\/span><\/p>\n<p><span style=\"font-weight: 400\">Nei casin\u00f2 fisici, naturalmente, il servizio sar\u00e0 sempre molto migliore rispetto alle stanze online. Nelle stanze online, di solito lavorano, purtroppo, specialisti poco pagati che devono servire molti clienti contemporaneamente. Le loro capacit\u00e0 di aiutare in caso di problemi o problemi di pagamento sono generalmente molto limitate.<\/span><\/p>\n<p><img decoding=\"async\" class=\"aligncenter wp-image-763243\" title=\"Casin\u00f2 in Lituania\" src=\"https:\/\/pokeriomokykla.com\/app\/uploads\/2020\/08\/Kazino-Lietuvoje.png\" alt=\"Casin\u00f2 in Lituania\" width=\"810\" height=\"203\" srcset=\"https:\/\/pokeriomokykla.com\/app\/uploads\/2020\/08\/Kazino-Lietuvoje.png 1024w, https:\/\/pokeriomokykla.com\/app\/uploads\/2020\/08\/Kazino-Lietuvoje-300x75.png 300w, https:\/\/pokeriomokykla.com\/app\/uploads\/2020\/08\/Kazino-Lietuvoje-768px-192px.png 768w, https:\/\/pokeriomokykla.com\/app\/uploads\/2020\/08\/Kazino-Lietuvoje-480px-120px.png 480w, https:\/\/pokeriomokykla.com\/app\/uploads\/2020\/08\/Kazino-Lietuvoje-700px-175px.png 700w\" sizes=\"(max-width: 810px) 100vw, 810px\" \/><\/p>\n<p><span style=\"font-weight: 400\">Nei casin\u00f2 fisici, invece, il servizio sar\u00e0 sempre della massima qualit\u00e0. Una persona di solito serve solo pochi clienti alla volta. Inoltre, se giochi spesso negli stessi casin\u00f2, ti verranno assegnati status sempre migliori (fino a VIP, che ricevono privilegi speciali). Questo di solito non accade nei casin\u00f2 online, nel migliore dei casi viene offerto un bonus di rimborso simile al rakeback del poker.<\/span><\/p>\n<p><span style=\"font-weight: 400\">I clienti VIP, in Lituania, naturalmente, non sono ancora <\/span><span style=\"font-weight: 400\">cos\u00ec <\/span><span style=\"font-weight: 400\">ben valutati, ma ricevono pi\u00f9 vantaggi rispetto al giocatore comune sia offline che online. Quali e quanti privilegi ricevono i giocatori con status speciale dipende dalle condizioni del casin\u00f2, quindi \u00e8 quasi impossibile compilare un elenco generale di bonus. All'estero, i giocatori di solito ricevono camere d'albergo, oggetti di lusso o pranzi d'affari. Naturalmente, questi sono sempre regali molto calcolati, destinati ad attirare sempre pi\u00f9 giocatori. In Lituania queste tradizioni sono un po' pi\u00f9 deboli, quindi non dovresti aspettarti ciecamente voli o altri vantaggi impressionanti se giochi molto.<\/span><\/p>\n<h2 style=\"text-align: center\"><span class=\"ez-toc-section\" id=\"Cosa_scegliere_tra_i_casino_lituani\"><\/span><strong>Cosa scegliere tra i casin\u00f2 lituani?<\/strong><span class=\"ez-toc-section-end\"><\/span><\/h2>\n<p><span style=\"font-weight: 400\">Non ci sono molti casin\u00f2 in Lituania, poich\u00e9 il nostro mercato in questo settore \u00e8 ancora, purtroppo, abbastanza piccolo. Naturalmente, ci sono comunque casin\u00f2 migliori di altri, sia nel mercato offline che online, quindi su Pokerio mokykla puoi sempre trovare le classifiche di tutte le migliori stanze \u2b07<\/span><\/p>\n<p style=\"text-align: center\"><div class=\"row\"><div class=\"col-md-12 aff-listing-col casino-items shortcode\">\n<article class=\"affiliate-item affiliate-item-8\" data-affiliate-type=\"\" data-affiliate-id=\"8\" data-affiliate-title=\"Betsafe Casino\" data-affiliate-membership-terms=\"\">\n\n  <div class=\"logo col-md-3 col-sm-12 col-xs-12\">\n    <a href=\"https:\/\/pokeriomokykla.com\/casino\/betsafe\" rel=\"nofollow\" target=\"_blank\" class=\"media-img\"><img decoding=\"async\" width=\"470\" height=\"246\" src=\"https:\/\/pokeriomokykla.com\/app\/uploads\/2018\/08\/betsafe.logo_.jpg\" class=\"attachment-full size-full\" alt=\"\" srcset=\"https:\/\/pokeriomokykla.com\/app\/uploads\/2018\/08\/betsafe.logo_.jpg 470w, https:\/\/pokeriomokykla.com\/app\/uploads\/2018\/08\/betsafe.logo_-300x157.jpg 300w, https:\/\/pokeriomokykla.com\/app\/uploads\/2018\/08\/betsafe.logo_-229px-120px.jpg 229w\" sizes=\"(max-width: 470px) 100vw, 470px\" \/><\/a>\n  <\/div>\n\n  <div class=\"post-content col-md-6 col-sm-12 col-xs-12\">\n    <header class=\"entry-header hide\">\n      <h2 class=\"entry-title\"><span class=\"ez-toc-section\" id=\"Betsafe_Casino-2\"><\/span>\n        <a href=\"https:\/\/pokeriomokykla.com\/casino\/betsafe\" rel=\"bookmark nofollow\" target=\"_blank\">\n          Betsafe Casino        <\/a>\n      <span class=\"ez-toc-section-end\"><\/span><\/h2>\n    <\/header><!-- .entry-header -->\n\n    <div class=\"entry-content\">\n              <div class=\"bonus\">\n          Kazino, sporto la\u017eybos ir pokeris viename!        <\/div>\n      \n      <div class=\"affiliate-info\">\n        \n                  <div class=\"affiliate-accepts\">\n            <div class=\"lt-accepted\" data-toggle=\"tooltip\" title=\"Priima \u017eaid\u0117jus i\u0161 Lietuvos\">\n              <span class=\"checkmark\">\n                <i class=\"fa fa-check\" aria-hidden=\"true\"><\/i>\n              <\/span>\n\n              <span class=\"lt-flag\">\n                <img decoding=\"async\" src=\"https:\/\/pokeriomokykla.com\/app\/themes\/pokerio-mokykla\/img\/flags\/lt.flag.png\">\n              <\/span>\n            <\/div>\n          <\/div>\n        \n        <div class=\"affiliate-rating\" data-toggle=\"tooltip\" title=\"La\u017eyb\u0173 reitingas - 7.68\/10\">\n          <span class=\"rating-star\" data-value=\"5\"><\/span>\n          <span class=\"rating-star\" data-value=\"4\"><\/span>\n          <span class=\"rating-star\" data-value=\"3\"><\/span>\n          <span class=\"rating-star\" data-value=\"2\"><\/span>\n          <span class=\"rating-star\" data-value=\"1\"><\/span>\n\n                      <div class=\"rating-box\">\n              <div class=\"rating\" style=\"width: 76.8%;\"><\/div>\n            <\/div>\n                          <div class=\"rating-value\">7.68<\/div>\n                              <\/div>\n      <\/div>\n\n      <div class=\"rules-text\">Galioja tik naujiems \u017eaid\u0117jams ir tik 18+ am\u017eiaus.<\/div>\n\n    <\/div><!-- .entry-content -->\n  <\/div>\n\n  <div class=\"button col-md-3 col-sm-12 col-xs-12\">\n    <div class=\"deal-button\">\n      <a href=\"https:\/\/pokeriomokykla.com\/casino\/betsafe\" target=\"_blank\" rel=\"nofollow\">\u017daisk dabar!<\/a>\n    <\/div>\n   <div class=\"icons\">\n      <ul>\n                  <li>\n            <div data-toggle=\"tooltip\" title=\"Windows \">\n              <i class=\"fab fa-windows\" aria-hidden=\"true\"><\/i>\n            <\/div>\n          <\/li>\n                  <li>\n            <div data-toggle=\"tooltip\" title=\"Mac OS \">\n              <i class=\"fab fa-apple\" aria-hidden=\"true\"><\/i>\n            <\/div>\n          <\/li>\n                  <li>\n            <div data-toggle=\"tooltip\" title=\"iPhone \">\n              <i class=\"fa fa-mobile\" aria-hidden=\"true\"><\/i>\n            <\/div>\n          <\/li>\n                  <li>\n            <div data-toggle=\"tooltip\" title=\"Android \">\n              <i class=\"fab fa-android\" aria-hidden=\"true\"><\/i>\n            <\/div>\n          <\/li>\n              <\/ul>\n    <\/div>\n  <\/div>\n\n<\/article><!-- #post --><\/div><\/div><\/p>\n<p><span style=\"font-weight: 400\">Se viaggi nei casin\u00f2 fisici lituani, ti consigliamo di non andare da solo. Dopotutto, uno dei maggiori vantaggi dei casin\u00f2 offline \u00e8 la socialit\u00e0. Gli amici ti aiuteranno a passare un buon momento, e questo dovrebbe essere l'obiettivo principale del gioco d'azzardo. Non dovresti mai pensare alle possibilit\u00e0 di guadagnare denaro, poich\u00e9 tutti i giochi sono progettati contro di te.<\/span><\/p>\n<p><span style=\"font-weight: 400\">Nei casin\u00f2 lituani, naturalmente, la scelta dei giochi \u00e8 spesso un po' pi\u00f9 limitata rispetto all'estero. Questa differenza deriva da una semplice ragione: le differenze di capitale. Tuttavia, puoi sempre essere sicuro di trovare molti giochi ben noti in tutti i casin\u00f2 in Lituania. \u00c8 quasi impossibile trovare un casin\u00f2 senza <a href=\"\/it\/blackjack-regole-blackjack-regole\">BlackJack<\/a>, roulette o <a href=\"\/it\/popolari-lotteria-macchine-online\">slot machine<\/a>.<\/span><\/p>\n<p><span style=\"font-weight: 400\">La roulette in Lituania ha percentuali migliori rispetto ad alcuni paesi all'estero. Negli Stati Uniti viene spesso utilizzata la versione americana della roulette, che \u00e8 molto sfavorevole per il giocatore, poich\u00e9 il vantaggio della casa raggiunge il 5%. In Lituania, invece, viene utilizzata la versione europea della roulette, che ha solo uno 0, quindi il vantaggio della casa scende al 2,7%.<\/span><\/p>\n<p><span style=\"font-weight: 400\">Quindi, giocare nei casin\u00f2 in Lituania ha diversi grandi vantaggi.<\/span><\/p>\n<p>Da\u017enai \u017eaid\u0117jai net neatkreipia d\u0117mesio \u012f lietuvi\u0161kus lo\u0161imo namus, ta\u010diau taip daryti nereik\u0117t\u0173. Tiek offline tiek online lo\u0161im\u0173 namai tur\u0117s skirtingiems \u017emon\u0117ms tinkam\u0173 aspekt\u0173, kuri\u0173 galb\u016bt nei\u0161eit\u0173 rasti u\u017esienio kazino. Galiausiai, vienas did\u017eiausi\u0173 privalum\u0173 &#8211; nesunkiai prieinami fiziniai lo\u0161imo namai, kuriuose visada galima smagiai praleisti laik\u0105.\n<\/p>\n<h3><strong>Seguite pi\u00f9 notizie sui casin\u00f2:<\/strong><\/h3>\n<p><a href=\"https:\/\/pokeriomokykla.com\/kazino-naujienos\" class=\"media-img\"><img decoding=\"async\" class=\"alignnone wp-image-763242\" title=\"Notizie sui casin\u00f2\" src=\"https:\/\/pokeriomokykla.com\/app\/uploads\/2020\/08\/PM_Kazino_naujienos_1280x720.jpg\" alt=\"Notizie sui casin\u00f2\" width=\"400\" height=\"225\" srcset=\"https:\/\/pokeriomokykla.com\/app\/uploads\/2020\/08\/PM_Kazino_naujienos_1280x720.jpg 1024w, https:\/\/pokeriomokykla.com\/app\/uploads\/2020\/08\/PM_Kazino_naujienos_1280x720-300x169.jpg 300w, https:\/\/pokeriomokykla.com\/app\/uploads\/2020\/08\/PM_Kazino_naujienos_1280x720-768px-432px.jpg 768w, https:\/\/pokeriomokykla.com\/app\/uploads\/2020\/08\/PM_Kazino_naujienos_1280x720-320px-180px.jpg 320w, https:\/\/pokeriomokykla.com\/app\/uploads\/2020\/08\/PM_Kazino_naujienos_1280x720-120px-68px.jpg 120w, https:\/\/pokeriomokykla.com\/app\/uploads\/2020\/08\/PM_Kazino_naujienos_1280x720-336px-188px.jpg 336w, https:\/\/pokeriomokykla.com\/app\/uploads\/2020\/08\/PM_Kazino_naujienos_1280x720-213px-120px.jpg 213w, https:\/\/pokeriomokykla.com\/app\/uploads\/2020\/08\/PM_Kazino_naujienos_1280x720-700px-394px.jpg 700w\" sizes=\"(max-width: 400px) 100vw, 400px\" \/><\/a><\/p>\n","protected":false},"excerpt":{"rendered":"<p>I casin\u00f2 in Lituania sono abbastanza numerosi, quindi c&#8217;\u00e8 una&#8230;<\/p>\n","protected":false},"author":0,"featured_media":1006289,"parent":0,"menu_order":0,"comment_status":"closed","ping_status":"closed","template":"page-affiliate-items.php","meta":{"_acf_changed":false,"footnotes":""},"class_list":["post-813084","page","type-page","status-publish","has-post-thumbnail","hentry"],"acf":[],"_links":{"self":[{"href":"https:\/\/pokeriomokykla.com\/it\/wp-json\/wp\/v2\/pages\/813084","targetHints":{"allow":["GET"]}}],"collection":[{"href":"https:\/\/pokeriomokykla.com\/it\/wp-json\/wp\/v2\/pages"}],"about":[{"href":"https:\/\/pokeriomokykla.com\/it\/wp-json\/wp\/v2\/types\/page"}],"replies":[{"embeddable":true,"href":"https:\/\/pokeriomokykla.com\/it\/wp-json\/wp\/v2\/comments?post=813084"}],"version-history":[{"count":5,"href":"https:\/\/pokeriomokykla.com\/it\/wp-json\/wp\/v2\/pages\/813084\/revisions"}],"predecessor-version":[{"id":1006288,"href":"https:\/\/pokeriomokykla.com\/it\/wp-json\/wp\/v2\/pages\/813084\/revisions\/1006288"}],"wp:featuredmedia":[{"embeddable":true,"href":"https:\/\/pokeriomokykla.com\/it\/wp-json\/wp\/v2\/media\/1006289"}],"wp:attachment":[{"href":"https:\/\/pokeriomokykla.com\/it\/wp-json\/wp\/v2\/media?parent=813084"}],"curies":[{"name":"wp","href":"https:\/\/api.w.org\/{rel}","templated":true}]}}