{"id":812986,"date":"2020-11-04T16:40:23","date_gmt":"2020-11-04T14:40:23","guid":{"rendered":"https:\/\/pokeriomokykla.com\/skrill-casino-online-codici-bonus-e-tutto-su-skrill"},"modified":"2025-04-28T23:24:52","modified_gmt":"2025-04-28T21:24:52","slug":"skrill-casino-online-codici-bonus-e-tutto-su-skrill","status":"publish","type":"page","link":"https:\/\/pokeriomokykla.com\/it\/skrill-casino-internet-codici-bonus-con-le-migliori-offerte","title":{"rendered":"Skrill casino online \u2013 codici bonus 2026"},"content":{"rendered":"<div id=\"ez-toc-container\" class=\"ez-toc-v2_0_76 ez-toc-wrap-left counter-hierarchy ez-toc-counter ez-toc-custom ez-toc-container-direction\">\n<div class=\"ez-toc-title-container\">\n<p class=\"ez-toc-title\" style=\"cursor:inherit\">Indice<\/p>\n<span class=\"ez-toc-title-toggle\"><a href=\"#\" class=\"ez-toc-pull-right ez-toc-btn ez-toc-btn-xs ez-toc-btn-default ez-toc-toggle\" aria-label=\"Toggle Table of Content\"><span class=\"ez-toc-js-icon-con\"><span class=\"\"><span class=\"eztoc-hide\" style=\"display:none;\">Toggle<\/span><span class=\"ez-toc-icon-toggle-span\"><svg style=\"fill: #000000;color:#000000\" xmlns=\"http:\/\/www.w3.org\/2000\/svg\" class=\"list-377408\" width=\"20px\" height=\"20px\" viewBox=\"0 0 24 24\" fill=\"none\"><path d=\"M6 6H4v2h2V6zm14 0H8v2h12V6zM4 11h2v2H4v-2zm16 0H8v2h12v-2zM4 16h2v2H4v-2zm16 0H8v2h12v-2z\" fill=\"currentColor\"><\/path><\/svg><svg style=\"fill: #000000;color:#000000\" class=\"arrow-unsorted-368013\" xmlns=\"http:\/\/www.w3.org\/2000\/svg\" width=\"10px\" height=\"10px\" viewBox=\"0 0 24 24\" version=\"1.2\" baseProfile=\"tiny\"><path d=\"M18.2 9.3l-6.2-6.3-6.2 6.3c-.2.2-.3.4-.3.7s.1.5.3.7c.2.2.4.3.7.3h11c.3 0 .5-.1.7-.3.2-.2.3-.5.3-.7s-.1-.5-.3-.7zM5.8 14.7l6.2 6.3 6.2-6.3c.2-.2.3-.5.3-.7s-.1-.5-.3-.7c-.2-.2-.4-.3-.7-.3h-11c-.3 0-.5.1-.7.3-.2.2-.3.5-.3.7s.1.5.3.7z\"\/><\/svg><\/span><\/span><\/span><\/a><\/span><\/div>\n<nav><ul class='ez-toc-list ez-toc-list-level-1 eztoc-toggle-hide-by-default' ><li class='ez-toc-page-1 ez-toc-heading-level-2'><a class=\"ez-toc-link ez-toc-heading-1\" href=\"https:\/\/pokeriomokykla.com\/it\/skrill-casino-internet-codici-bonus-con-le-migliori-offerte\/#Skrill_kazino_sarasas_%E2%80%93_atnaujintas_2026\" >Skrill kazino s\u0105ra\u0161as \u2013 atnaujintas 2026<\/a><\/li><li class='ez-toc-page-1 ez-toc-heading-level-2'><a class=\"ez-toc-link ez-toc-heading-2\" href=\"https:\/\/pokeriomokykla.com\/it\/skrill-casino-internet-codici-bonus-con-le-migliori-offerte\/#Come_funziona_%E2%80%9ESkrill%E2%80%9C\" >Come funziona \u201eSkrill\u201c?<\/a><\/li><li class='ez-toc-page-1 ez-toc-heading-level-2'><a class=\"ez-toc-link ez-toc-heading-3\" href=\"https:\/\/pokeriomokykla.com\/it\/skrill-casino-internet-codici-bonus-con-le-migliori-offerte\/#Perche_dovresti_giocare_nei_casino_online_con_Skrill\" >Perch\u00e9 dovresti giocare nei casin\u00f2 online con Skrill?<\/a><\/li><li class='ez-toc-page-1 ez-toc-heading-level-2'><a class=\"ez-toc-link ez-toc-heading-4\" href=\"https:\/\/pokeriomokykla.com\/it\/skrill-casino-internet-codici-bonus-con-le-migliori-offerte\/#Bonus_dei_casino_Skrill_Cosa_dovresti_sapere\" >Bonus dei casin\u00f2 Skrill: Cosa dovresti sapere<\/a><\/li><li class='ez-toc-page-1 ez-toc-heading-level-2'><a class=\"ez-toc-link ez-toc-heading-5\" href=\"https:\/\/pokeriomokykla.com\/it\/skrill-casino-internet-codici-bonus-con-le-migliori-offerte\/#Come_iniziare_a_utilizzare_Skrill_e_ottenere_il_massimo_beneficio\" >Come iniziare a utilizzare Skrill e ottenere il massimo beneficio?<\/a><\/li><li class='ez-toc-page-1 ez-toc-heading-level-2'><a class=\"ez-toc-link ez-toc-heading-6\" href=\"https:\/\/pokeriomokykla.com\/it\/skrill-casino-internet-codici-bonus-con-le-migliori-offerte\/#Depositi_e_prelievi\" >Depositi e prelievi<\/a><\/li><li class='ez-toc-page-1 ez-toc-heading-level-2'><a class=\"ez-toc-link ez-toc-heading-7\" href=\"https:\/\/pokeriomokykla.com\/it\/skrill-casino-internet-codici-bonus-con-le-migliori-offerte\/#Fatti_interessanti_su_Skrill\" >Fatti interessanti su Skrill<\/a><\/li><li class='ez-toc-page-1 ez-toc-heading-level-2'><a class=\"ez-toc-link ez-toc-heading-8\" href=\"https:\/\/pokeriomokykla.com\/it\/skrill-casino-internet-codici-bonus-con-le-migliori-offerte\/#Casino_mobili_Skrill\" >Casin\u00f2 mobili Skrill<\/a><\/li><li class='ez-toc-page-1 ez-toc-heading-level-2'><a class=\"ez-toc-link ez-toc-heading-9\" href=\"https:\/\/pokeriomokykla.com\/it\/skrill-casino-internet-codici-bonus-con-le-migliori-offerte\/#Conclusione_su_Skrill_Casino\" >Conclusione su Skrill Casino<\/a><\/li><li class='ez-toc-page-1 ez-toc-heading-level-2'><a class=\"ez-toc-link ez-toc-heading-10\" href=\"https:\/\/pokeriomokykla.com\/it\/skrill-casino-internet-codici-bonus-con-le-migliori-offerte\/#FAQ_su_Skrill_Casino\" >FAQ su Skrill Casino<\/a><\/li><\/ul><\/nav><\/div>\n<h2 class=\"wp-block-heading\"><span class=\"ez-toc-section\" id=\"Skrill_kazino_sarasas_%E2%80%93_atnaujintas_2026\"><\/span>Skrill kazino s\u0105ra\u0161as \u2013 atnaujintas 2026 <span class=\"ez-toc-section-end\"><\/span><\/h2>\n\n<div class='widget-card placeholder--card-fullwidth'\n     data-source-gql='https:\/\/scg-new-live.stellate.sh\/'\n     data-source-widgetjs='https:\/\/widget.affprojects.com\/widget.js'\n     data-shortcode='widget-card'\n     data-shortcode-text='[top-casinos-for-games limit=\"20\" mobile-limit=\"10\" listtype=\"stacked\" scrollable=\"never\" fullwidth=\"true\"]'\n     data-props='{\n\"show_more_button\":true,\n\"show_more_button_text\":\"Show More Bookmakers\",\n\"show_more_text\":false,\n\"show_less_text\":false,\n\"vpn_notification\":false,\n\"show_more_items_amount\":null,\n\"fullwidth\":true,\n\"scrollable\":\"never\",\n\"violet_bonus_text\":true,\n\"ab_testing_show_more_button_rework\":true\n}'\n     data-queries='{\n\"type\":\"TOP-Casino\",\n\"limit\":20,\n\"mobile_limit\":10,\n\"show_new\":1,\n\"button_text_type\":\"TOP\",\n\"language\":\"it\",\n\"project\":\"PM\",\n\"page\":1\n}'\n     ><\/div>\n\n<p>\u201eSkrill\u201c \u00e8 un popolare portafoglio elettronico che offre transazioni sicure, veloci e convenienti agli appassionati di casin\u00f2 online in tutto il mondo. Questo metodo di pagamento \u00e8 diventato il preferito tra i giocatori per la sua facilit\u00e0 d'uso, l'alto livello di sicurezza e il riconoscimento globale in molti casin\u00f2 online.<\/p>\n<p>Qui troverai tutto ci\u00f2 che devi sapere sui casin\u00f2 \u201eSkrill\u201c, inclusi i codici bonus, le funzionalit\u00e0 delle transazioni e i consigli per massimizzare la tua esperienza.<\/p>\n<h2 class=\"wp-block-heading\"><span class=\"ez-toc-section\" id=\"Come_funziona_%E2%80%9ESkrill%E2%80%9C\"><\/span>Come funziona \u201eSkrill\u201c?<span class=\"ez-toc-section-end\"><\/span><\/h2>\n<p>\u201eSkrill\u201c funziona come un portafoglio digitale, consentendo di trasferire denaro da un conto all'altro. Molti giocatori di casin\u00f2 lo utilizzano per pagamenti sicuri e rapidi sui loro conti di casin\u00f2. Inoltre, con \u201eSkrill\u201c puoi facilmente e senza problemi prelevare le vincite dal tuo conto di casin\u00f2.<\/p>\n<h2 class=\"wp-block-heading\"><span class=\"ez-toc-section\" id=\"Perche_dovresti_giocare_nei_casino_online_con_Skrill\"><\/span>Perch\u00e9 dovresti giocare nei casin\u00f2 online con Skrill?<span class=\"ez-toc-section-end\"><\/span><\/h2>\n<p>Skrill ha molti vantaggi, come transazioni rapide, numerosi modi per ricaricare il conto Skrill, e la registrazione \u00e8 gratuita. Per questo motivo, molti giocatori scelgono i casin\u00f2 che utilizzano Skrill.<\/p>\n<p>Tuttavia, poich\u00e9 ci sono cos\u00ec tanti portafogli elettronici diversi, a volte pu\u00f2 essere difficile trovare il metodo di pagamento giusto per te. Pertanto, per il tuo beneficio, abbiamo elencato i vantaggi e gli svantaggi di Skrill. In questo modo potrai confrontare e determinare se questo metodo di pagamento soddisfa le tue esigenze.<\/p>\n<figure class=\"wp-block-table is-style-regular\">\n<table class=\"has-pale-ocean-gradient-background has-background has-fixed-layout\">\n<thead>\n<tr>\n<th>\u2714\ufe0f <strong>Vantaggi dell'uso di Skrill<\/strong><\/th>\n<th>\u274c <strong>Svantaggi di Skrill<\/strong><\/th>\n<\/tr>\n<\/thead>\n<tbody>\n<tr>\n<td><strong>Transazioni rapide e fluide:<\/strong> I depositi e i prelievi vengono effettuati rapidamente, permettendoti di utilizzare i tuoi fondi senza inutili ritardi.<\/td>\n<td><strong>Lungo processo di verifica:<\/strong> A causa di controlli di sicurezza aggiuntivi necessari per proteggere i tuoi fondi, la verifica del conto \u201eSkrill\u201c pu\u00f2 richiedere tempo.<\/td>\n<\/tr>\n<tr>\n<td><strong>Impostazione del conto gratuita:<\/strong> Creare un account \u201eSkrill\u201c \u00e8 completamente gratuito, rendendolo accessibile a tutti gli utenti.<\/td>\n<td><strong>Opzioni limitate di assistenza clienti:<\/strong> Skrill non fornisce supporto tramite chat dal vivo, ma utilizza un chatbot automatico Sofia, che potrebbe non soddisfare tutte le esigenze dei clienti.<\/td>\n<\/tr>\n<tr>\n<td><strong>Varie opzioni di finanziamento:<\/strong> Puoi ricaricare il tuo portafoglio Skrill in vari modi, come bonifico bancario, \u201eTrustly\u201c, \u201ePaysafecard\u201c e altri.<\/td>\n<td><strong>Uso limitato al di fuori del gioco:<\/strong> Sebbene \u201eSkrill\u201c sia ampiamente utilizzato nei giochi, in altri settori non \u00e8 cos\u00ec frequentemente accettato, il che potrebbe lasciare fondi inutilizzati nel portafoglio.<\/td>\n<\/tr>\n<tr>\n<td><strong>Transazioni sicure:<\/strong> \u201eSkrill\u201c d\u00e0 priorit\u00e0 alla sicurezza degli utenti e offre funzionalit\u00e0 come l'autenticazione a due fattori per garantire una protezione aggiuntiva.<\/td>\n<td><\/td>\n<\/tr>\n<tr>\n<td><strong>Molto accettato nei giochi:<\/strong> Molti casin\u00f2 online e piattaforme di gioco supportano \u201eSkrill\u201c come metodo di pagamento preferito.<\/td>\n<td><\/td>\n<\/tr>\n<tr>\n<td><strong>Fornitore regolamentato e affidabile:<\/strong> Skrill \u00e8 un metodo di pagamento affidabile regolato dalla Financial Conduct Authority (FCA), quindi ci si pu\u00f2 fidare.<\/td>\n<td><\/td>\n<\/tr>\n<tr>\n<td><strong>Accesso ai pagamenti versatile:<\/strong> \u201eSkrill\u201c \u00e8 compatibile sia con computer che con dispositivi mobili, permettendoti di usarlo ovunque e in qualsiasi momento.<\/td>\n<td><\/td>\n<\/tr>\n<tr>\n<td><strong>Possibilit\u00e0 di utilizzare una carta prepagata:<\/strong> \u201eSkrill\u201c offre una carta prepagata collegata al tuo conto, rendendo comodo l'acquisto fisico.<\/td>\n<td><\/td>\n<\/tr>\n<tr>\n<td><strong>Funzionalit\u00e0 sportive speciali:<\/strong> \u201eSkrill\u201c ha una sezione sportiva speciale dove gli utenti possono trovare approfondimenti utili, inclusi statistiche delle squadre, dati dei giocatori e consigli.<\/td>\n<td><\/td>\n<\/tr>\n<\/tbody>\n<\/table>\n<\/figure>\n<h2 class=\"wp-block-heading\"><span class=\"ez-toc-section\" id=\"Bonus_dei_casino_Skrill_Cosa_dovresti_sapere\"><\/span>Bonus dei casin\u00f2 Skrill: Cosa dovresti sapere<span class=\"ez-toc-section-end\"><\/span><\/h2>\n<\/p>\n<p>Sebbene \u201eSkrill\u201c sia un metodo di pagamento conveniente, alcuni casin\u00f2 online non offrono l'idoneit\u00e0 a determinati bonus, come le offerte di benvenuto, per i depositi effettuati tramite \u201eSkrill\u201c. Questo \u00e8 dovuto alla preoccupazione che i bonus possano essere abusati. Tuttavia, molti casin\u00f2 offrono ancora bonus esclusivi agli utenti \u201eSkrill\u201c o includono i depositi \u201eSkrill\u201c nelle promozioni standard.<\/p>\n<p>Per assicurarti di avere diritto ai bonus:<\/p>\n<ul class=\"wp-block-list\">\n<li>Controlla i termini e le condizioni delle offerte bonus del casin\u00f2.<\/li>\n<li>Cerca casin\u00f2 che evidenziano specificamente i bonus favorevoli a Skrill.<\/li>\n<\/ul>\n<h3 class=\"wp-block-heading\">Tipi di bonus dei casin\u00f2 Skrill:<\/h3>\n<ul class=\"wp-block-list\">\n<li>Bonus sul deposito corrispondente<\/li>\n<li><a href=\"https:\/\/pokeriomokykla.com\/reload-bonus\">Bonus di ricarica<\/a><\/li>\n<li><a href=\"https:\/\/pokeriomokykla.com\/kazino-bonusai-be-depozito\">Casino Skrill bonus senza deposito<\/a><\/li>\n<li><a href=\"https:\/\/pokeriomokykla.com\/nemokami-sukimai-free-casino-spins\">Giri gratuiti o giri bonus<\/a><\/li>\n<\/ul>\n<h2 class=\"wp-block-heading\"><span class=\"ez-toc-section\" id=\"Come_iniziare_a_utilizzare_Skrill_e_ottenere_il_massimo_beneficio\"><\/span><b>Come iniziare a utilizzare Skrill e ottenere il massimo beneficio?<\/b><span class=\"ez-toc-section-end\"><\/span><\/h2>\n<\/p>\n<p><span style=\"font-weight: 400;\">La registrazione sulla piattaforma Skrill \u00e8 molto semplice. Per registrarti impiegherai pochi minuti, e successivamente dovrai solo confermare la tua identit\u00e0 per poter usufruire appieno dei vantaggi di questa piattaforma di pagamenti.<\/span><\/p>\n<ul class=\"wp-block-list\">\n<li><span style=\"font-weight: 400;\">Visita il sito web di Skrill e clicca su \u201e<\/span><a href=\"https:\/\/account.skrill.com\/wallet\/account\/sign-up?locale=en\" target=\"_blank\" rel=\"noopener\"><span style=\"font-weight: 400;\">Register<\/span><\/a><span style=\"font-weight: 400;\">\u201c<\/span><\/li>\n<li><span style=\"font-weight: 400;\">Inserisci i tuoi dati personali (nome, cognome, paese di residenza, valuta del conto, email, password)<\/span><\/li>\n<li><span style=\"font-weight: 400;\">Accetta i termini di servizio e completa la registrazione.<\/span><\/li>\n<\/ul>\n<p><span style=\"font-weight: 400;\">Dopo aver completato questi passaggi, avrai creato il tuo portafoglio virtuale Skrill. E anche se \u00e8 gi\u00e0 attivo e puoi accedere al tuo account, un portafoglio Skrill non attivato con identit\u00e0 non verificata ha poco valore, poich\u00e9 semplicemente non sarai in grado di effettuare pagamenti o trasferimenti. Per poter utilizzare appieno Skrill, \u00e8 necessario completare la registrazione e depositare fondi nel portafoglio online. Una volta avviato il processo di verifica del conto, dovrai inserire:<\/span><\/p>\n<ul class=\"wp-block-list\">\n<li><span style=\"font-weight: 400;\">Indirizzo di residenza (dovr\u00e0 essere verificato attivando la funzione di localizzazione sullo smartphone o caricando un documento che confermi l'indirizzo indicato);<\/span><\/li>\n<li><span style=\"font-weight: 400;\">Codice postale;<\/span><\/li>\n<li><span style=\"font-weight: 400;\">Data di nascita;<\/span><\/li>\n<li><span style=\"font-weight: 400;\">Numero di telefono cellulare<\/span><\/li>\n<\/ul>\n<p><span style=\"font-weight: 400;\">Dopo aver inserito questi dati, riceverai un SMS sul tuo telefono con un codice di conferma. Dovrai inserire quel codice nell'app Skrill e sul sito web e completare i passaggi rimanenti per completare il processo di registrazione.<\/span><\/p>\n<p><span style=\"font-weight: 400;\">Come con NETELLER, dopo questa fase, nel conto Skrill deve esserci almeno un metodo di deposito associato al portafoglio virtuale. Quindi, dopo la registrazione, \u00e8 necessario ricaricare il portafoglio Skrill tramite carta bancaria, conto bancario o altro metodo di pagamento. Ci sono decine di opzioni su come farlo.<\/span><\/p>\n<p><span style=\"font-weight: 400;\">Dopo aver completato tutto e terminato la registrazione, \u00e8 possibile passare alle societ\u00e0 di gioco e ricaricare il conto utilizzando il portafoglio virtuale Skrill.<\/span><\/p>\n<h2 class=\"wp-block-heading\"><span class=\"ez-toc-section\" id=\"Depositi_e_prelievi\"><\/span><b>Depositi e prelievi<\/b><span class=\"ez-toc-section-end\"><\/span><\/h2>\n<\/p>\n<p><span style=\"font-weight: 400;\">I portafogli Skrill sono uno dei modi pi\u00f9 veloci per prelevare vincite dal casin\u00f2. Di solito, le vincite vengono accreditate sul portafoglio Skrill entro 24 ore (all'estero), ma in rari casi il tempo di prelievo pu\u00f2 estendersi fino a 3-5 giorni lavorativi.<\/span><\/p>\n<p><span style=\"font-weight: 400;\">Poich\u00e9 i portafogli elettronici non sono ancora considerati equivalenti a un conto bancario o a una carta di pagamento, per prelevare una somma maggiore, l'organizzatore del gioco pu\u00f2 richiedere un'ulteriore verifica dell'identit\u00e0.<\/span><\/p>\n<p><span style=\"font-weight: 400;\">Non preoccupatevi e inviate i documenti richiesti. Di solito, l'elaborazione e la conferma del pagamento richiedono tempo, ma una volta che l'organizzatore del gioco lo ha effettuato, i soldi arrivano immediatamente sul vostro conto Skrill.<\/span><\/p>\n<h2 class=\"wp-block-heading\"><span class=\"ez-toc-section\" id=\"Fatti_interessanti_su_Skrill\"><\/span>Fatti interessanti su Skrill<span class=\"ez-toc-section-end\"><\/span><\/h2>\n<\/p>\n<p><span style=\"font-weight: 400;\">Oltre ai fatti generali su Skrill, come azienda e marchio, \u00e8 importante evidenziare le caratteristiche dei servizi rilevanti per ogni cliente:<\/span><\/p>\n<ul class=\"wp-block-list\">\n<li><strong>Anno di fondazione.<\/strong> \u201eSkrill\u201c \u00e8 stata fondata nel 2001 e inizialmente si chiamava \u201eMoneybookers\u201c.<\/li>\n<li><strong>Appartiene al \u201ePaysafe Group\u201c.<\/strong> \u201eSkrill\u201c insieme a \u201eNETELLER\u201c appartiene al \u201ePaysafe Group\u201c, uno dei maggiori fornitori di servizi di pagamento elettronico al mondo.<\/li>\n<li><strong>Possibilit\u00e0 di utilizzare pi\u00f9 di 40 valute.<\/strong> \u201eSkrill\u201c consente agli utenti di effettuare transazioni in pi\u00f9 di 40 valute, rendendola ideale per i pagamenti internazionali.<\/li>\n<li><strong>Bonus per i giocatori di casin\u00f2.<\/strong> Sebbene alcuni bonus non dipendano dai depositi \u201eSkrill\u201c, alcuni casin\u00f2 offrono bonus speciali proprio per gli utenti \u201eSkrill\u201c.<\/li>\n<li><strong>Sezione sportiva comoda.<\/strong> \u201eSkrill\u201c ha una sezione speciale dedicata agli appassionati di sport, con statistiche e consigli sulle scommesse.<\/li>\n<li><strong>Marchio nel settore sportivo.<\/strong> \u201eSkrill\u201c \u00e8 stata sponsor di molti eventi sportivi, inclusi tornei di calcio e e-sport.<\/li>\n<\/ul>\n<h2 class=\"wp-block-heading\"><span class=\"ez-toc-section\" id=\"Casino_mobili_Skrill\"><\/span>Casin\u00f2 mobili Skrill<span class=\"ez-toc-section-end\"><\/span><\/h2>\n<\/p>\n<p>Se non desiderate utilizzare il computer, \u00e8 utile sapere che \u201eSkrill\u201c consente di effettuare pagamenti anche tramite telefono cellulare. L'app pu\u00f2 essere scaricata dal \u201eAndroid Play Store\u201c e dai negozi di app \u201eiOS\u201c, permettendo di effettuare pagamenti in modo rapido, sicuro e molto comodo in movimento.<\/p>\n<p>Disponibile 24 ore su 24, ovunque vi troviate &#8211; per controllare il saldo del vostro conto, effettuare operazioni o prelevare denaro &#8211; questa \u00e8 la versatilit\u00e0 dell'app \u201eSkrill\u201c.<\/p>\n<h2 class=\"wp-block-heading\"><span class=\"ez-toc-section\" id=\"Conclusione_su_Skrill_Casino\"><\/span>Conclusione su Skrill Casino<span class=\"ez-toc-section-end\"><\/span><\/h2>\n<\/p>\n<p>\u201eSkrill\u201c \u00e8 un metodo di pagamento versatile e sicuro che migliora l'esperienza del casin\u00f2 online per i giocatori di tutto il mondo. Grazie alla facilit\u00e0 d'uso, alle transazioni rapide e al riconoscimento globale, \u00e8 la scelta migliore per gli appassionati di casin\u00f2. Prima di iniziare a giocare, controllate sempre le condizioni di pagamento e bonus del casin\u00f2 scelto per garantire la migliore esperienza possibile.<\/p>\n<p>Scegliendo un casin\u00f2 \u201eSkrill\u201c affidabile e comprendendo come massimizzare le vostre transazioni, potrete godere di un'avventura di gioco fluida e gratificante.<\/p>\n<h2 class=\"wp-block-heading\"><span class=\"ez-toc-section\" id=\"FAQ_su_Skrill_Casino\"><\/span>FAQ su Skrill Casino<span class=\"ez-toc-section-end\"><\/span><\/h2>\n<\/p>\n<div class=\"schema-faq wp-block-yoast-faq-block\">\n<div class=\"schema-faq-section\" id=\"faq-question-1732565981590\"><strong class=\"schema-faq-question\"><strong>Kas yra Skrill?<\/strong><\/strong> <\/p>\n<p class=\"schema-faq-answer\">\u201eSkrill\u201c &#8211; \u00e8 un servizio di pagamenti online che consente agli utenti di inviare, ricevere e conservare denaro in modo sicuro. \u00c8 ampiamente utilizzato per l'e-commerce, i giochi e i trasferimenti di denaro internazionali.<\/p>\n<\/p><\/div>\n<div class=\"schema-faq-section\" id=\"faq-question-1732565997087\"><strong class=\"schema-faq-question\"><strong>Kaip susikurti \u201eSkrill\u201c paskyr\u0105?<\/strong><\/strong> <\/p>\n<p class=\"schema-faq-answer\">Puoi creare un account \u201eSkrill\u201c visitando il sito ufficiale, registrandoti con il tuo indirizzo email e compilando le informazioni personali richieste.<\/p>\n<\/p><\/div>\n<div class=\"schema-faq-section\" id=\"faq-question-1732566006099\"><strong class=\"schema-faq-question\"><strong>Ar \u201eSkrill\u201c naudojimas yra nemokamas?<\/strong><\/strong> <\/p>\n<p class=\"schema-faq-answer\">La creazione di un account \u00e8 gratuita, ma \u201eSkrill\u201c pu\u00f2 addebitare commissioni per determinati servizi, come il prelievo di denaro, la conversione di valuta o l'inattivit\u00e0.<\/p>\n<\/p><\/div>\n<div class=\"schema-faq-section\" id=\"faq-question-1732566022541\"><strong class=\"schema-faq-question\"><strong>Kokias valiutas palaiko \u201eSkrill\u201c?<\/strong><\/strong> <\/p>\n<p class=\"schema-faq-answer\">Skrill supporta pi\u00f9 di 40 valute, rendendolo una scelta versatile per le operazioni internazionali.<\/p>\n<\/p><\/div>\n<div class=\"schema-faq-section\" id=\"faq-question-1732566031863\"><strong class=\"schema-faq-question\"><strong>Ar galiu naudoti \u201eSkrill\u201c internetiniams lo\u0161imams?<\/strong><\/strong> <\/p>\n<p class=\"schema-faq-answer\">S\u00ec, \u201eSkrill\u201c \u00e8 uno dei metodi di pagamento pi\u00f9 popolari nei casin\u00f2 online e nei siti di scommesse grazie alla sua sicurezza e velocit\u00e0.<\/p>\n<\/p><\/div>\n<div class=\"schema-faq-section\" id=\"faq-question-1732566041185\"><strong class=\"schema-faq-question\"><strong>Ar u\u017e \u201eSkrill\u201c \u012fmokas galima gauti premijas interneto kazino?<\/strong><\/strong> <\/p>\n<p class=\"schema-faq-answer\">Non sempre. In alcuni casin\u00f2, i depositi con \u201eSkrill\u201c non sono inclusi nei bonus di benvenuto. Controlla i termini e le condizioni dei bonus del casin\u00f2 che utilizzi.<\/p>\n<\/p><\/div>\n<\/p><\/div>\n","protected":false},"excerpt":{"rendered":"<p>Skrill kazino s\u0105ra\u0161as \u2013 atnaujintas \u201eSkrill\u201c \u00e8 un popolare portafoglio&#8230;<\/p>\n","protected":false},"author":5318,"featured_media":1091742,"parent":0,"menu_order":0,"comment_status":"closed","ping_status":"closed","template":"page-affiliate-items.php","meta":{"_acf_changed":false,"footnotes":""},"class_list":["post-812986","page","type-page","status-publish","has-post-thumbnail","hentry"],"acf":[],"_links":{"self":[{"href":"https:\/\/pokeriomokykla.com\/it\/wp-json\/wp\/v2\/pages\/812986","targetHints":{"allow":["GET"]}}],"collection":[{"href":"https:\/\/pokeriomokykla.com\/it\/wp-json\/wp\/v2\/pages"}],"about":[{"href":"https:\/\/pokeriomokykla.com\/it\/wp-json\/wp\/v2\/types\/page"}],"author":[{"embeddable":true,"href":"https:\/\/pokeriomokykla.com\/it\/wp-json\/wp\/v2\/users\/5318"}],"replies":[{"embeddable":true,"href":"https:\/\/pokeriomokykla.com\/it\/wp-json\/wp\/v2\/comments?post=812986"}],"version-history":[{"count":7,"href":"https:\/\/pokeriomokykla.com\/it\/wp-json\/wp\/v2\/pages\/812986\/revisions"}],"predecessor-version":[{"id":1093477,"href":"https:\/\/pokeriomokykla.com\/it\/wp-json\/wp\/v2\/pages\/812986\/revisions\/1093477"}],"wp:featuredmedia":[{"embeddable":true,"href":"https:\/\/pokeriomokykla.com\/it\/wp-json\/wp\/v2\/media\/1091742"}],"wp:attachment":[{"href":"https:\/\/pokeriomokykla.com\/it\/wp-json\/wp\/v2\/media?parent=812986"}],"curies":[{"name":"wp","href":"https:\/\/api.w.org\/{rel}","templated":true}]}}