{"id":791534,"date":"2020-11-04T16:40:23","date_gmt":"2020-11-04T14:40:23","guid":{"rendered":"https:\/\/pokeriomokykla.com\/skrill-casinos-internetu-bonus-kodai-ir-viskas-apie-skrill"},"modified":"2025-04-28T23:24:50","modified_gmt":"2025-04-28T21:24:50","slug":"skrill-casinos-internetu-bonus-kodai-ir-viskas-apie-skrill","status":"publish","type":"page","link":"https:\/\/pokeriomokykla.com\/fr\/skrill-casinos-internet-bonus-codes-avec-les-meilleures-offres","title":{"rendered":"Skrill casino en ligne \u2013 codes bonus 2026"},"content":{"rendered":"<div id=\"ez-toc-container\" class=\"ez-toc-v2_0_76 ez-toc-wrap-left counter-hierarchy ez-toc-counter ez-toc-custom ez-toc-container-direction\">\n<div class=\"ez-toc-title-container\">\n<p class=\"ez-toc-title\" style=\"cursor:inherit\">Table des mati\u00e8res<\/p>\n<span class=\"ez-toc-title-toggle\"><a href=\"#\" class=\"ez-toc-pull-right ez-toc-btn ez-toc-btn-xs ez-toc-btn-default ez-toc-toggle\" aria-label=\"Toggle Table of Content\"><span class=\"ez-toc-js-icon-con\"><span class=\"\"><span class=\"eztoc-hide\" style=\"display:none;\">Toggle<\/span><span class=\"ez-toc-icon-toggle-span\"><svg style=\"fill: #000000;color:#000000\" xmlns=\"http:\/\/www.w3.org\/2000\/svg\" class=\"list-377408\" width=\"20px\" height=\"20px\" viewBox=\"0 0 24 24\" fill=\"none\"><path d=\"M6 6H4v2h2V6zm14 0H8v2h12V6zM4 11h2v2H4v-2zm16 0H8v2h12v-2zM4 16h2v2H4v-2zm16 0H8v2h12v-2z\" fill=\"currentColor\"><\/path><\/svg><svg style=\"fill: #000000;color:#000000\" class=\"arrow-unsorted-368013\" xmlns=\"http:\/\/www.w3.org\/2000\/svg\" width=\"10px\" height=\"10px\" viewBox=\"0 0 24 24\" version=\"1.2\" baseProfile=\"tiny\"><path d=\"M18.2 9.3l-6.2-6.3-6.2 6.3c-.2.2-.3.4-.3.7s.1.5.3.7c.2.2.4.3.7.3h11c.3 0 .5-.1.7-.3.2-.2.3-.5.3-.7s-.1-.5-.3-.7zM5.8 14.7l6.2 6.3 6.2-6.3c.2-.2.3-.5.3-.7s-.1-.5-.3-.7c-.2-.2-.4-.3-.7-.3h-11c-.3 0-.5.1-.7.3-.2.2-.3.5-.3.7s.1.5.3.7z\"\/><\/svg><\/span><\/span><\/span><\/a><\/span><\/div>\n<nav><ul class='ez-toc-list ez-toc-list-level-1 eztoc-toggle-hide-by-default' ><li class='ez-toc-page-1 ez-toc-heading-level-2'><a class=\"ez-toc-link ez-toc-heading-1\" href=\"https:\/\/pokeriomokykla.com\/fr\/skrill-casinos-internet-bonus-codes-avec-les-meilleures-offres\/#Skrill_kazino_sarasas_%E2%80%93_atnaujintas_2026\" >Skrill kazino s\u0105ra\u0161as \u2013 atnaujintas 2026<\/a><\/li><li class='ez-toc-page-1 ez-toc-heading-level-2'><a class=\"ez-toc-link ez-toc-heading-2\" href=\"https:\/\/pokeriomokykla.com\/fr\/skrill-casinos-internet-bonus-codes-avec-les-meilleures-offres\/#Comment_fonctionne_%C2%AB_Skrill_%C2%BB\" >Comment fonctionne \u00ab Skrill \u00bb ?<\/a><\/li><li class='ez-toc-page-1 ez-toc-heading-level-2'><a class=\"ez-toc-link ez-toc-heading-3\" href=\"https:\/\/pokeriomokykla.com\/fr\/skrill-casinos-internet-bonus-codes-avec-les-meilleures-offres\/#Pourquoi_devriez-vous_jouer_dans_les_casinos_en_ligne_Skrill\" >Pourquoi devriez-vous jouer dans les casinos en ligne Skrill ?<\/a><\/li><li class='ez-toc-page-1 ez-toc-heading-level-2'><a class=\"ez-toc-link ez-toc-heading-4\" href=\"https:\/\/pokeriomokykla.com\/fr\/skrill-casinos-internet-bonus-codes-avec-les-meilleures-offres\/#Bonus_de_casino_Skrill_Ce_que_vous_devez_savoir\" >Bonus de casino Skrill : Ce que vous devez savoir<\/a><\/li><li class='ez-toc-page-1 ez-toc-heading-level-2'><a class=\"ez-toc-link ez-toc-heading-5\" href=\"https:\/\/pokeriomokykla.com\/fr\/skrill-casinos-internet-bonus-codes-avec-les-meilleures-offres\/#Comment_commencer_a_utiliser_Skrill_et_en_tirer_le_maximum\" >Comment commencer \u00e0 utiliser Skrill et en tirer le maximum ?<\/a><\/li><li class='ez-toc-page-1 ez-toc-heading-level-2'><a class=\"ez-toc-link ez-toc-heading-6\" href=\"https:\/\/pokeriomokykla.com\/fr\/skrill-casinos-internet-bonus-codes-avec-les-meilleures-offres\/#Depots_et_retraits\" >D\u00e9p\u00f4ts et retraits<\/a><\/li><li class='ez-toc-page-1 ez-toc-heading-level-2'><a class=\"ez-toc-link ez-toc-heading-7\" href=\"https:\/\/pokeriomokykla.com\/fr\/skrill-casinos-internet-bonus-codes-avec-les-meilleures-offres\/#Faits_interessants_sur_Skrill\" >Faits int\u00e9ressants sur Skrill<\/a><\/li><li class='ez-toc-page-1 ez-toc-heading-level-2'><a class=\"ez-toc-link ez-toc-heading-8\" href=\"https:\/\/pokeriomokykla.com\/fr\/skrill-casinos-internet-bonus-codes-avec-les-meilleures-offres\/#Casinos_mobiles_Skrill\" >Casinos mobiles Skrill<\/a><\/li><li class='ez-toc-page-1 ez-toc-heading-level-2'><a class=\"ez-toc-link ez-toc-heading-9\" href=\"https:\/\/pokeriomokykla.com\/fr\/skrill-casinos-internet-bonus-codes-avec-les-meilleures-offres\/#Conclusion_sur_Skrill_Casino\" >Conclusion sur Skrill Casino<\/a><\/li><li class='ez-toc-page-1 ez-toc-heading-level-2'><a class=\"ez-toc-link ez-toc-heading-10\" href=\"https:\/\/pokeriomokykla.com\/fr\/skrill-casinos-internet-bonus-codes-avec-les-meilleures-offres\/#FAQ_sur_Skrill_Casino\" >FAQ sur Skrill Casino<\/a><\/li><\/ul><\/nav><\/div>\n<h2 class=\"wp-block-heading\"><span class=\"ez-toc-section\" id=\"Skrill_kazino_sarasas_%E2%80%93_atnaujintas_2026\"><\/span>Skrill kazino s\u0105ra\u0161as \u2013 atnaujintas 2026 <span class=\"ez-toc-section-end\"><\/span><\/h2>\n\n<div class='widget-card placeholder--card-fullwidth'\n     data-source-gql='https:\/\/scg-new-live.stellate.sh\/'\n     data-source-widgetjs='https:\/\/widget.affprojects.com\/widget.js'\n     data-shortcode='widget-card'\n     data-shortcode-text='[top-casinos-for-games limit=\"20\" mobile-limit=\"10\" listtype=\"stacked\" scrollable=\"never\" fullwidth=\"true\"]'\n     data-props='{\n\"show_more_button\":true,\n\"show_more_button_text\":\"Show More Bookmakers\",\n\"show_more_text\":false,\n\"show_less_text\":false,\n\"vpn_notification\":false,\n\"show_more_items_amount\":null,\n\"fullwidth\":true,\n\"scrollable\":\"never\",\n\"violet_bonus_text\":true,\n\"ab_testing_show_more_button_rework\":true\n}'\n     data-queries='{\n\"type\":\"TOP-Casino\",\n\"limit\":20,\n\"mobile_limit\":10,\n\"show_new\":1,\n\"button_text_type\":\"TOP\",\n\"language\":\"fr\",\n\"project\":\"PM\",\n\"page\":1\n}'\n     ><\/div>\n\n<p>\u00ab Skrill \u00bb est un portefeuille \u00e9lectronique populaire qui offre des transactions s\u00e9curis\u00e9es, rapides et pratiques aux amateurs de casinos en ligne du monde entier. Ce mode de paiement est devenu le favori des joueurs en raison de sa facilit\u00e9 d'utilisation, de son haut niveau de s\u00e9curit\u00e9 et de sa reconnaissance universelle dans de nombreux casinos en ligne.<\/p>\n<p>Vous trouverez ici tout ce que vous devez savoir sur les casinos \u00ab Skrill \u00bb, y compris les codes bonus, les fonctionnalit\u00e9s des transactions et des conseils pour maximiser votre exp\u00e9rience.<\/p>\n<h2 class=\"wp-block-heading\"><span class=\"ez-toc-section\" id=\"Comment_fonctionne_%C2%AB_Skrill_%C2%BB\"><\/span>Comment fonctionne \u00ab Skrill \u00bb ?<span class=\"ez-toc-section-end\"><\/span><\/h2>\n<p>\u00ab Skrill \u00bb fonctionne comme un portefeuille num\u00e9rique, permettant de transf\u00e9rer de l'argent d'un compte \u00e0 un autre. De nombreux joueurs de casino l'utilisent pour effectuer des paiements s\u00e9curis\u00e9s et rapides sur leurs comptes de casino. De plus, avec \u00ab Skrill \u00bb, vous pouvez facilement et sans tracas retirer vos gains de votre compte de casino.<\/p>\n<h2 class=\"wp-block-heading\"><span class=\"ez-toc-section\" id=\"Pourquoi_devriez-vous_jouer_dans_les_casinos_en_ligne_Skrill\"><\/span>Pourquoi devriez-vous jouer dans les casinos en ligne Skrill ?<span class=\"ez-toc-section-end\"><\/span><\/h2>\n<p>Skrill pr\u00e9sente de nombreux avantages, tels que des transactions rapides, de nombreuses fa\u00e7ons de recharger votre compte Skrill, et l'inscription est gratuite. Pour cette raison, de nombreux joueurs choisissent des casinos utilisant Skrill.<\/p>\n<p>Cependant, comme il existe de nombreux portefeuilles \u00e9lectroniques diff\u00e9rents, il peut parfois \u00eatre difficile de trouver le mode de paiement qui vous convient. C'est pourquoi nous avons list\u00e9 pour vous les avantages et les inconv\u00e9nients de Skrill. Vous pourrez ainsi comparer et d\u00e9terminer si ce mode de paiement r\u00e9pond \u00e0 vos besoins.<\/p>\n<figure class=\"wp-block-table is-style-regular\">\n<table class=\"has-pale-ocean-gradient-background has-background has-fixed-layout\">\n<thead>\n<tr>\n<th>\u2714\ufe0f <strong>Avantages de l'utilisation de Skrill<\/strong><\/th>\n<th>\u274c <strong>Inconv\u00e9nients de Skrill<\/strong><\/th>\n<\/tr>\n<\/thead>\n<tbody>\n<tr>\n<td><strong>Transactions rapides et fluides :<\/strong> Les d\u00e9p\u00f4ts et retraits sont effectu\u00e9s rapidement, vous permettant d'utiliser vos fonds sans d\u00e9lai inutile.<\/td>\n<td><strong>Processus de v\u00e9rification long :<\/strong> En raison des v\u00e9rifications de s\u00e9curit\u00e9 suppl\u00e9mentaires n\u00e9cessaires pour prot\u00e9ger vos fonds, la v\u00e9rification du compte \u00ab Skrill \u00bb peut prendre du temps.<\/td>\n<\/tr>\n<tr>\n<td><strong>Cr\u00e9ation de compte gratuite :<\/strong> Cr\u00e9er un compte \u00ab Skrill \u00bb est enti\u00e8rement gratuit, le rendant accessible \u00e0 tous les utilisateurs.<\/td>\n<td><strong>Options de service client limit\u00e9es :<\/strong> Skrill ne propose pas d'assistance par chat en direct, mais utilise un robot de chat automatis\u00e9 nomm\u00e9 Sofia, qui peut ne pas r\u00e9pondre \u00e0 tous les besoins des clients.<\/td>\n<\/tr>\n<tr>\n<td><strong>Multiples options de financement :<\/strong> Vous pouvez recharger votre portefeuille Skrill de diff\u00e9rentes mani\u00e8res, telles que par virement bancaire, \u00ab Trustly \u00bb, \u00ab Paysafecard \u00bb, etc.<\/td>\n<td><strong>Utilisation limit\u00e9e en dehors des jeux :<\/strong> Bien que \u00ab Skrill \u00bb soit largement utilis\u00e9 dans les jeux, il n'est pas aussi souvent accept\u00e9 dans d'autres industries, ce qui peut laisser des fonds inutilis\u00e9s dans le portefeuille.<\/td>\n<\/tr>\n<tr>\n<td><strong>Transactions s\u00e9curis\u00e9es :<\/strong> \u00ab Skrill \u00bb privil\u00e9gie la s\u00e9curit\u00e9 des utilisateurs et propose des fonctionnalit\u00e9s telles que l'authentification \u00e0 deux facteurs pour garantir une protection suppl\u00e9mentaire.<\/td>\n<td><\/td>\n<\/tr>\n<tr>\n<td><strong>Tr\u00e8s accept\u00e9 pour les jeux :<\/strong> De nombreux casinos en ligne et plateformes de jeux prennent en charge \u00ab Skrill \u00bb comme mode de paiement pr\u00e9f\u00e9r\u00e9.<\/td>\n<td><\/td>\n<\/tr>\n<tr>\n<td><strong>Fournisseur r\u00e9glement\u00e9 et fiable :<\/strong> Skrill est un mode de paiement fiable, r\u00e9glement\u00e9 par la Financial Conduct Authority (FCA), ce qui en fait un choix de confiance.<\/td>\n<td><\/td>\n<\/tr>\n<tr>\n<td><strong>Acc\u00e8s polyvalent aux paiements :<\/strong> \u00ab Skrill \u00bb est compatible avec les ordinateurs et les appareils mobiles, vous permettant de l'utiliser \u00e0 tout moment et en tout lieu.<\/td>\n<td><\/td>\n<\/tr>\n<tr>\n<td><strong>Possibilit\u00e9 d'utiliser une carte pr\u00e9pay\u00e9e :<\/strong> \u00ab Skrill \u00bb propose une carte pr\u00e9pay\u00e9e li\u00e9e \u00e0 votre compte, ce qui est pratique pour les achats physiques.<\/td>\n<td><\/td>\n<\/tr>\n<tr>\n<td><strong>Fonctionnalit\u00e9s sportives sp\u00e9ciales :<\/strong> \u00ab Skrill \u00bb dispose d'une section sportive sp\u00e9ciale o\u00f9 les utilisateurs peuvent trouver des informations utiles, y compris des statistiques d'\u00e9quipes, des donn\u00e9es de joueurs et des conseils.<\/td>\n<td><\/td>\n<\/tr>\n<\/tbody>\n<\/table>\n<\/figure>\n<h2 class=\"wp-block-heading\"><span class=\"ez-toc-section\" id=\"Bonus_de_casino_Skrill_Ce_que_vous_devez_savoir\"><\/span>Bonus de casino Skrill : Ce que vous devez savoir<span class=\"ez-toc-section-end\"><\/span><\/h2>\n<\/p>\n<p>Bien que \u00ab Skrill \u00bb soit un mode de paiement pratique, certains casinos en ligne n'accordent pas certains bonus, tels que les offres de bienvenue, pour les d\u00e9p\u00f4ts effectu\u00e9s via \u00ab Skrill \u00bb. Cela est d\u00fb \u00e0 des pr\u00e9occupations concernant l'abus des bonus. Cependant, de nombreux casinos offrent encore des bonus exclusifs aux utilisateurs de \u00ab Skrill \u00bb ou incluent les d\u00e9p\u00f4ts \u00ab Skrill \u00bb dans les promotions standard.<\/p>\n<p>Pour vous assurer que vous \u00eates \u00e9ligible aux bonus :<\/p>\n<ul class=\"wp-block-list\">\n<li>V\u00e9rifiez les termes et conditions des offres de bonus du casino.<\/li>\n<li>Cherchez des casinos qui mettent sp\u00e9cifiquement en avant les bonus favorables \u00e0 Skrill.<\/li>\n<\/ul>\n<h3 class=\"wp-block-heading\">Types de bonus de casino Skrill :<\/h3>\n<ul class=\"wp-block-list\">\n<li>Bonus de d\u00e9p\u00f4t \u00e9gal\u00e9<\/li>\n<li><a href=\"https:\/\/pokeriomokykla.com\/reload-bonus\">Bonus de recharge<\/a><\/li>\n<li><a href=\"https:\/\/pokeriomokykla.com\/kazino-bonusai-be-depozito\">Casino Skrill bonus sans d\u00e9p\u00f4t<\/a><\/li>\n<li><a href=\"https:\/\/pokeriomokykla.com\/nemokami-sukimai-free-casino-spins\">Tours gratuits ou tours bonus<\/a><\/li>\n<\/ul>\n<h2 class=\"wp-block-heading\"><span class=\"ez-toc-section\" id=\"Comment_commencer_a_utiliser_Skrill_et_en_tirer_le_maximum\"><\/span><b>Comment commencer \u00e0 utiliser Skrill et en tirer le maximum ?<\/b><span class=\"ez-toc-section-end\"><\/span><\/h2>\n<\/p>\n<p><span style=\"font-weight: 400;\">L'inscription sur la plateforme Skrill est tr\u00e8s simple. Il vous faudra quelques minutes pour vous inscrire, puis vous devrez simplement v\u00e9rifier votre identit\u00e9 pour pouvoir profiter pleinement des avantages de cette plateforme de paiement.<\/span><\/p>\n<ul class=\"wp-block-list\">\n<li><span style=\"font-weight: 400;\">Rendez-vous sur le site internet de Skrill et cliquez sur \u00ab <\/span><a href=\"https:\/\/account.skrill.com\/wallet\/account\/sign-up?locale=en\" target=\"_blank\" rel=\"noopener\"><span style=\"font-weight: 400;\">Register<\/span><\/a><span style=\"font-weight: 400;\"> \u00bb<\/span><\/li>\n<li><span style=\"font-weight: 400;\">Entrez vos informations personnelles (nom, pr\u00e9nom, pays de r\u00e9sidence, devise du compte, e-mail, mot de passe)<\/span><\/li>\n<li><span style=\"font-weight: 400;\">Acceptez les conditions de service et terminez l'inscription.<\/span><\/li>\n<\/ul>\n<p><span style=\"font-weight: 400;\">Apr\u00e8s avoir suivi ces \u00e9tapes, vous aurez cr\u00e9\u00e9 votre portefeuille virtuel Skrill. Bien qu'il soit d\u00e9j\u00e0 actif et que vous puissiez vous connecter \u00e0 votre compte, un portefeuille Skrill non activ\u00e9 avec une identit\u00e9 non v\u00e9rifi\u00e9e a peu d'utilit\u00e9, car vous ne pourrez pas effectuer de paiements ou de transferts. Pour utiliser pleinement Skrill, vous devez terminer l'inscription et d\u00e9poser des fonds dans le portefeuille en ligne. Une fois le processus de v\u00e9rification du compte commenc\u00e9, vous devrez entrer :<\/span><\/p>\n<ul class=\"wp-block-list\">\n<li><span style=\"font-weight: 400;\">Adresse de r\u00e9sidence (elle devra \u00eatre v\u00e9rifi\u00e9e en activant la fonction de localisation sur votre smartphone ou en t\u00e9l\u00e9chargeant un document prouvant l'adresse indiqu\u00e9e) ;<\/span><\/li>\n<li><span style=\"font-weight: 400;\">Code postal ;<\/span><\/li>\n<li><span style=\"font-weight: 400;\">Date de naissance ;<\/span><\/li>\n<li><span style=\"font-weight: 400;\">Num\u00e9ro de t\u00e9l\u00e9phone mobile<\/span><\/li>\n<\/ul>\n<p><span style=\"font-weight: 400;\">Apr\u00e8s avoir saisi ces informations, vous recevrez un SMS avec un code de v\u00e9rification sur votre t\u00e9l\u00e9phone. Vous devrez entrer ce code dans l'application Skrill et sur le site internet pour compl\u00e9ter le processus d'inscription.<\/span><\/p>\n<p><span style=\"font-weight: 400;\">Comme avec NETELLER, apr\u00e8s cette \u00e9tape, un moyen de d\u00e9p\u00f4t doit \u00eatre associ\u00e9 au compte Skrill, li\u00e9 au portefeuille virtuel. Ainsi, apr\u00e8s l'inscription, il est n\u00e9cessaire de recharger le portefeuille Skrill \u00e0 partir d'une carte bancaire, d'un compte bancaire ou d'un autre moyen de paiement. Il existe des dizaines de fa\u00e7ons de le faire.<\/span><\/p>\n<p><span style=\"font-weight: 400;\">Une fois tout cela accompli et l'inscription termin\u00e9e, vous pouvez passer aux soci\u00e9t\u00e9s de jeux et recharger votre compte en toute confiance en utilisant le portefeuille virtuel Skrill.<\/span><\/p>\n<h2 class=\"wp-block-heading\"><span class=\"ez-toc-section\" id=\"Depots_et_retraits\"><\/span><b>D\u00e9p\u00f4ts et retraits<\/b><span class=\"ez-toc-section-end\"><\/span><\/h2>\n<\/p>\n<p><span style=\"font-weight: 400;\">Les portefeuilles Skrill sont l'un des moyens les plus rapides pour retirer des gains de casino. En g\u00e9n\u00e9ral, les gains sont vers\u00e9s sur le portefeuille Skrill dans les 24 heures (\u00e0 l'\u00e9tranger), mais dans de rares cas, le d\u00e9lai de retrait peut s'\u00e9tendre jusqu'\u00e0 3-5 jours ouvrables.<\/span><\/p>\n<p><span style=\"font-weight: 400;\">\u00c9tant donn\u00e9 que les portefeuilles \u00e9lectroniques ne sont pas encore consid\u00e9r\u00e9s comme \u00e9quivalents \u00e0 un compte bancaire ou \u00e0 une carte de paiement, pour retirer une somme plus importante, l'organisateur de jeux peut demander une v\u00e9rification d'identit\u00e9 suppl\u00e9mentaire.<\/span><\/p>\n<p><span style=\"font-weight: 400;\">Ne vous inqui\u00e9tez pas et envoyez les documents n\u00e9cessaires. Le traitement et la validation du paiement prennent g\u00e9n\u00e9ralement du temps, car une fois que l'organisateur de jeux l'a effectu\u00e9, l'argent est cr\u00e9dit\u00e9 instantan\u00e9ment sur votre compte Skrill.<\/span><\/p>\n<h2 class=\"wp-block-heading\"><span class=\"ez-toc-section\" id=\"Faits_interessants_sur_Skrill\"><\/span>Faits int\u00e9ressants sur Skrill<span class=\"ez-toc-section-end\"><\/span><\/h2>\n<\/p>\n<p><span style=\"font-weight: 400;\">En plus des faits g\u00e9n\u00e9raux sur Skrill, en tant qu'entreprise et marque, il est important de souligner les caract\u00e9ristiques des services pertinentes pour chaque client :<\/span><\/p>\n<ul class=\"wp-block-list\">\n<li><strong>Ann\u00e9e de cr\u00e9ation.<\/strong> \u00abSkrill\u00bb a \u00e9t\u00e9 fond\u00e9e en 2001 et s'appelait initialement \u00abMoneybookers\u00bb.<\/li>\n<li><strong>Appartient au \u00abPaysafe Group\u00bb.<\/strong> \u00abSkrill\u00bb appartient, avec \u00abNETELLER\u00bb, au \u00abPaysafe Group\u00bb, l'un des plus grands fournisseurs de services de paiement \u00e9lectronique au monde.<\/li>\n<li><strong>Possibilit\u00e9 d'utiliser plus de 40 devises.<\/strong> \u00abSkrill\u00bb permet aux utilisateurs d'effectuer des transactions dans plus de 40 devises, ce qui la rend id\u00e9ale pour les paiements internationaux.<\/li>\n<li><strong>Bonus pour les joueurs de casino.<\/strong> Bien que certains bonus ne d\u00e9pendent pas des d\u00e9p\u00f4ts \u00abSkrill\u00bb, certains casinos offrent des bonus sp\u00e9ciaux aux utilisateurs de \u00abSkrill\u00bb.<\/li>\n<li><strong>Section sportive pratique.<\/strong> \u00abSkrill\u00bb dispose d'une section sp\u00e9ciale pour les amateurs de sport, avec des statistiques et des conseils de paris.<\/li>\n<li><strong>Marque dans le domaine sportif.<\/strong> \u00abSkrill\u00bb a \u00e9t\u00e9 sponsor de nombreux \u00e9v\u00e9nements sportifs, y compris des tournois de football et d'e-sport.<\/li>\n<\/ul>\n<h2 class=\"wp-block-heading\"><span class=\"ez-toc-section\" id=\"Casinos_mobiles_Skrill\"><\/span>Casinos mobiles Skrill<span class=\"ez-toc-section-end\"><\/span><\/h2>\n<\/p>\n<p>Si vous ne souhaitez pas utiliser un ordinateur, il est bon de savoir que \u00abSkrill\u00bb permet d'effectuer des paiements via t\u00e9l\u00e9phone mobile. L'application peut \u00eatre t\u00e9l\u00e9charg\u00e9e depuis le \u00abAndroid Play Store\u00bb et les boutiques d'applications \u00abiOS\u00bb, permettant ainsi d'effectuer des paiements rapidement, en toute s\u00e9curit\u00e9 et avec une grande commodit\u00e9 en d\u00e9placement.<\/p>\n<p>Accessible 24 heures sur 24, o\u00f9 que vous soyez &#8211; pour v\u00e9rifier le solde de votre compte, effectuer des transactions ou retirer de l'argent &#8211; telle est la polyvalence de l'application \u00abSkrill\u00bb.<\/p>\n<h2 class=\"wp-block-heading\"><span class=\"ez-toc-section\" id=\"Conclusion_sur_Skrill_Casino\"><\/span>Conclusion sur Skrill Casino<span class=\"ez-toc-section-end\"><\/span><\/h2>\n<\/p>\n<p>\u00abSkrill\u00bb est un moyen de paiement universel et s\u00e9curis\u00e9 qui am\u00e9liore l'exp\u00e9rience des joueurs de casino en ligne dans le monde entier. Gr\u00e2ce \u00e0 sa facilit\u00e9 d'utilisation, ses transactions rapides et sa reconnaissance mondiale, il est le choix pr\u00e9f\u00e9r\u00e9 des amateurs de casino. Avant de commencer \u00e0 jouer, consultez toujours les conditions de paiement et de bonus du casino choisi pour garantir la meilleure exp\u00e9rience possible.<\/p>\n<p>En choisissant un casino \u00abSkrill\u00bb fiable et en comprenant comment maximiser vos transactions, vous pourrez profiter d'une aventure de jeu fluide et enrichissante.<\/p>\n<h2 class=\"wp-block-heading\"><span class=\"ez-toc-section\" id=\"FAQ_sur_Skrill_Casino\"><\/span>FAQ sur Skrill Casino<span class=\"ez-toc-section-end\"><\/span><\/h2>\n<\/p>\n<div class=\"schema-faq wp-block-yoast-faq-block\">\n<div class=\"schema-faq-section\" id=\"faq-question-1732565981590\"><strong class=\"schema-faq-question\"><strong>Qu'est-ce que Skrill?<\/strong><\/strong> <\/p>\n<p class=\"schema-faq-answer\">\u00ab Skrill \u00bb est un service de paiement en ligne qui permet aux utilisateurs d'envoyer, de recevoir et de stocker de l'argent en toute s\u00e9curit\u00e9. Il est largement utilis\u00e9 pour le commerce \u00e9lectronique, les jeux et les transferts d'argent internationaux.<\/p>\n<\/p><\/div>\n<div class=\"schema-faq-section\" id=\"faq-question-1732565997087\"><strong class=\"schema-faq-question\"><strong>Comment cr\u00e9er un compte \u00ab Skrill \u00bb?<\/strong><\/strong> <\/p>\n<p class=\"schema-faq-answer\">Vous pouvez cr\u00e9er un compte \u00ab Skrill \u00bb en visitant le site officiel, en vous inscrivant avec votre adresse e-mail et en remplissant les informations personnelles requises.<\/p>\n<\/p><\/div>\n<div class=\"schema-faq-section\" id=\"faq-question-1732566006099\"><strong class=\"schema-faq-question\"><strong>L'utilisation de \u00ab Skrill \u00bb est-elle gratuite?<\/strong><\/strong> <\/p>\n<p class=\"schema-faq-answer\">La cr\u00e9ation d'un compte est gratuite, mais \u00ab Skrill \u00bb peut facturer des frais pour certains services, tels que les retraits d'argent, la conversion de devises ou l'inactivit\u00e9.<\/p>\n<\/p><\/div>\n<div class=\"schema-faq-section\" id=\"faq-question-1732566022541\"><strong class=\"schema-faq-question\"><strong>Quelles devises sont prises en charge par \u00ab Skrill \u00bb?<\/strong><\/strong> <\/p>\n<p class=\"schema-faq-answer\">Skrill prend en charge plus de 40 devises, ce qui en fait un choix universel pour les op\u00e9rations internationales.<\/p>\n<\/p><\/div>\n<div class=\"schema-faq-section\" id=\"faq-question-1732566031863\"><strong class=\"schema-faq-question\"><strong>Puis-je utiliser \u00ab Skrill \u00bb pour les jeux en ligne?<\/strong><\/strong> <\/p>\n<p class=\"schema-faq-answer\">Oui, \u00ab Skrill \u00bb est l'un des moyens de paiement les plus populaires dans les casinos en ligne et les sites de paris en raison de sa s\u00e9curit\u00e9 et de sa rapidit\u00e9.<\/p>\n<\/p><\/div>\n<div class=\"schema-faq-section\" id=\"faq-question-1732566041185\"><strong class=\"schema-faq-question\"><strong>Puis-je obtenir des bonus de casino en ligne pour les d\u00e9p\u00f4ts \u00ab Skrill \u00bb?<\/strong><\/strong> <\/p>\n<p class=\"schema-faq-answer\">Pas toujours. Dans certains casinos, les d\u00e9p\u00f4ts \u00ab Skrill \u00bb ne sont pas \u00e9ligibles pour les bonus de bienvenue. V\u00e9rifiez les conditions de bonus du casino que vous utilisez.<\/p>\n<\/p><\/div>\n<\/p><\/div>\n","protected":false},"excerpt":{"rendered":"<p>Skrill kazino s\u0105ra\u0161as \u2013 atnaujintas \u00ab Skrill \u00bb est un&#8230;<\/p>\n","protected":false},"author":5318,"featured_media":1091341,"parent":0,"menu_order":0,"comment_status":"closed","ping_status":"closed","template":"page-affiliate-items.php","meta":{"_acf_changed":false,"footnotes":""},"class_list":["post-791534","page","type-page","status-publish","has-post-thumbnail","hentry"],"acf":[],"_links":{"self":[{"href":"https:\/\/pokeriomokykla.com\/fr\/wp-json\/wp\/v2\/pages\/791534","targetHints":{"allow":["GET"]}}],"collection":[{"href":"https:\/\/pokeriomokykla.com\/fr\/wp-json\/wp\/v2\/pages"}],"about":[{"href":"https:\/\/pokeriomokykla.com\/fr\/wp-json\/wp\/v2\/types\/page"}],"author":[{"embeddable":true,"href":"https:\/\/pokeriomokykla.com\/fr\/wp-json\/wp\/v2\/users\/5318"}],"replies":[{"embeddable":true,"href":"https:\/\/pokeriomokykla.com\/fr\/wp-json\/wp\/v2\/comments?post=791534"}],"version-history":[{"count":6,"href":"https:\/\/pokeriomokykla.com\/fr\/wp-json\/wp\/v2\/pages\/791534\/revisions"}],"predecessor-version":[{"id":1093474,"href":"https:\/\/pokeriomokykla.com\/fr\/wp-json\/wp\/v2\/pages\/791534\/revisions\/1093474"}],"wp:featuredmedia":[{"embeddable":true,"href":"https:\/\/pokeriomokykla.com\/fr\/wp-json\/wp\/v2\/media\/1091341"}],"wp:attachment":[{"href":"https:\/\/pokeriomokykla.com\/fr\/wp-json\/wp\/v2\/media?parent=791534"}],"curies":[{"name":"wp","href":"https:\/\/api.w.org\/{rel}","templated":true}]}}