{"id":789729,"date":"2020-06-23T16:10:26","date_gmt":"2020-06-23T14:10:26","guid":{"rendered":"https:\/\/pokeriomokykla.com\/mastercard-online-casinos"},"modified":"2025-07-29T13:48:28","modified_gmt":"2025-07-29T11:48:28","slug":"mastercard-online-casinos","status":"publish","type":"page","link":"https:\/\/pokeriomokykla.com\/fr\/mastercard-casinos-en-ligne","title":{"rendered":"Mastercard casinos en ligne"},"content":{"rendered":"\n<p>MasterCard &#8211; c'est l'un des moyens de paiement les plus populaires et les plus connus dans le monde entier. Les cartes bancaires de cette entreprise de services financiers sont utilis\u00e9es quotidiennement par des millions de personnes &#8211; tant pour les paiements dans le monde r\u00e9el que sur Internet. <\/p>\n\n\n\n<p>Ce moyen est s\u00fbr, simple et rapide ! <span style=\"font-weight: 400;\">Il n'est pas surprenant que de nombreux casinos en ligne offrent la possibilit\u00e9 d'effectuer des paiements avec une carte Mastercard <span style=\"font-weight: 400;\">(Mastercard online casinos).<\/span><\/span><\/p>\n\n\n\n<p><span style=\"font-weight: 400;\">Dans cet article, nous discuterons des avantages, des inconv\u00e9nients et de l'utilisation de ce moyen de paiement dans les casinos en ligne. <\/span><\/p>\n\n\n\n<div id=\"ez-toc-container\" class=\"ez-toc-v2_0_76 ez-toc-wrap-left counter-hierarchy ez-toc-counter ez-toc-custom ez-toc-container-direction\">\n<div class=\"ez-toc-title-container\">\n<p class=\"ez-toc-title\" style=\"cursor:inherit\">Table des mati\u00e8res<\/p>\n<span class=\"ez-toc-title-toggle\"><a href=\"#\" class=\"ez-toc-pull-right ez-toc-btn ez-toc-btn-xs ez-toc-btn-default ez-toc-toggle\" aria-label=\"Toggle Table of Content\"><span class=\"ez-toc-js-icon-con\"><span class=\"\"><span class=\"eztoc-hide\" style=\"display:none;\">Toggle<\/span><span class=\"ez-toc-icon-toggle-span\"><svg style=\"fill: #000000;color:#000000\" xmlns=\"http:\/\/www.w3.org\/2000\/svg\" class=\"list-377408\" width=\"20px\" height=\"20px\" viewBox=\"0 0 24 24\" fill=\"none\"><path d=\"M6 6H4v2h2V6zm14 0H8v2h12V6zM4 11h2v2H4v-2zm16 0H8v2h12v-2zM4 16h2v2H4v-2zm16 0H8v2h12v-2z\" fill=\"currentColor\"><\/path><\/svg><svg style=\"fill: #000000;color:#000000\" class=\"arrow-unsorted-368013\" xmlns=\"http:\/\/www.w3.org\/2000\/svg\" width=\"10px\" height=\"10px\" viewBox=\"0 0 24 24\" version=\"1.2\" baseProfile=\"tiny\"><path d=\"M18.2 9.3l-6.2-6.3-6.2 6.3c-.2.2-.3.4-.3.7s.1.5.3.7c.2.2.4.3.7.3h11c.3 0 .5-.1.7-.3.2-.2.3-.5.3-.7s-.1-.5-.3-.7zM5.8 14.7l6.2 6.3 6.2-6.3c.2-.2.3-.5.3-.7s-.1-.5-.3-.7c-.2-.2-.4-.3-.7-.3h-11c-.3 0-.5.1-.7.3-.2.2-.3.5-.3.7s.1.5.3.7z\"\/><\/svg><\/span><\/span><\/span><\/a><\/span><\/div>\n<nav><ul class='ez-toc-list ez-toc-list-level-1 eztoc-toggle-hide-by-default' ><li class='ez-toc-page-1 ez-toc-heading-level-2'><a class=\"ez-toc-link ez-toc-heading-1\" href=\"https:\/\/pokeriomokykla.com\/fr\/mastercard-casinos-en-ligne\/#Meilleurs_Mastercard_online_casinos_%E2%80%93_ou_peut-on_payer\" >Meilleurs Mastercard online casinos &#8211; o\u00f9 peut-on payer ?<\/a><\/li><li class='ez-toc-page-1 ez-toc-heading-level-2'><a class=\"ez-toc-link ez-toc-heading-2\" href=\"https:\/\/pokeriomokykla.com\/fr\/mastercard-casinos-en-ligne\/#Comment_payer_avec_Mastercard_dans_les_casinos_en_ligne\" >Comment payer avec Mastercard dans les casinos en ligne ?<\/a><\/li><li class='ez-toc-page-1 ez-toc-heading-level-2'><a class=\"ez-toc-link ez-toc-heading-3\" href=\"https:\/\/pokeriomokykla.com\/fr\/mastercard-casinos-en-ligne\/#Mastercard_Casino_online_%E2%80%93_est-ce_sur_de_payer\" >Mastercard Casino online &#8211; est-ce s\u00fbr de payer ?<\/a><\/li><li class='ez-toc-page-1 ez-toc-heading-level-2'><a class=\"ez-toc-link ez-toc-heading-4\" href=\"https:\/\/pokeriomokykla.com\/fr\/mastercard-casinos-en-ligne\/#MasterCard_online_casino_%E2%80%93_avantages_et_inconvenients_du_paiement_par_carte_bancaire\" >MasterCard online casino &#8211; avantages et inconv\u00e9nients du paiement par carte bancaire<\/a><\/li><\/ul><\/nav><\/div>\n<h2 class=\"wp-block-heading\"><span class=\"ez-toc-section\" id=\"Meilleurs_Mastercard_online_casinos_%E2%80%93_ou_peut-on_payer\"><\/span>Meilleurs Mastercard online casinos &#8211; o\u00f9 peut-on payer ?<span class=\"ez-toc-section-end\"><\/span><\/h2>\n\n\n\n<p><span style=\"font-weight: 400;\">Comme nous l'avons mentionn\u00e9, presque chaque casino en ligne accepte les paiements par carte MasterCard. <\/span>Ci-dessous, nous pr\u00e9sentons quelques casinos en ligne fiables o\u00f9 vous pouvez payer avec MasterCard.<\/p>\n\n\n\n<div class='widget-card placeholder--card-fullwidth'\n     data-source-gql='https:\/\/scg-new-live.stellate.sh\/'\n     data-source-widgetjs='https:\/\/widget.affprojects.com\/widget.js'\n     data-shortcode='widget-card'\n     data-shortcode-text='[top-casinos-for-games limit=\"20\" mobile-limit=\"10\" listtype=\"stacked\" scrollable=\"never\" fullwidth=\"true\"]'\n     data-props='{\n\"show_more_button\":true,\n\"show_more_button_text\":\"Show More Bookmakers\",\n\"show_more_text\":false,\n\"show_less_text\":false,\n\"vpn_notification\":false,\n\"show_more_items_amount\":null,\n\"fullwidth\":true,\n\"scrollable\":\"never\",\n\"violet_bonus_text\":true,\n\"ab_testing_show_more_button_rework\":true\n}'\n     data-queries='{\n\"type\":\"TOP-Casino\",\n\"limit\":20,\n\"mobile_limit\":10,\n\"show_new\":1,\n\"button_text_type\":\"TOP\",\n\"language\":\"fr\",\n\"project\":\"PM\",\n\"page\":1\n}'\n     ><\/div>\n\n\n\n\n<h2 class=\"wp-block-heading\"><span class=\"ez-toc-section\" id=\"Comment_payer_avec_Mastercard_dans_les_casinos_en_ligne\"><\/span><strong>Comment payer avec Mastercard dans les casinos en ligne ?<\/strong><span class=\"ez-toc-section-end\"><\/span><\/h2>\n\n\n\n<p><span style=\"font-weight: 400;\">Les cartes bancaires MasterCard peuvent \u00eatre utilis\u00e9es pour payer dans 210 pays du monde et dans plus de 25 millions d'entreprises diff\u00e9rentes, y compris divers casinos en ligne. <\/span><b>Le paiement avec cette carte bancaire est tr\u00e8s simple :<\/b><\/p>\n\n\n\n<ol class=\"wp-block-list\">\n<li><span style=\"font-weight: 400;\">Tout d'abord, vous avez besoin d'une carte Mastercard. Si vous n'en avez pas, vous pouvez la commander aupr\u00e8s de votre banque ou utiliser les services de banques en ligne innovantes comme Revolut pour obtenir une carte Mastercard;<\/span><\/li>\n\n\n\n<li><span style=\"font-weight: 400;\">Si vous avez d\u00e9j\u00e0 une carte, choisissez un casino en ligne qui vous pla\u00eet. Plus de 90 % des casinos en ligne acceptent Mastercard, donc choisir ne devrait pas \u00eatre difficile;<\/span><\/li>\n\n\n\n<li><span style=\"font-weight: 400;\">Une fois le casino choisi, allez dans la section des paiements et s\u00e9lectionnez l'option MasterCard &#8211; vous devrez entrer les d\u00e9tails de votre carte et le montant du paiement souhait\u00e9;<\/span><\/li>\n\n\n\n<li><span style=\"font-weight: 400;\">Une fois cela fait, l'argent devrait atteindre votre compte de jeu en quelques instants.<\/span><\/li>\n<\/ol>\n\n\n\n<h3 class=\"wp-block-heading\">En utilisant une carte Mastercard, vous pouvez non seulement effectuer des d\u00e9p\u00f4ts, mais aussi recevoir des retraits sur la m\u00eame carte :<\/h3>\n\n\n\n<ol class=\"wp-block-list\">\n<li><span style=\"font-weight: 400;\">Il suffit d'entrer le montant de retrait souhait\u00e9 et de choisir Mastercard. Lors du premier paiement, les d\u00e9tails de votre carte sont g\u00e9n\u00e9ralement enregistr\u00e9s, donc vous n'aurez probablement pas besoin de les entrer \u00e0 nouveau. En g\u00e9n\u00e9ral, le montant minimum de retrait avec l'option Mastercard est de 10\u20ac \u00e0 50\u20ac;<\/span><\/li>\n\n\n\n<li><span style=\"font-weight: 400;\">Une fois le retrait demand\u00e9, il ne reste plus qu'\u00e0 attendre qu'il atteigne votre compte bancaire. Le d\u00e9lai de retrait d\u00e9pendra du casino choisi et de la banque utilis\u00e9e. Si vous jouez dans un casino du m\u00eame pays que votre banque, le retrait peut \u00eatre re\u00e7u en 24 heures. Cependant, si vous jouez dans un casino \u00e9tranger, vous devrez peut-\u00eatre attendre de 2 \u00e0 5 jours ouvrables.<\/span><\/li>\n<\/ol>\n\n\n<div class=\"wp-block-image wp-block-image aligncenter\">\n<figure class=\"\"><img decoding=\"async\" width=\"810\" height=\"450\" src=\"https:\/\/pokeriomokykla.com\/app\/uploads\/2020\/06\/mastercard-online-casinos.gif\" alt=\"\" class=\"wp-image-762310\"\/><\/figure><\/div>\n\n\n<h2 class=\"wp-block-heading\"><span class=\"ez-toc-section\" id=\"Mastercard_Casino_online_%E2%80%93_est-ce_sur_de_payer\"><\/span>Mastercard Casino online &#8211; est-ce s\u00fbr de payer ?<span class=\"ez-toc-section-end\"><\/span><\/h2>\n\n\n\n<p><b>Ce mode de paiement est l'un des choix les plus s\u00fbrs.<\/b><span style=\"font-weight: 400;\"> En payant en ligne, les clients peuvent utiliser le syst\u00e8me MasterCard SecureCode pour renforcer leur protection. C'est un code unique que vous devrez entrer pour confirmer toute transaction en ligne. <\/span><\/p>\n\n\n<div class=\"wp-block-image wp-block-image alignright\">\n<figure class=\"\"><img decoding=\"async\" width=\"585\" height=\"352\" src=\"https:\/\/pokeriomokykla.com\/app\/uploads\/2020\/06\/Mastercard-casino-online.png\" alt=\"Mastercard casino online\" class=\"wp-image-762312\" title=\"Mastercard casino online\" srcset=\"https:\/\/pokeriomokykla.com\/app\/uploads\/2020\/06\/Mastercard-casino-online.png 585w, https:\/\/pokeriomokykla.com\/app\/uploads\/2020\/06\/Mastercard-casino-online-300x181.png 300w, https:\/\/pokeriomokykla.com\/app\/uploads\/2020\/06\/Mastercard-casino-online-199px-120px.png 199w\" sizes=\"(max-width: 585px) 100vw, 585px\" \/><\/figure><\/div>\n\n\n<p><span style=\"font-weight: 400;\">De plus, MasterCard offre la possibilit\u00e9 d'utiliser des cartes bancaires virtuelles, dont les informations changent apr\u00e8s chaque paiement.<\/span><\/p>\n\n\n\n<p><span style=\"font-weight: 400;\">Cependant, personne ne pourra vous prot\u00e9ger si vous jouez dans des casinos en ligne peu fiables. <\/span>Assurez-vous toujours que le casino choisi est licenci\u00e9 et lisez au moins quelques avis d'autres utilisateurs \u00e0 son sujet.<span style=\"font-weight: 400;\"> Si vous jouez dans un casino sans licence, vous risquez de tomber dans les pi\u00e8ges des escrocs qui voleront vos informations personnelles et bancaires. Plus de conseils sur les casinos <a href=\"https:\/\/pokeriomokykla.com\/kazino-patarimai\">peuvent \u00eatre trouv\u00e9s ici.<\/a><\/span><\/p>\n\n\n\n<p><span style=\"font-weight: 400;\">Il est important de mentionner que <\/span>les cartes de cr\u00e9dit sont plus prot\u00e9g\u00e9es que les cartes de d\u00e9bit.<span style=\"font-weight: 400;\"> Si quelqu'un vole les informations de votre carte de cr\u00e9dit, vous pouvez simplement contacter la banque et annuler les transactions non autoris\u00e9es. De plus, certaines banques assurent les fonds sur votre carte de cr\u00e9dit.<\/span><\/p>\n\n\n\n<p><span style=\"font-weight: 400;\">Pour augmenter encore plus la s\u00e9curit\u00e9 de vos paiements, vous pouvez utiliser la possibilit\u00e9 offerte par la plupart des banques modernes <\/span>de d\u00e9finir des limites de paiement avec MasterCard.<span style=\"font-weight: 400;\"> Cela vous aidera \u00e0 \u00e9viter des d\u00e9penses impr\u00e9vues, et en cas de vol de carte, vous serez s\u00fbr que les escrocs ne voleront pas plus que la limite fix\u00e9e.<\/span><\/p>\n\n\n\n<h2 class=\"wp-block-heading\"><span class=\"ez-toc-section\" id=\"MasterCard_online_casino_%E2%80%93_avantages_et_inconvenients_du_paiement_par_carte_bancaire\"><\/span><strong>MasterCard online casino &#8211; avantages et inconv\u00e9nients du paiement par carte bancaire<\/strong><span class=\"ez-toc-section-end\"><\/span><\/h2>\n\n\n\n<p><span style=\"font-weight: 400;\">Le paiement dans les casinos en ligne avec une carte MasterCard pr\u00e9sente \u00e0 la fois des avantages et des inconv\u00e9nients. <\/span><b>Tout d'abord, commen\u00e7ons par les avantages :<\/b><\/p>\n\n\n\n<ul class=\"wp-block-list\">\n<li><span style=\"font-weight: 400;\">Proc\u00e9dure de d\u00e9p\u00f4t rapide et simple &#8211; l'argent atteindra votre compte de jeu en quelques instants;<\/span><\/li>\n\n\n\n<li><span style=\"font-weight: 400;\">Ce mode de paiement est disponible dans de nombreux casinos en ligne;<\/span><\/li>\n\n\n\n<li><span style=\"font-weight: 400;\">M\u00e9thode de paiement relativement s\u00fbre;<\/span><\/li>\n\n\n\n<li><span style=\"font-weight: 400;\">En payant avec MasterCard, vous avez la possibilit\u00e9 de profiter de toutes les promotions et r\u00e9ductions offertes par les casinos;<\/span><\/li>\n\n\n\n<li><span style=\"font-weight: 400;\">De nombreuses banques proposent des applications mobiles qui facilitent encore plus les proc\u00e9dures de paiement.<\/span><\/li>\n<\/ul>\n\n\n<div class=\"wp-block-image wp-block-image aligncenter\">\n<figure class=\"\"><img decoding=\"async\" width=\"700\" height=\"310\" src=\"https:\/\/pokeriomokykla.com\/app\/uploads\/2020\/06\/Mastercard-online-casino.jpg\" alt=\"Mastercard online casino\" class=\"wp-image-762313\" title=\"Mastercard online casino\" srcset=\"https:\/\/pokeriomokykla.com\/app\/uploads\/2020\/06\/Mastercard-online-casino.jpg 700w, https:\/\/pokeriomokykla.com\/app\/uploads\/2020\/06\/Mastercard-online-casino-300x133.jpg 300w, https:\/\/pokeriomokykla.com\/app\/uploads\/2020\/06\/Mastercard-online-casino-271px-120px.jpg 271w\" sizes=\"(max-width: 700px) 100vw, 700px\" \/><\/figure><\/div>\n\n\n<p><\/p>\n\n\n\n<p><span style=\"font-weight: 400;\">Cependant, comme nous l'avons mentionn\u00e9, ce mode de paiement a aussi <\/span><b>quelques inconv\u00e9nients :<\/b><\/p>\n\n\n\n<ul class=\"wp-block-list\">\n<li><span style=\"font-weight: 400;\">Lors d'un retrait, il peut falloir attendre jusqu'\u00e0 5 jours ouvrables pour que l'argent atteigne votre compte;<\/span><\/li>\n\n\n\n<li><span style=\"font-weight: 400;\">Certains casinos en ligne appliquent des frais pour les paiements par MasterCard. Ils sont g\u00e9n\u00e9ralement d'environ 2-3%;<\/span><\/li>\n\n\n\n<li><span style=\"font-weight: 400;\">Lors de paiements avec Mastercard, vous devez fournir certaines de vos informations personnelles, telles que le nom, le pr\u00e9nom, etc.;<\/span><\/li>\n\n\n\n<li><span style=\"font-weight: 400;\">Si vous avez une carte de cr\u00e9dit, vous pouvez effectuer des d\u00e9p\u00f4ts m\u00eame sans avoir d'argent sur votre compte. Le gouvernement britannique a d\u00e9j\u00e0 interdit les paiements par carte de cr\u00e9dit dans les entreprises de jeux, il semble donc que des restrictions similaires pourraient \u00eatre introduites dans d'autres pays dans un avenir proche.<\/span><\/li>\n<\/ul>\n","protected":false},"excerpt":{"rendered":"<p>MasterCard &#8211; c&#8217;est l&#8217;un des moyens de paiement les plus&#8230;<\/p>\n","protected":false},"author":5318,"featured_media":762310,"parent":0,"menu_order":0,"comment_status":"closed","ping_status":"closed","template":"page-affiliate-items.php","meta":{"_acf_changed":false,"footnotes":""},"class_list":["post-789729","page","type-page","status-publish","has-post-thumbnail","hentry"],"acf":[],"_links":{"self":[{"href":"https:\/\/pokeriomokykla.com\/fr\/wp-json\/wp\/v2\/pages\/789729","targetHints":{"allow":["GET"]}}],"collection":[{"href":"https:\/\/pokeriomokykla.com\/fr\/wp-json\/wp\/v2\/pages"}],"about":[{"href":"https:\/\/pokeriomokykla.com\/fr\/wp-json\/wp\/v2\/types\/page"}],"author":[{"embeddable":true,"href":"https:\/\/pokeriomokykla.com\/fr\/wp-json\/wp\/v2\/users\/5318"}],"replies":[{"embeddable":true,"href":"https:\/\/pokeriomokykla.com\/fr\/wp-json\/wp\/v2\/comments?post=789729"}],"version-history":[{"count":3,"href":"https:\/\/pokeriomokykla.com\/fr\/wp-json\/wp\/v2\/pages\/789729\/revisions"}],"predecessor-version":[{"id":1108262,"href":"https:\/\/pokeriomokykla.com\/fr\/wp-json\/wp\/v2\/pages\/789729\/revisions\/1108262"}],"wp:featuredmedia":[{"embeddable":true,"href":"https:\/\/pokeriomokykla.com\/fr\/wp-json\/wp\/v2\/media\/762310"}],"wp:attachment":[{"href":"https:\/\/pokeriomokykla.com\/fr\/wp-json\/wp\/v2\/media?parent=789729"}],"curies":[{"name":"wp","href":"https:\/\/api.w.org\/{rel}","templated":true}]}}