{"id":998428,"date":"2020-06-23T16:10:26","date_gmt":"2020-06-23T14:10:26","guid":{"rendered":"https:\/\/pokeriomokykla.com\/mastercard-online-kasinot"},"modified":"2025-07-29T13:53:48","modified_gmt":"2025-07-29T11:53:48","slug":"mastercard-online-kasinot","status":"publish","type":"page","link":"https:\/\/pokeriomokykla.com\/fi\/mastercard-online-kasinot","title":{"rendered":"Mastercard online-kasinot"},"content":{"rendered":"\n<p>MasterCard &#8211; se on yksi suosituimmista ja tunnetuimmista maksutavoista koko maailmassa. T\u00e4m\u00e4n finanssipalveluja tarjoavan yrityksen pankkikortteja k\u00e4ytt\u00e4\u00e4 p\u00e4ivitt\u00e4in miljoonat ihmiset &#8211; sek\u00e4 maksuihin reaalimaailmassa ett\u00e4 verkossa.<\/p>\n\n\n\n<p>T\u00e4m\u00e4 tapa on turvallinen, yksinkertainen ja nopea! Ei ole ihme, ett\u00e4 monet nettikasinot tarjoavat mahdollisuuden suorittaa maksuja Mastercard-kortilla (Mastercard online casinos).<\/p>\n\n\n\n<p>T\u00e4ss\u00e4 artikkelissa k\u00e4sittelemme t\u00e4m\u00e4n maksutavan etuja, haittoja ja kuinka sit\u00e4 k\u00e4ytet\u00e4\u00e4n nettikasinoilla.<\/p>\n\n\n\n<div id=\"ez-toc-container\" class=\"ez-toc-v2_0_76 ez-toc-wrap-left counter-hierarchy ez-toc-counter ez-toc-custom ez-toc-container-direction\">\n<div class=\"ez-toc-title-container\">\n<p class=\"ez-toc-title\" style=\"cursor:inherit\"> Sis\u00e4llysluettelo<\/p>\n<span class=\"ez-toc-title-toggle\"><a href=\"#\" class=\"ez-toc-pull-right ez-toc-btn ez-toc-btn-xs ez-toc-btn-default ez-toc-toggle\" aria-label=\"Toggle Table of Content\"><span class=\"ez-toc-js-icon-con\"><span class=\"\"><span class=\"eztoc-hide\" style=\"display:none;\">Toggle<\/span><span class=\"ez-toc-icon-toggle-span\"><svg style=\"fill: #000000;color:#000000\" xmlns=\"http:\/\/www.w3.org\/2000\/svg\" class=\"list-377408\" width=\"20px\" height=\"20px\" viewBox=\"0 0 24 24\" fill=\"none\"><path d=\"M6 6H4v2h2V6zm14 0H8v2h12V6zM4 11h2v2H4v-2zm16 0H8v2h12v-2zM4 16h2v2H4v-2zm16 0H8v2h12v-2z\" fill=\"currentColor\"><\/path><\/svg><svg style=\"fill: #000000;color:#000000\" class=\"arrow-unsorted-368013\" xmlns=\"http:\/\/www.w3.org\/2000\/svg\" width=\"10px\" height=\"10px\" viewBox=\"0 0 24 24\" version=\"1.2\" baseProfile=\"tiny\"><path d=\"M18.2 9.3l-6.2-6.3-6.2 6.3c-.2.2-.3.4-.3.7s.1.5.3.7c.2.2.4.3.7.3h11c.3 0 .5-.1.7-.3.2-.2.3-.5.3-.7s-.1-.5-.3-.7zM5.8 14.7l6.2 6.3 6.2-6.3c.2-.2.3-.5.3-.7s-.1-.5-.3-.7c-.2-.2-.4-.3-.7-.3h-11c-.3 0-.5.1-.7.3-.2.2-.3.5-.3.7s.1.5.3.7z\"\/><\/svg><\/span><\/span><\/span><\/a><\/span><\/div>\n<nav><ul class='ez-toc-list ez-toc-list-level-1 eztoc-toggle-hide-by-default' ><li class='ez-toc-page-1 ez-toc-heading-level-2'><a class=\"ez-toc-link ez-toc-heading-1\" href=\"https:\/\/pokeriomokykla.com\/fi\/mastercard-online-kasinot\/#Parhaat_Mastercard_online_casinos_%E2%80%93_missa_voi_maksaa\" >Parhaat Mastercard online casinos &#8211; miss\u00e4 voi maksaa?<\/a><\/li><li class='ez-toc-page-1 ez-toc-heading-level-2'><a class=\"ez-toc-link ez-toc-heading-2\" href=\"https:\/\/pokeriomokykla.com\/fi\/mastercard-online-kasinot\/#Kuinka_maksaa_Mastercard-kortilla_nettikasinoilla\" >Kuinka maksaa Mastercard-kortilla nettikasinoilla?<\/a><\/li><li class='ez-toc-page-1 ez-toc-heading-level-2'><a class=\"ez-toc-link ez-toc-heading-3\" href=\"https:\/\/pokeriomokykla.com\/fi\/mastercard-online-kasinot\/#Mastercard_Casino_online_%E2%80%93_onko_maksaminen_turvallista\" >Mastercard Casino online &#8211; onko maksaminen turvallista?<\/a><\/li><li class='ez-toc-page-1 ez-toc-heading-level-2'><a class=\"ez-toc-link ez-toc-heading-4\" href=\"https:\/\/pokeriomokykla.com\/fi\/mastercard-online-kasinot\/#MasterCard_online_casino_%E2%80%93_maksamisen_pankkikortilla_plussat_ja_miinukset\" >MasterCard online casino &#8211; maksamisen pankkikortilla plussat ja miinukset<\/a><\/li><\/ul><\/nav><\/div>\n<h2 class=\"wp-block-heading\"><span class=\"ez-toc-section\" id=\"Parhaat_Mastercard_online_casinos_%E2%80%93_missa_voi_maksaa\"><\/span>Parhaat Mastercard online casinos &#8211; miss\u00e4 voi maksaa?<span class=\"ez-toc-section-end\"><\/span><\/h2>\n\n\n\n<p>Kuten jo mainitsimme, l\u00e4hes jokainen nettikasino hyv\u00e4ksyy maksut MasterCard-kortilla. Alla on lueteltu muutamia luotettavia nettikasinoita, joissa voit maksaa MasterCard-kortilla.<\/p>\n\n\n\n<div class='widget-card placeholder--card-fullwidth'\n     data-source-gql='https:\/\/scg-new-live.stellate.sh\/'\n     data-source-widgetjs='https:\/\/widget.affprojects.com\/widget.js'\n     data-shortcode='widget-card'\n     data-shortcode-text='[top-casinos-for-games limit=\"20\" mobile-limit=\"10\" listtype=\"stacked\" scrollable=\"never\" fullwidth=\"true\"]'\n     data-props='{\n\"show_more_button\":true,\n\"show_more_button_text\":\"Show More Bookmakers\",\n\"show_more_text\":false,\n\"show_less_text\":false,\n\"vpn_notification\":false,\n\"show_more_items_amount\":null,\n\"fullwidth\":true,\n\"scrollable\":\"never\",\n\"violet_bonus_text\":true,\n\"ab_testing_show_more_button_rework\":true\n}'\n     data-queries='{\n\"type\":\"TOP-Casino\",\n\"limit\":20,\n\"mobile_limit\":10,\n\"show_new\":1,\n\"button_text_type\":\"TOP\",\n\"language\":\"fi\",\n\"project\":\"PM\",\n\"page\":1\n}'\n     ><\/div>\n\n\n\n\n<h2 class=\"wp-block-heading\"><span class=\"ez-toc-section\" id=\"Kuinka_maksaa_Mastercard-kortilla_nettikasinoilla\"><\/span><strong>Kuinka maksaa Mastercard-kortilla nettikasinoilla?<\/strong><span class=\"ez-toc-section-end\"><\/span><\/h2>\n\n\n\n<p>MasterCard-pankkikorteilla voi maksaa 210 maassa ja yli 25 miljoonassa eri yrityksess\u00e4, mukaan lukien erilaiset nettikasinot. <b>Maksaminen t\u00e4ll\u00e4 pankkikortilla on eritt\u00e4in yksinkertaista:<\/b><\/p>\n\n\n\n<ol class=\"wp-block-list\">\n<li>Ensinn\u00e4kin tarvitset Mastercard-kortin, jos sinulla ei ole sit\u00e4 &#8211; voit tilata sen k\u00e4ytt\u00e4m\u00e4st\u00e4si pankista tai hy\u00f6dynt\u00e4\u00e4 innovatiivisten verkkopankkien, kuten Revolut, palveluja saadaksesi Mastercard-kortin;<\/li>\n\n\n\n<li>Jos sinulla on jo kortti &#8211; valitse sinua miellytt\u00e4v\u00e4 nettikasino. Yli 90% nettikasinoista hyv\u00e4ksyy Mastercard, joten valinnan ei pit\u00e4isi olla vaikeaa;<\/li>\n\n\n\n<li>Valitsemasi kasinon maksuvaihtoehdoista valitse MasterCard-vaihtoehto &#8211; sinun on sy\u00f6tett\u00e4v\u00e4 korttitiedot ja haluamasi maksusumma;<\/li>\n\n\n\n<li>T\u00e4m\u00e4n j\u00e4lkeen rahat pit\u00e4isi saapua pelitilillesi muutamassa hetkess\u00e4.<\/li>\n<\/ol>\n\n\n\n<h3 class=\"wp-block-heading\">K\u00e4ytt\u00e4m\u00e4ll\u00e4 Mastercard-korttia voit tehd\u00e4 talletuksia ja my\u00f6s saada kotiutuksia samalle kortille:<\/h3>\n\n\n\n<ol class=\"wp-block-list\">\n<li>Sy\u00f6t\u00e4 vain haluamasi kotiutussumma ja valitse Mastercard. Ensimm\u00e4isen maksun yhteydess\u00e4 korttitietosi tallennetaan yleens\u00e4, joten niit\u00e4 ei tarvitse sy\u00f6tt\u00e4\u00e4 uudelleen. Yleens\u00e4 minimikotiutussumma Mastercard-vaihtoehdolla on 10\u20ac &#8211; 50\u20ac;<\/li>\n\n\n\n<li>Kotiutuksen j\u00e4lkeen j\u00e4\u00e4 vain odottaa, ett\u00e4 se saapuu pankkitilillesi. Kotiutusaika riippuu valitsemastasi kasinosta ja k\u00e4ytt\u00e4m\u00e4st\u00e4si pankista. Jos pelaat samassa maassa sijaitsevassa kasinossa kuin pankkisi, kotiutus voi saapua jopa 24 tunnin kuluessa. Kuitenkin, jos pelaat ulkomaisessa kasinossa, voi kest\u00e4\u00e4 2-5 arkip\u00e4iv\u00e4\u00e4.<\/li>\n<\/ol>\n\n\n<div class=\"wp-block-image wp-block-image aligncenter\">\n<figure class=\"\"><img decoding=\"async\" width=\"810\" height=\"450\" src=\"https:\/\/pokeriomokykla.com\/app\/uploads\/2020\/06\/mastercard-online-casinos.gif\" alt=\"\" class=\"wp-image-762310\"\/><\/figure><\/div>\n\n\n<h2 class=\"wp-block-heading\"><span class=\"ez-toc-section\" id=\"Mastercard_Casino_online_%E2%80%93_onko_maksaminen_turvallista\"><\/span>Mastercard Casino online &#8211; onko maksaminen turvallista?<span class=\"ez-toc-section-end\"><\/span><\/h2>\n\n\n\n<p><b>T\u00e4m\u00e4 maksutapa on yksi turvallisimmista vaihtoehdoista.<\/b> Maksamalla verkossa asiakkaat voivat k\u00e4ytt\u00e4\u00e4 MasterCard SecureCode -j\u00e4rjestelm\u00e4\u00e4 ja n\u00e4in parantaa suojaustaan. T\u00e4m\u00e4 on ainutlaatuinen koodi, joka on sy\u00f6tett\u00e4v\u00e4 vahvistaaksesi mink\u00e4 tahansa verkkotapahtuman.<\/p>\n\n\n<div class=\"wp-block-image wp-block-image alignright\">\n<figure class=\"\"><img decoding=\"async\" width=\"585\" height=\"352\" src=\"https:\/\/pokeriomokykla.com\/app\/uploads\/2020\/06\/Mastercard-casino-online.png\" alt=\"Mastercard casino online\" class=\"wp-image-762312\" title=\"Mastercard casino online\" srcset=\"https:\/\/pokeriomokykla.com\/app\/uploads\/2020\/06\/Mastercard-casino-online.png 585w, https:\/\/pokeriomokykla.com\/app\/uploads\/2020\/06\/Mastercard-casino-online-300x181.png 300w, https:\/\/pokeriomokykla.com\/app\/uploads\/2020\/06\/Mastercard-casino-online-199px-120px.png 199w\" sizes=\"(max-width: 585px) 100vw, 585px\" \/><\/figure><\/div>\n\n\n<p>Lis\u00e4ksi MasterCard tarjoaa mahdollisuuden k\u00e4ytt\u00e4\u00e4 virtuaalisia pankkikortteja, joiden tiedot muuttuvat jokaisen maksun j\u00e4lkeen.<\/p>\n\n\n\n<p>Kuitenkin, kukaan ei voi suojata sinua, jos pelaat ep\u00e4luotettavilla nettikasinoilla. Varmista aina ennen pelaamista, ett\u00e4 valitsemasi kasino on lisensoitu ja lue ainakin muutama muu k\u00e4ytt\u00e4j\u00e4n arvostelu siit\u00e4. Jos pelaat ilman lisenssi\u00e4 olevalla kasinolla, voit joutua huijareiden ansaan, jotka varastavat henkil\u00f6kohtaiset ja pankkitietosi. Lis\u00e4\u00e4 kasinovinkkej\u00e4 <a href=\"https:\/\/pokeriomokykla.com\/kazino-patarimai\">l\u00f6yd\u00e4t t\u00e4\u00e4lt\u00e4.<\/a><\/p>\n\n\n\n<p>Kannattaa mainita, ett\u00e4 luottokortit ovat paremmin suojattuja kuin debit-kortit. Jos joku varastaa luottokorttitietosi, voit yksinkertaisesti ottaa yhteytt\u00e4 pankkiin ja peruuttaa luvattomat tapahtumat. Lis\u00e4ksi jotkut pankit vakuuttavat luottokortillasi olevat varat.<\/p>\n\n\n\n<p>Lis\u00e4t\u00e4ksesi maksuturvallisuuttasi voit hy\u00f6dynt\u00e4\u00e4 useimpien nykyaikaisten pankkien tarjoamaa mahdollisuutta asettaa MasterCard-maksurajoja. T\u00e4m\u00e4 auttaa v\u00e4ltt\u00e4m\u00e4\u00e4n odottamattomia kuluja, ja kortin varkauden sattuessa voit olla varma, ett\u00e4 huijarit eiv\u00e4t varasta enemp\u00e4\u00e4 kuin asetettu raja.<\/p>\n\n\n\n<h2 class=\"wp-block-heading\"><span class=\"ez-toc-section\" id=\"MasterCard_online_casino_%E2%80%93_maksamisen_pankkikortilla_plussat_ja_miinukset\"><\/span><strong>MasterCard online casino &#8211; maksamisen pankkikortilla plussat ja miinukset<\/strong><span class=\"ez-toc-section-end\"><\/span><\/h2>\n\n\n\n<p>Maksaminen nettikasinoilla MasterCard-kortilla sis\u00e4lt\u00e4\u00e4 sek\u00e4 plussia ett\u00e4 miinuksia. <b>Aloitetaan plussista:<\/b><\/p>\n\n\n\n<ul class=\"wp-block-list\">\n<li>Nopea ja yksinkertainen talletusprosessi &#8211; rahat saapuvat pelitilillesi muutamassa hetkess\u00e4;<\/li>\n\n\n\n<li>T\u00e4m\u00e4 maksutapa on saatavilla monilla nettikasinoilla;<\/li>\n\n\n\n<li>Suhteellisen turvallinen maksutapa;<\/li>\n\n\n\n<li>Maksamalla MasterCard-kortilla voit hy\u00f6dynt\u00e4\u00e4 kaikki tarjolla olevat kasinobonukset ja alennukset;<\/li>\n\n\n\n<li>Monet pankit tarjoavat mobiilisovelluksia, jotka helpottavat maksuprosesseja entisest\u00e4\u00e4n.<\/li>\n<\/ul>\n\n\n<div class=\"wp-block-image wp-block-image aligncenter\">\n<figure class=\"\"><img decoding=\"async\" width=\"700\" height=\"310\" src=\"https:\/\/pokeriomokykla.com\/app\/uploads\/2020\/06\/Mastercard-online-casino.jpg\" alt=\"Mastercard online casino\" class=\"wp-image-762313\" title=\"Mastercard online casino\" srcset=\"https:\/\/pokeriomokykla.com\/app\/uploads\/2020\/06\/Mastercard-online-casino.jpg 700w, https:\/\/pokeriomokykla.com\/app\/uploads\/2020\/06\/Mastercard-online-casino-300x133.jpg 300w, https:\/\/pokeriomokykla.com\/app\/uploads\/2020\/06\/Mastercard-online-casino-271px-120px.jpg 271w\" sizes=\"(max-width: 700px) 100vw, 700px\" \/><\/figure><\/div>\n\n\n<p><\/p>\n\n\n\n<p>Kuitenkin, kuten mainitsimme, t\u00e4ll\u00e4 maksutavalla on my\u00f6s <b>joitakin miinuksia:<\/b><\/p>\n\n\n\n<ul class=\"wp-block-list\">\n<li><span style=\"font-weight: 400;\">Nostojen k\u00e4sittelyss\u00e4 voi kest\u00e4\u00e4 jopa 5 ty\u00f6p\u00e4iv\u00e4\u00e4, ennen kuin rahat saapuvat tilillesi;<\/span><\/li>\n\n\n\n<li><span style=\"font-weight: 400;\">Jotkut nettikasinot periv\u00e4t maksuja MasterCard-maksuista. Ne ovat yleens\u00e4 noin 2-3%;<\/span><\/li>\n\n\n\n<li><span style=\"font-weight: 400;\">Kun maksat Mastercard-kortilla, sinun on annettava joitakin henkil\u00f6kohtaisia tietojasi, kuten nimi, sukunimi jne.;<\/span><\/li>\n\n\n\n<li><span style=\"font-weight: 400;\">Jos sinulla on luottokortti, voit tehd\u00e4 talletuksia, vaikka tilill\u00e4si ei olisi rahaa. Ison-Britannian hallitus on jo kielt\u00e4nyt luottokorttimaksut rahapeliyhti\u00f6iss\u00e4, joten n\u00e4ytt\u00e4\u00e4 silt\u00e4, ett\u00e4 vastaavia rajoituksia voidaan ottaa k\u00e4ytt\u00f6\u00f6n my\u00f6s muissa maissa l\u00e4hitulevaisuudessa.<\/span><\/li>\n<\/ul>\n","protected":false},"excerpt":{"rendered":"<p>MasterCard &#8211; se on yksi suosituimmista ja tunnetuimmista maksutavoista koko&#8230;<\/p>\n","protected":false},"author":5318,"featured_media":762310,"parent":0,"menu_order":0,"comment_status":"closed","ping_status":"closed","template":"page-affiliate-items.php","meta":{"_acf_changed":false,"footnotes":""},"class_list":["post-998428","page","type-page","status-publish","has-post-thumbnail","hentry"],"acf":[],"_links":{"self":[{"href":"https:\/\/pokeriomokykla.com\/fi\/wp-json\/wp\/v2\/pages\/998428","targetHints":{"allow":["GET"]}}],"collection":[{"href":"https:\/\/pokeriomokykla.com\/fi\/wp-json\/wp\/v2\/pages"}],"about":[{"href":"https:\/\/pokeriomokykla.com\/fi\/wp-json\/wp\/v2\/types\/page"}],"author":[{"embeddable":true,"href":"https:\/\/pokeriomokykla.com\/fi\/wp-json\/wp\/v2\/users\/5318"}],"replies":[{"embeddable":true,"href":"https:\/\/pokeriomokykla.com\/fi\/wp-json\/wp\/v2\/comments?post=998428"}],"version-history":[{"count":3,"href":"https:\/\/pokeriomokykla.com\/fi\/wp-json\/wp\/v2\/pages\/998428\/revisions"}],"predecessor-version":[{"id":1108265,"href":"https:\/\/pokeriomokykla.com\/fi\/wp-json\/wp\/v2\/pages\/998428\/revisions\/1108265"}],"wp:featuredmedia":[{"embeddable":true,"href":"https:\/\/pokeriomokykla.com\/fi\/wp-json\/wp\/v2\/media\/762310"}],"wp:attachment":[{"href":"https:\/\/pokeriomokykla.com\/fi\/wp-json\/wp\/v2\/media?parent=998428"}],"curies":[{"name":"wp","href":"https:\/\/api.w.org\/{rel}","templated":true}]}}