{"id":900930,"date":"2020-08-24T11:16:49","date_gmt":"2020-08-24T09:16:49","guid":{"rendered":"https:\/\/pokeriomokykla.com\/liettualaiset-kasinot-offline-vs-online"},"modified":"2025-04-28T23:44:24","modified_gmt":"2025-04-28T21:44:24","slug":"liettualaiset-kasinot-offline-vs-online","status":"publish","type":"page","link":"https:\/\/pokeriomokykla.com\/fi\/liettualaiset-kasinot-offline-vs-online","title":{"rendered":"Liettualaiset kasinot: offline vs online"},"content":{"rendered":"<p><span style=\"font-weight: 400;\">Kasinoita Liettuassa on melko paljon, joten valinnanvaraa on runsaasti sek\u00e4 online- ett\u00e4 offline-alueilla. Liettualaiset kasinot ovat tietysti usein hieman rajoitetumpia kuin ulkomaiset, mutta ne voivat usein olla omalla tavallaan mielenkiintoisia tai hy\u00f6dyllisi\u00e4 pelaajalle. T\u00e4ss\u00e4 artikkelissa k\u00e4sittelemme kaikkia syit\u00e4, miksi kannattaa valita kasino Liettuassa.<\/span><\/p>\n<p><img decoding=\"async\" class=\"aligncenter wp-image-763241 size-full\" title=\"Liettualaiset kasinot\" src=\"https:\/\/pokeriomokykla.com\/app\/uploads\/2020\/08\/Lietuviski-kazino.gif\" alt=\"Liettualaiset kasinot\" width=\"810\" height=\"450\"><\/p>\n<div id=\"ez-toc-container\" class=\"ez-toc-v2_0_76 ez-toc-wrap-left counter-hierarchy ez-toc-counter ez-toc-custom ez-toc-container-direction\">\n<div class=\"ez-toc-title-container\">\n<p class=\"ez-toc-title\" style=\"cursor:inherit\"> Sis\u00e4llysluettelo<\/p>\n<span class=\"ez-toc-title-toggle\"><a href=\"#\" class=\"ez-toc-pull-right ez-toc-btn ez-toc-btn-xs ez-toc-btn-default ez-toc-toggle\" aria-label=\"Toggle Table of Content\"><span class=\"ez-toc-js-icon-con\"><span class=\"\"><span class=\"eztoc-hide\" style=\"display:none;\">Toggle<\/span><span class=\"ez-toc-icon-toggle-span\"><svg style=\"fill: #000000;color:#000000\" xmlns=\"http:\/\/www.w3.org\/2000\/svg\" class=\"list-377408\" width=\"20px\" height=\"20px\" viewBox=\"0 0 24 24\" fill=\"none\"><path d=\"M6 6H4v2h2V6zm14 0H8v2h12V6zM4 11h2v2H4v-2zm16 0H8v2h12v-2zM4 16h2v2H4v-2zm16 0H8v2h12v-2z\" fill=\"currentColor\"><\/path><\/svg><svg style=\"fill: #000000;color:#000000\" class=\"arrow-unsorted-368013\" xmlns=\"http:\/\/www.w3.org\/2000\/svg\" width=\"10px\" height=\"10px\" viewBox=\"0 0 24 24\" version=\"1.2\" baseProfile=\"tiny\"><path d=\"M18.2 9.3l-6.2-6.3-6.2 6.3c-.2.2-.3.4-.3.7s.1.5.3.7c.2.2.4.3.7.3h11c.3 0 .5-.1.7-.3.2-.2.3-.5.3-.7s-.1-.5-.3-.7zM5.8 14.7l6.2 6.3 6.2-6.3c.2-.2.3-.5.3-.7s-.1-.5-.3-.7c-.2-.2-.4-.3-.7-.3h-11c-.3 0-.5.1-.7.3-.2.2-.3.5-.3.7s.1.5.3.7z\"\/><\/svg><\/span><\/span><\/span><\/a><\/span><\/div>\n<nav><ul class='ez-toc-list ez-toc-list-level-1 eztoc-toggle-hide-by-default' ><li class='ez-toc-page-1 ez-toc-heading-level-2'><a class=\"ez-toc-link ez-toc-heading-1\" href=\"https:\/\/pokeriomokykla.com\/fi\/liettualaiset-kasinot-offline-vs-online\/#Liettualaiset_kasinot_%E2%80%93_mitka_ovat_edut\" >Liettualaiset kasinot &#8211; mitk\u00e4 ovat edut?<\/a><\/li><li class='ez-toc-page-1 ez-toc-heading-level-2'><a class=\"ez-toc-link ez-toc-heading-2\" href=\"https:\/\/pokeriomokykla.com\/fi\/liettualaiset-kasinot-offline-vs-online\/#Kasinot_Liettuassa_ja_pelaaminen_verkossa\" >Kasinot Liettuassa ja pelaaminen verkossa<\/a><\/li><li class='ez-toc-page-1 ez-toc-heading-level-2'><a class=\"ez-toc-link ez-toc-heading-3\" href=\"https:\/\/pokeriomokykla.com\/fi\/liettualaiset-kasinot-offline-vs-online\/#Betsafe_Casino\" >Betsafe Casino<\/a><\/li><li class='ez-toc-page-1 ez-toc-heading-level-2'><a class=\"ez-toc-link ez-toc-heading-4\" href=\"https:\/\/pokeriomokykla.com\/fi\/liettualaiset-kasinot-offline-vs-online\/#Liettualaiset_online-kasinot_ja_turvallisuus\" >Liettualaiset online-kasinot ja turvallisuus<\/a><\/li><li class='ez-toc-page-1 ez-toc-heading-level-2'><a class=\"ez-toc-link ez-toc-heading-5\" href=\"https:\/\/pokeriomokykla.com\/fi\/liettualaiset-kasinot-offline-vs-online\/#Liettuan_kasinot_ja_asiakaspalvelu\" >Liettuan kasinot ja asiakaspalvelu<\/a><\/li><li class='ez-toc-page-1 ez-toc-heading-level-2'><a class=\"ez-toc-link ez-toc-heading-6\" href=\"https:\/\/pokeriomokykla.com\/fi\/liettualaiset-kasinot-offline-vs-online\/#Mita_valita_liettualaisista_kasinoista\" >Mit\u00e4 valita liettualaisista kasinoista?<\/a><\/li><li class='ez-toc-page-1 ez-toc-heading-level-2'><a class=\"ez-toc-link ez-toc-heading-7\" href=\"https:\/\/pokeriomokykla.com\/fi\/liettualaiset-kasinot-offline-vs-online\/#Betsafe_Casino-2\" >Betsafe Casino<\/a><\/li><\/ul><\/nav><\/div>\n<h2 style=\"text-align: center;\"><span class=\"ez-toc-section\" id=\"Liettualaiset_kasinot_%E2%80%93_mitka_ovat_edut\"><\/span><strong>Liettualaiset kasinot &#8211; mitk\u00e4 ovat edut?<\/strong><span class=\"ez-toc-section-end\"><\/span><\/h2>\n<p><span style=\"font-weight: 400;\">Kasinot Liettuassa tarjoavat yhden selke\u00e4n, suurimman edun &#8211; fyysiset sijainnit. Monille liettualaisille matkustaminen pelaamaan muihin maihin voi olla eritt\u00e4in ep\u00e4k\u00e4yt\u00e4nn\u00f6llist\u00e4 taloudellisista tai ajallisista syist\u00e4. Liettuassa on kuitenkin useita pieni\u00e4 paikallisia kasinoita, joissa voi pelata.<\/span><\/p>\n<p><span style=\"font-weight: 400;\">Muut edut riippuvat tietysti tietyst\u00e4 kasinosta. Suurempien Liettuan kaupunkien kasinot voivat tarjota turnauksia tai muita kuukausittaisia etuja. Valitettavasti kasinopelaaminen ei ole kovin suosittua toimintaa Liettuassa, joten usein puuttuu ihmisi\u00e4 tiettyihin tapahtumiin. Esimerkiksi pokeriturnauksista tai suuresta Cash game -p\u00f6ytien valikoimasta pit\u00e4v\u00e4t voivat petty\u00e4, koska pelaajia ei yksinkertaisesti ole tarpeeksi edes suuremmissa Liettuan kaupungeissa.<\/span><\/p>\n<p><span style=\"font-weight: 400;\">Kaikki muu riippuu monista tekij\u00f6ist\u00e4. Kuten kaikki muutkin kasinot, liettualaiset tarjoavat uusien pelaajien bonuksia ja bonuspaketteja, ilmaispy\u00f6r\u00e4ytyksi\u00e4 ja ensimm\u00e4isen talletuksen korotuksia. Offline-kasinot Liettuassa antavat usein mahdollisuuden kokeilla ainakin muutamia peliautomaatteja tai p\u00f6yt\u00e4pelej\u00e4 ilmaiseksi.<\/span><\/p>\n<h2 style=\"text-align: center;\"><span class=\"ez-toc-section\" id=\"Kasinot_Liettuassa_ja_pelaaminen_verkossa\"><\/span><strong>Kasinot Liettuassa ja pelaaminen verkossa<\/strong><span class=\"ez-toc-section-end\"><\/span><\/h2>\n<p><span style=\"font-weight: 400;\">Nyky\u00e4\u00e4n ei ole en\u00e4\u00e4 v\u00e4ltt\u00e4m\u00e4t\u00f6nt\u00e4 menn\u00e4 fyysiseen sijaintiin pelatakseen kasinopelit. Internetiss\u00e4 on paljon yksinomaan online- (tai online- ja offline-) huoneita, jotka tarjoavat monia uusimpia pelej\u00e4, bonuksia ja mukavuuksia. Verkossa on my\u00f6s runsaasti liettualaisia online-huoneita, joissa voi helposti rekister\u00f6ity\u00e4 ja aloittaa pelaamisen.<\/span><\/p>\n<h3 style=\"text-align: center;\">Parhaat liettualaiset kasinot:<\/h3>\n<p style=\"text-align: center;\"><div class=\"row\"><div class=\"col-md-12 aff-listing-col casino-items shortcode\">\n<article class=\"affiliate-item affiliate-item-8\" data-affiliate-type=\"\" data-affiliate-id=\"8\" data-affiliate-title=\"Betsafe Casino\" data-affiliate-membership-terms=\"\">\n\n  <div class=\"logo col-md-3 col-sm-12 col-xs-12\">\n    <a href=\"https:\/\/pokeriomokykla.com\/casino\/betsafe\" rel=\"nofollow\" target=\"_blank\" class=\"media-img\"><img decoding=\"async\" width=\"470\" height=\"246\" src=\"https:\/\/pokeriomokykla.com\/app\/uploads\/2018\/08\/betsafe.logo_.jpg\" class=\"attachment-full size-full\" alt=\"\" srcset=\"https:\/\/pokeriomokykla.com\/app\/uploads\/2018\/08\/betsafe.logo_.jpg 470w, https:\/\/pokeriomokykla.com\/app\/uploads\/2018\/08\/betsafe.logo_-300x157.jpg 300w, https:\/\/pokeriomokykla.com\/app\/uploads\/2018\/08\/betsafe.logo_-229px-120px.jpg 229w\" sizes=\"(max-width: 470px) 100vw, 470px\" \/><\/a>\n  <\/div>\n\n  <div class=\"post-content col-md-6 col-sm-12 col-xs-12\">\n    <header class=\"entry-header hide\">\n      <h2 class=\"entry-title\"><span class=\"ez-toc-section\" id=\"Betsafe_Casino\"><\/span>\n        <a href=\"https:\/\/pokeriomokykla.com\/casino\/betsafe\" rel=\"bookmark nofollow\" target=\"_blank\">\n          Betsafe Casino        <\/a>\n      <span class=\"ez-toc-section-end\"><\/span><\/h2>\n    <\/header><!-- .entry-header -->\n\n    <div class=\"entry-content\">\n              <div class=\"bonus\">\n          Kazino, sporto la\u017eybos ir pokeris viename!        <\/div>\n      \n      <div class=\"affiliate-info\">\n        \n                  <div class=\"affiliate-accepts\">\n            <div class=\"lt-accepted\" data-toggle=\"tooltip\" title=\"Priima \u017eaid\u0117jus i\u0161 Lietuvos\">\n              <span class=\"checkmark\">\n                <i class=\"fa fa-check\" aria-hidden=\"true\"><\/i>\n              <\/span>\n\n              <span class=\"lt-flag\">\n                <img decoding=\"async\" src=\"https:\/\/pokeriomokykla.com\/app\/themes\/pokerio-mokykla\/img\/flags\/lt.flag.png\">\n              <\/span>\n            <\/div>\n          <\/div>\n        \n        <div class=\"affiliate-rating\" data-toggle=\"tooltip\" title=\"La\u017eyb\u0173 reitingas - 7.68\/10\">\n          <span class=\"rating-star\" data-value=\"5\"><\/span>\n          <span class=\"rating-star\" data-value=\"4\"><\/span>\n          <span class=\"rating-star\" data-value=\"3\"><\/span>\n          <span class=\"rating-star\" data-value=\"2\"><\/span>\n          <span class=\"rating-star\" data-value=\"1\"><\/span>\n\n                      <div class=\"rating-box\">\n              <div class=\"rating\" style=\"width: 76.8%;\"><\/div>\n            <\/div>\n                          <div class=\"rating-value\">7.68<\/div>\n                              <\/div>\n      <\/div>\n\n      <div class=\"rules-text\">Galioja tik naujiems \u017eaid\u0117jams ir tik 18+ am\u017eiaus.<\/div>\n\n    <\/div><!-- .entry-content -->\n  <\/div>\n\n  <div class=\"button col-md-3 col-sm-12 col-xs-12\">\n    <div class=\"deal-button\">\n      <a href=\"https:\/\/pokeriomokykla.com\/casino\/betsafe\" target=\"_blank\" rel=\"nofollow\">\u017daisk dabar!<\/a>\n    <\/div>\n   <div class=\"icons\">\n      <ul>\n                  <li>\n            <div data-toggle=\"tooltip\" title=\"Windows \">\n              <i class=\"fab fa-windows\" aria-hidden=\"true\"><\/i>\n            <\/div>\n          <\/li>\n                  <li>\n            <div data-toggle=\"tooltip\" title=\"Mac OS \">\n              <i class=\"fab fa-apple\" aria-hidden=\"true\"><\/i>\n            <\/div>\n          <\/li>\n                  <li>\n            <div data-toggle=\"tooltip\" title=\"iPhone \">\n              <i class=\"fa fa-mobile\" aria-hidden=\"true\"><\/i>\n            <\/div>\n          <\/li>\n                  <li>\n            <div data-toggle=\"tooltip\" title=\"Android \">\n              <i class=\"fab fa-android\" aria-hidden=\"true\"><\/i>\n            <\/div>\n          <\/li>\n              <\/ul>\n    <\/div>\n  <\/div>\n\n<\/article><!-- #post --><\/div><\/div><\/p>\n<p><span style=\"font-weight: 400;\">Vaikka kodin mukavuus on monille eritt\u00e4in houkutteleva, online-pelaamisessa on my\u00f6s omat haittansa. Esimerkiksi verkkosivustoilla k\u00e4ytet\u00e4\u00e4n harvoin keskusteluj\u00e4rjestelm\u00e4\u00e4 systeemi\u00e4, joten pelaaminen muuttuu yksin\u00e4iseksi toiminnaksi. Toisaalta fyysisiss\u00e4 kasinoissa sosiaalisuus on merkitt\u00e4v\u00e4 osa pelaamista, koska sinne tulee usein ihmisi\u00e4, jotka haluavat my\u00f6s seurustella pelin aikana.<\/span><span style=\"font-weight: 400;\">Liettuan kasinoiden etu, kuten aiemmin mainittiin, on se, ett\u00e4 ne ovat melkein aina l\u00e4hell\u00e4 kotia, joten sinne meneminen pelaamaan ei yleens\u00e4 ole ongelma. Toinen Liettuan kasinoiden etu online-huoneisiin verrattuna on luotettavuus.<\/span><\/p>\n<p><span style=\"font-weight: 400;\">Online-pelialustoja ei tarkasteta yht\u00e4 tiukasti kuin fyysisi\u00e4 kasinoita, joten luottamus niihin perustuu vain pelaajan omiin uskomuksiin. Toisaalta kasinot tarkastetaan usein asianmukaisten viranomaisten toimesta, jotta toiminta olisi mahdollisimman reilua, joten vaikka talo aina voittaa, t\u00e4ss\u00e4 tapauksessa voi olla varma, ett\u00e4 EV h\u00e4vi\u00e4\u00e4 vain sen verran kuin ilmoitetaan.<\/span><\/p>\n<p><span style=\"font-weight: 400;\">Tietysti online-kasinot ymm\u00e4rt\u00e4v\u00e4t tilanteen hyvin, joten ne tarjoavat usein parempia bonuksia tai etuja. T\u00e4m\u00e4 p\u00e4tee my\u00f6s Liettuan online-kasinoihin. Melkein kaikki liettualaiset kasinot, jotka on siirretty internetiin, tarjoavat parempia bonuksia kuin mit\u00e4 on mahdollista saada fyysisiss\u00e4 pelitaloissa.<\/span><\/p>\n<h2 style=\"text-align: center;\"><span class=\"ez-toc-section\" id=\"Liettualaiset_online-kasinot_ja_turvallisuus\"><\/span><strong>Liettualaiset online-kasinot ja turvallisuus<\/strong><span class=\"ez-toc-section-end\"><\/span><\/h2>\n<p><span style=\"font-weight: 400;\">Liettuassa kasinot voivat helposti saada lisenssin k\u00e4ytt\u00e4m\u00e4tt\u00e4 perinteisi\u00e4 taktiikoita. Monet ulkomaiset pelitalot etsiv\u00e4t helpompaa tapaa saada pelilisenssi, joten ne rekister\u00f6iv\u00e4t toimintansa kaukaisissa maissa, kuten Caymansaarilla. N\u00e4iss\u00e4 paikoissa on eritt\u00e4in helppoa rekister\u00f6id\u00e4 pelitoiminta.<\/span><\/p>\n<p><span style=\"font-weight: 400;\">Liettuan online-kasinoiden ei tarvitse noudattaa t\u00e4llaisia strategioita (vaikka ne tietysti voivat). Jos liettualaisella online-kasinolla on Liettuassa my\u00f6nnetty lisenssi, pelaaja voi olla paljon rauhallisempi, koska on olemassa vahvempi oikeudellinen perusta mahdollisten riitojen ratkaisemiseksi. Toisin kuin ulkomaisissa online-kasinoissa, jotka on usein rekister\u00f6ity <a href=\"https:\/\/europa.eu\/european-union\/about-eu\/countries_lt\" target=\"_blank\" rel=\"noopener noreferrer\">EU:n ulkopuolisiin maihin<\/a>, Liettuassa on asianmukaisia viranomaisia, joihin pelaaja voi aina ottaa yhteytt\u00e4.<\/span><\/p>\n<p><span style=\"font-weight: 400;\">Tarkemman valvonnan vuoksi online-kasinot Liettuassa ovat usein paljon luotettavampia. Oikeusj\u00e4rjestelm\u00e4 systeemi takaa jatkuvan pelitarjonnan reiluuden tarkastuksen, jonka toteuttavat asianmukaiset viranomaiset. Toisaalta ulkomailla rekister\u00f6ityj\u00e4 laitoksia ei usein tarkasteta yht\u00e4 tarkasti reiluuden suhteen. Kasinot ovat kuitenkin liiketoimintaa kuten kaikki muutkin, joten ne etsiv\u00e4t usein parasta tapaa ansaita rahaa ja v\u00e4hiten todenn\u00e4k\u00f6isyytt\u00e4 joutua ongelmiin. Siksi lisenssien hakemiseen liittyy my\u00f6s harkintoja pelitalojen tarkastuksista ja monista muista tekij\u00f6ist\u00e4.<\/span><\/p>\n<h2 style=\"text-align: center;\"><span class=\"ez-toc-section\" id=\"Liettuan_kasinot_ja_asiakaspalvelu\"><\/span><strong>Liettuan kasinot ja asiakaspalvelu<\/strong><span class=\"ez-toc-section-end\"><\/span><\/h2>\n<p><span style=\"font-weight: 400;\">Yksi t\u00e4rkeimmist\u00e4 sek\u00e4 offline- ett\u00e4 online-laitosten n\u00e4k\u00f6kohdista on asiakaspalvelu. Pelitalot eiv\u00e4t ole poikkeus. Tietysti liettualaisissa kasinoissa voit olla varma, ett\u00e4 ongelman tai muiden ongelmien ilmetess\u00e4 sinua palvellaan aina liettuan kielell\u00e4.<\/span><\/p>\n<p><span style=\"font-weight: 400;\">Fyysisiss\u00e4 pelitaloissa palvelu on tietysti aina paljon parempaa kuin online-huoneissa. Online-huoneissa ty\u00f6skentelee yleens\u00e4 valitettavasti v\u00e4h\u00e4n palkattuja asiantuntijoita, joiden on palveltava monia asiakkaita samanaikaisesti. Heid\u00e4n mahdollisuutensa auttaa ongelmien tai maksujen ongelmien ilmetess\u00e4 ovat yleens\u00e4 eritt\u00e4in rajalliset.<\/span><\/p>\n<p><img decoding=\"async\" class=\"aligncenter wp-image-763243\" title=\"Kasinot Liettuassa\" src=\"https:\/\/pokeriomokykla.com\/app\/uploads\/2020\/08\/Kazino-Lietuvoje.png\" alt=\"Kasinot Liettuassa\" width=\"810\" height=\"203\" srcset=\"https:\/\/pokeriomokykla.com\/app\/uploads\/2020\/08\/Kazino-Lietuvoje.png 1024w, https:\/\/pokeriomokykla.com\/app\/uploads\/2020\/08\/Kazino-Lietuvoje-300x75.png 300w, https:\/\/pokeriomokykla.com\/app\/uploads\/2020\/08\/Kazino-Lietuvoje-768px-192px.png 768w, https:\/\/pokeriomokykla.com\/app\/uploads\/2020\/08\/Kazino-Lietuvoje-480px-120px.png 480w, https:\/\/pokeriomokykla.com\/app\/uploads\/2020\/08\/Kazino-Lietuvoje-700px-175px.png 700w\" sizes=\"(max-width: 810px) 100vw, 810px\" \/><\/p>\n<p><span style=\"font-weight: 400;\">Toisaalta fyysisiss\u00e4 pelitaloissa palvelu on aina korkeinta laatua. Yksi henkil\u00f6 palvelee yleens\u00e4 vain muutamaa asiakasta kerrallaan. Lis\u00e4ksi, jos pelaat usein samoissa taloissa, sinulle annetaan yh\u00e4 parempia statuksia (jopa VIP, jotka saavat erityisi\u00e4 etuja). T\u00e4t\u00e4 ei yleens\u00e4 ole online-kasinoissa, parhaimmillaan tarjotaan pokerin rakeback-j\u00e4rjestelm\u00e4\u00e4 muistuttava rahapalautusbonus.<\/span><\/p>\n<p><span style=\"font-weight: 400;\">VIP-asiakkaita ei Liettuassa tietysti viel\u00e4 arvosteta niin paljon, mutta he saavat enemm\u00e4n etuja kuin tavallinen pelaaja sek\u00e4 offline- ett\u00e4 online-tilassa. Millaisia etuja erityisen statuksen omaavat pelaajat saavat, riippuu pelitalojen ehdoista, joten yleist\u00e4 bonuslistaa on l\u00e4hes mahdotonta laatia. Ulkomailla pelaajat saavat yleens\u00e4 hotellihuoneita, ylellisi\u00e4 esineit\u00e4 tai liiketoimintalounaita. Tietysti n\u00e4m\u00e4 ovat aina hyvin laskettuja lahjoja, joiden tarkoituksena on houkutella pelaajia yh\u00e4 enemm\u00e4n. Liettuassa n\u00e4m\u00e4 perinteet ovat hieman heikompia, joten ei kannata sokeasti odottaa lentoja tai muita vaikuttavia etuja, jos pelaat paljon.<\/span><\/p>\n<h2 style=\"text-align: center;\"><span class=\"ez-toc-section\" id=\"Mita_valita_liettualaisista_kasinoista\"><\/span><strong>Mit\u00e4 valita liettualaisista kasinoista?<\/strong><span class=\"ez-toc-section-end\"><\/span><\/h2>\n<p><span style=\"font-weight: 400;\">Eri Liettuan kasinoita ei ole kovin paljon, koska markkinamme t\u00e4ll\u00e4 alalla on valitettavasti viel\u00e4 melko pieni. Tietysti on silti parempia kasinoita kuin toiset, sek\u00e4 offline- ett\u00e4 online-markkinoilla, joten Pokerikoulussa voit aina l\u00f6yt\u00e4\u00e4 kaikkien parhaiden huoneiden arvostelut \u2b07<\/span><\/p>\n<p style=\"text-align: center;\"><div class=\"row\"><div class=\"col-md-12 aff-listing-col casino-items shortcode\">\n<article class=\"affiliate-item affiliate-item-8\" data-affiliate-type=\"\" data-affiliate-id=\"8\" data-affiliate-title=\"Betsafe Casino\" data-affiliate-membership-terms=\"\">\n\n  <div class=\"logo col-md-3 col-sm-12 col-xs-12\">\n    <a href=\"https:\/\/pokeriomokykla.com\/casino\/betsafe\" rel=\"nofollow\" target=\"_blank\" class=\"media-img\"><img decoding=\"async\" width=\"470\" height=\"246\" src=\"https:\/\/pokeriomokykla.com\/app\/uploads\/2018\/08\/betsafe.logo_.jpg\" class=\"attachment-full size-full\" alt=\"\" srcset=\"https:\/\/pokeriomokykla.com\/app\/uploads\/2018\/08\/betsafe.logo_.jpg 470w, https:\/\/pokeriomokykla.com\/app\/uploads\/2018\/08\/betsafe.logo_-300x157.jpg 300w, https:\/\/pokeriomokykla.com\/app\/uploads\/2018\/08\/betsafe.logo_-229px-120px.jpg 229w\" sizes=\"(max-width: 470px) 100vw, 470px\" \/><\/a>\n  <\/div>\n\n  <div class=\"post-content col-md-6 col-sm-12 col-xs-12\">\n    <header class=\"entry-header hide\">\n      <h2 class=\"entry-title\"><span class=\"ez-toc-section\" id=\"Betsafe_Casino-2\"><\/span>\n        <a href=\"https:\/\/pokeriomokykla.com\/casino\/betsafe\" rel=\"bookmark nofollow\" target=\"_blank\">\n          Betsafe Casino        <\/a>\n      <span class=\"ez-toc-section-end\"><\/span><\/h2>\n    <\/header><!-- .entry-header -->\n\n    <div class=\"entry-content\">\n              <div class=\"bonus\">\n          Kazino, sporto la\u017eybos ir pokeris viename!        <\/div>\n      \n      <div class=\"affiliate-info\">\n        \n                  <div class=\"affiliate-accepts\">\n            <div class=\"lt-accepted\" data-toggle=\"tooltip\" title=\"Priima \u017eaid\u0117jus i\u0161 Lietuvos\">\n              <span class=\"checkmark\">\n                <i class=\"fa fa-check\" aria-hidden=\"true\"><\/i>\n              <\/span>\n\n              <span class=\"lt-flag\">\n                <img decoding=\"async\" src=\"https:\/\/pokeriomokykla.com\/app\/themes\/pokerio-mokykla\/img\/flags\/lt.flag.png\">\n              <\/span>\n            <\/div>\n          <\/div>\n        \n        <div class=\"affiliate-rating\" data-toggle=\"tooltip\" title=\"La\u017eyb\u0173 reitingas - 7.68\/10\">\n          <span class=\"rating-star\" data-value=\"5\"><\/span>\n          <span class=\"rating-star\" data-value=\"4\"><\/span>\n          <span class=\"rating-star\" data-value=\"3\"><\/span>\n          <span class=\"rating-star\" data-value=\"2\"><\/span>\n          <span class=\"rating-star\" data-value=\"1\"><\/span>\n\n                      <div class=\"rating-box\">\n              <div class=\"rating\" style=\"width: 76.8%;\"><\/div>\n            <\/div>\n                          <div class=\"rating-value\">7.68<\/div>\n                              <\/div>\n      <\/div>\n\n      <div class=\"rules-text\">Galioja tik naujiems \u017eaid\u0117jams ir tik 18+ am\u017eiaus.<\/div>\n\n    <\/div><!-- .entry-content -->\n  <\/div>\n\n  <div class=\"button col-md-3 col-sm-12 col-xs-12\">\n    <div class=\"deal-button\">\n      <a href=\"https:\/\/pokeriomokykla.com\/casino\/betsafe\" target=\"_blank\" rel=\"nofollow\">\u017daisk dabar!<\/a>\n    <\/div>\n   <div class=\"icons\">\n      <ul>\n                  <li>\n            <div data-toggle=\"tooltip\" title=\"Windows \">\n              <i class=\"fab fa-windows\" aria-hidden=\"true\"><\/i>\n            <\/div>\n          <\/li>\n                  <li>\n            <div data-toggle=\"tooltip\" title=\"Mac OS \">\n              <i class=\"fab fa-apple\" aria-hidden=\"true\"><\/i>\n            <\/div>\n          <\/li>\n                  <li>\n            <div data-toggle=\"tooltip\" title=\"iPhone \">\n              <i class=\"fa fa-mobile\" aria-hidden=\"true\"><\/i>\n            <\/div>\n          <\/li>\n                  <li>\n            <div data-toggle=\"tooltip\" title=\"Android \">\n              <i class=\"fab fa-android\" aria-hidden=\"true\"><\/i>\n            <\/div>\n          <\/li>\n              <\/ul>\n    <\/div>\n  <\/div>\n\n<\/article><!-- #post --><\/div><\/div><\/p>\n<p><span style=\"font-weight: 400;\">Jos matkustat fyysisiin liettualaisiin pelitaloihin, suosittelemme matkustamaan yhdess\u00e4. Offline-kasinoiden yksi suurimmista eduista on sosiaalisuus. Yst\u00e4v\u00e4t auttavat viett\u00e4m\u00e4\u00e4n hyv\u00e4\u00e4 aikaa, ja t\u00e4m\u00e4 pit\u00e4isi olla pelaamisen p\u00e4\u00e4tavoite. Ei miss\u00e4\u00e4n tapauksessa pit\u00e4isi ajatella mahdollisuuksia ansaita rahaa, koska kaikki pelit on suunnattu sinua vastaan.<\/span><\/p>\n<p><span style=\"font-weight: 400;\">Liettualaisissa kasinoissa pelivalikoima on tietysti usein hieman rajoitetumpi kuin ulkomailla. T\u00e4m\u00e4 ero johtuu yksinkertaisesta syyst\u00e4 &#8211; p\u00e4\u00e4oman eroista. Voit kuitenkin aina olla varma, ett\u00e4 l\u00f6yd\u00e4t monia tuttuja pelej\u00e4 kaikista Liettuan kasinoista. On melkein mahdotonta l\u00f6yt\u00e4\u00e4 pelitaloa ilman <a href=\"\/fi\/blackjack-kurallari-blackjack-rules\">BlackJackia<\/a>, rulettia tai <a href=\"\/fi\/internette-slot-makineleri\">peliautomaatteja<\/a>.<\/span><\/p>\n<p><span style=\"font-weight: 400;\">Ruletti Liettuassa tarjoaa paremmat prosentit kuin joissakin ulkomaisissa maissa. Yhdysvalloissa k\u00e4ytet\u00e4\u00e4n usein amerikkalaista ruletin versiota, joka on eritt\u00e4in vahvasti pelaajaa vastaan, koska talon etu on 5%. Liettuassa k\u00e4ytet\u00e4\u00e4n kuitenkin eurooppalaista ruletin versiota, jossa on vain yksi 0, joten talon etu laskee 2,7%:iin.<\/span><\/p>\n<p><span style=\"font-weight: 400;\">Joten, Liettuassa pelaamisessa kasinolla on useita suuria etuja.<\/span><\/p>\n<p>Da\u017enai \u017eaid\u0117jai net neatkreipia d\u0117mesio \u012f lietuvi\u0161kus lo\u0161imo namus, ta\u010diau taip daryti nereik\u0117t\u0173. Tiek offline tiek online lo\u0161im\u0173 namai tur\u0117s skirtingiems \u017emon\u0117ms tinkam\u0173 aspekt\u0173, kuri\u0173 galb\u016bt nei\u0161eit\u0173 rasti u\u017esienio kazino. Galiausiai, vienas did\u017eiausi\u0173 privalum\u0173 &#8211; nesunkiai prieinami fiziniai lo\u0161imo namai, kuriuose visada galima smagiai praleisti laik\u0105.\n<\/p>\n<h3><strong>Seuraa lis\u00e4\u00e4 kasino-uutisia:<\/strong><\/h3>\n<p><a href=\"https:\/\/pokeriomokykla.com\/kazino-naujienos\" class=\"media-img\"><img decoding=\"async\" class=\"alignnone wp-image-763242\" title=\"Kasinouutiset\" src=\"https:\/\/pokeriomokykla.com\/app\/uploads\/2020\/08\/PM_Kazino_naujienos_1280x720.jpg\" alt=\"Kasinouutiset\" width=\"400\" height=\"225\" srcset=\"https:\/\/pokeriomokykla.com\/app\/uploads\/2020\/08\/PM_Kazino_naujienos_1280x720.jpg 1024w, https:\/\/pokeriomokykla.com\/app\/uploads\/2020\/08\/PM_Kazino_naujienos_1280x720-300x169.jpg 300w, https:\/\/pokeriomokykla.com\/app\/uploads\/2020\/08\/PM_Kazino_naujienos_1280x720-768px-432px.jpg 768w, https:\/\/pokeriomokykla.com\/app\/uploads\/2020\/08\/PM_Kazino_naujienos_1280x720-320px-180px.jpg 320w, https:\/\/pokeriomokykla.com\/app\/uploads\/2020\/08\/PM_Kazino_naujienos_1280x720-120px-68px.jpg 120w, https:\/\/pokeriomokykla.com\/app\/uploads\/2020\/08\/PM_Kazino_naujienos_1280x720-336px-188px.jpg 336w, https:\/\/pokeriomokykla.com\/app\/uploads\/2020\/08\/PM_Kazino_naujienos_1280x720-213px-120px.jpg 213w, https:\/\/pokeriomokykla.com\/app\/uploads\/2020\/08\/PM_Kazino_naujienos_1280x720-700px-394px.jpg 700w\" sizes=\"(max-width: 400px) 100vw, 400px\" \/><\/a><\/p>\n","protected":false},"excerpt":{"rendered":"<p>Kasinoita Liettuassa on melko paljon, joten valinnanvaraa on runsaasti sek\u00e4&#8230;<\/p>\n","protected":false},"author":5318,"featured_media":763241,"parent":0,"menu_order":0,"comment_status":"closed","ping_status":"closed","template":"page-affiliate-items.php","meta":{"_acf_changed":false,"footnotes":""},"class_list":["post-900930","page","type-page","status-publish","has-post-thumbnail","hentry"],"acf":[],"_links":{"self":[{"href":"https:\/\/pokeriomokykla.com\/fi\/wp-json\/wp\/v2\/pages\/900930","targetHints":{"allow":["GET"]}}],"collection":[{"href":"https:\/\/pokeriomokykla.com\/fi\/wp-json\/wp\/v2\/pages"}],"about":[{"href":"https:\/\/pokeriomokykla.com\/fi\/wp-json\/wp\/v2\/types\/page"}],"author":[{"embeddable":true,"href":"https:\/\/pokeriomokykla.com\/fi\/wp-json\/wp\/v2\/users\/5318"}],"replies":[{"embeddable":true,"href":"https:\/\/pokeriomokykla.com\/fi\/wp-json\/wp\/v2\/comments?post=900930"}],"version-history":[{"count":2,"href":"https:\/\/pokeriomokykla.com\/fi\/wp-json\/wp\/v2\/pages\/900930\/revisions"}],"predecessor-version":[{"id":1100352,"href":"https:\/\/pokeriomokykla.com\/fi\/wp-json\/wp\/v2\/pages\/900930\/revisions\/1100352"}],"wp:featuredmedia":[{"embeddable":true,"href":"https:\/\/pokeriomokykla.com\/fi\/wp-json\/wp\/v2\/media\/763241"}],"wp:attachment":[{"href":"https:\/\/pokeriomokykla.com\/fi\/wp-json\/wp\/v2\/media?parent=900930"}],"curies":[{"name":"wp","href":"https:\/\/api.w.org\/{rel}","templated":true}]}}