{"id":855270,"date":"2015-08-05T17:59:45","date_gmt":"2015-08-05T15:59:45","guid":{"rendered":"https:\/\/pokeriomokykla.com\/tervetuloa"},"modified":"2025-04-29T01:31:24","modified_gmt":"2025-04-28T23:31:24","slug":"tervetuloa","status":"publish","type":"page","link":"https:\/\/pokeriomokykla.com\/fi\/tervetuloa","title":{"rendered":"Tervetuloa!"},"content":{"rendered":"<p style=\"text-align: center\">Onnittelut, rekister\u00f6itymisesi on valmis. Tilisi on nyt aktiivinen ja voit k\u00e4ytt\u00e4\u00e4 kaikkia PokerioMokykla.com-toimintoja.<\/p>\n","protected":false},"excerpt":{"rendered":"<p>Onnittelut, rekister\u00f6itymisesi on valmis. Tilisi on nyt aktiivinen ja voit&#8230;<\/p>\n","protected":false},"author":72,"featured_media":0,"parent":0,"menu_order":16,"comment_status":"open","ping_status":"open","template":"","meta":{"_acf_changed":false,"footnotes":""},"class_list":["post-855270","page","type-page","status-publish","hentry"],"acf":[],"_links":{"self":[{"href":"https:\/\/pokeriomokykla.com\/fi\/wp-json\/wp\/v2\/pages\/855270","targetHints":{"allow":["GET"]}}],"collection":[{"href":"https:\/\/pokeriomokykla.com\/fi\/wp-json\/wp\/v2\/pages"}],"about":[{"href":"https:\/\/pokeriomokykla.com\/fi\/wp-json\/wp\/v2\/types\/page"}],"author":[{"embeddable":true,"href":"https:\/\/pokeriomokykla.com\/fi\/wp-json\/wp\/v2\/users\/72"}],"replies":[{"embeddable":true,"href":"https:\/\/pokeriomokykla.com\/fi\/wp-json\/wp\/v2\/comments?post=855270"}],"version-history":[{"count":1,"href":"https:\/\/pokeriomokykla.com\/fi\/wp-json\/wp\/v2\/pages\/855270\/revisions"}],"predecessor-version":[{"id":930359,"href":"https:\/\/pokeriomokykla.com\/fi\/wp-json\/wp\/v2\/pages\/855270\/revisions\/930359"}],"wp:attachment":[{"href":"https:\/\/pokeriomokykla.com\/fi\/wp-json\/wp\/v2\/media?parent=855270"}],"curies":[{"name":"wp","href":"https:\/\/api.w.org\/{rel}","templated":true}]}}