{"id":853721,"date":"2016-08-07T14:27:51","date_gmt":"2016-08-07T12:27:51","guid":{"rendered":"https:\/\/pokeriomokykla.com\/onneksi-olkoon-rekisterointi-onnistui"},"modified":"2026-05-11T09:44:12","modified_gmt":"2026-05-11T07:44:12","slug":"onneksi-olkoon-rekisterointi-onnistui","status":"publish","type":"page","link":"https:\/\/pokeriomokykla.com\/fi\/tervetuloa-rekisterointi-ajallaan","title":{"rendered":"Onneksi olkoon, rekister\u00f6inti onnistui"},"content":{"rendered":"<p>Onneksi olkoon, rekister\u00f6inti on t\u00e4ysin valmis. Heti kun yll\u00e4pit\u00e4j\u00e4mme n\u00e4kee maksusi, h\u00e4n vahvistaa j\u00e4senyytesi. Yleens\u00e4 24 tunnin kuluessa (arkip\u00e4ivisin).<\/p>\n","protected":false},"excerpt":{"rendered":"<p>Onneksi olkoon, rekister\u00f6inti on t\u00e4ysin valmis. Heti kun yll\u00e4pit\u00e4j\u00e4mme n\u00e4kee&#8230;<\/p>\n","protected":false},"author":72,"featured_media":0,"parent":0,"menu_order":22,"comment_status":"closed","ping_status":"closed","template":"","meta":{"_acf_changed":false,"footnotes":""},"class_list":["post-853721","page","type-page","status-publish","hentry"],"acf":[],"_links":{"self":[{"href":"https:\/\/pokeriomokykla.com\/fi\/wp-json\/wp\/v2\/pages\/853721","targetHints":{"allow":["GET"]}}],"collection":[{"href":"https:\/\/pokeriomokykla.com\/fi\/wp-json\/wp\/v2\/pages"}],"about":[{"href":"https:\/\/pokeriomokykla.com\/fi\/wp-json\/wp\/v2\/types\/page"}],"author":[{"embeddable":true,"href":"https:\/\/pokeriomokykla.com\/fi\/wp-json\/wp\/v2\/users\/72"}],"replies":[{"embeddable":true,"href":"https:\/\/pokeriomokykla.com\/fi\/wp-json\/wp\/v2\/comments?post=853721"}],"version-history":[{"count":1,"href":"https:\/\/pokeriomokykla.com\/fi\/wp-json\/wp\/v2\/pages\/853721\/revisions"}],"predecessor-version":[{"id":928622,"href":"https:\/\/pokeriomokykla.com\/fi\/wp-json\/wp\/v2\/pages\/853721\/revisions\/928622"}],"wp:attachment":[{"href":"https:\/\/pokeriomokykla.com\/fi\/wp-json\/wp\/v2\/media?parent=853721"}],"curies":[{"name":"wp","href":"https:\/\/api.w.org\/{rel}","templated":true}]}}