{"id":844951,"date":"2020-11-04T16:40:23","date_gmt":"2020-11-04T14:40:23","guid":{"rendered":"https:\/\/pokeriomokykla.com\/skrill-kasinot-netissa-bonuskoodit-ja-kaikki-skrillista"},"modified":"2025-04-28T23:24:48","modified_gmt":"2025-04-28T21:24:48","slug":"skrill-kasinot-netissa-bonuskoodit-ja-kaikki-skrillista","status":"publish","type":"page","link":"https:\/\/pokeriomokykla.com\/fi\/skrill-kasinot-internet-bonus-koodit-parhain-tarjouksin","title":{"rendered":"Skrill kasino verkossa \u2013 bonuskoodit 2026"},"content":{"rendered":"<div id=\"ez-toc-container\" class=\"ez-toc-v2_0_76 ez-toc-wrap-left counter-hierarchy ez-toc-counter ez-toc-custom ez-toc-container-direction\">\n<div class=\"ez-toc-title-container\">\n<p class=\"ez-toc-title\" style=\"cursor:inherit\"> Sis\u00e4llysluettelo<\/p>\n<span class=\"ez-toc-title-toggle\"><a href=\"#\" class=\"ez-toc-pull-right ez-toc-btn ez-toc-btn-xs ez-toc-btn-default ez-toc-toggle\" aria-label=\"Toggle Table of Content\"><span class=\"ez-toc-js-icon-con\"><span class=\"\"><span class=\"eztoc-hide\" style=\"display:none;\">Toggle<\/span><span class=\"ez-toc-icon-toggle-span\"><svg style=\"fill: #000000;color:#000000\" xmlns=\"http:\/\/www.w3.org\/2000\/svg\" class=\"list-377408\" width=\"20px\" height=\"20px\" viewBox=\"0 0 24 24\" fill=\"none\"><path d=\"M6 6H4v2h2V6zm14 0H8v2h12V6zM4 11h2v2H4v-2zm16 0H8v2h12v-2zM4 16h2v2H4v-2zm16 0H8v2h12v-2z\" fill=\"currentColor\"><\/path><\/svg><svg style=\"fill: #000000;color:#000000\" class=\"arrow-unsorted-368013\" xmlns=\"http:\/\/www.w3.org\/2000\/svg\" width=\"10px\" height=\"10px\" viewBox=\"0 0 24 24\" version=\"1.2\" baseProfile=\"tiny\"><path d=\"M18.2 9.3l-6.2-6.3-6.2 6.3c-.2.2-.3.4-.3.7s.1.5.3.7c.2.2.4.3.7.3h11c.3 0 .5-.1.7-.3.2-.2.3-.5.3-.7s-.1-.5-.3-.7zM5.8 14.7l6.2 6.3 6.2-6.3c.2-.2.3-.5.3-.7s-.1-.5-.3-.7c-.2-.2-.4-.3-.7-.3h-11c-.3 0-.5.1-.7.3-.2.2-.3.5-.3.7s.1.5.3.7z\"\/><\/svg><\/span><\/span><\/span><\/a><\/span><\/div>\n<nav><ul class='ez-toc-list ez-toc-list-level-1 eztoc-toggle-hide-by-default' ><li class='ez-toc-page-1 ez-toc-heading-level-2'><a class=\"ez-toc-link ez-toc-heading-1\" href=\"https:\/\/pokeriomokykla.com\/fi\/skrill-kasinot-internet-bonus-koodit-parhain-tarjouksin\/#Skrill_kasino_lista_%E2%80%93_paivitetty_2026\" >Skrill kasino lista \u2013 p\u00e4ivitetty 2026<\/a><\/li><li class='ez-toc-page-1 ez-toc-heading-level-2'><a class=\"ez-toc-link ez-toc-heading-2\" href=\"https:\/\/pokeriomokykla.com\/fi\/skrill-kasinot-internet-bonus-koodit-parhain-tarjouksin\/#Kuinka_%E2%80%9ESkrill%E2%80%9C_toimii\" >Kuinka \u201eSkrill\u201c toimii?<\/a><\/li><li class='ez-toc-page-1 ez-toc-heading-level-2'><a class=\"ez-toc-link ez-toc-heading-3\" href=\"https:\/\/pokeriomokykla.com\/fi\/skrill-kasinot-internet-bonus-koodit-parhain-tarjouksin\/#Miksi_sinun_pitaisi_pelata_Skrill_nettikasinoilla\" >Miksi sinun pit\u00e4isi pelata Skrill nettikasinoilla?<\/a><\/li><li class='ez-toc-page-1 ez-toc-heading-level-2'><a class=\"ez-toc-link ez-toc-heading-4\" href=\"https:\/\/pokeriomokykla.com\/fi\/skrill-kasinot-internet-bonus-koodit-parhain-tarjouksin\/#Skrill_kasino_bonukset_Mita_sinun_pitaisi_tietaa\" >Skrill kasino bonukset: Mit\u00e4 sinun pit\u00e4isi tiet\u00e4\u00e4<\/a><\/li><li class='ez-toc-page-1 ez-toc-heading-level-2'><a class=\"ez-toc-link ez-toc-heading-5\" href=\"https:\/\/pokeriomokykla.com\/fi\/skrill-kasinot-internet-bonus-koodit-parhain-tarjouksin\/#Kuinka_aloittaa_Skrill_kaytto_ja_saavuttaa_maksimaalinen_hyoty\" >Kuinka aloittaa Skrill k\u00e4ytt\u00f6 ja saavuttaa maksimaalinen hy\u00f6ty?<\/a><\/li><li class='ez-toc-page-1 ez-toc-heading-level-2'><a class=\"ez-toc-link ez-toc-heading-6\" href=\"https:\/\/pokeriomokykla.com\/fi\/skrill-kasinot-internet-bonus-koodit-parhain-tarjouksin\/#Talletukset_ja_nostot\" >Talletukset ja nostot<\/a><\/li><li class='ez-toc-page-1 ez-toc-heading-level-2'><a class=\"ez-toc-link ez-toc-heading-7\" href=\"https:\/\/pokeriomokykla.com\/fi\/skrill-kasinot-internet-bonus-koodit-parhain-tarjouksin\/#Mielenkiintoisia_faktoja_Skrillista\" >Mielenkiintoisia faktoja Skrillista<\/a><\/li><li class='ez-toc-page-1 ez-toc-heading-level-2'><a class=\"ez-toc-link ez-toc-heading-8\" href=\"https:\/\/pokeriomokykla.com\/fi\/skrill-kasinot-internet-bonus-koodit-parhain-tarjouksin\/#Mobiili_Skrill_kasinot\" >Mobiili Skrill kasinot<\/a><\/li><li class='ez-toc-page-1 ez-toc-heading-level-2'><a class=\"ez-toc-link ez-toc-heading-9\" href=\"https:\/\/pokeriomokykla.com\/fi\/skrill-kasinot-internet-bonus-koodit-parhain-tarjouksin\/#Johtopaatos_Skrill_Casinosta\" >Johtop\u00e4\u00e4t\u00f6s Skrill Casinosta<\/a><\/li><li class='ez-toc-page-1 ez-toc-heading-level-2'><a class=\"ez-toc-link ez-toc-heading-10\" href=\"https:\/\/pokeriomokykla.com\/fi\/skrill-kasinot-internet-bonus-koodit-parhain-tarjouksin\/#UKK_Skrill_Casinosta\" >UKK Skrill Casinosta<\/a><\/li><\/ul><\/nav><\/div>\n<h2 class=\"wp-block-heading\"><span class=\"ez-toc-section\" id=\"Skrill_kasino_lista_%E2%80%93_paivitetty_2026\"><\/span>Skrill kasino lista \u2013 p\u00e4ivitetty 2026 <span class=\"ez-toc-section-end\"><\/span><\/h2>\n\n<div class='widget-card placeholder--card-fullwidth'\n     data-source-gql='https:\/\/scg-new-live.stellate.sh\/'\n     data-source-widgetjs='https:\/\/widget.affprojects.com\/widget.js'\n     data-shortcode='widget-card'\n     data-shortcode-text='[top-casinos-for-games limit=\"20\" mobile-limit=\"10\" listtype=\"stacked\" scrollable=\"never\" fullwidth=\"true\"]'\n     data-props='{\n\"show_more_button\":true,\n\"show_more_button_text\":\"Show More Bookmakers\",\n\"show_more_text\":false,\n\"show_less_text\":false,\n\"vpn_notification\":false,\n\"show_more_items_amount\":null,\n\"fullwidth\":true,\n\"scrollable\":\"never\",\n\"violet_bonus_text\":true,\n\"ab_testing_show_more_button_rework\":true\n}'\n     data-queries='{\n\"type\":\"TOP-Casino\",\n\"limit\":20,\n\"mobile_limit\":10,\n\"show_new\":1,\n\"button_text_type\":\"TOP\",\n\"language\":\"fi\",\n\"project\":\"PM\",\n\"page\":1\n}'\n     ><\/div>\n\n<p>\u201eSkrill\u201c on suosittu s\u00e4hk\u00f6inen lompakko, joka tarjoaa turvallisia, nopeita ja k\u00e4tevi\u00e4 tapahtumia nettikasinoharrastajille ymp\u00e4ri maailmaa. T\u00e4m\u00e4 maksutapa on tullut pelaajien suosikiksi helppok\u00e4ytt\u00f6isyytens\u00e4, korkean turvallisuustasonsa ja laajan hyv\u00e4ksynt\u00e4ns\u00e4 ansiosta monissa nettikasinoissa.<\/p>\n<p>T\u00e4\u00e4lt\u00e4 l\u00f6yd\u00e4t kaiken, mit\u00e4 sinun tarvitsee tiet\u00e4\u00e4 \u201eSkrill\u201c kasinoista, mukaan lukien bonuskoodit, tapahtumaominaisuudet ja vinkit kokemuksesi maksimoimiseksi.<\/p>\n<h2 class=\"wp-block-heading\"><span class=\"ez-toc-section\" id=\"Kuinka_%E2%80%9ESkrill%E2%80%9C_toimii\"><\/span>Kuinka \u201eSkrill\u201c toimii?<span class=\"ez-toc-section-end\"><\/span><\/h2>\n<p>\u201eSkrill\u201c toimii digitaalisena lompakkona, joka mahdollistaa rahansiirrot tililt\u00e4 toiselle. Monet kasinopelaajat k\u00e4ytt\u00e4v\u00e4t sit\u00e4 turvallisiin ja nopeisiin maksuihin kasinotileilleen. Lis\u00e4ksi \u201eSkrill\u201c avulla voit helposti ja vaivattomasti nostaa voittamasi summan kasinotililt\u00e4.<\/p>\n<h2 class=\"wp-block-heading\"><span class=\"ez-toc-section\" id=\"Miksi_sinun_pitaisi_pelata_Skrill_nettikasinoilla\"><\/span>Miksi sinun pit\u00e4isi pelata Skrill nettikasinoilla?<span class=\"ez-toc-section-end\"><\/span><\/h2>\n<p>Skrill tarjoaa monia etuja, kuten nopeat tapahtumat, useita tapoja ladata Skrill tili\u00e4, ja rekister\u00f6inti on ilmaista. T\u00e4st\u00e4 syyst\u00e4 monet pelaajat valitsevat kasinoita, jotka k\u00e4ytt\u00e4v\u00e4t Skrillia.<\/p>\n<p>Kuitenkin, koska on olemassa niin monia erilaisia s\u00e4hk\u00f6isi\u00e4 lompakoita, voi joskus olla vaikeaa l\u00f6yt\u00e4\u00e4 sinulle sopiva maksutapa. Siksi olemme listanneet Skrillin edut ja haitat puolestasi. N\u00e4in voit vertailla ja m\u00e4\u00e4ritt\u00e4\u00e4, vastaako t\u00e4m\u00e4 maksutapa vaatimuksiasi.<\/p>\n<figure class=\"wp-block-table is-style-regular\">\n<table class=\"has-pale-ocean-gradient-background has-background has-fixed-layout\">\n<thead>\n<tr>\n<th>\u2714\ufe0f <strong>Skrill k\u00e4yt\u00f6n edut<\/strong><\/th>\n<th>\u274c <strong>Skrill haitat<\/strong><\/th>\n<\/tr>\n<\/thead>\n<tbody>\n<tr>\n<td><strong>Nopeat ja sujuvat tapahtumat:<\/strong> Talletukset ja nostot suoritetaan nopeasti, joten voit k\u00e4ytt\u00e4\u00e4 varojasi ilman tarpeetonta viivett\u00e4.<\/td>\n<td><strong>Pitk\u00e4 tarkistusprosessi:<\/strong> Lis\u00e4turvatarkastusten vuoksi, jotka ovat tarpeen varojesi suojaamiseksi, \u201eSkrill\u201c tilin tarkistus voi kest\u00e4\u00e4.<\/td>\n<\/tr>\n<tr>\n<td><strong>Ilmainen tilin luominen:<\/strong> \u201eSkrill\u201c tilin luominen on t\u00e4ysin ilmaista, joten se on kaikkien k\u00e4ytt\u00e4jien saatavilla.<\/td>\n<td><strong>Rajoitetut asiakaspalveluvaihtoehdot:<\/strong> Skrill ei tarjoa live-chat-tukea, vaan k\u00e4ytt\u00e4\u00e4 automaattista chat-robottia Sofiaa, joka ei v\u00e4ltt\u00e4m\u00e4tt\u00e4 vastaa kaikkien asiakkaiden tarpeisiin.<\/td>\n<\/tr>\n<tr>\n<td><strong>Useita rahoitusvaihtoehtoja:<\/strong> Skrill lompakkoa voi ladata eri tavoilla, kuten pankkisiirrolla, \u201eTrustly\u201c, \u201ePaysafecard\u201c jne.<\/td>\n<td><strong>Rajoitettu k\u00e4ytt\u00f6 ei-pelialoilla:<\/strong> Vaikka \u201eSkrill\u201c on laajalti k\u00e4ytetty peleiss\u00e4, muilla teollisuudenaloilla sit\u00e4 ei hyv\u00e4ksyt\u00e4 yht\u00e4 usein, joten lompakkoon voi j\u00e4\u00e4d\u00e4 k\u00e4ytt\u00e4m\u00e4tt\u00f6mi\u00e4 varoja.<\/td>\n<\/tr>\n<tr>\n<td><strong>Turvalliset tapahtumat:<\/strong> \u201eSkrill\u201c asettaa k\u00e4ytt\u00e4jien turvallisuuden etusijalle ja tarjoaa ominaisuuksia, kuten kaksivaiheisen todennuksen, lis\u00e4suojan varmistamiseksi.<\/td>\n<td><\/td>\n<\/tr>\n<tr>\n<td><strong>Eritt\u00e4in hyv\u00e4ksytty peleihin:<\/strong> Monet nettikasinot ja pelialustat tukevat \u201eSkrill\u201cia ensisijaisena maksutapana.<\/td>\n<td><\/td>\n<\/tr>\n<tr>\n<td><strong>S\u00e4\u00e4nnelty ja luotettava palveluntarjoaja:<\/strong> Skrill on luotettava maksutapa, jota s\u00e4\u00e4telee Financial Conduct Authority (FCA), joten siihen voi luottaa.<\/td>\n<td><\/td>\n<\/tr>\n<tr>\n<td><strong>Monipuolinen maksup\u00e4\u00e4sy:<\/strong> \u201eSkrill\u201c on yhteensopiva sek\u00e4 tietokoneiden ett\u00e4 mobiililaitteiden kanssa, joten sit\u00e4 voi k\u00e4ytt\u00e4\u00e4 milloin ja miss\u00e4 tahansa.<\/td>\n<td><\/td>\n<\/tr>\n<tr>\n<td><strong>Mahdollisuus k\u00e4ytt\u00e4\u00e4 prepaid-korttia:<\/strong> \u201eSkrill\u201c tarjoaa prepaid-kortin, joka on liitetty tiliisi, joten se on k\u00e4tev\u00e4 fyysisiin ostoksiin.<\/td>\n<td><\/td>\n<\/tr>\n<tr>\n<td><strong>Erityiset urheiluominaisuudet:<\/strong> \u201eSkrill\u201cilla on erityinen urheiluosio, jossa k\u00e4ytt\u00e4j\u00e4t voivat l\u00f6yt\u00e4\u00e4 hy\u00f6dyllisi\u00e4 n\u00e4kemyksi\u00e4, mukaan lukien joukkueiden tilastot, pelaajatiedot ja vinkit.<\/td>\n<td><\/td>\n<\/tr>\n<\/tbody>\n<\/table>\n<\/figure>\n<h2 class=\"wp-block-heading\"><span class=\"ez-toc-section\" id=\"Skrill_kasino_bonukset_Mita_sinun_pitaisi_tietaa\"><\/span>Skrill kasino bonukset: Mit\u00e4 sinun pit\u00e4isi tiet\u00e4\u00e4<span class=\"ez-toc-section-end\"><\/span><\/h2>\n<\/p>\n<p>Vaikka \u201eSkrill\u201c on k\u00e4tev\u00e4 maksutapa, jotkut nettikasinot eiv\u00e4t my\u00f6nn\u00e4 oikeutta tiettyihin bonuksiin, kuten tervetuliaisbonuksiin, \u201eSkrill\u201c talletuksilla. T\u00e4m\u00e4 johtuu huolesta, ett\u00e4 bonuksia ei k\u00e4ytett\u00e4isi v\u00e4\u00e4rin. Kuitenkin monet kasinot tarjoavat edelleen eksklusiivisia bonuksia \u201eSkrill\u201c k\u00e4ytt\u00e4jille tai sis\u00e4llytt\u00e4v\u00e4t \u201eSkrill\u201c talletukset tavanomaisiin kampanjoihin.<\/p>\n<p>Varmistaaksesi, ett\u00e4 olet oikeutettu bonuksiin:<\/p>\n<ul class=\"wp-block-list\">\n<li>Tarkista kasinon bonustarjousten ehdot ja edellytykset.<\/li>\n<li>Etsi kasinoita, jotka erityisesti korostavat Skrill yst\u00e4v\u00e4llisi\u00e4 bonuksia.<\/li>\n<\/ul>\n<h3 class=\"wp-block-heading\">Skrill kasino bonus tyypit:<\/h3>\n<ul class=\"wp-block-list\">\n<li>Matched deposit bonus<\/li>\n<li><a href=\"https:\/\/pokeriomokykla.com\/reload-bonus\">Reload bonus<\/a><\/li>\n<li><a href=\"https:\/\/pokeriomokykla.com\/kazino-bonusai-be-depozito\">Casino Skrill no deposit bonus<\/a><\/li>\n<li><a href=\"https:\/\/pokeriomokykla.com\/nemokami-sukimai-free-casino-spins\">Free spins or bonus spins<\/a><\/li>\n<\/ul>\n<h2 class=\"wp-block-heading\"><span class=\"ez-toc-section\" id=\"Kuinka_aloittaa_Skrill_kaytto_ja_saavuttaa_maksimaalinen_hyoty\"><\/span><b>Kuinka aloittaa Skrill k\u00e4ytt\u00f6 ja saavuttaa maksimaalinen hy\u00f6ty?<\/b><span class=\"ez-toc-section-end\"><\/span><\/h2>\n<\/p>\n<p><span style=\"font-weight: 400;\">Rekister\u00f6ityminen Skrill alustalle on eritt\u00e4in helppoa. Rekister\u00f6ityminen vie vain muutaman minuutin, ja sen j\u00e4lkeen sinun tarvitsee vain vahvistaa henkil\u00f6llisyytesi ja voit t\u00e4ysin hy\u00f6dynt\u00e4\u00e4 t\u00e4m\u00e4n maksualustan etuja.<\/span><\/p>\n<ul class=\"wp-block-list\">\n<li><span style=\"font-weight: 400;\">Siirry Skrill verkkosivustolle ja napsauta \u201e<\/span><a href=\"https:\/\/account.skrill.com\/wallet\/account\/sign-up?locale=en\" target=\"_blank\" rel=\"noopener\"><span style=\"font-weight: 400;\">Register<\/span><\/a><span style=\"font-weight: 400;\">\u201c<\/span><\/li>\n<li><span style=\"font-weight: 400;\">Sy\u00f6t\u00e4 henkil\u00f6kohtaiset tietosi (nimi, sukunimi, asuinmaa, tilin valuutta, s\u00e4hk\u00f6posti, salasana)<\/span><\/li>\n<li><span style=\"font-weight: 400;\">Hyv\u00e4ksy palveluehdot ja viimeistele rekister\u00f6inti.<\/span><\/li>\n<\/ul>\n<p><span style=\"font-weight: 400;\">N\u00e4iden vaiheiden j\u00e4lkeen olet luonut oman virtuaalisen Skrill lompakon. Vaikka se on jo aktiivinen ja tiliin voi kirjautua, aktivoimaton Skrill lompakko, jolla ei ole vahvistettua henkil\u00f6llisyytt\u00e4, on v\u00e4h\u00e4n hy\u00f6dyllinen, koska et voi suorittaa maksuja tai tehd\u00e4 siirtoja. Jotta voit k\u00e4ytt\u00e4\u00e4 Skrillia t\u00e4ysim\u00e4\u00e4r\u00e4isesti, sinun on viimeistelt\u00e4v\u00e4 rekister\u00f6inti ja talletettava varoja verkkolompakkoon. Kun aloitat tilin vahvistusprosessin, sinun on sy\u00f6tett\u00e4v\u00e4:<\/span><\/p>\n<ul class=\"wp-block-list\">\n<li><span style=\"font-weight: 400;\">Asuinpaikan osoite (se on vahvistettava ottamalla k\u00e4ytt\u00f6\u00f6n sijaintiasetukset \u00e4lypuhelimessa tai lataamalla asiakirja, joka vahvistaa ilmoitetun asuinpaikan);<\/span><\/li>\n<li><span style=\"font-weight: 400;\">Postinumero;<\/span><\/li>\n<li><span style=\"font-weight: 400;\">Syntym\u00e4aika;<\/span><\/li>\n<li><span style=\"font-weight: 400;\">Matkapuhelinnumero<\/span><\/li>\n<\/ul>\n<p><span style=\"font-weight: 400;\">Kun olet sy\u00f6tt\u00e4nyt n\u00e4m\u00e4 tiedot, saat puhelimeesi tekstiviestin vahvistuskoodilla. Sinun on sy\u00f6tett\u00e4v\u00e4 t\u00e4m\u00e4 koodi Skrill sovellukseen ja verkkosivustolle ja suoritettava j\u00e4ljell\u00e4 olevat vaiheet rekister\u00f6intiprosessin loppuun saattamiseksi.<\/span><\/p>\n<p><span style=\"font-weight: 400;\">Kuten NETELLER, t\u00e4m\u00e4n vaiheen j\u00e4lkeen Skrill-tilill\u00e4 on oltava v\u00e4hint\u00e4\u00e4n yksi talletusmenetelm\u00e4, joka on yhdistetty virtuaaliseen lompakkoon. Rekister\u00f6itymisen j\u00e4lkeen Skrill-lompakkoa tulisi t\u00e4ydent\u00e4\u00e4 pankkikortilta, pankkitililt\u00e4 tai muulla maksutavalla. Vaihtoehtoja t\u00e4h\u00e4n on kymmeni\u00e4.<\/span><\/p>\n<p><span style=\"font-weight: 400;\">Kun kaikki on suoritettu ja rekister\u00f6inti on valmis, voi siirty\u00e4 peliyhti\u00f6ihin ja rohkeasti t\u00e4ydent\u00e4\u00e4 tili\u00e4 k\u00e4ytt\u00e4m\u00e4ll\u00e4 Skrill-virtuaalilompakkoa.<\/span><\/p>\n<h2 class=\"wp-block-heading\"><span class=\"ez-toc-section\" id=\"Talletukset_ja_nostot\"><\/span><b>Talletukset ja nostot<\/b><span class=\"ez-toc-section-end\"><\/span><\/h2>\n<\/p>\n<p><span style=\"font-weight: 400;\">Skrill-lompakot ovat yksi nopeimmista tavoista nostaa voittoja kasinolta. Yleens\u00e4 voitot maksetaan Skrill-lompakkoon 24 tunnin kuluessa (ulkomailla), mutta harvinaisemmissa tapauksissa maksuaika voi veny\u00e4 3-5 ty\u00f6p\u00e4iv\u00e4\u00e4n.<\/span><\/p>\n<p><span style=\"font-weight: 400;\">Koska s\u00e4hk\u00f6isi\u00e4 lompakoita ei viel\u00e4 pidet\u00e4 tasavertaisina pankkitilin tai maksukortin kanssa, suurempaa summaa nostettaessa pelinj\u00e4rjest\u00e4j\u00e4 voi vaatia lis\u00e4todistusta henkil\u00f6llisyydest\u00e4.<\/span><\/p>\n<p><span style=\"font-weight: 400;\">\u00c4l\u00e4 pel\u00e4sty ja l\u00e4het\u00e4 tarvittavat asiakirjat. Maksun k\u00e4sittely ja vahvistus kest\u00e4v\u00e4t yleens\u00e4, mutta kun pelinj\u00e4rjest\u00e4j\u00e4 on suorittanut sen, rahat siirtyv\u00e4t Skrill-tilillesi v\u00e4litt\u00f6m\u00e4sti.<\/span><\/p>\n<h2 class=\"wp-block-heading\"><span class=\"ez-toc-section\" id=\"Mielenkiintoisia_faktoja_Skrillista\"><\/span>Mielenkiintoisia faktoja Skrillista<span class=\"ez-toc-section-end\"><\/span><\/h2>\n<\/p>\n<p><span style=\"font-weight: 400;\">Yleisten faktojen lis\u00e4ksi Skrillista, kuten yrityksest\u00e4 ja br\u00e4ndist\u00e4, on t\u00e4rke\u00e4\u00e4 korostaa my\u00f6s jokaiselle asiakkaalle olennaisia palveluominaisuuksia:<\/span><\/p>\n<ul class=\"wp-block-list\">\n<li><strong>Perustamisvuosi.<\/strong> \u201eSkrill\u201c perustettiin vuonna 2001 ja tunnettiin alun perin nimell\u00e4 \u201eMoneybookers\u201c.<\/li>\n<li><strong>Kuuluu \u201ePaysafe Group\u201ciin.<\/strong> \u201eSkrill\u201c kuuluu yhdess\u00e4 \u201eNETELLER\u201cin kanssa \u201ePaysafe Group\u201ciin, joka on yksi maailman suurimmista s\u00e4hk\u00f6isten maksupalveluiden tarjoajista.<\/li>\n<li><strong>Mahdollisuus k\u00e4ytt\u00e4\u00e4 yli 40 valuuttaa.<\/strong> \u201eSkrill\u201c mahdollistaa k\u00e4ytt\u00e4jilleen yli 40 valuutan k\u00e4yt\u00f6n, mik\u00e4 tekee siit\u00e4 ihanteellisen kansainv\u00e4lisiin maksuihin.<\/li>\n<li><strong>Bonukset kasinopelaajille.<\/strong> Vaikka jotkut bonukset eiv\u00e4t riipu \u201eSkrill\u201cin talletuksista, jotkut kasinot tarjoavat erityisi\u00e4 bonuksia juuri \u201eSkrill\u201cin k\u00e4ytt\u00e4jille.<\/li>\n<li><strong>K\u00e4tev\u00e4 urheiluosio.<\/strong> \u201eSkrill\u201cilla on erityinen osio urheilun yst\u00e4ville, jossa on tilastoja ja vedonly\u00f6ntivinkkej\u00e4.<\/li>\n<li><strong>Br\u00e4ndi urheilualalla.<\/strong> \u201eSkrill\u201c on ollut sponsorina monissa urheilutapahtumissa, mukaan lukien jalkapallo- ja e-urheiluturnaukset.<\/li>\n<\/ul>\n<h2 class=\"wp-block-heading\"><span class=\"ez-toc-section\" id=\"Mobiili_Skrill_kasinot\"><\/span>Mobiili Skrill kasinot<span class=\"ez-toc-section-end\"><\/span><\/h2>\n<\/p>\n<p>Jos et halua k\u00e4ytt\u00e4\u00e4 tietokonetta, on hyv\u00e4 tiet\u00e4\u00e4, ett\u00e4 \u201eSkrill\u201c mahdollistaa maksujen suorittamisen my\u00f6s mobiililaitteella. Sovelluksen voi ladata \u201eAndroid Play Store\u201csta ja \u201eiOS\u201c sovelluskaupoista, joten maksut voi suorittaa nopeasti, turvallisesti ja eritt\u00e4in k\u00e4tev\u00e4sti liikkeell\u00e4 ollessa.<\/p>\n<p>K\u00e4ytett\u00e4viss\u00e4 ymp\u00e4ri vuorokauden, miss\u00e4 tahansa oletkin &#8211; tilin saldon tarkistamiseen, tapahtumien suorittamiseen tai rahojen nostamiseen &#8211; t\u00e4llainen on \u201eSkrill\u201c sovelluksen monipuolisuus.<\/p>\n<h2 class=\"wp-block-heading\"><span class=\"ez-toc-section\" id=\"Johtopaatos_Skrill_Casinosta\"><\/span>Johtop\u00e4\u00e4t\u00f6s Skrill Casinosta<span class=\"ez-toc-section-end\"><\/span><\/h2>\n<\/p>\n<p>\u201eSkrill\u201c on monipuolinen ja turvallinen maksutapa, joka parantaa online-kasinokokemusta pelaajille ymp\u00e4ri maailmaa. Helppok\u00e4ytt\u00f6isyytens\u00e4, nopeiden tapahtumiensa ja yleismaailmallisen hyv\u00e4ksynt\u00e4ns\u00e4 ansiosta se on paras valinta kasinointoilijoille. Ennen pelaamisen aloittamista tarkista aina valitsemasi kasinon maksuehdot ja bonukset varmistaaksesi parhaan mahdollisen kokemuksen.<\/p>\n<p>Valitsemalla luotettavan \u201eSkrill\u201c kasinon ja ymm\u00e4rt\u00e4m\u00e4ll\u00e4, kuinka maksimoida transaktiosi, voit nauttia sujuvasta ja palkitsevasta peliseikkailusta.<\/p>\n<h2 class=\"wp-block-heading\"><span class=\"ez-toc-section\" id=\"UKK_Skrill_Casinosta\"><\/span>UKK Skrill Casinosta<span class=\"ez-toc-section-end\"><\/span><\/h2>\n<\/p>\n<div class=\"schema-faq wp-block-yoast-faq-block\">\n<div class=\"schema-faq-section\" id=\"faq-question-1732565981590\"><strong class=\"schema-faq-question\"><strong>Mik\u00e4 on Skrill?<\/strong><\/strong> <\/p>\n<p class=\"schema-faq-answer\">\u201eSkrill\u201c on verkkopankkipalvelu, jonka avulla k\u00e4ytt\u00e4j\u00e4t voivat turvallisesti l\u00e4hett\u00e4\u00e4, vastaanottaa ja s\u00e4ilytt\u00e4\u00e4 rahaa. Se on laajalti k\u00e4yt\u00f6ss\u00e4 verkkokaupassa, peleiss\u00e4 ja kansainv\u00e4lisiss\u00e4 rahansiirroissa.<\/p>\n<\/p><\/div>\n<div class=\"schema-faq-section\" id=\"faq-question-1732565997087\"><strong class=\"schema-faq-question\"><strong>Kuinka luoda \u201eSkrill\u201c-tili?<\/strong><\/strong> <\/p>\n<p class=\"schema-faq-answer\">Voit luoda \u201eSkrill\u201c-tilin vierailemalla virallisella verkkosivustolla, rekister\u00f6itym\u00e4ll\u00e4 s\u00e4hk\u00f6postiosoitteellasi ja t\u00e4ytt\u00e4m\u00e4ll\u00e4 tarvittavat henkil\u00f6kohtaiset tiedot.<\/p>\n<\/p><\/div>\n<div class=\"schema-faq-section\" id=\"faq-question-1732566006099\"><strong class=\"schema-faq-question\"><strong>Onko \u201eSkrill\u201c k\u00e4ytt\u00f6 ilmaista?<\/strong><\/strong> <\/p>\n<p class=\"schema-faq-answer\">Tilin luominen on ilmaista, mutta \u201eSkrill\u201c voi peri\u00e4 maksuja tietyist\u00e4 palveluista, kuten rahan nostamisesta, valuutanvaihdosta tai toimettomuudesta.<\/p>\n<\/p><\/div>\n<div class=\"schema-faq-section\" id=\"faq-question-1732566022541\"><strong class=\"schema-faq-question\"><strong>Mit\u00e4 valuuttoja \u201eSkrill\u201c tukee?<\/strong><\/strong> <\/p>\n<p class=\"schema-faq-answer\">Skrill tukee yli 40 valuuttaa, joten se on monipuolinen valinta kansainv\u00e4lisiin liiketoimiin.<\/p>\n<\/p><\/div>\n<div class=\"schema-faq-section\" id=\"faq-question-1732566031863\"><strong class=\"schema-faq-question\"><strong>Voinko k\u00e4ytt\u00e4\u00e4 \u201eSkrill\u201c verkkopelaamiseen?<\/strong><\/strong> <\/p>\n<p class=\"schema-faq-answer\">Kyll\u00e4, \u201eSkrill\u201c on turvallisuutensa ja nopeutensa vuoksi yksi suosituimmista maksutavoista nettikasinoilla ja vedonly\u00f6ntisivustoilla.<\/p>\n<\/p><\/div>\n<div class=\"schema-faq-section\" id=\"faq-question-1732566041185\"><strong class=\"schema-faq-question\"><strong>Voiko \u201eSkrill\u201c-talletuksista saada bonuksia nettikasinolla?<\/strong><\/strong> <\/p>\n<p class=\"schema-faq-answer\">Ei aina. Joillakin kasinoilla \u201eSkrill\u201c talletukset eiv\u00e4t kuulu tervetuliaisbonuksiin. Tarkista k\u00e4ytt\u00e4m\u00e4si kasinon bonusehdot.<\/p>\n<\/p><\/div>\n<\/p><\/div>\n","protected":false},"excerpt":{"rendered":"<p>Skrill kasino lista \u2013 p\u00e4ivitetty \u201eSkrill\u201c on suosittu s\u00e4hk\u00f6inen lompakko,&#8230;<\/p>\n","protected":false},"author":5318,"featured_media":1091393,"parent":0,"menu_order":0,"comment_status":"closed","ping_status":"closed","template":"page-affiliate-items.php","meta":{"_acf_changed":false,"footnotes":""},"class_list":["post-844951","page","type-page","status-publish","has-post-thumbnail","hentry"],"acf":[],"_links":{"self":[{"href":"https:\/\/pokeriomokykla.com\/fi\/wp-json\/wp\/v2\/pages\/844951","targetHints":{"allow":["GET"]}}],"collection":[{"href":"https:\/\/pokeriomokykla.com\/fi\/wp-json\/wp\/v2\/pages"}],"about":[{"href":"https:\/\/pokeriomokykla.com\/fi\/wp-json\/wp\/v2\/types\/page"}],"author":[{"embeddable":true,"href":"https:\/\/pokeriomokykla.com\/fi\/wp-json\/wp\/v2\/users\/5318"}],"replies":[{"embeddable":true,"href":"https:\/\/pokeriomokykla.com\/fi\/wp-json\/wp\/v2\/comments?post=844951"}],"version-history":[{"count":3,"href":"https:\/\/pokeriomokykla.com\/fi\/wp-json\/wp\/v2\/pages\/844951\/revisions"}],"predecessor-version":[{"id":1093482,"href":"https:\/\/pokeriomokykla.com\/fi\/wp-json\/wp\/v2\/pages\/844951\/revisions\/1093482"}],"wp:featuredmedia":[{"embeddable":true,"href":"https:\/\/pokeriomokykla.com\/fi\/wp-json\/wp\/v2\/media\/1091393"}],"wp:attachment":[{"href":"https:\/\/pokeriomokykla.com\/fi\/wp-json\/wp\/v2\/media?parent=844951"}],"curies":[{"name":"wp","href":"https:\/\/api.w.org\/{rel}","templated":true}]}}