{"id":785930,"date":"2016-08-07T14:27:51","date_gmt":"2016-08-07T12:27:51","guid":{"rendered":"https:\/\/pokeriomokykla.com\/felicitaciones-el-registro-fue-exitoso"},"modified":"2026-05-11T12:14:04","modified_gmt":"2026-05-11T10:14:04","slug":"felicitaciones-el-registro-fue-exitoso","status":"publish","type":"page","link":"https:\/\/pokeriomokykla.com\/es\/bienvenido-registro-timely","title":{"rendered":"\u00a1Felicitaciones, el registro fue exitoso!"},"content":{"rendered":"<p>\u00a1Felicitaciones, el registro est\u00e1 completamente terminado! Tan pronto como nuestra administradora vea su transferencia, confirmar\u00e1 la membres\u00eda. Generalmente dentro de 24 horas (d\u00edas laborables).<\/p>\n","protected":false},"excerpt":{"rendered":"<p>\u00a1Felicitaciones, el registro est\u00e1 completamente terminado! Tan pronto como nuestra&#8230;<\/p>\n","protected":false},"author":72,"featured_media":0,"parent":0,"menu_order":22,"comment_status":"closed","ping_status":"closed","template":"","meta":{"_acf_changed":false,"footnotes":""},"class_list":["post-785930","page","type-page","status-publish","hentry"],"acf":[],"_links":{"self":[{"href":"https:\/\/pokeriomokykla.com\/es\/wp-json\/wp\/v2\/pages\/785930","targetHints":{"allow":["GET"]}}],"collection":[{"href":"https:\/\/pokeriomokykla.com\/es\/wp-json\/wp\/v2\/pages"}],"about":[{"href":"https:\/\/pokeriomokykla.com\/es\/wp-json\/wp\/v2\/types\/page"}],"author":[{"embeddable":true,"href":"https:\/\/pokeriomokykla.com\/es\/wp-json\/wp\/v2\/users\/72"}],"replies":[{"embeddable":true,"href":"https:\/\/pokeriomokykla.com\/es\/wp-json\/wp\/v2\/comments?post=785930"}],"version-history":[{"count":2,"href":"https:\/\/pokeriomokykla.com\/es\/wp-json\/wp\/v2\/pages\/785930\/revisions"}],"predecessor-version":[{"id":1072932,"href":"https:\/\/pokeriomokykla.com\/es\/wp-json\/wp\/v2\/pages\/785930\/revisions\/1072932"}],"wp:attachment":[{"href":"https:\/\/pokeriomokykla.com\/es\/wp-json\/wp\/v2\/media?parent=785930"}],"curies":[{"name":"wp","href":"https:\/\/api.w.org\/{rel}","templated":true}]}}