{"id":784000,"date":"2020-08-24T11:16:49","date_gmt":"2020-08-24T09:16:49","guid":{"rendered":"https:\/\/pokeriomokykla.com\/lietuviski-kazino-offline-vs-online"},"modified":"2025-04-28T23:44:22","modified_gmt":"2025-04-28T21:44:22","slug":"lietuviski-kazino-offline-vs-online","status":"publish","type":"page","link":"https:\/\/pokeriomokykla.com\/es\/casinos-lituanos-offline-vs-online","title":{"rendered":"Casinos lituanos: offline vs online"},"content":{"rendered":"<p><span style=\"font-weight: 400\">Hay bastantes casinos en Lituania, por lo que existe una gran variedad tanto en el \u00e1mbito online como offline. Los casinos lituanos, por supuesto, a menudo est\u00e1n algo m\u00e1s limitados que los extranjeros, pero a menudo pueden ser interesantes o beneficiosos para el jugador. En este art\u00edculo discutiremos todas las razones por las que deber\u00edas elegir casinos en Lituania.<\/span><\/p>\n<p><img decoding=\"async\" class=\"aligncenter wp-image-763241 size-full\" title=\"Casinos lituanos\" src=\"https:\/\/pokeriomokykla.com\/app\/uploads\/2020\/08\/Lietuviski-kazino.gif\" alt=\"Casinos lituanos\" width=\"810\" height=\"450\"><\/p>\n<div id=\"ez-toc-container\" class=\"ez-toc-v2_0_76 ez-toc-wrap-left counter-hierarchy ez-toc-counter ez-toc-custom ez-toc-container-direction\">\n<div class=\"ez-toc-title-container\">\n<p class=\"ez-toc-title\" style=\"cursor:inherit\">Tabla de contenido<\/p>\n<span class=\"ez-toc-title-toggle\"><a href=\"#\" class=\"ez-toc-pull-right ez-toc-btn ez-toc-btn-xs ez-toc-btn-default ez-toc-toggle\" aria-label=\"Toggle Table of Content\"><span class=\"ez-toc-js-icon-con\"><span class=\"\"><span class=\"eztoc-hide\" style=\"display:none;\">Toggle<\/span><span class=\"ez-toc-icon-toggle-span\"><svg style=\"fill: #000000;color:#000000\" xmlns=\"http:\/\/www.w3.org\/2000\/svg\" class=\"list-377408\" width=\"20px\" height=\"20px\" viewBox=\"0 0 24 24\" fill=\"none\"><path d=\"M6 6H4v2h2V6zm14 0H8v2h12V6zM4 11h2v2H4v-2zm16 0H8v2h12v-2zM4 16h2v2H4v-2zm16 0H8v2h12v-2z\" fill=\"currentColor\"><\/path><\/svg><svg style=\"fill: #000000;color:#000000\" class=\"arrow-unsorted-368013\" xmlns=\"http:\/\/www.w3.org\/2000\/svg\" width=\"10px\" height=\"10px\" viewBox=\"0 0 24 24\" version=\"1.2\" baseProfile=\"tiny\"><path d=\"M18.2 9.3l-6.2-6.3-6.2 6.3c-.2.2-.3.4-.3.7s.1.5.3.7c.2.2.4.3.7.3h11c.3 0 .5-.1.7-.3.2-.2.3-.5.3-.7s-.1-.5-.3-.7zM5.8 14.7l6.2 6.3 6.2-6.3c.2-.2.3-.5.3-.7s-.1-.5-.3-.7c-.2-.2-.4-.3-.7-.3h-11c-.3 0-.5.1-.7.3-.2.2-.3.5-.3.7s.1.5.3.7z\"\/><\/svg><\/span><\/span><\/span><\/a><\/span><\/div>\n<nav><ul class='ez-toc-list ez-toc-list-level-1 eztoc-toggle-hide-by-default' ><li class='ez-toc-page-1 ez-toc-heading-level-2'><a class=\"ez-toc-link ez-toc-heading-1\" href=\"https:\/\/pokeriomokykla.com\/es\/casinos-lituanos-offline-vs-online\/#Casinos_lituanos_%E2%80%93_%C2%BFcuales_son_las_ventajas\" >Casinos lituanos &#8211; \u00bfcu\u00e1les son las ventajas?<\/a><\/li><li class='ez-toc-page-1 ez-toc-heading-level-2'><a class=\"ez-toc-link ez-toc-heading-2\" href=\"https:\/\/pokeriomokykla.com\/es\/casinos-lituanos-offline-vs-online\/#Casinos_en_Lituania_y_juego_online\" >Casinos en Lituania y juego online<\/a><\/li><li class='ez-toc-page-1 ez-toc-heading-level-2'><a class=\"ez-toc-link ez-toc-heading-3\" href=\"https:\/\/pokeriomokykla.com\/es\/casinos-lituanos-offline-vs-online\/#Betsafe_Casino\" >Betsafe Casino<\/a><\/li><li class='ez-toc-page-1 ez-toc-heading-level-2'><a class=\"ez-toc-link ez-toc-heading-4\" href=\"https:\/\/pokeriomokykla.com\/es\/casinos-lituanos-offline-vs-online\/#Casinos_online_lituanos_y_seguridad\" >Casinos online lituanos y seguridad<\/a><\/li><li class='ez-toc-page-1 ez-toc-heading-level-2'><a class=\"ez-toc-link ez-toc-heading-5\" href=\"https:\/\/pokeriomokykla.com\/es\/casinos-lituanos-offline-vs-online\/#Casinos_en_Lituania_y_servicio_al_cliente\" >Casinos en Lituania y servicio al cliente<\/a><\/li><li class='ez-toc-page-1 ez-toc-heading-level-2'><a class=\"ez-toc-link ez-toc-heading-6\" href=\"https:\/\/pokeriomokykla.com\/es\/casinos-lituanos-offline-vs-online\/#%C2%BFQue_elegir_de_los_casinos_lituanos\" >\u00bfQu\u00e9 elegir de los casinos lituanos?<\/a><\/li><li class='ez-toc-page-1 ez-toc-heading-level-2'><a class=\"ez-toc-link ez-toc-heading-7\" href=\"https:\/\/pokeriomokykla.com\/es\/casinos-lituanos-offline-vs-online\/#Betsafe_Casino-2\" >Betsafe Casino<\/a><\/li><\/ul><\/nav><\/div>\n<h2 style=\"text-align: center\"><span class=\"ez-toc-section\" id=\"Casinos_lituanos_%E2%80%93_%C2%BFcuales_son_las_ventajas\"><\/span><strong>Casinos lituanos &#8211; \u00bfcu\u00e1les son las ventajas?<\/strong><span class=\"ez-toc-section-end\"><\/span><\/h2>\n<p><span style=\"font-weight: 400\">Los casinos en Lituania tienen una clara y mayor ventaja: las ubicaciones f\u00edsicas. Para muchos lituanos, viajar a otros pa\u00edses para jugar puede ser muy poco pr\u00e1ctico debido a razones financieras o de tiempo. Sin embargo, en Lituania existen muchos peque\u00f1os casinos locales donde se puede jugar.<\/span><\/p>\n<p><span style=\"font-weight: 400\">Otras ventajas, por supuesto, depender\u00e1n del casino espec\u00edfico. Los casinos en las ciudades m\u00e1s grandes de Lituania pueden tener torneos u otras ofertas mensuales de beneficios. Desafortunadamente, el juego en casinos en casa no es una actividad muy popular en Lituania, por lo que a menudo faltan personas para eventos espec\u00edficos. Por ejemplo, a los que les gustan los torneos de p\u00f3ker o una gran selecci\u00f3n de mesas de Cash game pueden sentirse decepcionados, ya que simplemente falta campo incluso en las ciudades m\u00e1s grandes de Lituania.<\/span><\/p>\n<p><span style=\"font-weight: 400\">Todo lo dem\u00e1s depende de muchos factores. Al igual que todos los dem\u00e1s casinos, los lituanos ofrecen paquetes de bonificaci\u00f3n y premios para nuevos jugadores, giros gratis y aumento del primer dep\u00f3sito. Los casinos offline en Lituania a menudo dar\u00e1n la oportunidad de probar al menos algunas m\u00e1quinas tragamonedas o juegos de mesa de forma gratuita.<\/span><\/p>\n<h2 style=\"text-align: center\"><span class=\"ez-toc-section\" id=\"Casinos_en_Lituania_y_juego_online\"><\/span><strong>Casinos en Lituania y juego online<\/strong><span class=\"ez-toc-section-end\"><\/span><\/h2>\n<p><span style=\"font-weight: 400\">Hoy en d\u00eda, ya no es necesario ir a una ubicaci\u00f3n f\u00edsica para jugar juegos de casino. En Internet hay muchas salas exclusivamente online (o online y offline) que ofrecen muchos de los juegos m\u00e1s nuevos, bonificaciones y comodidades. En Internet tambi\u00e9n hay muchas salas online lituanas donde es f\u00e1cil registrarse y comenzar a jugar.<\/span><\/p>\n<h3 style=\"text-align: center\">Mejores casinos lituanos:<\/h3>\n<p style=\"text-align: center\"><div class=\"row\"><div class=\"col-md-12 aff-listing-col casino-items shortcode\">\n<article class=\"affiliate-item affiliate-item-8\" data-affiliate-type=\"\" data-affiliate-id=\"8\" data-affiliate-title=\"Betsafe Casino\" data-affiliate-membership-terms=\"\">\n\n  <div class=\"logo col-md-3 col-sm-12 col-xs-12\">\n    <a href=\"https:\/\/pokeriomokykla.com\/casino\/betsafe\" rel=\"nofollow\" target=\"_blank\">\n                        <\/a>\n  <\/div>\n\n  <div class=\"post-content col-md-6 col-sm-12 col-xs-12\">\n    <header class=\"entry-header hide\">\n      <h2 class=\"entry-title\"><span class=\"ez-toc-section\" id=\"Betsafe_Casino\"><\/span>\n        <a href=\"https:\/\/pokeriomokykla.com\/casino\/betsafe\" rel=\"bookmark nofollow\" target=\"_blank\">\n          Betsafe Casino        <\/a>\n      <span class=\"ez-toc-section-end\"><\/span><\/h2>\n    <\/header><!-- .entry-header -->\n\n    <div class=\"entry-content\">\n              <div class=\"bonus\">\n          Kazino, sporto la\u017eybos ir pokeris viename!        <\/div>\n      \n      <div class=\"affiliate-info\">\n        \n                  <div class=\"affiliate-accepts\">\n            <div class=\"lt-accepted\" data-toggle=\"tooltip\" title=\"Priima \u017eaid\u0117jus i\u0161 Lietuvos\">\n              <span class=\"checkmark\">\n                <i class=\"fa fa-check\" aria-hidden=\"true\"><\/i>\n              <\/span>\n\n              <span class=\"lt-flag\">\n                <img decoding=\"async\" src=\"https:\/\/pokeriomokykla.com\/app\/themes\/pokerio-mokykla\/img\/flags\/lt.flag.png\">\n              <\/span>\n            <\/div>\n          <\/div>\n        \n        <div class=\"affiliate-rating\" data-toggle=\"tooltip\" title=\"La\u017eyb\u0173 reitingas - 7.68\/10\">\n          <span class=\"rating-star\" data-value=\"5\"><\/span>\n          <span class=\"rating-star\" data-value=\"4\"><\/span>\n          <span class=\"rating-star\" data-value=\"3\"><\/span>\n          <span class=\"rating-star\" data-value=\"2\"><\/span>\n          <span class=\"rating-star\" data-value=\"1\"><\/span>\n\n                      <div class=\"rating-box\">\n              <div class=\"rating\" style=\"width: 76.8%;\"><\/div>\n            <\/div>\n                          <div class=\"rating-value\">7.68<\/div>\n                              <\/div>\n      <\/div>\n\n      <div class=\"rules-text\">Galioja tik naujiems \u017eaid\u0117jams ir tik 18+ am\u017eiaus.<\/div>\n\n    <\/div><!-- .entry-content -->\n  <\/div>\n\n  <div class=\"button col-md-3 col-sm-12 col-xs-12\">\n    <div class=\"deal-button\">\n      <a href=\"https:\/\/pokeriomokykla.com\/casino\/betsafe\" target=\"_blank\" rel=\"nofollow\">\u017daisk dabar!<\/a>\n    <\/div>\n   <div class=\"icons\">\n      <ul>\n                  <li>\n            <div data-toggle=\"tooltip\" title=\"Windows \">\n              <i class=\"fab fa-windows\" aria-hidden=\"true\"><\/i>\n            <\/div>\n          <\/li>\n                  <li>\n            <div data-toggle=\"tooltip\" title=\"Mac OS \">\n              <i class=\"fab fa-apple\" aria-hidden=\"true\"><\/i>\n            <\/div>\n          <\/li>\n                  <li>\n            <div data-toggle=\"tooltip\" title=\"iPhone \">\n              <i class=\"fa fa-mobile\" aria-hidden=\"true\"><\/i>\n            <\/div>\n          <\/li>\n                  <li>\n            <div data-toggle=\"tooltip\" title=\"Android \">\n              <i class=\"fab fa-android\" aria-hidden=\"true\"><\/i>\n            <\/div>\n          <\/li>\n              <\/ul>\n    <\/div>\n  <\/div>\n\n<\/article><!-- #post --><\/div><\/div><\/p>\n<p><span style=\"font-weight: 400\">Aunque la comodidad del hogar es muy atractiva para muchos, el juego online tambi\u00e9n tiene sus desventajas. Por ejemplo, en los portales de Internet rara vez se utiliza el sistema de chat sistema, por lo que el juego se convierte en una actividad solitaria. Mientras tanto, en los casinos f\u00edsicos, la sociabilidad es un gran aspecto del juego, ya que a menudo acuden personas que quieren socializar adem\u00e1s de jugar.<\/span><span style=\"font-weight: 400\">La ventaja de los casinos en Lituania, como se mencion\u00f3 anteriormente, es que casi siempre est\u00e1n cerca de casa, por lo que ir a jugar all\u00ed generalmente no es un problema. Otra ventaja de los casinos en Lituania sobre las salas online es la confiabilidad.<\/span><\/p>\n<p><span style=\"font-weight: 400\">Las plataformas de juego online no est\u00e1n tan estrictamente controladas como los casinos f\u00edsicos, por lo que la confianza en ellas se basar\u00e1 \u00fanicamente en las creencias del propio jugador. Mientras tanto, los casinos f\u00edsicos son frecuentemente inspeccionados por las instituciones correspondientes, buscando asegurar la operaci\u00f3n m\u00e1s justa posible, por lo que, aunque la casa siempre gana, en este caso se puede estar seguro de que se pierde solo lo que se anuncia.<\/span><\/p>\n<p><span style=\"font-weight: 400\">Por supuesto, los casinos online entienden bien la situaci\u00f3n, por lo que a menudo ofrecen mejores bonificaciones o premios. Este aspecto tambi\u00e9n se aplica a los casinos online en Lituania. Casi todos los casinos lituanos que se han trasladado al espacio de Internet ofrecen mejores bonificaciones de las que es posible obtener en los casinos f\u00edsicos.<\/span><\/p>\n<h2 style=\"text-align: center\"><span class=\"ez-toc-section\" id=\"Casinos_online_lituanos_y_seguridad\"><\/span><strong>Casinos online lituanos y seguridad<\/strong><span class=\"ez-toc-section-end\"><\/span><\/h2>\n<p><span style=\"font-weight: 400\">En Lituania, los casinos pueden obtener f\u00e1cilmente una licencia sin utilizar t\u00e1cticas tradicionales. Muchos casinos extranjeros buscan una forma m\u00e1s f\u00e1cil de obtener una licencia de juego, por lo que registran su actividad en lugares lejanos, como las Islas Caim\u00e1n. En estos lugares es muy f\u00e1cil registrar una actividad de juego.<\/span><\/p>\n<p><span style=\"font-weight: 400\">Los casinos online en Lituania no necesitan seguir tales estrategias (aunque, por supuesto, pueden hacerlo). Si un casino online lituano tiene una licencia emitida en Lituania, el jugador puede estar mucho m\u00e1s tranquilo, ya que existe una base legal m\u00e1s s\u00f3lida para resolver posibles disputas. A diferencia de los casinos online extranjeros, que a menudo est\u00e1n registrados en pa\u00edses <a href=\"https:\/\/europa.eu\/european-union\/about-eu\/countries_lt\" target=\"_blank\" rel=\"noopener noreferrer\">fuera de la UE<\/a>, en Lituania existen instituciones correspondientes a las que el jugador siempre puede acudir.<\/span><\/p>\n<p><span style=\"font-weight: 400\">Debido a una supervisi\u00f3n m\u00e1s cuidadosa, los casinos online en Lituania a menudo ser\u00e1n mucho m\u00e1s confiables. El sistema legal garantiza una verificaci\u00f3n constante de la equidad de la oferta de juegos, realizada por las instituciones correspondientes. Mientras tanto, las instituciones registradas en el extranjero a menudo no ser\u00e1n tan cuidadosamente inspeccionadas por su equidad. Sin embargo, los casinos son un negocio como cualquier otro, por lo que a menudo buscar\u00e1n la mejor manera de ganar dinero y la menor probabilidad de involucrarse en problemas. Por lo tanto, la b\u00fasqueda de licencias incluir\u00e1 consideraciones sobre las inspecciones de los casinos y muchos otros aspectos.<\/span><\/p>\n<h2 style=\"text-align: center\"><span class=\"ez-toc-section\" id=\"Casinos_en_Lituania_y_servicio_al_cliente\"><\/span><strong>Casinos en Lituania y servicio al cliente<\/strong><span class=\"ez-toc-section-end\"><\/span><\/h2>\n<p><span style=\"font-weight: 400\">Uno de los aspectos m\u00e1s importantes tanto de las instituciones offline como online es el servicio al cliente. Los casinos no son una excepci\u00f3n. Por supuesto, en los casinos lituanos puedes estar seguro de que si surge un problema o cualquier otro inconveniente, siempre ser\u00e1s atendido en lituano.<\/span><\/p>\n<p><span style=\"font-weight: 400\">En los casinos f\u00edsicos, por supuesto, el servicio siempre ser\u00e1 mucho mejor que en las salas online. En las salas online generalmente trabajan, lamentablemente, especialistas mal pagados que deben atender a muchos clientes al mismo tiempo. Sus posibilidades de ayudar en caso de problemas o problemas de pago son generalmente muy limitadas.<\/span><\/p>\n<p><img decoding=\"async\" class=\"aligncenter wp-image-763243\" title=\"Casinos en Lituania\" src=\"https:\/\/pokeriomokykla.com\/app\/uploads\/2020\/08\/Kazino-Lietuvoje.png\" alt=\"Casinos en Lituania\" width=\"810\" height=\"203\" srcset=\"https:\/\/pokeriomokykla.com\/app\/uploads\/2020\/08\/Kazino-Lietuvoje.png 1024w, https:\/\/pokeriomokykla.com\/app\/uploads\/2020\/08\/Kazino-Lietuvoje-300x75.png 300w, https:\/\/pokeriomokykla.com\/app\/uploads\/2020\/08\/Kazino-Lietuvoje-768px-192px.png 768w, https:\/\/pokeriomokykla.com\/app\/uploads\/2020\/08\/Kazino-Lietuvoje-480px-120px.png 480w, https:\/\/pokeriomokykla.com\/app\/uploads\/2020\/08\/Kazino-Lietuvoje-700px-175px.png 700w\" sizes=\"(max-width: 810px) 100vw, 810px\" \/><\/p>\n<p><span style=\"font-weight: 400\">Mientras tanto, en los casinos f\u00edsicos, el servicio siempre ser\u00e1 de la m\u00e1s alta calidad. Una persona generalmente atiende a solo unos pocos clientes a la vez. Adem\u00e1s, si juegas frecuentemente en los mismos casinos, se te otorgar\u00e1n estatus cada vez mejores (hasta VIP, que reciben privilegios especiales). Esto generalmente no ocurre en los casinos online, en el mejor de los casos se otorga una bonificaci\u00f3n de devoluci\u00f3n de dinero similar al rakeback en el p\u00f3ker.<\/span><\/p>\n<p><span style=\"font-weight: 400\">Los clientes VIP, en Lituania, por supuesto, a\u00fan no est\u00e1n <\/span><span style=\"font-weight: 400\">tan <\/span><span style=\"font-weight: 400\">bien valorados, pero estos reciben m\u00e1s beneficios que un jugador com\u00fan tanto offline como online. Qu\u00e9 privilegios reciben los jugadores con estatus especial depende de las condiciones del casino, por lo que es casi imposible hacer una lista general de bonificaciones. En el extranjero, los jugadores generalmente reciben habitaciones de hotel, art\u00edculos de lujo o comidas de negocios. Por supuesto, estos siempre son regalos muy calculados, destinados a atraer cada vez m\u00e1s a los jugadores. En Lituania, estas tradiciones son algo m\u00e1s d\u00e9biles, por lo que no deber\u00edas esperar ciegamente vuelos u otros beneficios impresionantes si juegas mucho.<\/span><\/p>\n<h2 style=\"text-align: center\"><span class=\"ez-toc-section\" id=\"%C2%BFQue_elegir_de_los_casinos_lituanos\"><\/span><strong>\u00bfQu\u00e9 elegir de los casinos lituanos?<\/strong><span class=\"ez-toc-section-end\"><\/span><\/h2>\n<p><span style=\"font-weight: 400\">No hay muchos casinos diferentes en Lituania, ya que nuestro mercado en esta \u00e1rea todav\u00eda es, lamentablemente, bastante peque\u00f1o. Por supuesto, todav\u00eda hay mejores casinos que otros, tanto en el mercado offline como online, por lo que en la Escuela de P\u00f3ker siempre puedes encontrar clasificaciones de todas las mejores salas \u2b07<\/span><\/p>\n<p style=\"text-align: center\"><div class=\"row\"><div class=\"col-md-12 aff-listing-col casino-items shortcode\">\n<article class=\"affiliate-item affiliate-item-8\" data-affiliate-type=\"\" data-affiliate-id=\"8\" data-affiliate-title=\"Betsafe Casino\" data-affiliate-membership-terms=\"\">\n\n  <div class=\"logo col-md-3 col-sm-12 col-xs-12\">\n    <a href=\"https:\/\/pokeriomokykla.com\/casino\/betsafe\" rel=\"nofollow\" target=\"_blank\">\n                        <\/a>\n  <\/div>\n\n  <div class=\"post-content col-md-6 col-sm-12 col-xs-12\">\n    <header class=\"entry-header hide\">\n      <h2 class=\"entry-title\"><span class=\"ez-toc-section\" id=\"Betsafe_Casino-2\"><\/span>\n        <a href=\"https:\/\/pokeriomokykla.com\/casino\/betsafe\" rel=\"bookmark nofollow\" target=\"_blank\">\n          Betsafe Casino        <\/a>\n      <span class=\"ez-toc-section-end\"><\/span><\/h2>\n    <\/header><!-- .entry-header -->\n\n    <div class=\"entry-content\">\n              <div class=\"bonus\">\n          Kazino, sporto la\u017eybos ir pokeris viename!        <\/div>\n      \n      <div class=\"affiliate-info\">\n        \n                  <div class=\"affiliate-accepts\">\n            <div class=\"lt-accepted\" data-toggle=\"tooltip\" title=\"Priima \u017eaid\u0117jus i\u0161 Lietuvos\">\n              <span class=\"checkmark\">\n                <i class=\"fa fa-check\" aria-hidden=\"true\"><\/i>\n              <\/span>\n\n              <span class=\"lt-flag\">\n                <img decoding=\"async\" src=\"https:\/\/pokeriomokykla.com\/app\/themes\/pokerio-mokykla\/img\/flags\/lt.flag.png\">\n              <\/span>\n            <\/div>\n          <\/div>\n        \n        <div class=\"affiliate-rating\" data-toggle=\"tooltip\" title=\"La\u017eyb\u0173 reitingas - 7.68\/10\">\n          <span class=\"rating-star\" data-value=\"5\"><\/span>\n          <span class=\"rating-star\" data-value=\"4\"><\/span>\n          <span class=\"rating-star\" data-value=\"3\"><\/span>\n          <span class=\"rating-star\" data-value=\"2\"><\/span>\n          <span class=\"rating-star\" data-value=\"1\"><\/span>\n\n                      <div class=\"rating-box\">\n              <div class=\"rating\" style=\"width: 76.8%;\"><\/div>\n            <\/div>\n                          <div class=\"rating-value\">7.68<\/div>\n                              <\/div>\n      <\/div>\n\n      <div class=\"rules-text\">Galioja tik naujiems \u017eaid\u0117jams ir tik 18+ am\u017eiaus.<\/div>\n\n    <\/div><!-- .entry-content -->\n  <\/div>\n\n  <div class=\"button col-md-3 col-sm-12 col-xs-12\">\n    <div class=\"deal-button\">\n      <a href=\"https:\/\/pokeriomokykla.com\/casino\/betsafe\" target=\"_blank\" rel=\"nofollow\">\u017daisk dabar!<\/a>\n    <\/div>\n   <div class=\"icons\">\n      <ul>\n                  <li>\n            <div data-toggle=\"tooltip\" title=\"Windows \">\n              <i class=\"fab fa-windows\" aria-hidden=\"true\"><\/i>\n            <\/div>\n          <\/li>\n                  <li>\n            <div data-toggle=\"tooltip\" title=\"Mac OS \">\n              <i class=\"fab fa-apple\" aria-hidden=\"true\"><\/i>\n            <\/div>\n          <\/li>\n                  <li>\n            <div data-toggle=\"tooltip\" title=\"iPhone \">\n              <i class=\"fa fa-mobile\" aria-hidden=\"true\"><\/i>\n            <\/div>\n          <\/li>\n                  <li>\n            <div data-toggle=\"tooltip\" title=\"Android \">\n              <i class=\"fab fa-android\" aria-hidden=\"true\"><\/i>\n            <\/div>\n          <\/li>\n              <\/ul>\n    <\/div>\n  <\/div>\n\n<\/article><!-- #post --><\/div><\/div><\/p>\n<p><span style=\"font-weight: 400\">Si viajas a casinos f\u00edsicos lituanos, te recomendamos no ir solo. Despu\u00e9s de todo, una de las mayores ventajas de los casinos offline es la sociabilidad. Los amigos te ayudar\u00e1n a pasar un buen rato, y ese deber\u00eda ser el objetivo principal del juego. De ninguna manera deber\u00edas pensar en las posibilidades de ganar dinero, ya que todos los juegos est\u00e1n dise\u00f1ados en tu contra.<\/span><\/p>\n<p><span style=\"font-weight: 400\">En los casinos lituanos, por supuesto, la selecci\u00f3n de juegos a menudo es algo m\u00e1s limitada que en el extranjero. Esta diferencia surge por una raz\u00f3n simple: las diferencias de capital. Sin embargo, siempre puedes estar seguro de que encontrar\u00e1s muchos de los juegos bien conocidos en todos los casinos en Lituania. Es casi imposible encontrar un casino sin <a href=\"\/es\/blackjack-rules\">BlackJack<\/a>, ruleta o <a href=\"\/es\/populares-maquinas-de-loteria-en-linea\">m\u00e1quinas tragamonedas<\/a>.<\/span><\/p>\n<p><span style=\"font-weight: 400\">La ruleta en Lituania tiene mejores porcentajes que en algunos pa\u00edses extranjeros. En los EE. UU. a menudo se utiliza la versi\u00f3n americana de la ruleta, que est\u00e1 muy en contra del jugador, ya que la ventaja de la casa es del 5%. Mientras tanto, en Lituania se utiliza la versi\u00f3n europea de la ruleta, que solo tiene un 0, por lo que la ventaja de la casa se reduce al 2.7%.<\/span><\/p>\n<p><span style=\"font-weight: 400\">As\u00ed que, jugar en casinos en Lituania tiene varias grandes ventajas. <\/span><\/p>\n<p>Da\u017enai \u017eaid\u0117jai net neatkreipia d\u0117mesio \u012f lietuvi\u0161kus lo\u0161imo namus, ta\u010diau taip daryti nereik\u0117t\u0173. Tiek offline tiek online lo\u0161im\u0173 namai tur\u0117s skirtingiems \u017emon\u0117ms tinkam\u0173 aspekt\u0173, kuri\u0173 galb\u016bt nei\u0161eit\u0173 rasti u\u017esienio kazino. Galiausiai, vienas did\u017eiausi\u0173 privalum\u0173 &#8211; nesunkiai prieinami fiziniai lo\u0161imo namai, kuriuose visada galima smagiai praleisti laik\u0105.\n<\/p>\n<h3><strong>Sigue m\u00e1s noticias de casinos:<\/strong><\/h3>\n<p><a href=\"https:\/\/pokeriomokykla.com\/kazino-naujienos\" class=\"media-img\"><img decoding=\"async\" class=\"alignnone wp-image-763242\" title=\"Noticias de casinos\" src=\"https:\/\/pokeriomokykla.com\/app\/uploads\/2020\/08\/PM_Kazino_naujienos_1280x720.jpg\" alt=\"Noticias de casinos\" width=\"400\" height=\"225\" srcset=\"https:\/\/pokeriomokykla.com\/app\/uploads\/2020\/08\/PM_Kazino_naujienos_1280x720.jpg 1024w, https:\/\/pokeriomokykla.com\/app\/uploads\/2020\/08\/PM_Kazino_naujienos_1280x720-300x169.jpg 300w, https:\/\/pokeriomokykla.com\/app\/uploads\/2020\/08\/PM_Kazino_naujienos_1280x720-768px-432px.jpg 768w, https:\/\/pokeriomokykla.com\/app\/uploads\/2020\/08\/PM_Kazino_naujienos_1280x720-320px-180px.jpg 320w, https:\/\/pokeriomokykla.com\/app\/uploads\/2020\/08\/PM_Kazino_naujienos_1280x720-120px-68px.jpg 120w, https:\/\/pokeriomokykla.com\/app\/uploads\/2020\/08\/PM_Kazino_naujienos_1280x720-336px-188px.jpg 336w, https:\/\/pokeriomokykla.com\/app\/uploads\/2020\/08\/PM_Kazino_naujienos_1280x720-213px-120px.jpg 213w, https:\/\/pokeriomokykla.com\/app\/uploads\/2020\/08\/PM_Kazino_naujienos_1280x720-700px-394px.jpg 700w\" sizes=\"(max-width: 400px) 100vw, 400px\" \/><\/a><\/p>\n","protected":false},"excerpt":{"rendered":"<p>Hay bastantes casinos en Lituania, por lo que existe una&#8230;<\/p>\n","protected":false},"author":5318,"featured_media":763241,"parent":0,"menu_order":0,"comment_status":"closed","ping_status":"closed","template":"page-affiliate-items.php","meta":{"_acf_changed":false,"footnotes":""},"class_list":["post-784000","page","type-page","status-publish","has-post-thumbnail","hentry"],"acf":[],"_links":{"self":[{"href":"https:\/\/pokeriomokykla.com\/es\/wp-json\/wp\/v2\/pages\/784000","targetHints":{"allow":["GET"]}}],"collection":[{"href":"https:\/\/pokeriomokykla.com\/es\/wp-json\/wp\/v2\/pages"}],"about":[{"href":"https:\/\/pokeriomokykla.com\/es\/wp-json\/wp\/v2\/types\/page"}],"author":[{"embeddable":true,"href":"https:\/\/pokeriomokykla.com\/es\/wp-json\/wp\/v2\/users\/5318"}],"replies":[{"embeddable":true,"href":"https:\/\/pokeriomokykla.com\/es\/wp-json\/wp\/v2\/comments?post=784000"}],"version-history":[{"count":5,"href":"https:\/\/pokeriomokykla.com\/es\/wp-json\/wp\/v2\/pages\/784000\/revisions"}],"predecessor-version":[{"id":1100350,"href":"https:\/\/pokeriomokykla.com\/es\/wp-json\/wp\/v2\/pages\/784000\/revisions\/1100350"}],"wp:featuredmedia":[{"embeddable":true,"href":"https:\/\/pokeriomokykla.com\/es\/wp-json\/wp\/v2\/media\/763241"}],"wp:attachment":[{"href":"https:\/\/pokeriomokykla.com\/es\/wp-json\/wp\/v2\/media?parent=784000"}],"curies":[{"name":"wp","href":"https:\/\/api.w.org\/{rel}","templated":true}]}}