{"id":783968,"date":"2020-06-23T16:10:26","date_gmt":"2020-06-23T14:10:26","guid":{"rendered":"https:\/\/pokeriomokykla.com\/mastercard-casinos-en-linea"},"modified":"2025-07-29T13:50:38","modified_gmt":"2025-07-29T11:50:38","slug":"mastercard-casinos-en-linea","status":"publish","type":"page","link":"https:\/\/pokeriomokykla.com\/es\/mastercard-casinos-en-linea","title":{"rendered":"Mastercard casinos en l\u00ednea"},"content":{"rendered":"\n<p>MasterCard &#8211; es uno de los m\u00e9todos de pago m\u00e1s populares y conocidos en todo el mundo. Las tarjetas bancarias de esta empresa de servicios financieros son utilizadas diariamente por millones de personas, tanto para pagos en el mundo real como en l\u00ednea.<\/p>\n\n\n\n<p>\u00a1Este m\u00e9todo es seguro, simple y r\u00e1pido! No es sorprendente que muchos casinos en l\u00ednea ofrezcan la posibilidad de realizar pagos con tarjeta Mastercard (Mastercard online casinos).<\/p>\n\n\n\n<p>En este art\u00edculo discutiremos las ventajas, desventajas y c\u00f3mo utilizar este m\u00e9todo de pago en los casinos en l\u00ednea.<\/p>\n\n\n\n<div id=\"ez-toc-container\" class=\"ez-toc-v2_0_76 ez-toc-wrap-left counter-hierarchy ez-toc-counter ez-toc-custom ez-toc-container-direction\">\n<div class=\"ez-toc-title-container\">\n<p class=\"ez-toc-title\" style=\"cursor:inherit\">Tabla de contenido<\/p>\n<span class=\"ez-toc-title-toggle\"><a href=\"#\" class=\"ez-toc-pull-right ez-toc-btn ez-toc-btn-xs ez-toc-btn-default ez-toc-toggle\" aria-label=\"Toggle Table of Content\"><span class=\"ez-toc-js-icon-con\"><span class=\"\"><span class=\"eztoc-hide\" style=\"display:none;\">Toggle<\/span><span class=\"ez-toc-icon-toggle-span\"><svg style=\"fill: #000000;color:#000000\" xmlns=\"http:\/\/www.w3.org\/2000\/svg\" class=\"list-377408\" width=\"20px\" height=\"20px\" viewBox=\"0 0 24 24\" fill=\"none\"><path d=\"M6 6H4v2h2V6zm14 0H8v2h12V6zM4 11h2v2H4v-2zm16 0H8v2h12v-2zM4 16h2v2H4v-2zm16 0H8v2h12v-2z\" fill=\"currentColor\"><\/path><\/svg><svg style=\"fill: #000000;color:#000000\" class=\"arrow-unsorted-368013\" xmlns=\"http:\/\/www.w3.org\/2000\/svg\" width=\"10px\" height=\"10px\" viewBox=\"0 0 24 24\" version=\"1.2\" baseProfile=\"tiny\"><path d=\"M18.2 9.3l-6.2-6.3-6.2 6.3c-.2.2-.3.4-.3.7s.1.5.3.7c.2.2.4.3.7.3h11c.3 0 .5-.1.7-.3.2-.2.3-.5.3-.7s-.1-.5-.3-.7zM5.8 14.7l6.2 6.3 6.2-6.3c.2-.2.3-.5.3-.7s-.1-.5-.3-.7c-.2-.2-.4-.3-.7-.3h-11c-.3 0-.5.1-.7.3-.2.2-.3.5-.3.7s.1.5.3.7z\"\/><\/svg><\/span><\/span><\/span><\/a><\/span><\/div>\n<nav><ul class='ez-toc-list ez-toc-list-level-1 eztoc-toggle-hide-by-default' ><li class='ez-toc-page-1 ez-toc-heading-level-2'><a class=\"ez-toc-link ez-toc-heading-1\" href=\"https:\/\/pokeriomokykla.com\/es\/mastercard-casinos-en-linea\/#Los_mejores_Mastercard_online_casinos_%E2%80%93_%C2%BFdonde_se_puede_pagar\" >Los mejores Mastercard online casinos &#8211; \u00bfd\u00f3nde se puede pagar?<\/a><\/li><li class='ez-toc-page-1 ez-toc-heading-level-2'><a class=\"ez-toc-link ez-toc-heading-2\" href=\"https:\/\/pokeriomokykla.com\/es\/mastercard-casinos-en-linea\/#%C2%BFComo_pagar_con_Mastercard_en_casinos_en_linea\" >\u00bfC\u00f3mo pagar con Mastercard en casinos en l\u00ednea?<\/a><\/li><li class='ez-toc-page-1 ez-toc-heading-level-2'><a class=\"ez-toc-link ez-toc-heading-3\" href=\"https:\/\/pokeriomokykla.com\/es\/mastercard-casinos-en-linea\/#Mastercard_Casino_online_%E2%80%93_%C2%BFes_seguro_pagar\" >Mastercard Casino online &#8211; \u00bfes seguro pagar?<\/a><\/li><li class='ez-toc-page-1 ez-toc-heading-level-2'><a class=\"ez-toc-link ez-toc-heading-4\" href=\"https:\/\/pokeriomokykla.com\/es\/mastercard-casinos-en-linea\/#MasterCard_online_casino_%E2%80%93_ventajas_y_desventajas_de_pagar_con_tarjeta_bancaria\" >MasterCard online casino &#8211; ventajas y desventajas de pagar con tarjeta bancaria<\/a><\/li><\/ul><\/nav><\/div>\n<h2 class=\"wp-block-heading\"><span class=\"ez-toc-section\" id=\"Los_mejores_Mastercard_online_casinos_%E2%80%93_%C2%BFdonde_se_puede_pagar\"><\/span>Los mejores Mastercard online casinos &#8211; \u00bfd\u00f3nde se puede pagar?<span class=\"ez-toc-section-end\"><\/span><\/h2>\n\n\n\n<p>Como ya mencionamos, casi todos los casinos en l\u00ednea aceptan pagos con tarjeta MasterCard. A continuaci\u00f3n, presentamos algunos casinos en l\u00ednea confiables donde podr\u00e1 pagar con MasterCard.<\/p>\n\n\n\n<div class='widget-card placeholder--card-fullwidth'\n     data-source-gql='https:\/\/scg-new-live.stellate.sh\/'\n     data-source-widgetjs='https:\/\/widget.affprojects.com\/widget.js'\n     data-shortcode='widget-card'\n     data-shortcode-text='[top-casinos-for-games limit=\"20\" mobile-limit=\"10\" listtype=\"stacked\" scrollable=\"never\" fullwidth=\"true\"]'\n     data-props='{\n\"show_more_button\":true,\n\"show_more_button_text\":\"Show More Bookmakers\",\n\"show_more_text\":false,\n\"show_less_text\":false,\n\"vpn_notification\":false,\n\"show_more_items_amount\":null,\n\"fullwidth\":true,\n\"scrollable\":\"never\",\n\"violet_bonus_text\":true,\n\"ab_testing_show_more_button_rework\":true\n}'\n     data-queries='{\n\"type\":\"TOP-Casino\",\n\"limit\":20,\n\"mobile_limit\":10,\n\"show_new\":1,\n\"button_text_type\":\"TOP\",\n\"language\":\"es\",\n\"project\":\"PM\",\n\"page\":1\n}'\n     ><\/div>\n\n\n\n\n<h2 class=\"wp-block-heading\"><span class=\"ez-toc-section\" id=\"%C2%BFComo_pagar_con_Mastercard_en_casinos_en_linea\"><\/span><strong>\u00bfC\u00f3mo pagar con Mastercard en casinos en l\u00ednea?<\/strong><span class=\"ez-toc-section-end\"><\/span><\/h2>\n\n\n\n<p>MasterCard se puede utilizar para pagar en 210 pa\u00edses del mundo y en m\u00e1s de 25 millones de empresas, incluidos varios casinos en l\u00ednea. <b>El pago con esta tarjeta bancaria es muy sencillo:<\/b><\/p>\n\n\n\n<ol class=\"wp-block-list\">\n<li>Primero necesita una tarjeta Mastercard. Si no la tiene, puede solicitarla en su banco o utilizar los servicios de bancos en l\u00ednea innovadores como Revolut para obtener una tarjeta Mastercard;<\/li>\n\n\n\n<li>Si ya tiene la tarjeta, elija un casino en l\u00ednea que le guste. M\u00e1s del 90% de los casinos en l\u00ednea aceptan Mastercard, por lo que no deber\u00eda ser dif\u00edcil elegir;<\/li>\n\n\n\n<li>Una vez elegido el casino, vaya a la secci\u00f3n de pagos y seleccione la opci\u00f3n MasterCard. Deber\u00e1 ingresar los datos de la tarjeta y el monto del pago deseado;<\/li>\n\n\n\n<li>Una vez hecho esto, el dinero deber\u00eda llegar a su cuenta de juego en unos momentos.<\/li>\n<\/ol>\n\n\n\n<h3 class=\"wp-block-heading\">Al utilizar la tarjeta Mastercard, podr\u00e1 no solo realizar dep\u00f3sitos, sino tambi\u00e9n recibir retiros en la misma tarjeta:<\/h3>\n\n\n\n<ol class=\"wp-block-list\">\n<li>Simplemente ingrese el monto de retiro deseado y seleccione Mastercard. Al realizar el primer pago, los datos de su tarjeta generalmente se guardan, por lo que probablemente no necesitar\u00e1 ingresarlos nuevamente. Normalmente, el monto m\u00ednimo de retiro al elegir la opci\u00f3n Mastercard var\u00eda de 10\u20ac a 50\u20ac;<\/li>\n\n\n\n<li>Una vez solicitado el retiro, solo queda esperar a que llegue a su cuenta bancaria. El tiempo de retiro depender\u00e1 del casino elegido y del banco utilizado. Si juega en un casino del mismo pa\u00eds donde est\u00e1 su banco, el retiro puede llegar en 24 horas. Sin embargo, si juega en un casino extranjero, puede tardar de 2 a 5 d\u00edas h\u00e1biles.<\/li>\n<\/ol>\n\n\n<div class=\"wp-block-image wp-block-image aligncenter\">\n<figure class=\"\"><img decoding=\"async\" width=\"810\" height=\"450\" src=\"https:\/\/pokeriomokykla.com\/app\/uploads\/2020\/06\/mastercard-online-casinos.gif\" alt=\"\" class=\"wp-image-762310\"\/><\/figure><\/div>\n\n\n<h2 class=\"wp-block-heading\"><span class=\"ez-toc-section\" id=\"Mastercard_Casino_online_%E2%80%93_%C2%BFes_seguro_pagar\"><\/span>Mastercard Casino online &#8211; \u00bfes seguro pagar?<span class=\"ez-toc-section-end\"><\/span><\/h2>\n\n\n\n<p><b>Este m\u00e9todo de pago es una de las opciones m\u00e1s seguras.<\/b> Al pagar en l\u00ednea, los clientes pueden utilizar el sistema MasterCard SecureCode para fortalecer su protecci\u00f3n. Es un c\u00f3digo \u00fanico que deber\u00e1 ingresar para confirmar cualquier transacci\u00f3n en l\u00ednea.<\/p>\n\n\n<div class=\"wp-block-image wp-block-image alignright\">\n<figure class=\"\"><img decoding=\"async\" width=\"585\" height=\"352\" src=\"https:\/\/pokeriomokykla.com\/app\/uploads\/2020\/06\/Mastercard-casino-online.png\" alt=\"Mastercard casino online\" class=\"wp-image-762312\" title=\"Mastercard casino online\" srcset=\"https:\/\/pokeriomokykla.com\/app\/uploads\/2020\/06\/Mastercard-casino-online.png 585w, https:\/\/pokeriomokykla.com\/app\/uploads\/2020\/06\/Mastercard-casino-online-300x181.png 300w, https:\/\/pokeriomokykla.com\/app\/uploads\/2020\/06\/Mastercard-casino-online-199px-120px.png 199w\" sizes=\"(max-width: 585px) 100vw, 585px\" \/><\/figure><\/div>\n\n\n<p>Adem\u00e1s, MasterCard ofrece la posibilidad de utilizar tarjetas bancarias virtuales, cuya informaci\u00f3n cambia despu\u00e9s de cada pago.<\/p>\n\n\n\n<p>Sin embargo, nadie podr\u00e1 protegerlo si juega en casinos en l\u00ednea no confiables. Aseg\u00farese de que el casino que elija est\u00e9 licenciado y lea al menos algunas opiniones de otros usuarios sobre \u00e9l. Si juega en un casino sin licencia, podr\u00eda caer en manos de estafadores que robar\u00e1n su informaci\u00f3n personal y bancaria. M\u00e1s consejos sobre casinos <a href=\"https:\/\/pokeriomokykla.com\/kazino-patarimai\">puede encontrarlos aqu\u00ed.<\/a><\/p>\n\n\n\n<p>Vale la pena mencionar que las tarjetas de cr\u00e9dito est\u00e1n m\u00e1s protegidas que las de d\u00e9bito. Si alguien roba los datos de su tarjeta de cr\u00e9dito, puede simplemente contactar a su banco y cancelar las transacciones no autorizadas. Adem\u00e1s, algunos bancos aseguran los fondos en su tarjeta de cr\u00e9dito.<\/p>\n\n\n\n<p>Para aumentar a\u00fan m\u00e1s la seguridad de sus pagos, puede utilizar la opci\u00f3n que ofrecen la mayor\u00eda de los bancos modernos de establecer l\u00edmites de pago con MasterCard. Esto ayudar\u00e1 a evitar gastos imprevistos y, en caso de robo de la tarjeta, estar\u00e1 seguro de que los estafadores no robar\u00e1n m\u00e1s all\u00e1 del l\u00edmite establecido.<\/p>\n\n\n\n<h2 class=\"wp-block-heading\"><span class=\"ez-toc-section\" id=\"MasterCard_online_casino_%E2%80%93_ventajas_y_desventajas_de_pagar_con_tarjeta_bancaria\"><\/span><strong>MasterCard online casino &#8211; ventajas y desventajas de pagar con tarjeta bancaria<\/strong><span class=\"ez-toc-section-end\"><\/span><\/h2>\n\n\n\n<p>Pagar en casinos en l\u00ednea con tarjeta MasterCard tiene tanto ventajas como desventajas. <b>Primero, comencemos con las ventajas:<\/b><\/p>\n\n\n\n<ul class=\"wp-block-list\">\n<li>Procedimiento de dep\u00f3sito r\u00e1pido y sencillo: el dinero llegar\u00e1 a su cuenta de juego en unos momentos;<\/li>\n\n\n\n<li>Este m\u00e9todo de pago est\u00e1 disponible en muchos casinos en l\u00ednea;<\/li>\n\n\n\n<li>Es un m\u00e9todo de pago relativamente seguro;<\/li>\n\n\n\n<li>Al pagar con MasterCard, tiene la oportunidad de aprovechar todas las promociones y descuentos ofrecidos por el casino;<\/li>\n\n\n\n<li>Muchos bancos ofrecen aplicaciones m\u00f3viles que facilitan a\u00fan m\u00e1s los procedimientos de pago.<\/li>\n<\/ul>\n\n\n<div class=\"wp-block-image wp-block-image aligncenter\">\n<figure class=\"\"><img decoding=\"async\" width=\"700\" height=\"310\" src=\"https:\/\/pokeriomokykla.com\/app\/uploads\/2020\/06\/Mastercard-online-casino.jpg\" alt=\"Mastercard online casino\" class=\"wp-image-762313\" title=\"Mastercard online casino\" srcset=\"https:\/\/pokeriomokykla.com\/app\/uploads\/2020\/06\/Mastercard-online-casino.jpg 700w, https:\/\/pokeriomokykla.com\/app\/uploads\/2020\/06\/Mastercard-online-casino-300x133.jpg 300w, https:\/\/pokeriomokykla.com\/app\/uploads\/2020\/06\/Mastercard-online-casino-271px-120px.jpg 271w\" sizes=\"(max-width: 700px) 100vw, 700px\" \/><\/figure><\/div>\n\n\n<p><\/p>\n\n\n\n<p>Sin embargo, como mencionamos, este m\u00e9todo de pago tambi\u00e9n tiene <b>algunas desventajas:<\/b><\/p>\n\n\n\n<ul class=\"wp-block-list\">\n<li><span style=\"font-weight: 400;\">Al realizar un retiro, puede tardar hasta 5 d\u00edas h\u00e1biles en que el dinero llegue a su cuenta;<\/span><\/li>\n\n\n\n<li><span style=\"font-weight: 400;\">Algunos casinos en l\u00ednea aplican tarifas para pagos con MasterCard. Generalmente son alrededor del 2-3%;<\/span><\/li>\n\n\n\n<li><span style=\"font-weight: 400;\">Al pagar con Mastercard debe proporcionar algunos de sus datos personales, como nombre, apellido, etc.;<\/span><\/li>\n\n\n\n<li><span style=\"font-weight: 400;\">Si tiene una tarjeta de cr\u00e9dito, puede realizar dep\u00f3sitos incluso sin tener dinero en la cuenta. El gobierno del Reino Unido ya ha prohibido los pagos con tarjetas de cr\u00e9dito en empresas de apuestas, por lo que parece que restricciones similares podr\u00edan implementarse en otros pa\u00edses en un futuro cercano.<\/span><\/li>\n<\/ul>\n","protected":false},"excerpt":{"rendered":"<p>MasterCard &#8211; es uno de los m\u00e9todos de pago m\u00e1s&#8230;<\/p>\n","protected":false},"author":5318,"featured_media":762310,"parent":0,"menu_order":0,"comment_status":"closed","ping_status":"closed","template":"page-affiliate-items.php","meta":{"_acf_changed":false,"footnotes":""},"class_list":["post-783968","page","type-page","status-publish","has-post-thumbnail","hentry"],"acf":[],"_links":{"self":[{"href":"https:\/\/pokeriomokykla.com\/es\/wp-json\/wp\/v2\/pages\/783968","targetHints":{"allow":["GET"]}}],"collection":[{"href":"https:\/\/pokeriomokykla.com\/es\/wp-json\/wp\/v2\/pages"}],"about":[{"href":"https:\/\/pokeriomokykla.com\/es\/wp-json\/wp\/v2\/types\/page"}],"author":[{"embeddable":true,"href":"https:\/\/pokeriomokykla.com\/es\/wp-json\/wp\/v2\/users\/5318"}],"replies":[{"embeddable":true,"href":"https:\/\/pokeriomokykla.com\/es\/wp-json\/wp\/v2\/comments?post=783968"}],"version-history":[{"count":3,"href":"https:\/\/pokeriomokykla.com\/es\/wp-json\/wp\/v2\/pages\/783968\/revisions"}],"predecessor-version":[{"id":1108263,"href":"https:\/\/pokeriomokykla.com\/es\/wp-json\/wp\/v2\/pages\/783968\/revisions\/1108263"}],"wp:featuredmedia":[{"embeddable":true,"href":"https:\/\/pokeriomokykla.com\/es\/wp-json\/wp\/v2\/media\/762310"}],"wp:attachment":[{"href":"https:\/\/pokeriomokykla.com\/es\/wp-json\/wp\/v2\/media?parent=783968"}],"curies":[{"name":"wp","href":"https:\/\/api.w.org\/{rel}","templated":true}]}}