{"id":783927,"date":"2020-11-04T16:40:23","date_gmt":"2020-11-04T14:40:23","guid":{"rendered":"https:\/\/pokeriomokykla.com\/skrill-casinos-en-linea-codigos-de-bonificacion-y-todo-sobre-skrill"},"modified":"2025-04-28T23:24:46","modified_gmt":"2025-04-28T21:24:46","slug":"skrill-casinos-en-linea-codigos-de-bonificacion-y-todo-sobre-skrill","status":"publish","type":"page","link":"https:\/\/pokeriomokykla.com\/es\/casinos-skrill-codigos-de-bonos-de-internet-con-mejores-ofertas","title":{"rendered":"Skrill casino en l\u00ednea \u2013 c\u00f3digos de bonificaci\u00f3n 2026"},"content":{"rendered":"<div id=\"ez-toc-container\" class=\"ez-toc-v2_0_76 ez-toc-wrap-left counter-hierarchy ez-toc-counter ez-toc-custom ez-toc-container-direction\">\n<div class=\"ez-toc-title-container\">\n<p class=\"ez-toc-title\" style=\"cursor:inherit\">Tabla de contenido<\/p>\n<span class=\"ez-toc-title-toggle\"><a href=\"#\" class=\"ez-toc-pull-right ez-toc-btn ez-toc-btn-xs ez-toc-btn-default ez-toc-toggle\" aria-label=\"Toggle Table of Content\"><span class=\"ez-toc-js-icon-con\"><span class=\"\"><span class=\"eztoc-hide\" style=\"display:none;\">Toggle<\/span><span class=\"ez-toc-icon-toggle-span\"><svg style=\"fill: #000000;color:#000000\" xmlns=\"http:\/\/www.w3.org\/2000\/svg\" class=\"list-377408\" width=\"20px\" height=\"20px\" viewBox=\"0 0 24 24\" fill=\"none\"><path d=\"M6 6H4v2h2V6zm14 0H8v2h12V6zM4 11h2v2H4v-2zm16 0H8v2h12v-2zM4 16h2v2H4v-2zm16 0H8v2h12v-2z\" fill=\"currentColor\"><\/path><\/svg><svg style=\"fill: #000000;color:#000000\" class=\"arrow-unsorted-368013\" xmlns=\"http:\/\/www.w3.org\/2000\/svg\" width=\"10px\" height=\"10px\" viewBox=\"0 0 24 24\" version=\"1.2\" baseProfile=\"tiny\"><path d=\"M18.2 9.3l-6.2-6.3-6.2 6.3c-.2.2-.3.4-.3.7s.1.5.3.7c.2.2.4.3.7.3h11c.3 0 .5-.1.7-.3.2-.2.3-.5.3-.7s-.1-.5-.3-.7zM5.8 14.7l6.2 6.3 6.2-6.3c.2-.2.3-.5.3-.7s-.1-.5-.3-.7c-.2-.2-.4-.3-.7-.3h-11c-.3 0-.5.1-.7.3-.2.2-.3.5-.3.7s.1.5.3.7z\"\/><\/svg><\/span><\/span><\/span><\/a><\/span><\/div>\n<nav><ul class='ez-toc-list ez-toc-list-level-1 eztoc-toggle-hide-by-default' ><li class='ez-toc-page-1 ez-toc-heading-level-2'><a class=\"ez-toc-link ez-toc-heading-1\" href=\"https:\/\/pokeriomokykla.com\/es\/casinos-skrill-codigos-de-bonos-de-internet-con-mejores-ofertas\/#Skrill_kazino_sarasas_%E2%80%93_atnaujintas_2026\" >Skrill kazino s\u0105ra\u0161as \u2013 atnaujintas 2026<\/a><\/li><li class='ez-toc-page-1 ez-toc-heading-level-2'><a class=\"ez-toc-link ez-toc-heading-2\" href=\"https:\/\/pokeriomokykla.com\/es\/casinos-skrill-codigos-de-bonos-de-internet-con-mejores-ofertas\/#%C2%BFComo_funciona_%E2%80%9ESkrill%E2%80%9C\" >\u00bfC\u00f3mo funciona \u201eSkrill\u201c?<\/a><\/li><li class='ez-toc-page-1 ez-toc-heading-level-2'><a class=\"ez-toc-link ez-toc-heading-3\" href=\"https:\/\/pokeriomokykla.com\/es\/casinos-skrill-codigos-de-bonos-de-internet-con-mejores-ofertas\/#%C2%BFPor_que_deberias_jugar_en_casinos_en_linea_con_Skrill\" >\u00bfPor qu\u00e9 deber\u00edas jugar en casinos en l\u00ednea con Skrill?<\/a><\/li><li class='ez-toc-page-1 ez-toc-heading-level-2'><a class=\"ez-toc-link ez-toc-heading-4\" href=\"https:\/\/pokeriomokykla.com\/es\/casinos-skrill-codigos-de-bonos-de-internet-con-mejores-ofertas\/#Bonos_de_casino_Skrill_Lo_que_debes_saber\" >Bonos de casino Skrill: Lo que debes saber<\/a><\/li><li class='ez-toc-page-1 ez-toc-heading-level-2'><a class=\"ez-toc-link ez-toc-heading-5\" href=\"https:\/\/pokeriomokykla.com\/es\/casinos-skrill-codigos-de-bonos-de-internet-con-mejores-ofertas\/#%C2%BFComo_empezar_a_usar_Skrill_y_obtener_el_maximo_beneficio\" >\u00bfC\u00f3mo empezar a usar Skrill y obtener el m\u00e1ximo beneficio?<\/a><\/li><li class='ez-toc-page-1 ez-toc-heading-level-2'><a class=\"ez-toc-link ez-toc-heading-6\" href=\"https:\/\/pokeriomokykla.com\/es\/casinos-skrill-codigos-de-bonos-de-internet-con-mejores-ofertas\/#Depositos_y_retiros\" >Dep\u00f3sitos y retiros<\/a><\/li><li class='ez-toc-page-1 ez-toc-heading-level-2'><a class=\"ez-toc-link ez-toc-heading-7\" href=\"https:\/\/pokeriomokykla.com\/es\/casinos-skrill-codigos-de-bonos-de-internet-con-mejores-ofertas\/#Datos_interesantes_sobre_Skrill\" >Datos interesantes sobre Skrill<\/a><\/li><li class='ez-toc-page-1 ez-toc-heading-level-2'><a class=\"ez-toc-link ez-toc-heading-8\" href=\"https:\/\/pokeriomokykla.com\/es\/casinos-skrill-codigos-de-bonos-de-internet-con-mejores-ofertas\/#Casinos_moviles_Skrill\" >Casinos m\u00f3viles Skrill<\/a><\/li><li class='ez-toc-page-1 ez-toc-heading-level-2'><a class=\"ez-toc-link ez-toc-heading-9\" href=\"https:\/\/pokeriomokykla.com\/es\/casinos-skrill-codigos-de-bonos-de-internet-con-mejores-ofertas\/#Conclusion_sobre_Skrill_Casino\" >Conclusi\u00f3n sobre Skrill Casino<\/a><\/li><li class='ez-toc-page-1 ez-toc-heading-level-2'><a class=\"ez-toc-link ez-toc-heading-10\" href=\"https:\/\/pokeriomokykla.com\/es\/casinos-skrill-codigos-de-bonos-de-internet-con-mejores-ofertas\/#Preguntas_frecuentes_sobre_Skrill_Casino\" >Preguntas frecuentes sobre Skrill Casino<\/a><\/li><\/ul><\/nav><\/div>\n<h2 class=\"wp-block-heading\"><span class=\"ez-toc-section\" id=\"Skrill_kazino_sarasas_%E2%80%93_atnaujintas_2026\"><\/span>Skrill kazino s\u0105ra\u0161as \u2013 atnaujintas 2026 <span class=\"ez-toc-section-end\"><\/span><\/h2>\n\n<div class='widget-card placeholder--card-fullwidth'\n     data-source-gql='https:\/\/scg-new-live.stellate.sh\/'\n     data-source-widgetjs='https:\/\/widget.affprojects.com\/widget.js'\n     data-shortcode='widget-card'\n     data-shortcode-text='[top-casinos-for-games limit=\"20\" mobile-limit=\"10\" listtype=\"stacked\" scrollable=\"never\" fullwidth=\"true\"]'\n     data-props='{\n\"show_more_button\":true,\n\"show_more_button_text\":\"Show More Bookmakers\",\n\"show_more_text\":false,\n\"show_less_text\":false,\n\"vpn_notification\":false,\n\"show_more_items_amount\":null,\n\"fullwidth\":true,\n\"scrollable\":\"never\",\n\"violet_bonus_text\":true,\n\"ab_testing_show_more_button_rework\":true\n}'\n     data-queries='{\n\"type\":\"TOP-Casino\",\n\"limit\":20,\n\"mobile_limit\":10,\n\"show_new\":1,\n\"button_text_type\":\"TOP\",\n\"language\":\"es\",\n\"project\":\"PM\",\n\"page\":1\n}'\n     ><\/div>\n\n<p>\u201eSkrill\u201c es una billetera electr\u00f3nica popular que ofrece transacciones seguras, r\u00e1pidas y convenientes para los entusiastas de los casinos en l\u00ednea en todo el mundo. Este m\u00e9todo de pago se ha convertido en el favorito entre los jugadores debido a su facilidad de uso, alto nivel de seguridad y reconocimiento universal en muchos casinos en l\u00ednea.<\/p>\n<p>Aqu\u00ed encontrar\u00e1s todo lo que necesitas saber sobre los casinos de \u201eSkrill\u201c, incluidos los c\u00f3digos de bonificaci\u00f3n, las caracter\u00edsticas de las transacciones y consejos para maximizar tu experiencia.<\/p>\n<h2 class=\"wp-block-heading\"><span class=\"ez-toc-section\" id=\"%C2%BFComo_funciona_%E2%80%9ESkrill%E2%80%9C\"><\/span>\u00bfC\u00f3mo funciona \u201eSkrill\u201c?<span class=\"ez-toc-section-end\"><\/span><\/h2>\n<p>\u201eSkrill\u201c funciona como una billetera digital que permite transferir dinero de una cuenta a otra. Muchos jugadores de casino la utilizan para realizar pagos seguros y r\u00e1pidos a sus cuentas de casino. Adem\u00e1s, con \u201eSkrill\u201c puedes retirar f\u00e1cilmente tus ganancias de la cuenta del casino sin complicaciones.<\/p>\n<h2 class=\"wp-block-heading\"><span class=\"ez-toc-section\" id=\"%C2%BFPor_que_deberias_jugar_en_casinos_en_linea_con_Skrill\"><\/span>\u00bfPor qu\u00e9 deber\u00edas jugar en casinos en l\u00ednea con Skrill?<span class=\"ez-toc-section-end\"><\/span><\/h2>\n<p>Skrill tiene muchas ventajas, como transacciones r\u00e1pidas, m\u00faltiples formas de recargar la cuenta de Skrill, y el registro es gratuito. Por esta raz\u00f3n, muchos jugadores eligen casinos que utilizan Skrill.<\/p>\n<p>Sin embargo, dado que hay tantas billeteras electr\u00f3nicas diferentes, a veces puede ser dif\u00edcil encontrar el m\u00e9todo de pago adecuado para ti. Por eso, hemos enumerado las ventajas y desventajas de Skrill para que puedas comparar y determinar si este m\u00e9todo de pago cumple con tus requisitos.<\/p>\n<figure class=\"wp-block-table is-style-regular\">\n<table class=\"has-pale-ocean-gradient-background has-background has-fixed-layout\">\n<thead>\n<tr>\n<th>\u2714\ufe0f <strong>Ventajas de usar Skrill<\/strong><\/th>\n<th>\u274c <strong>Desventajas de Skrill<\/strong><\/th>\n<\/tr>\n<\/thead>\n<tbody>\n<tr>\n<td><strong>Transacciones r\u00e1pidas y fluidas:<\/strong> Los dep\u00f3sitos y retiros se realizan r\u00e1pidamente, permiti\u00e9ndote usar tus fondos sin demoras innecesarias.<\/td>\n<td><strong>Proceso de verificaci\u00f3n largo:<\/strong> Debido a las verificaciones de seguridad adicionales necesarias para proteger tus fondos, la verificaci\u00f3n de la cuenta de \u201eSkrill\u201c puede tardar.<\/td>\n<\/tr>\n<tr>\n<td><strong>Configuraci\u00f3n de cuenta gratuita:<\/strong> Crear una cuenta de \u201eSkrill\u201c es completamente gratuito, por lo que est\u00e1 disponible para todos los usuarios.<\/td>\n<td><strong>Opciones limitadas de atenci\u00f3n al cliente:<\/strong> Skrill no ofrece soporte de chat en vivo, sino que utiliza un chatbot autom\u00e1tico llamado Sof\u00eda, que puede no satisfacer todas las necesidades de los clientes.<\/td>\n<\/tr>\n<tr>\n<td><strong>Varias opciones de financiaci\u00f3n:<\/strong> Puedes recargar tu billetera Skrill de varias maneras, como transferencia bancaria, \u201eTrustly\u201c, \u201ePaysafecard\u201c, etc.<\/td>\n<td><strong>Uso limitado fuera de los juegos:<\/strong> Aunque \u201eSkrill\u201c es ampliamente utilizado en juegos, no es tan aceptado en otras industrias, lo que puede dejar fondos sin usar en la billetera.<\/td>\n<\/tr>\n<tr>\n<td><strong>Transacciones seguras:<\/strong> \u201eSkrill\u201c prioriza la seguridad del usuario y ofrece funciones como la autenticaci\u00f3n de dos factores para garantizar protecci\u00f3n adicional.<\/td>\n<td><\/td>\n<\/tr>\n<tr>\n<td><strong>Muy aceptado para juegos:<\/strong> Muchos casinos en l\u00ednea y plataformas de juegos admiten \u201eSkrill\u201c como m\u00e9todo de pago preferido.<\/td>\n<td><\/td>\n<\/tr>\n<tr>\n<td><strong>Proveedor regulado y confiable:<\/strong> Skrill es un m\u00e9todo de pago confiable regulado por la Autoridad de Conducta Financiera (FCA), por lo que se puede confiar en \u00e9l.<\/td>\n<td><\/td>\n<\/tr>\n<tr>\n<td><strong>Acceso vers\u00e1til a pagos:<\/strong> \u201eSkrill\u201c es compatible tanto con computadoras como con dispositivos m\u00f3viles, por lo que se puede usar en cualquier momento y lugar.<\/td>\n<td><\/td>\n<\/tr>\n<tr>\n<td><strong>Opci\u00f3n de tarjeta prepago:<\/strong> \u201eSkrill\u201c ofrece una tarjeta prepago vinculada a tu cuenta, lo que facilita las compras f\u00edsicas.<\/td>\n<td><\/td>\n<\/tr>\n<tr>\n<td><strong>Funciones especiales para deportes:<\/strong> \u201eSkrill\u201c tiene una secci\u00f3n especial para deportes donde los usuarios pueden encontrar informaci\u00f3n \u00fatil, incluidas estad\u00edsticas de equipos, datos de jugadores y consejos.<\/td>\n<td><\/td>\n<\/tr>\n<\/tbody>\n<\/table>\n<\/figure>\n<h2 class=\"wp-block-heading\"><span class=\"ez-toc-section\" id=\"Bonos_de_casino_Skrill_Lo_que_debes_saber\"><\/span>Bonos de casino Skrill: Lo que debes saber<span class=\"ez-toc-section-end\"><\/span><\/h2>\n<\/p>\n<p>Aunque \u201eSkrill\u201c es un m\u00e9todo de pago conveniente, algunos casinos en l\u00ednea no otorgan ciertos bonos, como las ofertas de bienvenida, para dep\u00f3sitos realizados a trav\u00e9s de \u201eSkrill\u201c. Esto se debe a preocupaciones sobre el abuso de bonos. Sin embargo, muchos casinos todav\u00eda ofrecen bonos exclusivos para usuarios de \u201eSkrill\u201c o incluyen dep\u00f3sitos de \u201eSkrill\u201c en promociones est\u00e1ndar.<\/p>\n<p>Para asegurarte de que eres elegible para los bonos:<\/p>\n<ul class=\"wp-block-list\">\n<li>Revisa los t\u00e9rminos y condiciones de las ofertas de bonos del casino.<\/li>\n<li>Busca casinos que destaquen espec\u00edficamente los bonos favorables a Skrill.<\/li>\n<\/ul>\n<h3 class=\"wp-block-heading\">Tipos de bonos de casino Skrill:<\/h3>\n<ul class=\"wp-block-list\">\n<li>Bonos de dep\u00f3sito igualado<\/li>\n<li><a href=\"https:\/\/pokeriomokykla.com\/reload-bonus\">Bonos de recarga<\/a><\/li>\n<li><a href=\"https:\/\/pokeriomokykla.com\/kazino-bonusai-be-depozito\">Bonos de casino Skrill sin dep\u00f3sito<\/a><\/li>\n<li><a href=\"https:\/\/pokeriomokykla.com\/nemokami-sukimai-free-casino-spins\">Giros gratis o giros de bonificaci\u00f3n<\/a><\/li>\n<\/ul>\n<h2 class=\"wp-block-heading\"><span class=\"ez-toc-section\" id=\"%C2%BFComo_empezar_a_usar_Skrill_y_obtener_el_maximo_beneficio\"><\/span><b>\u00bfC\u00f3mo empezar a usar Skrill y obtener el m\u00e1ximo beneficio?<\/b><span class=\"ez-toc-section-end\"><\/span><\/h2>\n<\/p>\n<p><span style=\"font-weight: 400;\">Registrarse en la plataforma Skrill es muy sencillo. Te llevar\u00e1 unos minutos registrarte, y luego solo necesitar\u00e1s verificar tu identidad para poder disfrutar plenamente de los beneficios de esta plataforma de pagos.<\/span><\/p>\n<ul class=\"wp-block-list\">\n<li><span style=\"font-weight: 400;\">Visita el sitio web de Skrill y haz clic en \u201e<\/span><a href=\"https:\/\/account.skrill.com\/wallet\/account\/sign-up?locale=en\" target=\"_blank\" rel=\"noopener\"><span style=\"font-weight: 400;\">Register<\/span><\/a><span style=\"font-weight: 400;\">\u201c<\/span><\/li>\n<li><span style=\"font-weight: 400;\">Introduce tus datos personales (nombre, apellido, pa\u00eds de residencia, moneda de la cuenta, correo electr\u00f3nico, contrase\u00f1a)<\/span><\/li>\n<li><span style=\"font-weight: 400;\">Acepta los t\u00e9rminos del servicio y completa el registro.<\/span><\/li>\n<\/ul>\n<p><span style=\"font-weight: 400;\">Despu\u00e9s de estos pasos, habr\u00e1s creado tu billetera virtual Skrill. Y aunque ya est\u00e1 activa y puedes acceder a la cuenta, una billetera Skrill no verificada tiene poco valor, ya que simplemente no podr\u00e1s realizar pagos o transferencias. Para usar Skrill plenamente, debes completar el registro y depositar fondos en la billetera en l\u00ednea. Al comenzar el proceso de verificaci\u00f3n de la cuenta, necesitar\u00e1s ingresar:<\/span><\/p>\n<ul class=\"wp-block-list\">\n<li><span style=\"font-weight: 400;\">Direcci\u00f3n de residencia (deber\u00e1s verificarla activando la funci\u00f3n de ubicaci\u00f3n en tu tel\u00e9fono inteligente o cargando un documento que confirme la direcci\u00f3n proporcionada);<\/span><\/li>\n<li><span style=\"font-weight: 400;\">C\u00f3digo postal;<\/span><\/li>\n<li><span style=\"font-weight: 400;\">Fecha de nacimiento;<\/span><\/li>\n<li><span style=\"font-weight: 400;\">N\u00famero de tel\u00e9fono m\u00f3vil<\/span><\/li>\n<\/ul>\n<p><span style=\"font-weight: 400;\">Despu\u00e9s de ingresar estos datos, recibir\u00e1s un mensaje SMS con un c\u00f3digo de verificaci\u00f3n en tu tel\u00e9fono. Deber\u00e1s ingresar ese c\u00f3digo en la aplicaci\u00f3n y el sitio web de Skrill y completar los pasos restantes para finalizar el proceso de registro.<\/span><\/p>\n<p><span style=\"font-weight: 400;\">Al igual que con NETELLER, despu\u00e9s de esta etapa, la cuenta de Skrill debe tener al menos un m\u00e9todo de dep\u00f3sito vinculado a la billetera virtual. Por lo tanto, despu\u00e9s del registro, se debe recargar la billetera Skrill desde una tarjeta bancaria, cuenta bancaria u otro m\u00e9todo de pago. Hay decenas de opciones para hacerlo.<\/span><\/p>\n<p><span style=\"font-weight: 400;\">Una vez completado todo y finalizado el registro, ya se puede proceder a las casas de apuestas y recargar la cuenta con confianza utilizando la billetera virtual Skrill.<\/span><\/p>\n<h2 class=\"wp-block-heading\"><span class=\"ez-toc-section\" id=\"Depositos_y_retiros\"><\/span><b>Dep\u00f3sitos y retiros<\/b><span class=\"ez-toc-section-end\"><\/span><\/h2>\n<\/p>\n<p><span style=\"font-weight: 400;\">Las billeteras Skrill son una de las formas m\u00e1s r\u00e1pidas de retirar ganancias del casino. Normalmente, las ganancias se pagan a la billetera Skrill en 24 horas (en el extranjero), pero en casos raros, el tiempo de retiro puede extenderse hasta 3-5 d\u00edas h\u00e1biles.<\/span><\/p>\n<p><span style=\"font-weight: 400;\">Dado que las billeteras electr\u00f3nicas a\u00fan no se consideran equivalentes a una cuenta bancaria o tarjeta de pago, para retirar una cantidad mayor, el operador de apuestas puede requerir una verificaci\u00f3n de identidad adicional.<\/span><\/p>\n<p><span style=\"font-weight: 400;\">No se asuste y env\u00ede los documentos necesarios. Generalmente, el procesamiento y la confirmaci\u00f3n del pago toman tiempo, ya que despu\u00e9s de que el operador de apuestas lo realiza, el dinero se acredita instant\u00e1neamente en su cuenta Skrill.<\/span><\/p>\n<h2 class=\"wp-block-heading\"><span class=\"ez-toc-section\" id=\"Datos_interesantes_sobre_Skrill\"><\/span>Datos interesantes sobre Skrill<span class=\"ez-toc-section-end\"><\/span><\/h2>\n<\/p>\n<p><span style=\"font-weight: 400;\">Adem\u00e1s de los datos generales sobre Skrill, como empresa y marca, es importante destacar las caracter\u00edsticas del servicio relevantes para cada cliente:<\/span><\/p>\n<ul class=\"wp-block-list\">\n<li><strong>A\u00f1o de fundaci\u00f3n.<\/strong> \u201eSkrill\u201c fue fundada en 2001 y originalmente se llamaba \u201eMoneybookers\u201c.<\/li>\n<li><strong>Pertenece a \u201ePaysafe Group\u201c.<\/strong> \u201eSkrill\u201c junto con \u201eNETELLER\u201c pertenece a \u201ePaysafe Group\u201c, que es uno de los mayores proveedores de servicios de pagos electr\u00f3nicos del mundo.<\/li>\n<li><strong>Posibilidad de usar m\u00e1s de 40 monedas.<\/strong> \u201eSkrill\u201c permite a los usuarios realizar transacciones en m\u00e1s de 40 monedas, por lo que es ideal para pagos internacionales.<\/li>\n<li><strong>Bonos para jugadores de casino.<\/strong> Aunque algunos bonos no dependen de los dep\u00f3sitos de \u201eSkrill\u201c, algunos casinos ofrecen bonos especiales para los usuarios de \u201eSkrill\u201c.<\/li>\n<li><strong>Secci\u00f3n deportiva conveniente.<\/strong> \u201eSkrill\u201c tiene una secci\u00f3n especial para los aficionados al deporte, con estad\u00edsticas y consejos de apuestas.<\/li>\n<li><strong>Marca en el \u00e1mbito deportivo.<\/strong> \u201eSkrill\u201c ha sido patrocinador en muchos eventos deportivos, incluidos torneos de f\u00fatbol y e-sports.<\/li>\n<\/ul>\n<h2 class=\"wp-block-heading\"><span class=\"ez-toc-section\" id=\"Casinos_moviles_Skrill\"><\/span>Casinos m\u00f3viles Skrill<span class=\"ez-toc-section-end\"><\/span><\/h2>\n<\/p>\n<p>Si no desea usar una computadora, es \u00fatil saber que \u201eSkrill\u201c permite realizar pagos tambi\u00e9n desde un tel\u00e9fono m\u00f3vil. La aplicaci\u00f3n se puede descargar desde \u201eAndroid Play Store\u201c y las tiendas de aplicaciones \u201eiOS\u201c, lo que permite realizar pagos de manera r\u00e1pida, segura y muy conveniente mientras se est\u00e1 en movimiento.<\/p>\n<p>Disponible las 24 horas, dondequiera que est\u00e9, para verificar el saldo de su cuenta, realizar transacciones o retirar dinero: tal es la versatilidad de la aplicaci\u00f3n \u201eSkrill\u201c.<\/p>\n<h2 class=\"wp-block-heading\"><span class=\"ez-toc-section\" id=\"Conclusion_sobre_Skrill_Casino\"><\/span>Conclusi\u00f3n sobre Skrill Casino<span class=\"ez-toc-section-end\"><\/span><\/h2>\n<\/p>\n<p>\u201eSkrill\u201c es un m\u00e9todo de pago vers\u00e1til y seguro que mejora la experiencia de los jugadores en casinos en l\u00ednea en todo el mundo. Debido a su facilidad de uso, transacciones r\u00e1pidas y reconocimiento global, es la mejor opci\u00f3n para los entusiastas de los casinos. Antes de comenzar a jugar, siempre revise las condiciones de pago y bonificaci\u00f3n del casino elegido para garantizar la mejor experiencia posible.<\/p>\n<p>Al elegir un casino \u201eSkrill\u201c confiable y comprender c\u00f3mo maximizar sus transacciones, podr\u00e1 disfrutar de una aventura de juego fluida y gratificante.<\/p>\n<h2 class=\"wp-block-heading\"><span class=\"ez-toc-section\" id=\"Preguntas_frecuentes_sobre_Skrill_Casino\"><\/span>Preguntas frecuentes sobre Skrill Casino<span class=\"ez-toc-section-end\"><\/span><\/h2>\n<\/p>\n<div class=\"schema-faq wp-block-yoast-faq-block\">\n<div class=\"schema-faq-section\" id=\"faq-question-1732565981590\"><strong class=\"schema-faq-question\"><strong>\u00bfQu\u00e9 es Skrill?<\/strong><\/strong> <\/p>\n<p class=\"schema-faq-answer\">\u201eSkrill\u201c es un servicio de pagos en l\u00ednea que permite a los usuarios enviar, recibir y almacenar dinero de manera segura. Es ampliamente utilizado para el comercio electr\u00f3nico, los juegos y las transferencias internacionales de dinero.<\/p>\n<\/p><\/div>\n<div class=\"schema-faq-section\" id=\"faq-question-1732565997087\"><strong class=\"schema-faq-question\"><strong>\u00bfC\u00f3mo crear una cuenta de \u201eSkrill\u201c?<\/strong><\/strong> <\/p>\n<p class=\"schema-faq-answer\">Puede crear una cuenta de \u201eSkrill\u201c visitando el sitio web oficial, registr\u00e1ndose con su direcci\u00f3n de correo electr\u00f3nico y completando la informaci\u00f3n personal requerida.<\/p>\n<\/p><\/div>\n<div class=\"schema-faq-section\" id=\"faq-question-1732566006099\"><strong class=\"schema-faq-question\"><strong>\u00bfEs gratuito el uso de \u201eSkrill\u201c?<\/strong><\/strong> <\/p>\n<p class=\"schema-faq-answer\">La creaci\u00f3n de una cuenta es gratuita, pero \u201eSkrill\u201c puede cobrar tarifas por ciertos servicios, como retiros de dinero, conversi\u00f3n de divisas o inactividad.<\/p>\n<\/p><\/div>\n<div class=\"schema-faq-section\" id=\"faq-question-1732566022541\"><strong class=\"schema-faq-question\"><strong>\u00bfQu\u00e9 monedas admite \u201eSkrill\u201c?<\/strong><\/strong> <\/p>\n<p class=\"schema-faq-answer\">Skrill admite m\u00e1s de 40 monedas, por lo que es una opci\u00f3n vers\u00e1til para realizar operaciones internacionales.<\/p>\n<\/p><\/div>\n<div class=\"schema-faq-section\" id=\"faq-question-1732566031863\"><strong class=\"schema-faq-question\"><strong>\u00bfPuedo usar \u201eSkrill\u201c para juegos de azar en l\u00ednea?<\/strong><\/strong> <\/p>\n<p class=\"schema-faq-answer\">S\u00ed, \u201eSkrill\u201c es uno de los m\u00e9todos de pago m\u00e1s populares en casinos en l\u00ednea y sitios de apuestas debido a su seguridad y rapidez.<\/p>\n<\/p><\/div>\n<div class=\"schema-faq-section\" id=\"faq-question-1732566041185\"><strong class=\"schema-faq-question\"><strong>\u00bfSe pueden obtener bonificaciones en casinos en l\u00ednea por dep\u00f3sitos con \u201eSkrill\u201c?<\/strong><\/strong> <\/p>\n<p class=\"schema-faq-answer\">No siempre. En algunos casinos, los dep\u00f3sitos con \u201eSkrill\u201c no est\u00e1n incluidos en las bonificaciones de bienvenida. Verifique los t\u00e9rminos de bonificaci\u00f3n del casino que est\u00e1 utilizando.<\/p>\n<\/p><\/div>\n<\/p><\/div>\n","protected":false},"excerpt":{"rendered":"<p>Skrill kazino s\u0105ra\u0161as \u2013 atnaujintas \u201eSkrill\u201c es una billetera electr\u00f3nica&#8230;<\/p>\n","protected":false},"author":5318,"featured_media":1091367,"parent":0,"menu_order":0,"comment_status":"closed","ping_status":"closed","template":"page-affiliate-items.php","meta":{"_acf_changed":false,"footnotes":""},"class_list":["post-783927","page","type-page","status-publish","has-post-thumbnail","hentry"],"acf":[],"_links":{"self":[{"href":"https:\/\/pokeriomokykla.com\/es\/wp-json\/wp\/v2\/pages\/783927","targetHints":{"allow":["GET"]}}],"collection":[{"href":"https:\/\/pokeriomokykla.com\/es\/wp-json\/wp\/v2\/pages"}],"about":[{"href":"https:\/\/pokeriomokykla.com\/es\/wp-json\/wp\/v2\/types\/page"}],"author":[{"embeddable":true,"href":"https:\/\/pokeriomokykla.com\/es\/wp-json\/wp\/v2\/users\/5318"}],"replies":[{"embeddable":true,"href":"https:\/\/pokeriomokykla.com\/es\/wp-json\/wp\/v2\/comments?post=783927"}],"version-history":[{"count":5,"href":"https:\/\/pokeriomokykla.com\/es\/wp-json\/wp\/v2\/pages\/783927\/revisions"}],"predecessor-version":[{"id":1093479,"href":"https:\/\/pokeriomokykla.com\/es\/wp-json\/wp\/v2\/pages\/783927\/revisions\/1093479"}],"wp:featuredmedia":[{"embeddable":true,"href":"https:\/\/pokeriomokykla.com\/es\/wp-json\/wp\/v2\/media\/1091367"}],"wp:attachment":[{"href":"https:\/\/pokeriomokykla.com\/es\/wp-json\/wp\/v2\/media?parent=783927"}],"curies":[{"name":"wp","href":"https:\/\/api.w.org\/{rel}","templated":true}]}}