{"id":781753,"date":"2015-07-30T13:50:42","date_gmt":"2015-07-30T11:50:42","guid":{"rendered":"https:\/\/pokeriomokykla.com\/registration"},"modified":"2025-04-29T01:23:31","modified_gmt":"2025-04-28T23:23:31","slug":"registration","status":"publish","type":"page","link":"https:\/\/pokeriomokykla.com\/en\/registration","title":{"rendered":"Registration"},"content":{"rendered":"\n\t<h3 class=\"rcp_header\">\n\t\tRegister New Account\t<\/h3>\n\n<form id=\"rcp_registration_form\" class=\"rcp_form\" method=\"POST\" action=\"https:\/\/pokeriomokykla.com\/en\/wp-json\/wp\/v2\/pages\/781753\/\">\n\n\t\n\t<div class=\"rcp_login_link\">\n\t\t<p><a href=\"https:\/\/pokeriomokykla.com\/wp\/wp-login.php?redirect_to=https%3A%2F%2Fpokeriomokykla.com%2Fen%2Fwp-json%2Fwp%2Fv2%2Fpages%2F781753%2F\">Log in<\/a> if you wish to renew an existing subscription.<\/p>\n\t<\/div>\n\n\t\n\t<fieldset class=\"rcp_user_fieldset\">\n\t\t<p id=\"rcp_user_login_wrap\">\n\t\t\t<label for=\"rcp_user_login\">Username<\/label>\n\t\t\t<input name=\"rcp_user_login\" id=\"rcp_user_login\" class=\"required\" type=\"text\" \/>\n\t\t<\/p>\n\t\t<p id=\"rcp_user_email_wrap\">\n\t\t\t<label for=\"rcp_user_email\">Email<\/label>\n\t\t\t<input name=\"rcp_user_email\" id=\"rcp_user_email\" class=\"required\" type=\"text\" \/>\n\t\t<\/p>\n\t\t<p id=\"rcp_user_first_wrap\">\n\t\t\t<label for=\"rcp_user_first\">First Name<\/label>\n\t\t\t<input name=\"rcp_user_first\" id=\"rcp_user_first\" type=\"text\" \/>\n\t\t<\/p>\n\t\t<p id=\"rcp_user_last_wrap\">\n\t\t\t<label for=\"rcp_user_last\">Last Name<\/label>\n\t\t\t<input name=\"rcp_user_last\" id=\"rcp_user_last\" type=\"text\" \/>\n\t\t<\/p>\n\t\t<p id=\"rcp_password_wrap\">\n\t\t\t<label for=\"password\">Password<\/label>\n\t\t\t<input name=\"rcp_user_pass\" id=\"rcp_password\" class=\"required\" type=\"password\"\/>\n\t\t<\/p>\n\t\t<p id=\"rcp_password_again_wrap\">\n\t\t\t<label for=\"password_again\">Password Again<\/label>\n\t\t\t<input name=\"rcp_user_pass_confirm\" id=\"rcp_password_again\" class=\"required\" type=\"password\"\/>\n\t\t<\/p>\n\n\t\t\n\t<\/fieldset>\n<!-- \t<div style=\"float: right;\">\n\t\t<strong>I\u0161kilo klausim\u0173?<\/strong><br>\n\t\tSkype: <a href=\"skype:brilijant?add\">Brilijant<\/a><br>\n\t\tMail: <a href=\"mailto:info@pokeriomokykla.com\">info@pokeriomokykla.com<\/a><br>\n\t<\/div> -->\n\t\n\t\n\t<fieldset class=\"rcp_subscription_fieldset\">\n\t\t\t<p class=\"rcp_subscription_message\">Choose your subscription level<\/p>\n\t\t<ul id=\"rcp_subscription_levels\">\n\t\t\t\t\t\t\t\t\t\t\t<li id=\"rcp_subscription_level_8\" class=\"rcp_subscription_level\">\n\t\t\t\t\t<input type=\"radio\" class=\"required rcp_level\" checked=\"checked\" name=\"rcp_level\" rel=\"250\" value=\"8\" data-duration=\"forever\"\/>&nbsp;\n\t\t\t\t\t<span class=\"rcp_subscription_level_name\">Lifetime naryst\u0117 (per affiliate)<\/span><span class=\"rcp_separator\">&nbsp;-&nbsp;<\/span><span class=\"rcp_price\" rel=\"250\">250&#8364;<span class=\"rcp_separator\">&nbsp;-&nbsp;<\/span><\/span>\n\t\t\t\t\t<span class=\"rcp_level_duration\">unlimited<\/span>\n\t\t\t\t\t<div class=\"rcp_level_description\"> <\/div>\n\t\t\t\t<\/li>\n\t\t\t\t\t\t\t\t\t\t\t\t\t\t\t<li id=\"rcp_subscription_level_9\" class=\"rcp_subscription_level\">\n\t\t\t\t\t<input type=\"radio\" class=\"required rcp_level\"  name=\"rcp_level\" rel=\"99\" value=\"9\" data-duration=\"forever\"\/>&nbsp;\n\t\t\t\t\t<span class=\"rcp_subscription_level_name\">Lifetime naryst\u0117 (199 EUR)<\/span><span class=\"rcp_separator\">&nbsp;-&nbsp;<\/span><span class=\"rcp_price\" rel=\"99\">99&#8364;<span class=\"rcp_separator\">&nbsp;-&nbsp;<\/span><\/span>\n\t\t\t\t\t<span class=\"rcp_level_duration\">unlimited<\/span>\n\t\t\t\t\t<div class=\"rcp_level_description\"> Vienkartinis mokestis 199 EUR<\/div>\n\t\t\t\t<\/li>\n\t\t\t\t\t\t\t\t\t\t\t\t\t\t\t<li id=\"rcp_subscription_level_5\" class=\"rcp_subscription_level\">\n\t\t\t\t\t<input type=\"radio\" class=\"required rcp_level\"  name=\"rcp_level\" rel=\"24\" value=\"5\" \/>&nbsp;\n\t\t\t\t\t<span class=\"rcp_subscription_level_name\">Naryst\u0117 (vienas m\u0117n.)<\/span><span class=\"rcp_separator\">&nbsp;-&nbsp;<\/span><span class=\"rcp_price\" rel=\"24\">24&#8364;<span class=\"rcp_separator\">&nbsp;-&nbsp;<\/span><\/span>\n\t\t\t\t\t<span class=\"rcp_level_duration\">1&nbsp;Month<\/span>\n\t\t\t\t\t<div class=\"rcp_level_description\"> <\/div>\n\t\t\t\t<\/li>\n\t\t\t\t\t\t\t\t\t\t\t\t\t\t\t<li id=\"rcp_subscription_level_6\" class=\"rcp_subscription_level\">\n\t\t\t\t\t<input type=\"radio\" class=\"required rcp_level\"  name=\"rcp_level\" rel=\"119\" value=\"6\" \/>&nbsp;\n\t\t\t\t\t<span class=\"rcp_subscription_level_name\">Naryst\u0117 (\u0161e\u0161i m\u0117n.)<\/span><span class=\"rcp_separator\">&nbsp;-&nbsp;<\/span><span class=\"rcp_price\" rel=\"119\">119&#8364;<span class=\"rcp_separator\">&nbsp;-&nbsp;<\/span><\/span>\n\t\t\t\t\t<span class=\"rcp_level_duration\">6&nbsp;Months<\/span>\n\t\t\t\t\t<div class=\"rcp_level_description\"> <\/div>\n\t\t\t\t<\/li>\n\t\t\t\t\t\t\t\t\t\t\t\t\t\t\t<li id=\"rcp_subscription_level_7\" class=\"rcp_subscription_level\">\n\t\t\t\t\t<input type=\"radio\" class=\"required rcp_level\"  name=\"rcp_level\" rel=\"199\" value=\"7\" \/>&nbsp;\n\t\t\t\t\t<span class=\"rcp_subscription_level_name\">Naryst\u0117 (12 m\u0117n.)<\/span><span class=\"rcp_separator\">&nbsp;-&nbsp;<\/span><span class=\"rcp_price\" rel=\"199\">199&#8364;<span class=\"rcp_separator\">&nbsp;-&nbsp;<\/span><\/span>\n\t\t\t\t\t<span class=\"rcp_level_duration\">1&nbsp;Year<\/span>\n\t\t\t\t\t<div class=\"rcp_level_description\"> <\/div>\n\t\t\t\t<\/li>\n\t\t\t\t\t\t\t\t\t\t\t\t\t\t\t<li id=\"rcp_subscription_level_1\" class=\"rcp_subscription_level\">\n\t\t\t\t\t<input type=\"radio\" class=\"required rcp_level\"  name=\"rcp_level\" rel=\"99\" value=\"1\" \/>&nbsp;\n\t\t\t\t\t<span class=\"rcp_subscription_level_name\">Naryst\u0117 (pirmas m\u0117n.)<\/span><span class=\"rcp_separator\">&nbsp;-&nbsp;<\/span><span class=\"rcp_price\" rel=\"99\">99&#8364;<span class=\"rcp_separator\">&nbsp;-&nbsp;<\/span><\/span>\n\t\t\t\t\t<span class=\"rcp_level_duration\">1&nbsp;Month<\/span>\n\t\t\t\t\t<div class=\"rcp_level_description\"> <\/div>\n\t\t\t\t<\/li>\n\t\t\t\t\t\t\t\t\t<\/ul>\n\t\t<\/fieldset>\n\t<div style=\"clear:both;\"><\/div>\n\t\t<fieldset class=\"rcp_discounts_fieldset\">\n\t\t<p id=\"rcp_discount_code_wrap\">\n\t\t\t<label for=\"rcp_discount_code\">\n\t\t\t\tDiscount Code\t\t\t\t<span class=\"rcp_discount_valid\" style=\"display: none;\"> - Valid<\/span>\n\t\t\t\t<span class=\"rcp_discount_invalid\" style=\"display: none;\"> - Invalid<\/span>\n\t\t\t<\/label>\n\t\t\t<input type=\"text\" id=\"rcp_discount_code\" name=\"rcp_discount\" class=\"rcp_discount_code\" value=\"\"\/>\n\t\t<\/p>\n\t<\/fieldset>\n\t\n\t\t<div class=\"rcp_registration_total\"><\/div>\n\n\n<div id=\"layer_cart\" style=\"margin: 0px; height: 75%; left: 25%; color: #333333;\">\n    <div class=\"clearfix\"><div class=\"layer_cart_cart\">\n        <span class=\"cross\" title=\"U\u017edaryti lang\u0105\"><\/span>\n        <h2>\n          <span class=\"ajax_cart_product_txt \">\n            Taisykl\u0117s ir s\u0105lygos\n          <\/span>\n        <\/h2>\n        \n<?\n$my_id = 13282;\n$post_id_5369 = get_post($my_id);\n$content = $post_id_5369->post_content;\n$content = apply_filters('the_content', $content);\n$content = str_replace(']]>', ']]>', $content);\necho $content;\n?>\n        \n\n\n        \n    <\/div><\/div>\n    <div class=\"crossseling\"><\/div>\n<\/div>\n<div class=\"layer_cart_overlay\" style=\"display: none; width: 100%; height: 100%;\"><\/div>\n  <p class=\"rcp_terms\">\n    <input name=\"rcp_terms\" id=\"rcp_terms\" class=\"required\" type=\"checkbox\" \/>\n    <label for=\"rcp_terms\">Sutinku su <a href=\"javascript:void();\" id=\"rules\">Taisykl\u0117mis&nbsp;ir&nbsp;s\u0105lygomis<\/a><\/label>\n\n  <\/p><br>\n  \n  <link rel=\"stylesheet\" href=\"https:\/\/pokeriomokykla.com\/app\/themes\/pokerio-mokykla\/css\/font-awesome\/css\/font-awesome.min.css\">\n  <script type=\"text\/javascript\" src=\"http:\/\/code.jquery.com\/jquery-1.11.2.min.js\"><\/script>\n  <script type=\"text\/javascript\">\n      $(document).ready(function() {\n        $('#rules').click(function() {\n            var n = 90 + 'px';\n            \n            $('.layer_cart_overlay').css('width','100%');\n            $('.layer_cart_overlay').css('height','100%');\n            $('.layer_cart_overlay').show();\n            $('#layer_cart').css({'top': n}).fadeIn('fast');\n        });\n        \n        $(document).on('click', '#layer_cart .cross, #layer_cart .continue, .layer_cart_overlay', function(e){\n          e.preventDefault();\n          $('.layer_cart_overlay').hide();\n          $('#layer_cart').fadeOut('fast');\n        });\n        \n      });\n    <\/script>\n\n\n\n  \n\t<div class=\"rcp_gateway_fields\" style=\"clear:both;\">\n\t\t\t\t\t\t\t\t\t<input type=\"hidden\" name=\"rcp_gateway\" value=\"paypal\" data-supports-recurring=\"yes\"\/>\n\t\t\t\t\t\t<\/div>\n\n\t\t\t<div id=\"rcp_recaptcha\" data-callback=\"rcp_validate_recaptcha\" class=\"g-recaptcha\" data-sitekey=\"6Lel7ycUAAAAAOgBxELUFQaoHIEV6nstRJ_QxHjS\"><\/div>\n\t\t<input type=\"hidden\" name=\"g-recaptcha-remoteip\" value=216.73.217.65 \/><br\/>\n\t\n\t<p id=\"rcp_submit_wrap\">\n\t\t<input type=\"hidden\" name=\"rcp_register_nonce\" value=\"ceafe8335a\"\/>\n\t\t<input type=\"submit\" name=\"rcp_submit_registration\" id=\"rcp_submit\" value=\"Register\"\/>\n\t<\/p>\n<\/form>\n\n","protected":false},"excerpt":{"rendered":"","protected":false},"author":72,"featured_media":0,"parent":0,"menu_order":33,"comment_status":"open","ping_status":"closed","template":"","meta":{"_acf_changed":false,"footnotes":""},"class_list":["post-781753","page","type-page","status-publish","hentry"],"acf":[],"_links":{"self":[{"href":"https:\/\/pokeriomokykla.com\/en\/wp-json\/wp\/v2\/pages\/781753","targetHints":{"allow":["GET"]}}],"collection":[{"href":"https:\/\/pokeriomokykla.com\/en\/wp-json\/wp\/v2\/pages"}],"about":[{"href":"https:\/\/pokeriomokykla.com\/en\/wp-json\/wp\/v2\/types\/page"}],"author":[{"embeddable":true,"href":"https:\/\/pokeriomokykla.com\/en\/wp-json\/wp\/v2\/users\/72"}],"replies":[{"embeddable":true,"href":"https:\/\/pokeriomokykla.com\/en\/wp-json\/wp\/v2\/comments?post=781753"}],"version-history":[{"count":1,"href":"https:\/\/pokeriomokykla.com\/en\/wp-json\/wp\/v2\/pages\/781753\/revisions"}],"predecessor-version":[{"id":783283,"href":"https:\/\/pokeriomokykla.com\/en\/wp-json\/wp\/v2\/pages\/781753\/revisions\/783283"}],"wp:attachment":[{"href":"https:\/\/pokeriomokykla.com\/en\/wp-json\/wp\/v2\/media?parent=781753"}],"curies":[{"name":"wp","href":"https:\/\/api.w.org\/{rel}","templated":true}]}}