{"id":779767,"date":"2020-08-24T11:16:49","date_gmt":"2020-08-24T09:16:49","guid":{"rendered":"https:\/\/pokeriomokykla.com\/lithuanian-casinos-offline-vs-online"},"modified":"2025-04-28T23:44:20","modified_gmt":"2025-04-28T21:44:20","slug":"lithuanian-casinos-offline-vs-online","status":"publish","type":"page","link":"https:\/\/pokeriomokykla.com\/en\/lithuanian-casinos-offline-vs-online","title":{"rendered":"Lithuanian casinos: offline vs online"},"content":{"rendered":"<p><span style=\"font-weight: 400;\">There are quite a few casinos in Lithuania, so there is a considerable choice both online and offline. Lithuanian casinos, of course, are often somewhat more limited than foreign ones, but they can often be interesting or beneficial to the player in their own way. In this article, we will discuss all the reasons why you should choose casinos in Lithuania.<\/span><\/p>\n<p><img decoding=\"async\" class=\"aligncenter wp-image-763241 size-full\" title=\"Lietuvi\u0161ki kazino\" src=\"https:\/\/pokeriomokykla.com\/app\/uploads\/2020\/08\/Lietuviski-kazino.gif\" alt=\"Lithuanian casinos\" width=\"810\" height=\"450\"><\/p>\n<div id=\"ez-toc-container\" class=\"ez-toc-v2_0_76 ez-toc-wrap-left counter-hierarchy ez-toc-counter ez-toc-custom ez-toc-container-direction\">\n<div class=\"ez-toc-title-container\">\n<p class=\"ez-toc-title\" style=\"cursor:inherit\">Table of Contents<\/p>\n<span class=\"ez-toc-title-toggle\"><a href=\"#\" class=\"ez-toc-pull-right ez-toc-btn ez-toc-btn-xs ez-toc-btn-default ez-toc-toggle\" aria-label=\"Toggle Table of Content\"><span class=\"ez-toc-js-icon-con\"><span class=\"\"><span class=\"eztoc-hide\" style=\"display:none;\">Toggle<\/span><span class=\"ez-toc-icon-toggle-span\"><svg style=\"fill: #000000;color:#000000\" xmlns=\"http:\/\/www.w3.org\/2000\/svg\" class=\"list-377408\" width=\"20px\" height=\"20px\" viewBox=\"0 0 24 24\" fill=\"none\"><path d=\"M6 6H4v2h2V6zm14 0H8v2h12V6zM4 11h2v2H4v-2zm16 0H8v2h12v-2zM4 16h2v2H4v-2zm16 0H8v2h12v-2z\" fill=\"currentColor\"><\/path><\/svg><svg style=\"fill: #000000;color:#000000\" class=\"arrow-unsorted-368013\" xmlns=\"http:\/\/www.w3.org\/2000\/svg\" width=\"10px\" height=\"10px\" viewBox=\"0 0 24 24\" version=\"1.2\" baseProfile=\"tiny\"><path d=\"M18.2 9.3l-6.2-6.3-6.2 6.3c-.2.2-.3.4-.3.7s.1.5.3.7c.2.2.4.3.7.3h11c.3 0 .5-.1.7-.3.2-.2.3-.5.3-.7s-.1-.5-.3-.7zM5.8 14.7l6.2 6.3 6.2-6.3c.2-.2.3-.5.3-.7s-.1-.5-.3-.7c-.2-.2-.4-.3-.7-.3h-11c-.3 0-.5.1-.7.3-.2.2-.3.5-.3.7s.1.5.3.7z\"\/><\/svg><\/span><\/span><\/span><\/a><\/span><\/div>\n<nav><ul class='ez-toc-list ez-toc-list-level-1 eztoc-toggle-hide-by-default' ><li class='ez-toc-page-1 ez-toc-heading-level-2'><a class=\"ez-toc-link ez-toc-heading-1\" href=\"https:\/\/pokeriomokykla.com\/en\/lithuanian-casinos-offline-vs-online\/#Lithuanian_casinos_%E2%80%93_what_are_the_advantages\" >Lithuanian casinos &#8211; what are the advantages?<\/a><\/li><li class='ez-toc-page-1 ez-toc-heading-level-2'><a class=\"ez-toc-link ez-toc-heading-2\" href=\"https:\/\/pokeriomokykla.com\/en\/lithuanian-casinos-offline-vs-online\/#Casinos_in_Lithuania_and_online_gaming\" >Casinos in Lithuania and online gaming<\/a><\/li><li class='ez-toc-page-1 ez-toc-heading-level-2'><a class=\"ez-toc-link ez-toc-heading-3\" href=\"https:\/\/pokeriomokykla.com\/en\/lithuanian-casinos-offline-vs-online\/#Betsafe_Casino\" >Betsafe Casino<\/a><\/li><li class='ez-toc-page-1 ez-toc-heading-level-2'><a class=\"ez-toc-link ez-toc-heading-4\" href=\"https:\/\/pokeriomokykla.com\/en\/lithuanian-casinos-offline-vs-online\/#Lithuanian_online_casinos_and_security\" >Lithuanian online casinos and security<\/a><\/li><li class='ez-toc-page-1 ez-toc-heading-level-2'><a class=\"ez-toc-link ez-toc-heading-5\" href=\"https:\/\/pokeriomokykla.com\/en\/lithuanian-casinos-offline-vs-online\/#Service_in_Lithuanian_casino_houses\" >Service in Lithuanian casino houses<\/a><\/li><li class='ez-toc-page-1 ez-toc-heading-level-2'><a class=\"ez-toc-link ez-toc-heading-6\" href=\"https:\/\/pokeriomokykla.com\/en\/lithuanian-casinos-offline-vs-online\/#What_to_choose_from_Lithuanian_casinos\" >What to choose from Lithuanian casinos?<\/a><\/li><li class='ez-toc-page-1 ez-toc-heading-level-2'><a class=\"ez-toc-link ez-toc-heading-7\" href=\"https:\/\/pokeriomokykla.com\/en\/lithuanian-casinos-offline-vs-online\/#Betsafe_Casino-2\" >Betsafe Casino<\/a><\/li><\/ul><\/nav><\/div>\n<h2 style=\"text-align: center;\"><span class=\"ez-toc-section\" id=\"Lithuanian_casinos_%E2%80%93_what_are_the_advantages\"><\/span><strong>Lithuanian casinos &#8211; what are the advantages?<\/strong><span class=\"ez-toc-section-end\"><\/span><\/h2>\n<p><span style=\"font-weight: 400;\">Casinos in Lithuania have one clear, biggest advantage &#8211; physical locations. For many Lithuanians, traveling to other countries to gamble can be very impractical due to financial or time reasons. However, there are quite a few small local casinos in Lithuania where you can gamble.<\/span><\/p>\n<p><span style=\"font-weight: 400;\">Other advantages, of course, will depend on the specific casino. Casinos in larger Lithuanian cities may have a range of tournaments or other monthly benefits. Unfortunately, gambling at home in Lithuania is not a very popular activity, so there is often a lack of people for specific events. For example, those who enjoy poker tournaments or a large selection of cash game tables may be disappointed, as there is simply a lack of field even in larger Lithuanian cities.<\/span><\/p>\n<p><span style=\"font-weight: 400;\">Everything else depends on many factors. Like all other casinos, Lithuanian ones offer newcomer bonuses and bonus packages, free spins, and first deposit boosts. Offline casinos in Lithuania often give the opportunity to try at least a few slot machines or table games for free.<\/span><\/p>\n<h2 style=\"text-align: center;\"><span class=\"ez-toc-section\" id=\"Casinos_in_Lithuania_and_online_gaming\"><\/span><strong>Casinos in Lithuania and online gaming<\/strong><span class=\"ez-toc-section-end\"><\/span><\/h2>\n<p><span style=\"font-weight: 400;\">Nowadays, it is no longer necessary to go to a physical location to play casino games. The internet is full of many exclusively online (or online and offline) rooms that offer a wide range of the latest games, bonuses, and conveniences. There is no shortage of Lithuanian online rooms where you can easily register and start playing.<\/span><\/p>\n<h3 style=\"text-align: center;\">Best Lithuanian casinos:<\/h3>\n<p style=\"text-align: center;\"><div class=\"row\"><div class=\"col-md-12 aff-listing-col casino-items shortcode\">\n<article class=\"affiliate-item affiliate-item-8\" data-affiliate-type=\"\" data-affiliate-id=\"8\" data-affiliate-title=\"Betsafe Casino\" data-affiliate-membership-terms=\"\">\n\n  <div class=\"logo col-md-3 col-sm-12 col-xs-12\">\n    <a href=\"https:\/\/pokeriomokykla.com\/casino\/betsafe\" rel=\"nofollow\" target=\"_blank\" class=\"media-img\"><img decoding=\"async\" width=\"470\" height=\"246\" src=\"https:\/\/pokeriomokykla.com\/app\/uploads\/2018\/08\/betsafe.logo_.jpg\" class=\"attachment-full size-full\" alt=\"\" srcset=\"https:\/\/pokeriomokykla.com\/app\/uploads\/2018\/08\/betsafe.logo_.jpg 470w, https:\/\/pokeriomokykla.com\/app\/uploads\/2018\/08\/betsafe.logo_-300x157.jpg 300w, https:\/\/pokeriomokykla.com\/app\/uploads\/2018\/08\/betsafe.logo_-229px-120px.jpg 229w\" sizes=\"(max-width: 470px) 100vw, 470px\" \/><\/a>\n  <\/div>\n\n  <div class=\"post-content col-md-6 col-sm-12 col-xs-12\">\n    <header class=\"entry-header hide\">\n      <h2 class=\"entry-title\"><span class=\"ez-toc-section\" id=\"Betsafe_Casino\"><\/span>\n        <a href=\"https:\/\/pokeriomokykla.com\/casino\/betsafe\" rel=\"bookmark nofollow\" target=\"_blank\">\n          Betsafe Casino        <\/a>\n      <span class=\"ez-toc-section-end\"><\/span><\/h2>\n    <\/header><!-- .entry-header -->\n\n    <div class=\"entry-content\">\n              <div class=\"bonus\">\n          Kazino, sporto la\u017eybos ir pokeris viename!        <\/div>\n      \n      <div class=\"affiliate-info\">\n        \n                  <div class=\"affiliate-accepts\">\n            <div class=\"lt-accepted\" data-toggle=\"tooltip\" title=\"Priima \u017eaid\u0117jus i\u0161 Lietuvos\">\n              <span class=\"checkmark\">\n                <i class=\"fa fa-check\" aria-hidden=\"true\"><\/i>\n              <\/span>\n\n              <span class=\"lt-flag\">\n                <img decoding=\"async\" src=\"https:\/\/pokeriomokykla.com\/app\/themes\/pokerio-mokykla\/img\/flags\/lt.flag.png\">\n              <\/span>\n            <\/div>\n          <\/div>\n        \n        <div class=\"affiliate-rating\" data-toggle=\"tooltip\" title=\"La\u017eyb\u0173 reitingas - 7.68\/10\">\n          <span class=\"rating-star\" data-value=\"5\"><\/span>\n          <span class=\"rating-star\" data-value=\"4\"><\/span>\n          <span class=\"rating-star\" data-value=\"3\"><\/span>\n          <span class=\"rating-star\" data-value=\"2\"><\/span>\n          <span class=\"rating-star\" data-value=\"1\"><\/span>\n\n                      <div class=\"rating-box\">\n              <div class=\"rating\" style=\"width: 76.8%;\"><\/div>\n            <\/div>\n                          <div class=\"rating-value\">7.68<\/div>\n                              <\/div>\n      <\/div>\n\n      <div class=\"rules-text\">Galioja tik naujiems \u017eaid\u0117jams ir tik 18+ am\u017eiaus.<\/div>\n\n    <\/div><!-- .entry-content -->\n  <\/div>\n\n  <div class=\"button col-md-3 col-sm-12 col-xs-12\">\n    <div class=\"deal-button\">\n      <a href=\"https:\/\/pokeriomokykla.com\/casino\/betsafe\" target=\"_blank\" rel=\"nofollow\">\u017daisk dabar!<\/a>\n    <\/div>\n   <div class=\"icons\">\n      <ul>\n                  <li>\n            <div data-toggle=\"tooltip\" title=\"Windows \">\n              <i class=\"fab fa-windows\" aria-hidden=\"true\"><\/i>\n            <\/div>\n          <\/li>\n                  <li>\n            <div data-toggle=\"tooltip\" title=\"Mac OS \">\n              <i class=\"fab fa-apple\" aria-hidden=\"true\"><\/i>\n            <\/div>\n          <\/li>\n                  <li>\n            <div data-toggle=\"tooltip\" title=\"iPhone \">\n              <i class=\"fa fa-mobile\" aria-hidden=\"true\"><\/i>\n            <\/div>\n          <\/li>\n                  <li>\n            <div data-toggle=\"tooltip\" title=\"Android \">\n              <i class=\"fab fa-android\" aria-hidden=\"true\"><\/i>\n            <\/div>\n          <\/li>\n              <\/ul>\n    <\/div>\n  <\/div>\n\n<\/article><!-- #post --><\/div><\/div><\/p>\n<p><span style=\"font-weight: 400;\">Although the comfort of home is very attractive to many, online gaming also has its downsides. For example, chat systems are very rarely used on online portals, so the game becomes a solo activity. Meanwhile, socializing is a significant aspect of gambling in physical casinos, as people often come there not only to play but also to socialize.<\/span><span style=\"font-weight: 400;\">The advantage of Lithuanian casinos, as mentioned earlier, is that they are almost always close to home, so getting there to gamble is usually not a problem. Another advantage of Lithuanian casinos over online rooms is reliability.<\/span><\/p>\n<p><span style=\"font-weight: 400;\">Online gambling platforms are not as strictly checked as physical casinos, so trust in them will be based solely on the player's beliefs. Meanwhile, casino houses are often checked by relevant institutions to ensure the fairest possible operation, so although the house always wins, in this case, you can be sure that the EV lost is only as much as advertised.<\/span><\/p>\n<p><span style=\"font-weight: 400;\">Of course, online casinos understand the situation well, so they often offer better bonuses or promotions. This aspect also applies to online casinos in Lithuania. Almost all Lithuanian casinos that have moved to the online space offer better bonuses than can ever be obtained in physical gambling houses.<\/span><\/p>\n<h2 style=\"text-align: center;\"><span class=\"ez-toc-section\" id=\"Lithuanian_online_casinos_and_security\"><\/span><strong>Lithuanian online casinos and security<\/strong><span class=\"ez-toc-section-end\"><\/span><\/h2>\n<p><span style=\"font-weight: 400;\">In Lithuania, casino houses can easily obtain a license without using traditional tactics. Many foreign gambling houses look for an easier way to obtain a gambling license, so they register their activities in distant places like the Cayman Islands. It is very easy to register gambling activities in these places.<\/span><\/p>\n<p><span style=\"font-weight: 400;\">Lithuanian online casinos do not have to follow such strategies (although, of course, they can). If a Lithuanian online casino has a license issued in Lithuania, the player can be much calmer, as there is a stronger legal basis for resolving potential disputes. Unlike foreign online casinos, which are often registered in <a href=\"https:\/\/europa.eu\/european-union\/about-eu\/countries_lt\" target=\"_blank\" rel=\"noopener noreferrer\">countries outside the EU<\/a>, there are relevant institutions in Lithuania that players can always turn to.<\/span><\/p>\n<p><span style=\"font-weight: 400;\">Due to closer supervision, online casinos in Lithuania are often much more reliable. The legal system guarantees constant checks on the fairness of the game offerings, which are carried out by relevant institutions. Meanwhile, institutions registered abroad are often not checked as closely for fairness. However, casino houses are businesses like any other, so they often look for the best way to make money and the least chance of getting into any trouble. Therefore, considerations about casino checks and many other aspects will be included in the search for licenses.<\/span><\/p>\n<h2 style=\"text-align: center;\"><span class=\"ez-toc-section\" id=\"Service_in_Lithuanian_casino_houses\"><\/span><strong>Service in Lithuanian casino houses<\/strong><span class=\"ez-toc-section-end\"><\/span><\/h2>\n<p><span style=\"font-weight: 400;\">One of the most important aspects of both offline and online establishments is customer service. Gambling houses are no exception. Of course, in Lithuanian casino houses, you can be guaranteed that if a problem arises or other issues occur, you will always be served in Lithuanian.<\/span><\/p>\n<p><span style=\"font-weight: 400;\">In physical gambling houses, of course, the service will always be much better than in online rooms. Online rooms usually employ, unfortunately, low-paid specialists who have to serve many clients at once. Their ability to help with problems or payout issues is usually very limited.<\/span><\/p>\n<p><img decoding=\"async\" class=\"aligncenter wp-image-763243\" title=\"Kazino Lietuvoje\" src=\"https:\/\/pokeriomokykla.com\/app\/uploads\/2020\/08\/Kazino-Lietuvoje.png\" alt=\"Casinos in Lithuania\" width=\"810\" height=\"203\" srcset=\"https:\/\/pokeriomokykla.com\/app\/uploads\/2020\/08\/Kazino-Lietuvoje.png 1024w, https:\/\/pokeriomokykla.com\/app\/uploads\/2020\/08\/Kazino-Lietuvoje-300x75.png 300w, https:\/\/pokeriomokykla.com\/app\/uploads\/2020\/08\/Kazino-Lietuvoje-768px-192px.png 768w, https:\/\/pokeriomokykla.com\/app\/uploads\/2020\/08\/Kazino-Lietuvoje-480px-120px.png 480w, https:\/\/pokeriomokykla.com\/app\/uploads\/2020\/08\/Kazino-Lietuvoje-700px-175px.png 700w\" sizes=\"(max-width: 810px) 100vw, 810px\" \/><\/p>\n<p><span style=\"font-weight: 400;\">Meanwhile, in physical gambling houses, the service will always be of the highest quality. One person usually serves only a few clients at a time. Also, if you often play in the same houses, you will be given increasingly better statuses (up to VIP, who receive special privileges). This is usually not the case in online casino houses, where at best you are given a cashback bonus similar to a poker rakeback system.<\/span><\/p>\n<p><span style=\"font-weight: 400;\">VIP clients in Lithuania, of course, are not yet <\/span><span style=\"font-weight: 400;\">as <\/span><span style=\"font-weight: 400;\">well appreciated, but they receive more benefits than a regular player both offline and online. What privileges special status players receive depends on the conditions of the gambling house, so it is almost impossible to compile a general list of bonuses. Abroad, players usually receive hotel rooms, luxury items, or business lunches. Of course, these are always very calculated gifts designed to attract players more and more. In Lithuania, these traditions are somewhat weaker, so you should not blindly expect flights or other impressive benefits if you play a lot.<\/span><\/p>\n<h2 style=\"text-align: center;\"><span class=\"ez-toc-section\" id=\"What_to_choose_from_Lithuanian_casinos\"><\/span><strong>What to choose from Lithuanian casinos?<\/strong><span class=\"ez-toc-section-end\"><\/span><\/h2>\n<p><span style=\"font-weight: 400;\">There are not many different casino houses in Lithuania, as our market in this area is still, unfortunately, quite small. Of course, there are still better casino houses than others, both in the offline and online market, so at Poker School, you can always find rankings of all the best rooms \u2b07<\/span><\/p>\n<p style=\"text-align: center;\"><div class=\"row\"><div class=\"col-md-12 aff-listing-col casino-items shortcode\">\n<article class=\"affiliate-item affiliate-item-8\" data-affiliate-type=\"\" data-affiliate-id=\"8\" data-affiliate-title=\"Betsafe Casino\" data-affiliate-membership-terms=\"\">\n\n  <div class=\"logo col-md-3 col-sm-12 col-xs-12\">\n    <a href=\"https:\/\/pokeriomokykla.com\/casino\/betsafe\" rel=\"nofollow\" target=\"_blank\" class=\"media-img\"><img decoding=\"async\" width=\"470\" height=\"246\" src=\"https:\/\/pokeriomokykla.com\/app\/uploads\/2018\/08\/betsafe.logo_.jpg\" class=\"attachment-full size-full\" alt=\"\" srcset=\"https:\/\/pokeriomokykla.com\/app\/uploads\/2018\/08\/betsafe.logo_.jpg 470w, https:\/\/pokeriomokykla.com\/app\/uploads\/2018\/08\/betsafe.logo_-300x157.jpg 300w, https:\/\/pokeriomokykla.com\/app\/uploads\/2018\/08\/betsafe.logo_-229px-120px.jpg 229w\" sizes=\"(max-width: 470px) 100vw, 470px\" \/><\/a>\n  <\/div>\n\n  <div class=\"post-content col-md-6 col-sm-12 col-xs-12\">\n    <header class=\"entry-header hide\">\n      <h2 class=\"entry-title\"><span class=\"ez-toc-section\" id=\"Betsafe_Casino-2\"><\/span>\n        <a href=\"https:\/\/pokeriomokykla.com\/casino\/betsafe\" rel=\"bookmark nofollow\" target=\"_blank\">\n          Betsafe Casino        <\/a>\n      <span class=\"ez-toc-section-end\"><\/span><\/h2>\n    <\/header><!-- .entry-header -->\n\n    <div class=\"entry-content\">\n              <div class=\"bonus\">\n          Kazino, sporto la\u017eybos ir pokeris viename!        <\/div>\n      \n      <div class=\"affiliate-info\">\n        \n                  <div class=\"affiliate-accepts\">\n            <div class=\"lt-accepted\" data-toggle=\"tooltip\" title=\"Priima \u017eaid\u0117jus i\u0161 Lietuvos\">\n              <span class=\"checkmark\">\n                <i class=\"fa fa-check\" aria-hidden=\"true\"><\/i>\n              <\/span>\n\n              <span class=\"lt-flag\">\n                <img decoding=\"async\" src=\"https:\/\/pokeriomokykla.com\/app\/themes\/pokerio-mokykla\/img\/flags\/lt.flag.png\">\n              <\/span>\n            <\/div>\n          <\/div>\n        \n        <div class=\"affiliate-rating\" data-toggle=\"tooltip\" title=\"La\u017eyb\u0173 reitingas - 7.68\/10\">\n          <span class=\"rating-star\" data-value=\"5\"><\/span>\n          <span class=\"rating-star\" data-value=\"4\"><\/span>\n          <span class=\"rating-star\" data-value=\"3\"><\/span>\n          <span class=\"rating-star\" data-value=\"2\"><\/span>\n          <span class=\"rating-star\" data-value=\"1\"><\/span>\n\n                      <div class=\"rating-box\">\n              <div class=\"rating\" style=\"width: 76.8%;\"><\/div>\n            <\/div>\n                          <div class=\"rating-value\">7.68<\/div>\n                              <\/div>\n      <\/div>\n\n      <div class=\"rules-text\">Galioja tik naujiems \u017eaid\u0117jams ir tik 18+ am\u017eiaus.<\/div>\n\n    <\/div><!-- .entry-content -->\n  <\/div>\n\n  <div class=\"button col-md-3 col-sm-12 col-xs-12\">\n    <div class=\"deal-button\">\n      <a href=\"https:\/\/pokeriomokykla.com\/casino\/betsafe\" target=\"_blank\" rel=\"nofollow\">\u017daisk dabar!<\/a>\n    <\/div>\n   <div class=\"icons\">\n      <ul>\n                  <li>\n            <div data-toggle=\"tooltip\" title=\"Windows \">\n              <i class=\"fab fa-windows\" aria-hidden=\"true\"><\/i>\n            <\/div>\n          <\/li>\n                  <li>\n            <div data-toggle=\"tooltip\" title=\"Mac OS \">\n              <i class=\"fab fa-apple\" aria-hidden=\"true\"><\/i>\n            <\/div>\n          <\/li>\n                  <li>\n            <div data-toggle=\"tooltip\" title=\"iPhone \">\n              <i class=\"fa fa-mobile\" aria-hidden=\"true\"><\/i>\n            <\/div>\n          <\/li>\n                  <li>\n            <div data-toggle=\"tooltip\" title=\"Android \">\n              <i class=\"fab fa-android\" aria-hidden=\"true\"><\/i>\n            <\/div>\n          <\/li>\n              <\/ul>\n    <\/div>\n  <\/div>\n\n<\/article><!-- #post --><\/div><\/div><\/p>\n<p><span style=\"font-weight: 400;\">If you are going to physical Lithuanian gambling houses, we recommend going with someone. After all, one of the biggest advantages of offline casino houses is socializing. Friends will help you have a good time, which should be the main goal of gambling. You should never think about the possibility of making money, as all games are against you.<\/span><\/p>\n<p><span style=\"font-weight: 400;\">In Lithuanian casinos, of course, the selection of games is often somewhat more limited than abroad. This difference arises due to a simple reason &#8211; capital differences. However, you can always be sure that you will find many well-known games in all casino houses in Lithuania. It is almost impossible to find a gambling house without <a href=\"\/en\/blackjack-rules-blackjack-rules\">BlackJack<\/a>, roulette, or <a href=\"\/en\/popular-lottery-machines-online\">slot machine<\/a> games.<\/span><\/p>\n<p><span style=\"font-weight: 400;\">Roulette in Lithuania has better percentages than in some countries abroad. The American version of roulette, which is very much against the player, is often used in the USA, as the house edge reaches 5%. Meanwhile, the European version of roulette is used in Lithuania, which has only one 0, so the house edge drops to 2.7%.<\/span><\/p>\n<p><span style=\"font-weight: 400;\">So, there are several big advantages to playing in casinos in Lithuania. <\/span><\/p>\n<p>Often, players do not even pay attention to Lithuanian casinos, but they shouldn't do that. Both offline and online casinos will have aspects suitable for different people that might not be found in foreign casinos. Finally, one of the biggest advantages is the easily accessible physical casinos, where you can always have a good time.<\/p>\n<h3><strong>Follow more casino news:<\/strong><\/h3>\n<p><a href=\"https:\/\/pokeriomokykla.com\/kazino-naujienos\" class=\"media-img\"><img decoding=\"async\" class=\"alignnone wp-image-763242\" title=\"Kazino naujienos\" src=\"https:\/\/pokeriomokykla.com\/app\/uploads\/2020\/08\/PM_Kazino_naujienos_1280x720.jpg\" alt=\"Casino news\" width=\"400\" height=\"225\" srcset=\"https:\/\/pokeriomokykla.com\/app\/uploads\/2020\/08\/PM_Kazino_naujienos_1280x720.jpg 1024w, https:\/\/pokeriomokykla.com\/app\/uploads\/2020\/08\/PM_Kazino_naujienos_1280x720-300x169.jpg 300w, https:\/\/pokeriomokykla.com\/app\/uploads\/2020\/08\/PM_Kazino_naujienos_1280x720-768px-432px.jpg 768w, https:\/\/pokeriomokykla.com\/app\/uploads\/2020\/08\/PM_Kazino_naujienos_1280x720-320px-180px.jpg 320w, https:\/\/pokeriomokykla.com\/app\/uploads\/2020\/08\/PM_Kazino_naujienos_1280x720-120px-68px.jpg 120w, https:\/\/pokeriomokykla.com\/app\/uploads\/2020\/08\/PM_Kazino_naujienos_1280x720-336px-188px.jpg 336w, https:\/\/pokeriomokykla.com\/app\/uploads\/2020\/08\/PM_Kazino_naujienos_1280x720-213px-120px.jpg 213w, https:\/\/pokeriomokykla.com\/app\/uploads\/2020\/08\/PM_Kazino_naujienos_1280x720-700px-394px.jpg 700w\" sizes=\"(max-width: 400px) 100vw, 400px\" \/><\/a><\/p>\n","protected":false},"excerpt":{"rendered":"<p>There are quite a few casinos in Lithuania, so there&#8230;<\/p>\n","protected":false},"author":5318,"featured_media":763241,"parent":0,"menu_order":0,"comment_status":"closed","ping_status":"closed","template":"page-affiliate-items.php","meta":{"_acf_changed":false,"footnotes":""},"class_list":["post-779767","page","type-page","status-publish","has-post-thumbnail","hentry"],"acf":[],"_links":{"self":[{"href":"https:\/\/pokeriomokykla.com\/en\/wp-json\/wp\/v2\/pages\/779767","targetHints":{"allow":["GET"]}}],"collection":[{"href":"https:\/\/pokeriomokykla.com\/en\/wp-json\/wp\/v2\/pages"}],"about":[{"href":"https:\/\/pokeriomokykla.com\/en\/wp-json\/wp\/v2\/types\/page"}],"author":[{"embeddable":true,"href":"https:\/\/pokeriomokykla.com\/en\/wp-json\/wp\/v2\/users\/5318"}],"replies":[{"embeddable":true,"href":"https:\/\/pokeriomokykla.com\/en\/wp-json\/wp\/v2\/comments?post=779767"}],"version-history":[{"count":3,"href":"https:\/\/pokeriomokykla.com\/en\/wp-json\/wp\/v2\/pages\/779767\/revisions"}],"predecessor-version":[{"id":1100349,"href":"https:\/\/pokeriomokykla.com\/en\/wp-json\/wp\/v2\/pages\/779767\/revisions\/1100349"}],"wp:featuredmedia":[{"embeddable":true,"href":"https:\/\/pokeriomokykla.com\/en\/wp-json\/wp\/v2\/media\/763241"}],"wp:attachment":[{"href":"https:\/\/pokeriomokykla.com\/en\/wp-json\/wp\/v2\/media?parent=779767"}],"curies":[{"name":"wp","href":"https:\/\/api.w.org\/{rel}","templated":true}]}}