{"id":790355,"date":"2016-08-07T14:27:51","date_gmt":"2016-08-07T12:27:51","guid":{"rendered":"https:\/\/pokeriomokykla.com\/sveikiname-registracija-sekminga"},"modified":"2026-05-11T17:17:17","modified_gmt":"2026-05-11T15:17:17","slug":"sveikiname-registracija-sekminga","status":"publish","type":"page","link":"https:\/\/pokeriomokykla.com\/de\/willkommen-anmelden-rechtzeitig","title":{"rendered":"Herzlichen Gl\u00fcckwunsch, die Registrierung war erfolgreich"},"content":{"rendered":"<p>Herzlichen Gl\u00fcckwunsch, die Registrierung ist vollst\u00e4ndig abgeschlossen. Sobald unsere Administratorin Ihre \u00dcberweisung sieht, wird sie die Mitgliedschaft best\u00e4tigen. In der Regel innerhalb von 24 Stunden (an Werktagen).<\/p>\n","protected":false},"excerpt":{"rendered":"<p>Herzlichen Gl\u00fcckwunsch, die Registrierung ist vollst\u00e4ndig abgeschlossen. Sobald unsere Administratorin&#8230;<\/p>\n","protected":false},"author":72,"featured_media":0,"parent":0,"menu_order":22,"comment_status":"closed","ping_status":"closed","template":"","meta":{"_acf_changed":false,"footnotes":""},"class_list":["post-790355","page","type-page","status-publish","hentry"],"acf":[],"_links":{"self":[{"href":"https:\/\/pokeriomokykla.com\/de\/wp-json\/wp\/v2\/pages\/790355","targetHints":{"allow":["GET"]}}],"collection":[{"href":"https:\/\/pokeriomokykla.com\/de\/wp-json\/wp\/v2\/pages"}],"about":[{"href":"https:\/\/pokeriomokykla.com\/de\/wp-json\/wp\/v2\/types\/page"}],"author":[{"embeddable":true,"href":"https:\/\/pokeriomokykla.com\/de\/wp-json\/wp\/v2\/users\/72"}],"replies":[{"embeddable":true,"href":"https:\/\/pokeriomokykla.com\/de\/wp-json\/wp\/v2\/comments?post=790355"}],"version-history":[{"count":1,"href":"https:\/\/pokeriomokykla.com\/de\/wp-json\/wp\/v2\/pages\/790355\/revisions"}],"predecessor-version":[{"id":809128,"href":"https:\/\/pokeriomokykla.com\/de\/wp-json\/wp\/v2\/pages\/790355\/revisions\/809128"}],"wp:attachment":[{"href":"https:\/\/pokeriomokykla.com\/de\/wp-json\/wp\/v2\/media?parent=790355"}],"curies":[{"name":"wp","href":"https:\/\/api.w.org\/{rel}","templated":true}]}}