{"id":790325,"date":"2016-08-10T17:45:47","date_gmt":"2016-08-10T15:45:47","guid":{"rendered":"https:\/\/pokeriomokykla.com\/taisykles-ir-salygos"},"modified":"2025-04-29T00:57:02","modified_gmt":"2025-04-28T22:57:02","slug":"taisykles-ir-salygos","status":"publish","type":"page","link":"https:\/\/pokeriomokykla.com\/de\/regeln-gleichungen","title":{"rendered":"Regeln und Bedingungen"},"content":{"rendered":"<h3 class=\"p1\"><span class=\"s1\"><b>Kommunikation <\/b><\/span><\/h3>\n<ol>\n<li><span class=\"s1\">PokerioMokykla.com ist eine geschlossene Poker-Community, wir streben danach, ein hohes Ma\u00df an gegenseitigem Verst\u00e4ndnis zu bewahren. Daher basiert die gesamte Kommunikation in der Schule auf gegenseitigem Verst\u00e4ndnis.<\/span><\/li>\n<li><span class=\"s1\">Jeder Sch\u00fcler hat das Recht auf seine eigenen Meinungen und unterschiedliche Ansichten. Daher muss jedes Mitglied der Schule die Meinung anderer respektieren. Jegliche rassistische, religi\u00f6se, nationale, geschlechtsspezifische und andere Diskriminierung ist jedoch strengstens verboten. Mitglieder, die diese Regel absichtlich verletzen (absichtliche Beleidigungen, Anstiftung zur Diskriminierung, Erniedrigung, Bel\u00e4stigung, Bedrohung und andere Formen der Herabw\u00fcrdigung der Freiheit und W\u00fcrde anderer Personen), werden sofort und dauerhaft aus der Pokerschule ausgeschlossen, ohne das Recht auf R\u00fcckkehr. In einem solchen Fall wird das Mitglied ausgeschlossen und seine bezahlten Eintritts- und Abonnementgeb\u00fchren werden nicht zur\u00fcckerstattet.<\/span><\/li>\n<li><span class=\"s1\">Falls erforderlich, beh\u00e4lt sich die Verwaltung von PokerioMokykla.com das Recht vor, die litauische Polizei und andere Institutionen \u00fcber Bedrohungen oder Anstiftung zur Diskriminierung zu informieren.<\/span><\/li>\n<\/ol>\n<h3 class=\"p1\"><span class=\"s1\"><b>Verantwortung<\/b><\/span><\/h3>\n<ol>\n<li><span class=\"s1\">PokerioMokykla.com wirbt nicht f\u00fcr Gl\u00fccksspiele und vertritt keine Poker-, Casino- oder Wettunternehmen. Der Inhalt der Website ist rein informativ. Die Verwaltung der Pokerschule erh\u00e4lt keine Einnahmen von Gl\u00fccksspielbetreibern und \u00e4hnlichen.<\/span><\/li>\n<li>Pokeriomokykla.com erg\u00e4nzt und aktualisiert st\u00e4ndig Informationen \u00fcber Poker-, Casino- und Wettangelegenheiten.<\/li>\n<li><span class=\"s1\">Geld f\u00fcr erbrachte Dienstleistungen (Abonnementgeb\u00fchr, Unterricht, Hilfsprogramme) wird nicht zur\u00fcckerstattet.<\/span><\/li>\n<li><span class=\"s1\">PokerioMokykla.com haftet nicht f\u00fcr Sch\u00e4den, die Sie direkt oder indirekt durch Informationen, die Sie von der Pokerschule PokerioMokykla.com, Wettprognosen, Foreninhalten, Informationszuverl\u00e4ssigkeit, Verlust oder Verz\u00f6gerung erhalten, erleiden k\u00f6nnen.<\/span><\/li>\n<li><span class=\"s1\">PokerioMokykla.com wird keine Nachrichten tolerieren, deren Inhalt gegen die Gesetze der Republik Litauen, internationale Abkommen und ethische Normen verst\u00f6\u00dft. Solche Nachrichten werden entfernt.<\/span><\/li>\n<li><span class=\"s1\">Die Regeln werden st\u00e4ndig aktualisiert. Unkenntnis der Regeln entbindet nicht von der Verantwortung.<\/span><\/li>\n<\/ol>\n<h3 class=\"p1\"><span class=\"s1\"><b>Werbung<\/b><\/span><\/h3>\n<ol>\n<li class=\"p2\"><span class=\"s1\">Jegliche Art von Werbung, die nicht mit der Verwaltung der Pokerschule PokerioMokykla.com abgestimmt ist, ist verboten. Benutzer, die Werbung verbreiten, werden verwarnt.<\/span><\/li>\n<li class=\"p3\"><span class=\"s2\">Jegliche Werbung von Affiliate-Links, sowohl in Nachrichten als auch in pers\u00f6nlichen Nachrichten, ist bei PokerioMokykla.com strengstens verboten, insbesondere wenn sie gegen das Gl\u00fccksspielaufsichtsgesetz der Republik Litauen verst\u00f6\u00dft. Die Autoren solcher Nachrichten werden sofort dauerhaft aus der Pokerschule ausgeschlossen, das Geld wird nicht zur\u00fcckerstattet und ihre Daten (einschlie\u00dflich IP-Adressen) werden der staatlichen Gl\u00fccksspielaufsichtsbeh\u00f6rde als Gesetzesverst\u00f6\u00dfe der Republik Litauen \u00fcbermittelt.<\/span><\/li>\n<\/ol>\n<h3><strong>Informationssammlung<\/strong><\/h3>\n<ol>\n<li>PokerioMokykla.com beh\u00e4lt sich das Recht vor, registrierte Besucherinformationen zu Marketingzwecken zu sammeln und zu verwenden. Besucherinformationen umfassen alle Daten, einschlie\u00dflich Browserverlauf, E-Mail-Adresse, Telefonnummer usw.<\/li>\n<li>PokerioMokykla.com respektiert die Privatsph\u00e4re und den Datenschutz seiner Besucher, daher k\u00f6nnen die bereitgestellten Daten ausschlie\u00dflich f\u00fcr Marketingzwecke der Website verwendet werden. Die gesammelten Informationen d\u00fcrfen nicht an Dritte weitergegeben werden.<\/li>\n<\/ol>\n","protected":false},"excerpt":{"rendered":"<p>Kommunikation PokerioMokykla.com ist eine geschlossene Poker-Community, wir streben danach, ein&#8230;<\/p>\n","protected":false},"author":491,"featured_media":0,"parent":0,"menu_order":23,"comment_status":"closed","ping_status":"closed","template":"","meta":{"_acf_changed":false,"footnotes":""},"class_list":["post-790325","page","type-page","status-publish","hentry"],"acf":[],"_links":{"self":[{"href":"https:\/\/pokeriomokykla.com\/de\/wp-json\/wp\/v2\/pages\/790325","targetHints":{"allow":["GET"]}}],"collection":[{"href":"https:\/\/pokeriomokykla.com\/de\/wp-json\/wp\/v2\/pages"}],"about":[{"href":"https:\/\/pokeriomokykla.com\/de\/wp-json\/wp\/v2\/types\/page"}],"author":[{"embeddable":true,"href":"https:\/\/pokeriomokykla.com\/de\/wp-json\/wp\/v2\/users\/491"}],"replies":[{"embeddable":true,"href":"https:\/\/pokeriomokykla.com\/de\/wp-json\/wp\/v2\/comments?post=790325"}],"version-history":[{"count":2,"href":"https:\/\/pokeriomokykla.com\/de\/wp-json\/wp\/v2\/pages\/790325\/revisions"}],"predecessor-version":[{"id":1007365,"href":"https:\/\/pokeriomokykla.com\/de\/wp-json\/wp\/v2\/pages\/790325\/revisions\/1007365"}],"wp:attachment":[{"href":"https:\/\/pokeriomokykla.com\/de\/wp-json\/wp\/v2\/media?parent=790325"}],"curies":[{"name":"wp","href":"https:\/\/api.w.org\/{rel}","templated":true}]}}