{"id":787848,"date":"2020-06-23T16:10:26","date_gmt":"2020-06-23T14:10:26","guid":{"rendered":"https:\/\/pokeriomokykla.com\/mastercard-online-casinos"},"modified":"2025-07-29T13:51:29","modified_gmt":"2025-07-29T11:51:29","slug":"mastercard-online-casinos","status":"publish","type":"page","link":"https:\/\/pokeriomokykla.com\/de\/mastercard-online-casinos","title":{"rendered":"Mastercard Online-Casinos"},"content":{"rendered":"\n<p>MasterCard &#8211; ist eine der beliebtesten und bekanntesten Zahlungsmethoden weltweit. Die Bankkarten dieses Finanzdienstleistungsunternehmens werden t\u00e4glich von Millionen Menschen genutzt &#8211; sowohl f\u00fcr Zahlungen in der realen Welt als auch im Internet.<\/p>\n\n\n\n<p>Diese Methode ist sicher, einfach und schnell! Kein Wunder, dass viele Online-Casinos die M\u00f6glichkeit bieten, Zahlungen mit der Mastercard Karte durchzuf\u00fchren (Mastercard Online-Casinos).<\/p>\n\n\n\n<p>In diesem Artikel werden wir die Vorteile, Nachteile und die Nutzung dieser Zahlungsmethode in Online-Casinos besprechen.<\/p>\n\n\n\n<div id=\"ez-toc-container\" class=\"ez-toc-v2_0_76 ez-toc-wrap-left counter-hierarchy ez-toc-counter ez-toc-custom ez-toc-container-direction\">\n<div class=\"ez-toc-title-container\">\n<p class=\"ez-toc-title\" style=\"cursor:inherit\">Inhaltsverzeichnis<\/p>\n<span class=\"ez-toc-title-toggle\"><a href=\"#\" class=\"ez-toc-pull-right ez-toc-btn ez-toc-btn-xs ez-toc-btn-default ez-toc-toggle\" aria-label=\"Toggle Table of Content\"><span class=\"ez-toc-js-icon-con\"><span class=\"\"><span class=\"eztoc-hide\" style=\"display:none;\">Toggle<\/span><span class=\"ez-toc-icon-toggle-span\"><svg style=\"fill: #000000;color:#000000\" xmlns=\"http:\/\/www.w3.org\/2000\/svg\" class=\"list-377408\" width=\"20px\" height=\"20px\" viewBox=\"0 0 24 24\" fill=\"none\"><path d=\"M6 6H4v2h2V6zm14 0H8v2h12V6zM4 11h2v2H4v-2zm16 0H8v2h12v-2zM4 16h2v2H4v-2zm16 0H8v2h12v-2z\" fill=\"currentColor\"><\/path><\/svg><svg style=\"fill: #000000;color:#000000\" class=\"arrow-unsorted-368013\" xmlns=\"http:\/\/www.w3.org\/2000\/svg\" width=\"10px\" height=\"10px\" viewBox=\"0 0 24 24\" version=\"1.2\" baseProfile=\"tiny\"><path d=\"M18.2 9.3l-6.2-6.3-6.2 6.3c-.2.2-.3.4-.3.7s.1.5.3.7c.2.2.4.3.7.3h11c.3 0 .5-.1.7-.3.2-.2.3-.5.3-.7s-.1-.5-.3-.7zM5.8 14.7l6.2 6.3 6.2-6.3c.2-.2.3-.5.3-.7s-.1-.5-.3-.7c-.2-.2-.4-.3-.7-.3h-11c-.3 0-.5.1-.7.3-.2.2-.3.5-.3.7s.1.5.3.7z\"\/><\/svg><\/span><\/span><\/span><\/a><\/span><\/div>\n<nav><ul class='ez-toc-list ez-toc-list-level-1 eztoc-toggle-hide-by-default' ><li class='ez-toc-page-1 ez-toc-heading-level-2'><a class=\"ez-toc-link ez-toc-heading-1\" href=\"https:\/\/pokeriomokykla.com\/de\/mastercard-online-casinos\/#Beste_Mastercard_Online-Casinos_%E2%80%93_wo_kann_man_bezahlen\" >Beste Mastercard Online-Casinos &#8211; wo kann man bezahlen?<\/a><\/li><li class='ez-toc-page-1 ez-toc-heading-level-2'><a class=\"ez-toc-link ez-toc-heading-2\" href=\"https:\/\/pokeriomokykla.com\/de\/mastercard-online-casinos\/#Wie_bezahlt_man_mit_Mastercard_in_Online-Casinos\" >Wie bezahlt man mit Mastercard in Online-Casinos?<\/a><\/li><li class='ez-toc-page-1 ez-toc-heading-level-2'><a class=\"ez-toc-link ez-toc-heading-3\" href=\"https:\/\/pokeriomokykla.com\/de\/mastercard-online-casinos\/#Mastercard_Casino_online_%E2%80%93_ist_das_Bezahlen_sicher\" >Mastercard Casino online &#8211; ist das Bezahlen sicher?<\/a><\/li><li class='ez-toc-page-1 ez-toc-heading-level-2'><a class=\"ez-toc-link ez-toc-heading-4\" href=\"https:\/\/pokeriomokykla.com\/de\/mastercard-online-casinos\/#MasterCard_Online-Casino_%E2%80%93_Vor-_und_Nachteile_der_Zahlung_mit_Bankkarte\" >MasterCard Online-Casino &#8211; Vor- und Nachteile der Zahlung mit Bankkarte<\/a><\/li><\/ul><\/nav><\/div>\n<h2 class=\"wp-block-heading\"><span class=\"ez-toc-section\" id=\"Beste_Mastercard_Online-Casinos_%E2%80%93_wo_kann_man_bezahlen\"><\/span>Beste Mastercard Online-Casinos &#8211; wo kann man bezahlen?<span class=\"ez-toc-section-end\"><\/span><\/h2>\n\n\n\n<p>Wie bereits erw\u00e4hnt, akzeptiert fast jedes Online-Casino Zahlungen mit der MasterCard Karte. Unten finden Sie einige vertrauensw\u00fcrdige Online-Casinos, in denen Sie mit MasterCard bezahlen k\u00f6nnen.<\/p>\n\n\n\n<div class='widget-card placeholder--card-fullwidth'\n     data-source-gql='https:\/\/scg-new-live.stellate.sh\/'\n     data-source-widgetjs='https:\/\/widget.affprojects.com\/widget.js'\n     data-shortcode='widget-card'\n     data-shortcode-text='[top-casinos-for-games limit=\"20\" mobile-limit=\"10\" listtype=\"stacked\" scrollable=\"never\" fullwidth=\"true\"]'\n     data-props='{\n\"show_more_button\":true,\n\"show_more_button_text\":\"Show More Bookmakers\",\n\"show_more_text\":false,\n\"show_less_text\":false,\n\"vpn_notification\":false,\n\"show_more_items_amount\":null,\n\"fullwidth\":true,\n\"scrollable\":\"never\",\n\"violet_bonus_text\":true,\n\"ab_testing_show_more_button_rework\":true\n}'\n     data-queries='{\n\"type\":\"TOP-Casino\",\n\"limit\":20,\n\"mobile_limit\":10,\n\"show_new\":1,\n\"button_text_type\":\"TOP\",\n\"language\":\"de\",\n\"project\":\"PM\",\n\"page\":1\n}'\n     ><\/div>\n\n\n\n\n<h2 class=\"wp-block-heading\"><span class=\"ez-toc-section\" id=\"Wie_bezahlt_man_mit_Mastercard_in_Online-Casinos\"><\/span><strong>Wie bezahlt man mit Mastercard in Online-Casinos?<\/strong><span class=\"ez-toc-section-end\"><\/span><\/h2>\n\n\n\n<p>MasterCard Bankkarten k\u00f6nnen in 210 L\u00e4ndern weltweit und bei mehr als 25 Millionen verschiedenen Unternehmen, einschlie\u00dflich verschiedener Online-Casinos, verwendet werden. <b>Die Zahlung mit dieser Bankkarte ist \u00e4u\u00dferst einfach:<\/b><\/p>\n\n\n\n<ol class=\"wp-block-list\">\n<li>Zuerst ben\u00f6tigen Sie eine Mastercard Karte. Wenn Sie keine haben, k\u00f6nnen Sie sie bei Ihrer Bank bestellen oder die Dienste moderner Online-Banken wie Revolut nutzen, um eine Mastercard Karte zu erhalten;<\/li>\n\n\n\n<li>Wenn Sie bereits eine Karte haben, w\u00e4hlen Sie ein Online-Casino, das Ihnen gef\u00e4llt. Mehr als 90% der Online-Casinos akzeptieren Mastercard, daher sollte die Auswahl nicht schwerfallen;<\/li>\n\n\n\n<li>Gehen Sie nach der Auswahl des Casinos zum Zahlungsbereich und w\u00e4hlen Sie die MasterCard Option &#8211; Sie m\u00fcssen die Kartendaten und den gew\u00fcnschten Zahlungsbetrag eingeben;<\/li>\n\n\n\n<li>Nachdem dies erledigt ist, sollten die Gelder Ihr Spielkonto in wenigen Augenblicken erreichen.<\/li>\n<\/ol>\n\n\n\n<h3 class=\"wp-block-heading\">Mit der Mastercard Karte k\u00f6nnen Sie nicht nur Einzahlungen vornehmen, sondern auch Auszahlungen auf dieselbe Karte erhalten:<\/h3>\n\n\n\n<ol class=\"wp-block-list\">\n<li>Geben Sie einfach den gew\u00fcnschten Auszahlungsbetrag ein und w\u00e4hlen Sie Mastercard. Bei der ersten Zahlung werden Ihre Kartendaten in der Regel gespeichert, sodass Sie sie wahrscheinlich nicht erneut eingeben m\u00fcssen. Normalerweise liegt der Mindestbetrag f\u00fcr Auszahlungen bei der Wahl der Mastercard Option zwischen 10\u20ac und 50\u20ac;<\/li>\n\n\n\n<li>Nach der Beantragung der Auszahlung m\u00fcssen Sie warten, bis sie Ihr Bankkonto erreicht. Die Auszahlungszeit h\u00e4ngt von Ihrem gew\u00e4hlten Casino und der verwendeten Bank ab. Wenn Sie in einem Casino im selben Land spielen, in dem sich Ihre Bank befindet, kann die Auszahlung innerhalb von 24 Stunden erfolgen. Wenn Sie jedoch in einem ausl\u00e4ndischen Casino spielen, kann es 2 bis 5 Werktage dauern.<\/li>\n<\/ol>\n\n\n<div class=\"wp-block-image wp-block-image aligncenter\">\n<figure class=\"\"><img decoding=\"async\" width=\"810\" height=\"450\" src=\"https:\/\/pokeriomokykla.com\/app\/uploads\/2020\/06\/mastercard-online-casinos.gif\" alt=\"\" class=\"wp-image-762310\"\/><\/figure><\/div>\n\n\n<h2 class=\"wp-block-heading\"><span class=\"ez-toc-section\" id=\"Mastercard_Casino_online_%E2%80%93_ist_das_Bezahlen_sicher\"><\/span>Mastercard Casino online &#8211; ist das Bezahlen sicher?<span class=\"ez-toc-section-end\"><\/span><\/h2>\n\n\n\n<p><b>Diese Zahlungsmethode ist eine der sichersten Optionen.<\/b> Beim Bezahlen im Internet k\u00f6nnen Kunden das MasterCard SecureCode System nutzen, um ihre Sicherheit zu erh\u00f6hen. Dies ist ein einzigartiger Code, den Sie eingeben m\u00fcssen, um jede Online-Transaktion zu best\u00e4tigen.<\/p>\n\n\n<div class=\"wp-block-image wp-block-image alignright\">\n<figure class=\"\"><img decoding=\"async\" width=\"585\" height=\"352\" src=\"https:\/\/pokeriomokykla.com\/app\/uploads\/2020\/06\/Mastercard-casino-online.png\" alt=\"Mastercard casino online\" class=\"wp-image-762312\" title=\"Mastercard casino online\" srcset=\"https:\/\/pokeriomokykla.com\/app\/uploads\/2020\/06\/Mastercard-casino-online.png 585w, https:\/\/pokeriomokykla.com\/app\/uploads\/2020\/06\/Mastercard-casino-online-300x181.png 300w, https:\/\/pokeriomokykla.com\/app\/uploads\/2020\/06\/Mastercard-casino-online-199px-120px.png 199w\" sizes=\"(max-width: 585px) 100vw, 585px\" \/><\/figure><\/div>\n\n\n<p>Au\u00dferdem bietet MasterCard die M\u00f6glichkeit, virtuelle Bankkarten zu verwenden, deren Informationen sich nach jeder Zahlung \u00e4ndern.<\/p>\n\n\n\n<p>Dennoch kann Sie niemand sch\u00fctzen, wenn Sie in unzuverl\u00e4ssigen Online-Casinos spielen. Stellen Sie sicher, dass das von Ihnen gew\u00e4hlte Casino lizenziert ist und lesen Sie einige Bewertungen anderer Nutzer dar\u00fcber. Wenn Sie in einem Casino ohne Lizenz spielen, k\u00f6nnten Sie in die Falle von Betr\u00fcgern geraten, die Ihre pers\u00f6nlichen und Bankdaten stehlen. Weitere Casino-Tipps finden Sie <a href=\"https:\/\/pokeriomokykla.com\/kazino-patarimai\">hier.<\/a><\/p>\n\n\n\n<p>Es ist erw\u00e4hnenswert, dass Kreditkarten besser gesch\u00fctzt sind als Debitkarten. Wenn jemand Ihre Kreditkartendaten stiehlt, k\u00f6nnen Sie einfach Ihre Bank kontaktieren und unautorisierte Transaktionen stornieren. Au\u00dferdem versichern einige Banken die Gelder auf Ihrer Kreditkarte.<\/p>\n\n\n\n<p>Um die Sicherheit Ihrer Zahlungen weiter zu erh\u00f6hen, k\u00f6nnen Sie die M\u00f6glichkeit vieler moderner Banken nutzen, Limits f\u00fcr Zahlungen mit MasterCard festzulegen. Dies hilft, unerwartete Ausgaben zu vermeiden, und im Falle eines Kartenverlusts k\u00f6nnen Sie sicher sein, dass Betr\u00fcger nicht mehr als das festgelegte Limit stehlen.<\/p>\n\n\n\n<h2 class=\"wp-block-heading\"><span class=\"ez-toc-section\" id=\"MasterCard_Online-Casino_%E2%80%93_Vor-_und_Nachteile_der_Zahlung_mit_Bankkarte\"><\/span><strong>MasterCard Online-Casino &#8211; Vor- und Nachteile der Zahlung mit Bankkarte<\/strong><span class=\"ez-toc-section-end\"><\/span><\/h2>\n\n\n\n<p>Die Zahlung in Online-Casinos mit der MasterCard Karte hat sowohl Vor- als auch Nachteile. <b>Zuerst die Vorteile:<\/b><\/p>\n\n\n\n<ul class=\"wp-block-list\">\n<li>Schnelles und einfaches Einzahlungsverfahren &#8211; das Geld erreicht Ihr Spielkonto in wenigen Augenblicken;<\/li>\n\n\n\n<li>Diese Zahlungsmethode ist in vielen Online-Casinos verf\u00fcgbar;<\/li>\n\n\n\n<li>Relativ sichere Zahlungsmethode;<\/li>\n\n\n\n<li>Bei der Zahlung mit MasterCard haben Sie die M\u00f6glichkeit, alle angebotenen Casino-Boni und Rabatte zu nutzen;<\/li>\n\n\n\n<li>Viele Banken bieten mobile Apps an, die den Zahlungsprozess weiter erleichtern.<\/li>\n<\/ul>\n\n\n<div class=\"wp-block-image wp-block-image aligncenter\">\n<figure class=\"\"><img decoding=\"async\" width=\"700\" height=\"310\" src=\"https:\/\/pokeriomokykla.com\/app\/uploads\/2020\/06\/Mastercard-online-casino.jpg\" alt=\"Mastercard online casino\" class=\"wp-image-762313\" title=\"Mastercard online casino\" srcset=\"https:\/\/pokeriomokykla.com\/app\/uploads\/2020\/06\/Mastercard-online-casino.jpg 700w, https:\/\/pokeriomokykla.com\/app\/uploads\/2020\/06\/Mastercard-online-casino-300x133.jpg 300w, https:\/\/pokeriomokykla.com\/app\/uploads\/2020\/06\/Mastercard-online-casino-271px-120px.jpg 271w\" sizes=\"(max-width: 700px) 100vw, 700px\" \/><\/figure><\/div>\n\n\n<p><\/p>\n\n\n\n<p>Allerdings hat diese Zahlungsmethode, wie bereits erw\u00e4hnt, auch <b>einige Nachteile:<\/b><\/p>\n\n\n\n<ul class=\"wp-block-list\">\n<li><span style=\"font-weight: 400;\">Bei einer Auszahlung kann es bis zu 5 Werktage dauern, bis das Geld Ihr Konto erreicht;<\/span><\/li>\n\n\n\n<li><span style=\"font-weight: 400;\">Einige Online-Casinos erheben Geb\u00fchren f\u00fcr Zahlungen mit MasterCard. Diese betragen meist etwa 2-3%;<\/span><\/li>\n\n\n\n<li><span style=\"font-weight: 400;\">Bei Zahlungen mit Mastercard m\u00fcssen Sie einige Ihrer pers\u00f6nlichen Daten angeben, wie Name, Nachname usw.;<\/span><\/li>\n\n\n\n<li><span style=\"font-weight: 400;\">Wenn Sie eine Kreditkarte haben, k\u00f6nnen Sie Einzahlungen vornehmen, auch wenn Sie kein Geld auf dem Konto haben. Die britische Regierung hat bereits Zahlungen mit Kreditkarten bei Gl\u00fccksspielunternehmen verboten, daher scheint es, dass \u00e4hnliche Beschr\u00e4nkungen in naher Zukunft auch in anderen L\u00e4ndern eingef\u00fchrt werden k\u00f6nnten.<\/span><\/li>\n<\/ul>\n","protected":false},"excerpt":{"rendered":"<p>MasterCard &#8211; ist eine der beliebtesten und bekanntesten Zahlungsmethoden weltweit&#8230;.<\/p>\n","protected":false},"author":5318,"featured_media":762310,"parent":0,"menu_order":0,"comment_status":"closed","ping_status":"closed","template":"page-affiliate-items.php","meta":{"_acf_changed":false,"footnotes":""},"class_list":["post-787848","page","type-page","status-publish","has-post-thumbnail","hentry"],"acf":[],"_links":{"self":[{"href":"https:\/\/pokeriomokykla.com\/de\/wp-json\/wp\/v2\/pages\/787848","targetHints":{"allow":["GET"]}}],"collection":[{"href":"https:\/\/pokeriomokykla.com\/de\/wp-json\/wp\/v2\/pages"}],"about":[{"href":"https:\/\/pokeriomokykla.com\/de\/wp-json\/wp\/v2\/types\/page"}],"author":[{"embeddable":true,"href":"https:\/\/pokeriomokykla.com\/de\/wp-json\/wp\/v2\/users\/5318"}],"replies":[{"embeddable":true,"href":"https:\/\/pokeriomokykla.com\/de\/wp-json\/wp\/v2\/comments?post=787848"}],"version-history":[{"count":3,"href":"https:\/\/pokeriomokykla.com\/de\/wp-json\/wp\/v2\/pages\/787848\/revisions"}],"predecessor-version":[{"id":1108264,"href":"https:\/\/pokeriomokykla.com\/de\/wp-json\/wp\/v2\/pages\/787848\/revisions\/1108264"}],"wp:featuredmedia":[{"embeddable":true,"href":"https:\/\/pokeriomokykla.com\/de\/wp-json\/wp\/v2\/media\/762310"}],"wp:attachment":[{"href":"https:\/\/pokeriomokykla.com\/de\/wp-json\/wp\/v2\/media?parent=787848"}],"curies":[{"name":"wp","href":"https:\/\/api.w.org\/{rel}","templated":true}]}}