{"id":787618,"date":"2020-08-24T11:16:49","date_gmt":"2020-08-24T09:16:49","guid":{"rendered":"https:\/\/pokeriomokykla.com\/lietuviski-kazino-offline-vs-online"},"modified":"2025-04-28T23:44:14","modified_gmt":"2025-04-28T21:44:14","slug":"lietuviski-kazino-offline-vs-online","status":"publish","type":"page","link":"https:\/\/pokeriomokykla.com\/de\/litauische-casinos-offline-vs-online","title":{"rendered":"Litauische Kasinos: offline vs online"},"content":{"rendered":"<p><span style=\"font-weight: 400;\">In Litauen gibt es ziemlich viele Casinos, daher gibt es eine gro\u00dfe Auswahl sowohl im Online- als auch im Offline-Bereich. Litauische Casinos sind nat\u00fcrlich oft etwas eingeschr\u00e4nkter als ausl\u00e4ndische, k\u00f6nnen aber oft auf ihre eigene Weise interessant oder n\u00fctzlich f\u00fcr den Spieler sein. In diesem Artikel werden wir alle Gr\u00fcnde besprechen, warum man sich f\u00fcr ein Casino in Litauen entscheiden sollte.<\/span><\/p>\n<p><img decoding=\"async\" class=\"aligncenter wp-image-763241 size-full\" title=\"Litauische Casinos\" src=\"https:\/\/pokeriomokykla.com\/app\/uploads\/2020\/08\/Lietuviski-kazino.gif\" alt=\"Litauische Casinos\" width=\"810\" height=\"450\"><\/p>\n<div id=\"ez-toc-container\" class=\"ez-toc-v2_0_76 ez-toc-wrap-left counter-hierarchy ez-toc-counter ez-toc-custom ez-toc-container-direction\">\n<div class=\"ez-toc-title-container\">\n<p class=\"ez-toc-title\" style=\"cursor:inherit\">Inhaltsverzeichnis<\/p>\n<span class=\"ez-toc-title-toggle\"><a href=\"#\" class=\"ez-toc-pull-right ez-toc-btn ez-toc-btn-xs ez-toc-btn-default ez-toc-toggle\" aria-label=\"Toggle Table of Content\"><span class=\"ez-toc-js-icon-con\"><span class=\"\"><span class=\"eztoc-hide\" style=\"display:none;\">Toggle<\/span><span class=\"ez-toc-icon-toggle-span\"><svg style=\"fill: #000000;color:#000000\" xmlns=\"http:\/\/www.w3.org\/2000\/svg\" class=\"list-377408\" width=\"20px\" height=\"20px\" viewBox=\"0 0 24 24\" fill=\"none\"><path d=\"M6 6H4v2h2V6zm14 0H8v2h12V6zM4 11h2v2H4v-2zm16 0H8v2h12v-2zM4 16h2v2H4v-2zm16 0H8v2h12v-2z\" fill=\"currentColor\"><\/path><\/svg><svg style=\"fill: #000000;color:#000000\" class=\"arrow-unsorted-368013\" xmlns=\"http:\/\/www.w3.org\/2000\/svg\" width=\"10px\" height=\"10px\" viewBox=\"0 0 24 24\" version=\"1.2\" baseProfile=\"tiny\"><path d=\"M18.2 9.3l-6.2-6.3-6.2 6.3c-.2.2-.3.4-.3.7s.1.5.3.7c.2.2.4.3.7.3h11c.3 0 .5-.1.7-.3.2-.2.3-.5.3-.7s-.1-.5-.3-.7zM5.8 14.7l6.2 6.3 6.2-6.3c.2-.2.3-.5.3-.7s-.1-.5-.3-.7c-.2-.2-.4-.3-.7-.3h-11c-.3 0-.5.1-.7.3-.2.2-.3.5-.3.7s.1.5.3.7z\"\/><\/svg><\/span><\/span><\/span><\/a><\/span><\/div>\n<nav><ul class='ez-toc-list ez-toc-list-level-1 eztoc-toggle-hide-by-default' ><li class='ez-toc-page-1 ez-toc-heading-level-2'><a class=\"ez-toc-link ez-toc-heading-1\" href=\"https:\/\/pokeriomokykla.com\/de\/litauische-casinos-offline-vs-online\/#Litauische_Casinos_%E2%80%93_welche_Vorteile\" >Litauische Casinos &#8211; welche Vorteile?<\/a><\/li><li class='ez-toc-page-1 ez-toc-heading-level-2'><a class=\"ez-toc-link ez-toc-heading-2\" href=\"https:\/\/pokeriomokykla.com\/de\/litauische-casinos-offline-vs-online\/#Casinos_in_Litauen_und_Online-Spiele\" >Casinos in Litauen und Online-Spiele<\/a><\/li><li class='ez-toc-page-1 ez-toc-heading-level-2'><a class=\"ez-toc-link ez-toc-heading-3\" href=\"https:\/\/pokeriomokykla.com\/de\/litauische-casinos-offline-vs-online\/#Betsafe_Casino\" >Betsafe Casino<\/a><\/li><li class='ez-toc-page-1 ez-toc-heading-level-2'><a class=\"ez-toc-link ez-toc-heading-4\" href=\"https:\/\/pokeriomokykla.com\/de\/litauische-casinos-offline-vs-online\/#Litauische_Online-Casinos_und_Sicherheit\" >Litauische Online-Casinos und Sicherheit<\/a><\/li><li class='ez-toc-page-1 ez-toc-heading-level-2'><a class=\"ez-toc-link ez-toc-heading-5\" href=\"https:\/\/pokeriomokykla.com\/de\/litauische-casinos-offline-vs-online\/#Litauische_Casinos_und_Kundenservice\" >Litauische Casinos und Kundenservice<\/a><\/li><li class='ez-toc-page-1 ez-toc-heading-level-2'><a class=\"ez-toc-link ez-toc-heading-6\" href=\"https:\/\/pokeriomokykla.com\/de\/litauische-casinos-offline-vs-online\/#Welche_litauischen_Casinos_waehlen\" >Welche litauischen Casinos w\u00e4hlen?<\/a><\/li><li class='ez-toc-page-1 ez-toc-heading-level-2'><a class=\"ez-toc-link ez-toc-heading-7\" href=\"https:\/\/pokeriomokykla.com\/de\/litauische-casinos-offline-vs-online\/#Betsafe_Casino-2\" >Betsafe Casino<\/a><\/li><\/ul><\/nav><\/div>\n<h2 style=\"text-align: center;\"><span class=\"ez-toc-section\" id=\"Litauische_Casinos_%E2%80%93_welche_Vorteile\"><\/span><strong>Litauische Casinos &#8211; welche Vorteile?<\/strong><span class=\"ez-toc-section-end\"><\/span><\/h2>\n<p><span style=\"font-weight: 400;\">Casinos in Litauen haben einen klaren, gr\u00f6\u00dften Vorteil &#8211; physische Standorte. F\u00fcr viele Litauer kann es aufgrund finanzieller oder zeitlicher Gr\u00fcnde sehr unpraktisch sein, zum Spielen in andere L\u00e4nder zu reisen. In Litauen gibt es jedoch viele kleine lokale Casinos, in denen man spielen kann.<\/span><\/p>\n<p><span style=\"font-weight: 400;\">Weitere Vorteile h\u00e4ngen nat\u00fcrlich vom spezifischen Casino ab. Casinos in gr\u00f6\u00dferen litauischen St\u00e4dten k\u00f6nnen Turniere oder andere monatliche Vorteile anbieten. Leider ist das Spielen in Casinos in Litauen nicht sehr beliebt, sodass es oft an Teilnehmern f\u00fcr spezielle Veranstaltungen mangelt. Zum Beispiel k\u00f6nnten Pokerturnierliebhaber oder diejenigen, die eine gro\u00dfe Auswahl an Cash-Game-Tischen bevorzugen, entt\u00e4uscht sein, da es selbst in gr\u00f6\u00dferen litauischen St\u00e4dten einfach an Spielern fehlt.<\/span><\/p>\n<p><span style=\"font-weight: 400;\">Alles andere h\u00e4ngt von vielen Faktoren ab. Wie alle anderen Casinos bieten auch die litauischen Willkommensboni und Bonuspakete, kostenlose Spins und Erh\u00f6hungen der ersten Einzahlung an. Offline-Casinos in Litauen bieten oft die M\u00f6glichkeit, zumindest einige Spielautomaten oder Tischspiele kostenlos auszuprobieren.<\/span><\/p>\n<h2 style=\"text-align: center;\"><span class=\"ez-toc-section\" id=\"Casinos_in_Litauen_und_Online-Spiele\"><\/span><strong>Casinos in Litauen und Online-Spiele<\/strong><span class=\"ez-toc-section-end\"><\/span><\/h2>\n<p><span style=\"font-weight: 400;\">Heutzutage ist es nicht mehr notwendig, zu einem physischen Standort zu fahren, um Casinospiele zu spielen. Im Internet gibt es viele ausschlie\u00dflich online (oder online und offline) R\u00e4ume, die viele der neuesten Spiele, Boni und Annehmlichkeiten bieten. Es gibt auch viele litauische Online-R\u00e4ume, in denen man sich leicht registrieren und spielen kann.<\/span><\/p>\n<h3 style=\"text-align: center;\">Die besten litauischen Casinos:<\/h3>\n<p style=\"text-align: center;\"><div class=\"row\"><div class=\"col-md-12 aff-listing-col casino-items shortcode\">\n<article class=\"affiliate-item affiliate-item-8\" data-affiliate-type=\"\" data-affiliate-id=\"8\" data-affiliate-title=\"Betsafe Casino\" data-affiliate-membership-terms=\"\">\n\n  <div class=\"logo col-md-3 col-sm-12 col-xs-12\">\n    <a href=\"https:\/\/pokeriomokykla.com\/casino\/betsafe\" rel=\"nofollow\" target=\"_blank\" class=\"media-img\"><img decoding=\"async\" width=\"470\" height=\"246\" src=\"https:\/\/pokeriomokykla.com\/app\/uploads\/2018\/08\/betsafe.logo_.jpg\" class=\"attachment-full size-full\" alt=\"\" srcset=\"https:\/\/pokeriomokykla.com\/app\/uploads\/2018\/08\/betsafe.logo_.jpg 470w, https:\/\/pokeriomokykla.com\/app\/uploads\/2018\/08\/betsafe.logo_-300x157.jpg 300w, https:\/\/pokeriomokykla.com\/app\/uploads\/2018\/08\/betsafe.logo_-229px-120px.jpg 229w\" sizes=\"(max-width: 470px) 100vw, 470px\" \/><\/a>\n  <\/div>\n\n  <div class=\"post-content col-md-6 col-sm-12 col-xs-12\">\n    <header class=\"entry-header hide\">\n      <h2 class=\"entry-title\"><span class=\"ez-toc-section\" id=\"Betsafe_Casino\"><\/span>\n        <a href=\"https:\/\/pokeriomokykla.com\/casino\/betsafe\" rel=\"bookmark nofollow\" target=\"_blank\">\n          Betsafe Casino        <\/a>\n      <span class=\"ez-toc-section-end\"><\/span><\/h2>\n    <\/header><!-- .entry-header -->\n\n    <div class=\"entry-content\">\n              <div class=\"bonus\">\n          Kazino, sporto la\u017eybos ir pokeris viename!        <\/div>\n      \n      <div class=\"affiliate-info\">\n        \n                  <div class=\"affiliate-accepts\">\n            <div class=\"lt-accepted\" data-toggle=\"tooltip\" title=\"Priima \u017eaid\u0117jus i\u0161 Lietuvos\">\n              <span class=\"checkmark\">\n                <i class=\"fa fa-check\" aria-hidden=\"true\"><\/i>\n              <\/span>\n\n              <span class=\"lt-flag\">\n                <img decoding=\"async\" src=\"https:\/\/pokeriomokykla.com\/app\/themes\/pokerio-mokykla\/img\/flags\/lt.flag.png\">\n              <\/span>\n            <\/div>\n          <\/div>\n        \n        <div class=\"affiliate-rating\" data-toggle=\"tooltip\" title=\"La\u017eyb\u0173 reitingas - 7.68\/10\">\n          <span class=\"rating-star\" data-value=\"5\"><\/span>\n          <span class=\"rating-star\" data-value=\"4\"><\/span>\n          <span class=\"rating-star\" data-value=\"3\"><\/span>\n          <span class=\"rating-star\" data-value=\"2\"><\/span>\n          <span class=\"rating-star\" data-value=\"1\"><\/span>\n\n                      <div class=\"rating-box\">\n              <div class=\"rating\" style=\"width: 76.8%;\"><\/div>\n            <\/div>\n                          <div class=\"rating-value\">7.68<\/div>\n                              <\/div>\n      <\/div>\n\n      <div class=\"rules-text\">Galioja tik naujiems \u017eaid\u0117jams ir tik 18+ am\u017eiaus.<\/div>\n\n    <\/div><!-- .entry-content -->\n  <\/div>\n\n  <div class=\"button col-md-3 col-sm-12 col-xs-12\">\n    <div class=\"deal-button\">\n      <a href=\"https:\/\/pokeriomokykla.com\/casino\/betsafe\" target=\"_blank\" rel=\"nofollow\">\u017daisk dabar!<\/a>\n    <\/div>\n   <div class=\"icons\">\n      <ul>\n                  <li>\n            <div data-toggle=\"tooltip\" title=\"Windows \">\n              <i class=\"fab fa-windows\" aria-hidden=\"true\"><\/i>\n            <\/div>\n          <\/li>\n                  <li>\n            <div data-toggle=\"tooltip\" title=\"Mac OS \">\n              <i class=\"fab fa-apple\" aria-hidden=\"true\"><\/i>\n            <\/div>\n          <\/li>\n                  <li>\n            <div data-toggle=\"tooltip\" title=\"iPhone \">\n              <i class=\"fa fa-mobile\" aria-hidden=\"true\"><\/i>\n            <\/div>\n          <\/li>\n                  <li>\n            <div data-toggle=\"tooltip\" title=\"Android \">\n              <i class=\"fab fa-android\" aria-hidden=\"true\"><\/i>\n            <\/div>\n          <\/li>\n              <\/ul>\n    <\/div>\n  <\/div>\n\n<\/article><!-- #post --><\/div><\/div><\/p>\n<p><span style=\"font-weight: 400;\">Obwohl der Komfort zu Hause f\u00fcr viele sehr attraktiv ist, hat das Online-Spielen auch seine Nachteile. Zum Beispiel wird auf Online-Portalen sehr selten ein Chatsystem verwendet, sodass das Spielen zu einer Einzelaktivit\u00e4t wird. In physischen Casinos hingegen ist die Geselligkeit ein gro\u00dfer Aspekt des Spielens, da dort oft Menschen hingehen, die nicht nur spielen, sondern auch kommunizieren m\u00f6chten.<\/span><span style=\"font-weight: 400;\">Der Vorteil der litauischen Casinos, wie bereits erw\u00e4hnt, ist, dass sie fast immer in der N\u00e4he des Wohnorts sind, sodass es meistens kein Problem ist, dorthin zu gelangen. Ein weiterer Vorteil der litauischen Casinos gegen\u00fcber Online-R\u00e4umen ist die Zuverl\u00e4ssigkeit.<\/span><\/p>\n<p><span style=\"font-weight: 400;\">Online-Gl\u00fccksspielplattformen werden nicht so streng \u00fcberpr\u00fcft wie physische Casinos, daher basiert das Vertrauen in sie allein auf den \u00dcberzeugungen des Spielers. Physische Casinos hingegen werden h\u00e4ufig von entsprechenden Institutionen \u00fcberpr\u00fcft, um einen m\u00f6glichst fairen Betrieb zu gew\u00e4hrleisten. Obwohl das Haus immer gewinnt, kann man in diesem Fall sicher sein, dass der EV nur so viel verliert, wie angegeben.<\/span><\/p>\n<p><span style=\"font-weight: 400;\">Nat\u00fcrlich verstehen Online-Casinos die Situation gut und bieten daher oft bessere Boni oder Pr\u00e4mien an. Dieser Aspekt gilt auch f\u00fcr Online-Casinos in Litauen. Fast alle litauischen Casinos, die ins Internet verlagert wurden, bieten bessere Boni an, als man sie jemals in physischen Spielh\u00e4usern erhalten k\u00f6nnte.<\/span><\/p>\n<h2 style=\"text-align: center;\"><span class=\"ez-toc-section\" id=\"Litauische_Online-Casinos_und_Sicherheit\"><\/span><strong>Litauische Online-Casinos und Sicherheit<\/strong><span class=\"ez-toc-section-end\"><\/span><\/h2>\n<p><span style=\"font-weight: 400;\">In Litauen k\u00f6nnen Casinos leicht eine Lizenz erhalten, ohne traditionelle Taktiken anzuwenden. Viele ausl\u00e4ndische Spielh\u00e4user suchen nach einem einfacheren Weg, eine Gl\u00fccksspiellizenz zu erhalten, und registrieren daher ihre T\u00e4tigkeit in fernen L\u00e4ndern wie den Kaimaninseln. In diesen Gebieten ist es sehr einfach, eine Gl\u00fccksspielaktivit\u00e4t zu registrieren.<\/span><\/p>\n<p><span style=\"font-weight: 400;\">Litauische Online-Casinos m\u00fcssen solchen Strategien nicht folgen (obwohl sie es nat\u00fcrlich k\u00f6nnen). Wenn ein litauisches Online-Casino eine in Litauen ausgestellte Lizenz hat, kann der Spieler viel ruhiger sein, da es eine st\u00e4rkere rechtliche Grundlage f\u00fcr die L\u00f6sung potenzieller Streitigkeiten gibt. Im Gegensatz zu ausl\u00e4ndischen Online-Casinos, die oft in L\u00e4ndern <a href=\"https:\/\/europa.eu\/european-union\/about-eu\/countries_lt\" target=\"_blank\" rel=\"noopener noreferrer\">au\u00dferhalb der EU<\/a> registriert sind, gibt es in Litauen entsprechende Institutionen, an die sich der Spieler immer wenden kann.<\/span><\/p>\n<p><span style=\"font-weight: 400;\">Aufgrund der strengeren \u00dcberwachung sind Online-Casinos in Litauen oft viel zuverl\u00e4ssiger. Das rechtliche System garantiert eine st\u00e4ndige \u00dcberpr\u00fcfung der Fairness des Spielangebots durch entsprechende Institutionen. Im Ausland registrierte Einrichtungen werden hingegen oft nicht so genau auf Fairness \u00fcberpr\u00fcft. Dennoch sind Casinos ein Gesch\u00e4ft wie jedes andere, daher suchen sie oft nach dem besten Weg, Geld zu verdienen und die geringste Wahrscheinlichkeit, in Schwierigkeiten zu geraten. Daher werden bei der Suche nach Lizenzen auch \u00dcberlegungen zur \u00dcberpr\u00fcfung der Spielh\u00e4user und viele andere Aspekte einbezogen.<\/span><\/p>\n<h2 style=\"text-align: center;\"><span class=\"ez-toc-section\" id=\"Litauische_Casinos_und_Kundenservice\"><\/span><strong>Litauische Casinos und Kundenservice<\/strong><span class=\"ez-toc-section-end\"><\/span><\/h2>\n<p><span style=\"font-weight: 400;\">Einer der wichtigsten Aspekte sowohl von Offline- als auch von Online-Einrichtungen ist der Kundenservice. Spielh\u00e4user sind da keine Ausnahme. Nat\u00fcrlich k\u00f6nnen Sie in litauischen Casinos sicher sein, dass Sie bei Problemen oder anderen Unannehmlichkeiten immer auf Litauisch bedient werden.<\/span><\/p>\n<p><span style=\"font-weight: 400;\">In physischen Spielh\u00e4usern ist der Service nat\u00fcrlich immer viel besser als in Online-R\u00e4umen. In Online-R\u00e4umen arbeiten in der Regel leider schlecht bezahlte Spezialisten, die viele Kunden gleichzeitig bedienen m\u00fcssen. Ihre M\u00f6glichkeiten, bei Problemen oder Auszahlungsproblemen zu helfen, sind in der Regel sehr begrenzt.<\/span><\/p>\n<p><img decoding=\"async\" class=\"aligncenter wp-image-763243\" title=\"Casinos in Litauen\" src=\"https:\/\/pokeriomokykla.com\/app\/uploads\/2020\/08\/Kazino-Lietuvoje.png\" alt=\"Casinos in Litauen\" width=\"810\" height=\"203\" srcset=\"https:\/\/pokeriomokykla.com\/app\/uploads\/2020\/08\/Kazino-Lietuvoje.png 1024w, https:\/\/pokeriomokykla.com\/app\/uploads\/2020\/08\/Kazino-Lietuvoje-300x75.png 300w, https:\/\/pokeriomokykla.com\/app\/uploads\/2020\/08\/Kazino-Lietuvoje-768px-192px.png 768w, https:\/\/pokeriomokykla.com\/app\/uploads\/2020\/08\/Kazino-Lietuvoje-480px-120px.png 480w, https:\/\/pokeriomokykla.com\/app\/uploads\/2020\/08\/Kazino-Lietuvoje-700px-175px.png 700w\" sizes=\"(max-width: 810px) 100vw, 810px\" \/><\/p>\n<p><span style=\"font-weight: 400;\">In physischen Spielh\u00e4usern hingegen ist der Service immer von h\u00f6chster Qualit\u00e4t. Eine Person bedient in der Regel nur wenige Kunden gleichzeitig. Au\u00dferdem, wenn Sie oft in denselben H\u00e4usern spielen, erhalten Sie immer bessere Status (bis hin zu VIP, die besondere Privilegien erhalten). Dies gibt es in Online-Casinos in der Regel nicht, im besten Fall gibt es eine Poker-Rakeback-\u00e4hnliche Geld-zur\u00fcck-Pr\u00e4mie.<\/span><\/p>\n<p><span style=\"font-weight: 400;\">VIP-Kunden werden in Litauen nat\u00fcrlich noch nicht so gut bewertet, aber sie erhalten mehr Vorteile als ein normaler Spieler, sowohl offline als auch online. Welche Privilegien Spieler mit besonderem Status erhalten, h\u00e4ngt von den Bedingungen des Spielhauses ab, daher ist es fast unm\u00f6glich, eine allgemeine Liste der Boni zu erstellen. Im Ausland erhalten Spieler in der Regel Hotelzimmer, luxuri\u00f6se Gegenst\u00e4nde oder Gesch\u00e4ftsessen. Nat\u00fcrlich sind dies immer sehr kalkulierte Geschenke, die darauf abzielen, die Spieler immer mehr anzuziehen. In Litauen sind diese Traditionen etwas schw\u00e4cher, daher sollten Sie nicht blind auf Fl\u00fcge oder andere beeindruckende Vorteile hoffen, wenn Sie viel spielen.<\/span><\/p>\n<h2 style=\"text-align: center;\"><span class=\"ez-toc-section\" id=\"Welche_litauischen_Casinos_waehlen\"><\/span><strong>Welche litauischen Casinos w\u00e4hlen?<\/strong><span class=\"ez-toc-section-end\"><\/span><\/h2>\n<p><span style=\"font-weight: 400;\">Es gibt nicht sehr viele verschiedene Casinos in Litauen, da unser Markt in diesem Bereich leider immer noch ziemlich klein ist. Nat\u00fcrlich gibt es immer noch bessere Casinos als andere, sowohl im Offline- als auch im Online-Markt, daher k\u00f6nnen Sie in der Pokerschule immer die Bewertungen der besten R\u00e4ume finden \u2b07<\/span><\/p>\n<p style=\"text-align: center;\"><div class=\"row\"><div class=\"col-md-12 aff-listing-col casino-items shortcode\">\n<article class=\"affiliate-item affiliate-item-8\" data-affiliate-type=\"\" data-affiliate-id=\"8\" data-affiliate-title=\"Betsafe Casino\" data-affiliate-membership-terms=\"\">\n\n  <div class=\"logo col-md-3 col-sm-12 col-xs-12\">\n    <a href=\"https:\/\/pokeriomokykla.com\/casino\/betsafe\" rel=\"nofollow\" target=\"_blank\" class=\"media-img\"><img decoding=\"async\" width=\"470\" height=\"246\" src=\"https:\/\/pokeriomokykla.com\/app\/uploads\/2018\/08\/betsafe.logo_.jpg\" class=\"attachment-full size-full\" alt=\"\" srcset=\"https:\/\/pokeriomokykla.com\/app\/uploads\/2018\/08\/betsafe.logo_.jpg 470w, https:\/\/pokeriomokykla.com\/app\/uploads\/2018\/08\/betsafe.logo_-300x157.jpg 300w, https:\/\/pokeriomokykla.com\/app\/uploads\/2018\/08\/betsafe.logo_-229px-120px.jpg 229w\" sizes=\"(max-width: 470px) 100vw, 470px\" \/><\/a>\n  <\/div>\n\n  <div class=\"post-content col-md-6 col-sm-12 col-xs-12\">\n    <header class=\"entry-header hide\">\n      <h2 class=\"entry-title\"><span class=\"ez-toc-section\" id=\"Betsafe_Casino-2\"><\/span>\n        <a href=\"https:\/\/pokeriomokykla.com\/casino\/betsafe\" rel=\"bookmark nofollow\" target=\"_blank\">\n          Betsafe Casino        <\/a>\n      <span class=\"ez-toc-section-end\"><\/span><\/h2>\n    <\/header><!-- .entry-header -->\n\n    <div class=\"entry-content\">\n              <div class=\"bonus\">\n          Kazino, sporto la\u017eybos ir pokeris viename!        <\/div>\n      \n      <div class=\"affiliate-info\">\n        \n                  <div class=\"affiliate-accepts\">\n            <div class=\"lt-accepted\" data-toggle=\"tooltip\" title=\"Priima \u017eaid\u0117jus i\u0161 Lietuvos\">\n              <span class=\"checkmark\">\n                <i class=\"fa fa-check\" aria-hidden=\"true\"><\/i>\n              <\/span>\n\n              <span class=\"lt-flag\">\n                <img decoding=\"async\" src=\"https:\/\/pokeriomokykla.com\/app\/themes\/pokerio-mokykla\/img\/flags\/lt.flag.png\">\n              <\/span>\n            <\/div>\n          <\/div>\n        \n        <div class=\"affiliate-rating\" data-toggle=\"tooltip\" title=\"La\u017eyb\u0173 reitingas - 7.68\/10\">\n          <span class=\"rating-star\" data-value=\"5\"><\/span>\n          <span class=\"rating-star\" data-value=\"4\"><\/span>\n          <span class=\"rating-star\" data-value=\"3\"><\/span>\n          <span class=\"rating-star\" data-value=\"2\"><\/span>\n          <span class=\"rating-star\" data-value=\"1\"><\/span>\n\n                      <div class=\"rating-box\">\n              <div class=\"rating\" style=\"width: 76.8%;\"><\/div>\n            <\/div>\n                          <div class=\"rating-value\">7.68<\/div>\n                              <\/div>\n      <\/div>\n\n      <div class=\"rules-text\">Galioja tik naujiems \u017eaid\u0117jams ir tik 18+ am\u017eiaus.<\/div>\n\n    <\/div><!-- .entry-content -->\n  <\/div>\n\n  <div class=\"button col-md-3 col-sm-12 col-xs-12\">\n    <div class=\"deal-button\">\n      <a href=\"https:\/\/pokeriomokykla.com\/casino\/betsafe\" target=\"_blank\" rel=\"nofollow\">\u017daisk dabar!<\/a>\n    <\/div>\n   <div class=\"icons\">\n      <ul>\n                  <li>\n            <div data-toggle=\"tooltip\" title=\"Windows \">\n              <i class=\"fab fa-windows\" aria-hidden=\"true\"><\/i>\n            <\/div>\n          <\/li>\n                  <li>\n            <div data-toggle=\"tooltip\" title=\"Mac OS \">\n              <i class=\"fab fa-apple\" aria-hidden=\"true\"><\/i>\n            <\/div>\n          <\/li>\n                  <li>\n            <div data-toggle=\"tooltip\" title=\"iPhone \">\n              <i class=\"fa fa-mobile\" aria-hidden=\"true\"><\/i>\n            <\/div>\n          <\/li>\n                  <li>\n            <div data-toggle=\"tooltip\" title=\"Android \">\n              <i class=\"fab fa-android\" aria-hidden=\"true\"><\/i>\n            <\/div>\n          <\/li>\n              <\/ul>\n    <\/div>\n  <\/div>\n\n<\/article><!-- #post --><\/div><\/div><\/p>\n<p><span style=\"font-weight: 400;\">Wenn Sie in physische litauische Spielh\u00e4user reisen, empfehlen wir, nicht allein zu gehen. Schlie\u00dflich ist einer der gr\u00f6\u00dften Vorteile von Offline-Casinos die Geselligkeit. Freunde helfen, eine gute Zeit zu haben, und das sollte das Hauptziel des Spielens sein. Sie sollten auf keinen Fall daran denken, Geld zu verdienen, da alle Spiele gegen Sie gerichtet sind.<\/span><\/p>\n<p><span style=\"font-weight: 400;\">In litauischen Casinos ist die Spielauswahl nat\u00fcrlich oft etwas eingeschr\u00e4nkter als im Ausland. Dieser Unterschied entsteht aus einem einfachen Grund &#8211; Kapitalunterschiede. Sie k\u00f6nnen jedoch immer sicher sein, dass Sie viele bekannte Spiele in allen Casinos in Litauen finden werden. Es ist fast unm\u00f6glich, ein Spielhaus ohne <a href=\"\/de\/blackjack-regeln\">BlackJack<\/a>, Roulette oder <a href=\"\/de\/beliebte-lotterie-maschinen-online\">Spielautomaten<\/a> zu finden.<\/span><\/p>\n<p><span style=\"font-weight: 400;\">Roulette hat in Litauen bessere Prozents\u00e4tze als in einigen L\u00e4ndern im Ausland. In den USA wird oft die amerikanische Version des Roulettes verwendet, die stark gegen den Spieler gerichtet ist, da der Hausvorteil 5% betr\u00e4gt. In Litauen hingegen wird die europ\u00e4ische Version des Roulettes verwendet, die nur eine 0 hat, sodass der Hausvorteil auf 2,7% sinkt.<\/span><\/p>\n<p><span style=\"font-weight: 400;\">Zusammenfassend l\u00e4sst sich sagen, dass es beim Spielen in Casinos in Litauen einige gro\u00dfe Vorteile gibt.<\/span><\/p>\n<p>Da\u017enai \u017eaid\u0117jai net neatkreipia d\u0117mesio \u012f lietuvi\u0161kus lo\u0161imo namus, ta\u010diau taip daryti nereik\u0117t\u0173. Tiek offline tiek online lo\u0161im\u0173 namai tur\u0117s skirtingiems \u017emon\u0117ms tinkam\u0173 aspekt\u0173, kuri\u0173 galb\u016bt nei\u0161eit\u0173 rasti u\u017esienio kazino. Galiausiai, vienas did\u017eiausi\u0173 privalum\u0173 &#8211; nesunkiai prieinami fiziniai lo\u0161imo namai, kuriuose visada galima smagiai praleisti laik\u0105.\n<\/p>\n<h3><strong>Folgen Sie mehr Casino-Nachrichten:<\/strong><\/h3>\n<p><a href=\"https:\/\/pokeriomokykla.com\/kazino-naujienos\" class=\"media-img\"><img decoding=\"async\" class=\"alignnone wp-image-763242\" title=\"Casino-Nachrichten\" src=\"https:\/\/pokeriomokykla.com\/app\/uploads\/2020\/08\/PM_Kazino_naujienos_1280x720.jpg\" alt=\"Casino-Nachrichten\" width=\"400\" height=\"225\" srcset=\"https:\/\/pokeriomokykla.com\/app\/uploads\/2020\/08\/PM_Kazino_naujienos_1280x720.jpg 1024w, https:\/\/pokeriomokykla.com\/app\/uploads\/2020\/08\/PM_Kazino_naujienos_1280x720-300x169.jpg 300w, https:\/\/pokeriomokykla.com\/app\/uploads\/2020\/08\/PM_Kazino_naujienos_1280x720-768px-432px.jpg 768w, https:\/\/pokeriomokykla.com\/app\/uploads\/2020\/08\/PM_Kazino_naujienos_1280x720-320px-180px.jpg 320w, https:\/\/pokeriomokykla.com\/app\/uploads\/2020\/08\/PM_Kazino_naujienos_1280x720-120px-68px.jpg 120w, https:\/\/pokeriomokykla.com\/app\/uploads\/2020\/08\/PM_Kazino_naujienos_1280x720-336px-188px.jpg 336w, https:\/\/pokeriomokykla.com\/app\/uploads\/2020\/08\/PM_Kazino_naujienos_1280x720-213px-120px.jpg 213w, https:\/\/pokeriomokykla.com\/app\/uploads\/2020\/08\/PM_Kazino_naujienos_1280x720-700px-394px.jpg 700w\" sizes=\"(max-width: 400px) 100vw, 400px\" \/><\/a><\/p>\n","protected":false},"excerpt":{"rendered":"<p>In Litauen gibt es ziemlich viele Casinos, daher gibt es&#8230;<\/p>\n","protected":false},"author":5318,"featured_media":763241,"parent":0,"menu_order":0,"comment_status":"closed","ping_status":"closed","template":"page-affiliate-items.php","meta":{"_acf_changed":false,"footnotes":""},"class_list":["post-787618","page","type-page","status-publish","has-post-thumbnail","hentry"],"acf":[],"_links":{"self":[{"href":"https:\/\/pokeriomokykla.com\/de\/wp-json\/wp\/v2\/pages\/787618","targetHints":{"allow":["GET"]}}],"collection":[{"href":"https:\/\/pokeriomokykla.com\/de\/wp-json\/wp\/v2\/pages"}],"about":[{"href":"https:\/\/pokeriomokykla.com\/de\/wp-json\/wp\/v2\/types\/page"}],"author":[{"embeddable":true,"href":"https:\/\/pokeriomokykla.com\/de\/wp-json\/wp\/v2\/users\/5318"}],"replies":[{"embeddable":true,"href":"https:\/\/pokeriomokykla.com\/de\/wp-json\/wp\/v2\/comments?post=787618"}],"version-history":[{"count":3,"href":"https:\/\/pokeriomokykla.com\/de\/wp-json\/wp\/v2\/pages\/787618\/revisions"}],"predecessor-version":[{"id":1100346,"href":"https:\/\/pokeriomokykla.com\/de\/wp-json\/wp\/v2\/pages\/787618\/revisions\/1100346"}],"wp:featuredmedia":[{"embeddable":true,"href":"https:\/\/pokeriomokykla.com\/de\/wp-json\/wp\/v2\/media\/763241"}],"wp:attachment":[{"href":"https:\/\/pokeriomokykla.com\/de\/wp-json\/wp\/v2\/media?parent=787618"}],"curies":[{"name":"wp","href":"https:\/\/api.w.org\/{rel}","templated":true}]}}