{"id":787480,"date":"2020-11-04T16:40:23","date_gmt":"2020-11-04T14:40:23","guid":{"rendered":"https:\/\/pokeriomokykla.com\/skrill-casinos-internetu-bonus-kodai-ir-viskas-apie-skrill"},"modified":"2025-04-28T23:24:41","modified_gmt":"2025-04-28T21:24:41","slug":"skrill-casinos-internetu-bonus-kodai-ir-viskas-apie-skrill","status":"publish","type":"page","link":"https:\/\/pokeriomokykla.com\/de\/skrill-casinos-internet-bonus-codes-mit-besten-angeboten","title":{"rendered":"Skrill Casino online \u2013 Bonuscodes 2026"},"content":{"rendered":"<div id=\"ez-toc-container\" class=\"ez-toc-v2_0_76 ez-toc-wrap-left counter-hierarchy ez-toc-counter ez-toc-custom ez-toc-container-direction\">\n<div class=\"ez-toc-title-container\">\n<p class=\"ez-toc-title\" style=\"cursor:inherit\">Inhaltsverzeichnis<\/p>\n<span class=\"ez-toc-title-toggle\"><a href=\"#\" class=\"ez-toc-pull-right ez-toc-btn ez-toc-btn-xs ez-toc-btn-default ez-toc-toggle\" aria-label=\"Toggle Table of Content\"><span class=\"ez-toc-js-icon-con\"><span class=\"\"><span class=\"eztoc-hide\" style=\"display:none;\">Toggle<\/span><span class=\"ez-toc-icon-toggle-span\"><svg style=\"fill: #000000;color:#000000\" xmlns=\"http:\/\/www.w3.org\/2000\/svg\" class=\"list-377408\" width=\"20px\" height=\"20px\" viewBox=\"0 0 24 24\" fill=\"none\"><path d=\"M6 6H4v2h2V6zm14 0H8v2h12V6zM4 11h2v2H4v-2zm16 0H8v2h12v-2zM4 16h2v2H4v-2zm16 0H8v2h12v-2z\" fill=\"currentColor\"><\/path><\/svg><svg style=\"fill: #000000;color:#000000\" class=\"arrow-unsorted-368013\" xmlns=\"http:\/\/www.w3.org\/2000\/svg\" width=\"10px\" height=\"10px\" viewBox=\"0 0 24 24\" version=\"1.2\" baseProfile=\"tiny\"><path d=\"M18.2 9.3l-6.2-6.3-6.2 6.3c-.2.2-.3.4-.3.7s.1.5.3.7c.2.2.4.3.7.3h11c.3 0 .5-.1.7-.3.2-.2.3-.5.3-.7s-.1-.5-.3-.7zM5.8 14.7l6.2 6.3 6.2-6.3c.2-.2.3-.5.3-.7s-.1-.5-.3-.7c-.2-.2-.4-.3-.7-.3h-11c-.3 0-.5.1-.7.3-.2.2-.3.5-.3.7s.1.5.3.7z\"\/><\/svg><\/span><\/span><\/span><\/a><\/span><\/div>\n<nav><ul class='ez-toc-list ez-toc-list-level-1 eztoc-toggle-hide-by-default' ><li class='ez-toc-page-1 ez-toc-heading-level-2'><a class=\"ez-toc-link ez-toc-heading-1\" href=\"https:\/\/pokeriomokykla.com\/de\/skrill-casinos-internet-bonus-codes-mit-besten-angeboten\/#Skrill_Casino-Liste_%E2%80%93_aktualisiert_2026\" >Skrill Casino-Liste \u2013 aktualisiert 2026<\/a><\/li><li class='ez-toc-page-1 ez-toc-heading-level-2'><a class=\"ez-toc-link ez-toc-heading-2\" href=\"https:\/\/pokeriomokykla.com\/de\/skrill-casinos-internet-bonus-codes-mit-besten-angeboten\/#Wie_funktioniert_%E2%80%9ESkrill%E2%80%9C\" >Wie funktioniert \u201eSkrill\u201c?<\/a><\/li><li class='ez-toc-page-1 ez-toc-heading-level-2'><a class=\"ez-toc-link ez-toc-heading-3\" href=\"https:\/\/pokeriomokykla.com\/de\/skrill-casinos-internet-bonus-codes-mit-besten-angeboten\/#Warum_sollten_Sie_in_Skrill_Online-Casinos_spielen\" >Warum sollten Sie in Skrill Online-Casinos spielen?<\/a><\/li><li class='ez-toc-page-1 ez-toc-heading-level-2'><a class=\"ez-toc-link ez-toc-heading-4\" href=\"https:\/\/pokeriomokykla.com\/de\/skrill-casinos-internet-bonus-codes-mit-besten-angeboten\/#Skrill_Casino-Boni_Was_Sie_wissen_sollten\" >Skrill Casino-Boni: Was Sie wissen sollten<\/a><\/li><li class='ez-toc-page-1 ez-toc-heading-level-2'><a class=\"ez-toc-link ez-toc-heading-5\" href=\"https:\/\/pokeriomokykla.com\/de\/skrill-casinos-internet-bonus-codes-mit-besten-angeboten\/#Wie_beginnen_Sie_mit_der_Nutzung_von_Skrill_und_maximieren_Ihren_Nutzen\" >Wie beginnen Sie mit der Nutzung von Skrill und maximieren Ihren Nutzen?<\/a><\/li><li class='ez-toc-page-1 ez-toc-heading-level-2'><a class=\"ez-toc-link ez-toc-heading-6\" href=\"https:\/\/pokeriomokykla.com\/de\/skrill-casinos-internet-bonus-codes-mit-besten-angeboten\/#Einzahlungen_und_Auszahlungen\" >Einzahlungen und Auszahlungen<\/a><\/li><li class='ez-toc-page-1 ez-toc-heading-level-2'><a class=\"ez-toc-link ez-toc-heading-7\" href=\"https:\/\/pokeriomokykla.com\/de\/skrill-casinos-internet-bonus-codes-mit-besten-angeboten\/#Interessante_Fakten_ueber_Skrill\" >Interessante Fakten \u00fcber Skrill<\/a><\/li><li class='ez-toc-page-1 ez-toc-heading-level-2'><a class=\"ez-toc-link ez-toc-heading-8\" href=\"https:\/\/pokeriomokykla.com\/de\/skrill-casinos-internet-bonus-codes-mit-besten-angeboten\/#Mobile_Skrill_Casinos\" >Mobile Skrill Casinos<\/a><\/li><li class='ez-toc-page-1 ez-toc-heading-level-2'><a class=\"ez-toc-link ez-toc-heading-9\" href=\"https:\/\/pokeriomokykla.com\/de\/skrill-casinos-internet-bonus-codes-mit-besten-angeboten\/#Fazit_ueber_Skrill_Casino\" >Fazit \u00fcber Skrill Casino<\/a><\/li><li class='ez-toc-page-1 ez-toc-heading-level-2'><a class=\"ez-toc-link ez-toc-heading-10\" href=\"https:\/\/pokeriomokykla.com\/de\/skrill-casinos-internet-bonus-codes-mit-besten-angeboten\/#FAQ_ueber_Skrill_Casino\" >FAQ \u00fcber Skrill Casino<\/a><\/li><\/ul><\/nav><\/div>\n<h2 class=\"wp-block-heading\"><span class=\"ez-toc-section\" id=\"Skrill_Casino-Liste_%E2%80%93_aktualisiert_2026\"><\/span>Skrill Casino-Liste \u2013 aktualisiert 2026 <span class=\"ez-toc-section-end\"><\/span><\/h2>\n\n<div class='widget-card placeholder--card-fullwidth'\n     data-source-gql='https:\/\/scg-new-live.stellate.sh\/'\n     data-source-widgetjs='https:\/\/widget.affprojects.com\/widget.js'\n     data-shortcode='widget-card'\n     data-shortcode-text='[top-casinos-for-games limit=\"20\" mobile-limit=\"10\" listtype=\"stacked\" scrollable=\"never\" fullwidth=\"true\"]'\n     data-props='{\n\"show_more_button\":true,\n\"show_more_button_text\":\"Show More Bookmakers\",\n\"show_more_text\":false,\n\"show_less_text\":false,\n\"vpn_notification\":false,\n\"show_more_items_amount\":null,\n\"fullwidth\":true,\n\"scrollable\":\"never\",\n\"violet_bonus_text\":true,\n\"ab_testing_show_more_button_rework\":true\n}'\n     data-queries='{\n\"type\":\"TOP-Casino\",\n\"limit\":20,\n\"mobile_limit\":10,\n\"show_new\":1,\n\"button_text_type\":\"TOP\",\n\"language\":\"de\",\n\"project\":\"PM\",\n\"page\":1\n}'\n     ><\/div>\n\n<p>\u201eSkrill\u201c ist eine beliebte elektronische Geldb\u00f6rse, die sichere, schnelle und bequeme Transaktionen f\u00fcr Online-Casino-Enthusiasten weltweit bietet. Diese Zahlungsmethode ist bei Spielern aufgrund ihrer einfachen Handhabung, hohen Sicherheitsstandards und der allgemeinen Akzeptanz in vielen Online-Casinos sehr beliebt geworden.<\/p>\n<p>Hier finden Sie alles, was Sie \u00fcber \u201eSkrill\u201c Casinos wissen m\u00fcssen, einschlie\u00dflich Bonuscodes, Transaktionsfunktionen und Tipps, wie Sie Ihre Erfahrung maximieren k\u00f6nnen.<\/p>\n<h2 class=\"wp-block-heading\"><span class=\"ez-toc-section\" id=\"Wie_funktioniert_%E2%80%9ESkrill%E2%80%9C\"><\/span>Wie funktioniert \u201eSkrill\u201c?<span class=\"ez-toc-section-end\"><\/span><\/h2>\n<p>\u201eSkrill\u201c funktioniert als digitale Geldb\u00f6rse, die es erm\u00f6glicht, Geld von einem Konto auf ein anderes zu \u00fcberweisen. Viele Casino-Spieler nutzen sie f\u00fcr sichere und schnelle Zahlungen auf ihre Casino-Konten. Dar\u00fcber hinaus k\u00f6nnen Sie mit \u201eSkrill\u201c Ihre Gewinne problemlos und ohne Aufwand von Ihrem Casino-Konto abheben.<\/p>\n<h2 class=\"wp-block-heading\"><span class=\"ez-toc-section\" id=\"Warum_sollten_Sie_in_Skrill_Online-Casinos_spielen\"><\/span>Warum sollten Sie in Skrill Online-Casinos spielen?<span class=\"ez-toc-section-end\"><\/span><\/h2>\n<p>Skrill bietet viele Vorteile, wie schnelle Transaktionen, zahlreiche M\u00f6glichkeiten, das Skrill Konto aufzuladen, und die Registrierung ist kostenlos. Aus diesem Grund entscheiden sich viele Spieler f\u00fcr Casinos, die Skrill verwenden.<\/p>\n<p>Da es jedoch so viele verschiedene elektronische Geldb\u00f6rsen gibt, kann es manchmal schwierig sein, die richtige Zahlungsmethode f\u00fcr Sie zu finden. Deshalb haben wir die Vor- und Nachteile von Skrill f\u00fcr Sie aufgelistet. So k\u00f6nnen Sie vergleichen und feststellen, ob diese Zahlungsmethode Ihren Anforderungen entspricht.<\/p>\n<figure class=\"wp-block-table is-style-regular\">\n<table class=\"has-pale-ocean-gradient-background has-background has-fixed-layout\">\n<thead>\n<tr>\n<th>\u2714\ufe0f <strong>Vorteile der Nutzung von Skrill<\/strong><\/th>\n<th>\u274c <strong>Nachteile von Skrill<\/strong><\/th>\n<\/tr>\n<\/thead>\n<tbody>\n<tr>\n<td><strong>Schnelle und reibungslose Transaktionen:<\/strong> Einzahlungen und Abhebungen werden schnell durchgef\u00fchrt, sodass Sie Ihre Mittel ohne unn\u00f6tige Verz\u00f6gerungen nutzen k\u00f6nnen.<\/td>\n<td><strong>Langer Verifizierungsprozess:<\/strong> Aufgrund zus\u00e4tzlicher Sicherheits\u00fcberpr\u00fcfungen, die zum Schutz Ihrer Mittel erforderlich sind, kann die Verifizierung des \u201eSkrill\u201c Kontos Zeit in Anspruch nehmen.<\/td>\n<\/tr>\n<tr>\n<td><strong>Kostenlose Kontoeinrichtung:<\/strong> Die Erstellung eines \u201eSkrill\u201c Kontos ist v\u00f6llig kostenlos, was es f\u00fcr alle Benutzer zug\u00e4nglich macht.<\/td>\n<td><strong>Begrenzte Kundenservice-Optionen:<\/strong> Skrill bietet keinen Live-Chat-Support, sondern nutzt den automatisierten Chat-Bot Sofia, der m\u00f6glicherweise nicht alle Kundenbed\u00fcrfnisse erf\u00fcllt.<\/td>\n<\/tr>\n<tr>\n<td><strong>Mehrere Finanzierungsm\u00f6glichkeiten:<\/strong> Sie k\u00f6nnen die Skrill Geldb\u00f6rse auf verschiedene Weise aufladen, z.B. per Bank\u00fcberweisung, \u201eTrustly\u201c, \u201ePaysafecard\u201c usw.<\/td>\n<td><strong>Eingeschr\u00e4nkte Nutzung au\u00dferhalb des Spielbereichs:<\/strong> Obwohl \u201eSkrill\u201c im Gaming-Bereich weit verbreitet ist, wird es in anderen Branchen nicht so h\u00e4ufig akzeptiert, sodass ungenutzte Mittel in der Geldb\u00f6rse verbleiben k\u00f6nnen.<\/td>\n<\/tr>\n<tr>\n<td><strong>Sichere Transaktionen:<\/strong> \u201eSkrill\u201c legt gro\u00dfen Wert auf die Sicherheit der Benutzer und bietet Funktionen wie die Zwei-Faktor-Authentifizierung f\u00fcr zus\u00e4tzlichen Schutz.<\/td>\n<td><\/td>\n<\/tr>\n<tr>\n<td><strong>Sehr geeignet f\u00fcr Spiele:<\/strong> Viele Online-Casinos und Gaming-Plattformen unterst\u00fctzen \u201eSkrill\u201c als bevorzugte Zahlungsmethode.<\/td>\n<td><\/td>\n<\/tr>\n<tr>\n<td><strong>Regulierter und vertrauensw\u00fcrdiger Anbieter:<\/strong> Skrill ist eine vertrauensw\u00fcrdige Zahlungsmethode, die von der Financial Conduct Authority (FCA) reguliert wird, sodass man ihr vertrauen kann.<\/td>\n<td><\/td>\n<\/tr>\n<tr>\n<td><strong>Vielseitiger Zahlungszugang:<\/strong> \u201eSkrill\u201c ist sowohl mit Computern als auch mit mobilen Ger\u00e4ten kompatibel, sodass es jederzeit und \u00fcberall genutzt werden kann.<\/td>\n<td><\/td>\n<\/tr>\n<tr>\n<td><strong>M\u00f6glichkeit zur Nutzung einer Prepaid-Karte:<\/strong> \u201eSkrill\u201c bietet eine Prepaid-Karte, die mit Ihrem Konto verbunden ist, was den physischen Einkauf erleichtert.<\/td>\n<td><\/td>\n<\/tr>\n<tr>\n<td><strong>Spezielle Sportfunktionen:<\/strong> \u201eSkrill\u201c hat einen speziellen Sportbereich, in dem Benutzer n\u00fctzliche Einblicke finden k\u00f6nnen, einschlie\u00dflich Teamstatistiken, Spielerinformationen und Tipps.<\/td>\n<td><\/td>\n<\/tr>\n<\/tbody>\n<\/table>\n<\/figure>\n<h2 class=\"wp-block-heading\"><span class=\"ez-toc-section\" id=\"Skrill_Casino-Boni_Was_Sie_wissen_sollten\"><\/span>Skrill Casino-Boni: Was Sie wissen sollten<span class=\"ez-toc-section-end\"><\/span><\/h2>\n<\/p>\n<p>Obwohl \u201eSkrill\u201c eine bequeme Zahlungsmethode ist, gew\u00e4hren einige Online-Casinos keine bestimmten Boni, wie z.B. Willkommensangebote, f\u00fcr Einzahlungen \u00fcber \u201eSkrill\u201c. Dies liegt daran, dass Bedenken bestehen, dass Boni missbraucht werden k\u00f6nnten. Viele Casinos bieten jedoch weiterhin exklusive Boni f\u00fcr \u201eSkrill\u201c Benutzer an oder schlie\u00dfen \u201eSkrill\u201c Einzahlungen in Standardaktionen ein.<\/p>\n<p>Um sicherzustellen, dass Sie berechtigt sind, Boni zu erhalten:<\/p>\n<ul class=\"wp-block-list\">\n<li>\u00dcberpr\u00fcfen Sie die Bedingungen und Konditionen der Casino-Bonusangebote.<\/li>\n<li>Suchen Sie nach Casinos, die speziell Skrill freundliche Boni hervorheben.<\/li>\n<\/ul>\n<h3 class=\"wp-block-heading\">Skrill Casino-Bonusarten:<\/h3>\n<ul class=\"wp-block-list\">\n<li>Matched Deposit Bonus<\/li>\n<li><a href=\"https:\/\/pokeriomokykla.com\/reload-bonus\">Reload Bonus<\/a><\/li>\n<li><a href=\"https:\/\/pokeriomokykla.com\/kazino-bonusai-be-depozito\">Casino Skrill No Deposit Bonus<\/a><\/li>\n<li><a href=\"https:\/\/pokeriomokykla.com\/nemokami-sukimai-free-casino-spins\">Free Spins oder Bonus Spins<\/a><\/li>\n<\/ul>\n<h2 class=\"wp-block-heading\"><span class=\"ez-toc-section\" id=\"Wie_beginnen_Sie_mit_der_Nutzung_von_Skrill_und_maximieren_Ihren_Nutzen\"><\/span><b>Wie beginnen Sie mit der Nutzung von Skrill und maximieren Ihren Nutzen?<\/b><span class=\"ez-toc-section-end\"><\/span><\/h2>\n<\/p>\n<p><span style=\"font-weight: 400;\">Die Registrierung auf der Skrill Plattform ist sehr einfach. Die Anmeldung dauert nur wenige Minuten, danach m\u00fcssen Sie lediglich Ihre Identit\u00e4t best\u00e4tigen, um die Vorteile dieser Zahlungsplattform voll auszusch\u00f6pfen.<\/span><\/p>\n<ul class=\"wp-block-list\">\n<li><span style=\"font-weight: 400;\">Besuchen Sie die Skrill Website und klicken Sie auf \u201e<\/span><a href=\"https:\/\/account.skrill.com\/wallet\/account\/sign-up?locale=en\" target=\"_blank\" rel=\"noopener\"><span style=\"font-weight: 400;\">Register<\/span><\/a><span style=\"font-weight: 400;\">\u201c<\/span><\/li>\n<li><span style=\"font-weight: 400;\">Geben Sie Ihre pers\u00f6nlichen Daten ein (Name, Nachname, Wohnsitzland, Kontow\u00e4hrung, E-Mail, Passwort)<\/span><\/li>\n<li><span style=\"font-weight: 400;\">Akzeptieren Sie die Nutzungsbedingungen und schlie\u00dfen Sie die Registrierung ab.<\/span><\/li>\n<\/ul>\n<p><span style=\"font-weight: 400;\">Nach diesen Schritten haben Sie Ihre virtuelle Skrill Geldb\u00f6rse erstellt. Obwohl sie bereits aktiv ist und Sie sich in Ihr Konto einloggen k\u00f6nnen, hat eine nicht aktivierte Skrill Geldb\u00f6rse mit nicht verifizierter Identit\u00e4t wenig Nutzen, da Sie keine Zahlungen oder \u00dcberweisungen t\u00e4tigen k\u00f6nnen. Um Skrill vollst\u00e4ndig nutzen zu k\u00f6nnen, m\u00fcssen Sie die Registrierung abschlie\u00dfen und Geld in die Online-Geldb\u00f6rse einzahlen. Sobald Sie den Verifizierungsprozess Ihres Kontos starten, m\u00fcssen Sie Folgendes eingeben:<\/span><\/p>\n<ul class=\"wp-block-list\">\n<li><span style=\"font-weight: 400;\">Wohnadresse (diese muss durch Aktivierung der Standortfunktion auf Ihrem Smartphone oder durch Hochladen eines Dokuments, das die angegebene Adresse best\u00e4tigt, verifiziert werden);<\/span><\/li>\n<li><span style=\"font-weight: 400;\">Postleitzahl;<\/span><\/li>\n<li><span style=\"font-weight: 400;\">Geburtsdatum;<\/span><\/li>\n<li><span style=\"font-weight: 400;\">Mobiltelefonnummer<\/span><\/li>\n<\/ul>\n<p><span style=\"font-weight: 400;\">Nachdem Sie diese Daten eingegeben haben, erhalten Sie eine SMS mit einem Best\u00e4tigungscode auf Ihr Telefon. Diesen Code m\u00fcssen Sie in der Skrill App und auf der Website eingeben und die verbleibenden Schritte ausf\u00fchren, um den Registrierungsprozess abzuschlie\u00dfen.<\/span><\/p>\n<p><span style=\"font-weight: 400;\">Wie bei NETELLER muss nach diesem Schritt in Ihrem Skrill-Konto mindestens eine Einzahlungsmethode vorhanden sein, die mit der virtuellen Geldb\u00f6rse verkn\u00fcpft ist. Nach der Registrierung sollten Sie Ihre Skrill-Geldb\u00f6rse mit einer Bankkarte, einem Bankkonto oder einer anderen Zahlungsmethode aufladen. Es gibt Dutzende von M\u00f6glichkeiten, dies zu tun.<\/span><\/p>\n<p><span style=\"font-weight: 400;\">Nachdem alles erledigt und die Registrierung abgeschlossen ist, k\u00f6nnen Sie zu den Gl\u00fccksspielunternehmen \u00fcbergehen und Ihr Konto sicher mit der Skrill-virtuellen Geldb\u00f6rse aufladen.<\/span><\/p>\n<h2 class=\"wp-block-heading\"><span class=\"ez-toc-section\" id=\"Einzahlungen_und_Auszahlungen\"><\/span><b>Einzahlungen und Auszahlungen<\/b><span class=\"ez-toc-section-end\"><\/span><\/h2>\n<\/p>\n<p><span style=\"font-weight: 400;\">Skrill-Geldb\u00f6rsen sind eine der schnellsten M\u00f6glichkeiten, Gewinne aus einem Casino abzuheben. Normalerweise werden Gewinne innerhalb von 24 Stunden (im Ausland) auf die Skrill-Geldb\u00f6rse ausgezahlt, in seltenen F\u00e4llen kann die Auszahlungszeit jedoch bis zu 3-5 Werktage betragen.<\/span><\/p>\n<p><span style=\"font-weight: 400;\">Da elektronische Geldb\u00f6rsen immer noch nicht als gleichwertig mit einem Bankkonto oder einer Zahlungskarte angesehen werden, kann der Gl\u00fccksspielanbieter bei gr\u00f6\u00dferen Betr\u00e4gen eine zus\u00e4tzliche Identit\u00e4tsbest\u00e4tigung verlangen.<\/span><\/p>\n<p><span style=\"font-weight: 400;\">Keine Sorge, senden Sie die erforderlichen Dokumente. Normalerweise dauert die Bearbeitung und Best\u00e4tigung der Zahlung, denn nachdem der Gl\u00fccksspielanbieter sie durchgef\u00fchrt hat, wird das Geld sofort auf Ihr Skrill-Konto \u00fcberwiesen.<\/span><\/p>\n<h2 class=\"wp-block-heading\"><span class=\"ez-toc-section\" id=\"Interessante_Fakten_ueber_Skrill\"><\/span>Interessante Fakten \u00fcber Skrill<span class=\"ez-toc-section-end\"><\/span><\/h2>\n<\/p>\n<p><span style=\"font-weight: 400;\">Neben allgemeinen Fakten \u00fcber Skrill als Unternehmen und Marke ist es wichtig, auch die f\u00fcr jeden Kunden relevanten Serviceeigenschaften hervorzuheben:<\/span><\/p>\n<ul class=\"wp-block-list\">\n<li><strong>Gr\u00fcndungsjahr.<\/strong> \u201eSkrill\u201c wurde 2001 gegr\u00fcndet und hie\u00df urspr\u00fcnglich \u201eMoneybookers\u201c.<\/li>\n<li><strong>Teil der \u201ePaysafe Group\u201c.<\/strong> \u201eSkrill\u201c geh\u00f6rt zusammen mit \u201eNETELLER\u201c zur \u201ePaysafe Group\u201c, einem der gr\u00f6\u00dften Anbieter von elektronischen Zahlungsdiensten weltweit.<\/li>\n<li><strong>M\u00f6glichkeit, mehr als 40 W\u00e4hrungen zu verwenden.<\/strong> \u201eSkrill\u201c erm\u00f6glicht es Benutzern, Transaktionen in mehr als 40 W\u00e4hrungen durchzuf\u00fchren, was es ideal f\u00fcr internationale Zahlungen macht.<\/li>\n<li><strong>Boni f\u00fcr Casino-Spieler.<\/strong> Obwohl einige Boni nicht von \u201eSkrill\u201c-Einzahlungen abh\u00e4ngen, bieten einige Casinos spezielle Boni speziell f\u00fcr \u201eSkrill\u201c-Benutzer an.<\/li>\n<li><strong>Bequemer Sportbereich.<\/strong> \u201eSkrill\u201c hat einen speziellen Bereich f\u00fcr Sportfans mit Statistiken und Wett-Tipps.<\/li>\n<li><strong>Marke im Sportbereich.<\/strong> \u201eSkrill\u201c war Sponsor vieler Sportveranstaltungen, einschlie\u00dflich Fu\u00dfball- und E-Sport-Turnieren.<\/li>\n<\/ul>\n<h2 class=\"wp-block-heading\"><span class=\"ez-toc-section\" id=\"Mobile_Skrill_Casinos\"><\/span>Mobile Skrill Casinos<span class=\"ez-toc-section-end\"><\/span><\/h2>\n<\/p>\n<p>Wenn Sie keinen Computer verwenden m\u00f6chten, sollten Sie wissen, dass \u201eSkrill\u201c Zahlungen auch \u00fcber das Mobiltelefon erm\u00f6glicht. Die App kann aus dem \u201eAndroid Play Store\u201c und den \u201eiOS\u201c-App-Stores heruntergeladen werden, sodass Sie schnell, sicher und \u00e4u\u00dferst bequem Zahlungen unterwegs vornehmen k\u00f6nnen.<\/p>\n<p>Rund um die Uhr verf\u00fcgbar, egal wo Sie sind &#8211; um Ihr Kontoguthaben zu \u00fcberpr\u00fcfen, Transaktionen durchzuf\u00fchren oder Geld abzuheben &#8211; das ist die Vielseitigkeit der \u201eSkrill\u201c-App.<\/p>\n<h2 class=\"wp-block-heading\"><span class=\"ez-toc-section\" id=\"Fazit_ueber_Skrill_Casino\"><\/span>Fazit \u00fcber Skrill Casino<span class=\"ez-toc-section-end\"><\/span><\/h2>\n<\/p>\n<p>\u201eSkrill\u201c ist eine vielseitige und sichere Zahlungsmethode, die das Online-Casino-Erlebnis f\u00fcr Spieler weltweit verbessert. Aufgrund der einfachen Handhabung, schnellen Transaktionen und der weltweiten Anerkennung ist es die beste Wahl f\u00fcr Casino-Enthusiasten. \u00dcberpr\u00fcfen Sie immer die Zahlungs- und Bonusbedingungen des ausgew\u00e4hlten Casinos, um das bestm\u00f6gliche Erlebnis zu gew\u00e4hrleisten, bevor Sie spielen.<\/p>\n<p>Wenn Sie ein zuverl\u00e4ssiges \u201eSkrill\u201c Casino w\u00e4hlen und verstehen, wie Sie Ihre Transaktionen maximieren k\u00f6nnen, k\u00f6nnen Sie ein reibungsloses und lohnendes Spielerlebnis genie\u00dfen.<\/p>\n<h2 class=\"wp-block-heading\"><span class=\"ez-toc-section\" id=\"FAQ_ueber_Skrill_Casino\"><\/span>FAQ \u00fcber Skrill Casino<span class=\"ez-toc-section-end\"><\/span><\/h2>\n<\/p>\n<div class=\"schema-faq wp-block-yoast-faq-block\">\n<div class=\"schema-faq-section\" id=\"faq-question-1732565981590\"><strong class=\"schema-faq-question\"><strong>Was ist Skrill?<\/strong><\/strong> <\/p>\n<p class=\"schema-faq-answer\">\u201eSkrill\u201c ist ein Online-Zahlungsdienst, der es Nutzern erm\u00f6glicht, Geld sicher zu senden, zu empfangen und zu speichern. Es wird h\u00e4ufig f\u00fcr E-Commerce, Spiele und internationale Geld\u00fcberweisungen verwendet.<\/p>\n<\/p><\/div>\n<div class=\"schema-faq-section\" id=\"faq-question-1732565997087\"><strong class=\"schema-faq-question\"><strong>Wie erstellt man ein \u201eSkrill\u201c-Konto?<\/strong><\/strong> <\/p>\n<p class=\"schema-faq-answer\">Sie k\u00f6nnen ein \u201eSkrill\u201c-Konto erstellen, indem Sie die offizielle Website besuchen, sich mit Ihrer E-Mail-Adresse registrieren und die erforderlichen pers\u00f6nlichen Informationen ausf\u00fcllen.<\/p>\n<\/p><\/div>\n<div class=\"schema-faq-section\" id=\"faq-question-1732566006099\"><strong class=\"schema-faq-question\"><strong>Ist die Nutzung von \u201eSkrill\u201c kostenlos?<\/strong><\/strong> <\/p>\n<p class=\"schema-faq-answer\">Die Kontoerstellung ist kostenlos, jedoch kann \u201eSkrill\u201c Geb\u00fchren f\u00fcr bestimmte Dienstleistungen erheben, wie z.B. Geldabhebungen, W\u00e4hrungsumrechnungen oder Inaktivit\u00e4t.<\/p>\n<\/p><\/div>\n<div class=\"schema-faq-section\" id=\"faq-question-1732566022541\"><strong class=\"schema-faq-question\"><strong>Welche W\u00e4hrungen unterst\u00fctzt \u201eSkrill\u201c?<\/strong><\/strong> <\/p>\n<p class=\"schema-faq-answer\">Skrill unterst\u00fctzt mehr als 40 W\u00e4hrungen, was es zu einer vielseitigen Wahl f\u00fcr internationale Transaktionen macht.<\/p>\n<\/p><\/div>\n<div class=\"schema-faq-section\" id=\"faq-question-1732566031863\"><strong class=\"schema-faq-question\"><strong>Kann ich \u201eSkrill\u201c f\u00fcr Online-Gl\u00fccksspiele verwenden?<\/strong><\/strong> <\/p>\n<p class=\"schema-faq-answer\">Ja, \u201eSkrill\u201c ist aufgrund seiner Sicherheit und Schnelligkeit eine der beliebtesten Zahlungsmethoden in Online-Casinos und Wettseiten.<\/p>\n<\/p><\/div>\n<div class=\"schema-faq-section\" id=\"faq-question-1732566041185\"><strong class=\"schema-faq-question\"><strong>K\u00f6nnen Einzahlungen mit \u201eSkrill\u201c Boni in Online-Casinos erhalten?<\/strong><\/strong> <\/p>\n<p class=\"schema-faq-answer\">Nicht immer. In einigen Casinos sind \u201eSkrill\u201c-Einzahlungen von Willkommensboni ausgeschlossen. \u00dcberpr\u00fcfen Sie die Bonusbedingungen des verwendeten Casinos.<\/p>\n<\/p><\/div>\n<\/p><\/div>\n","protected":false},"excerpt":{"rendered":"<p>Skrill Casino-Liste \u2013 aktualisiert \u201eSkrill\u201c ist eine beliebte elektronische Geldb\u00f6rse,&#8230;<\/p>\n","protected":false},"author":5318,"featured_media":1091380,"parent":0,"menu_order":0,"comment_status":"closed","ping_status":"closed","template":"page-affiliate-items.php","meta":{"_acf_changed":false,"footnotes":""},"class_list":["post-787480","page","type-page","status-publish","has-post-thumbnail","hentry"],"acf":[],"_links":{"self":[{"href":"https:\/\/pokeriomokykla.com\/de\/wp-json\/wp\/v2\/pages\/787480","targetHints":{"allow":["GET"]}}],"collection":[{"href":"https:\/\/pokeriomokykla.com\/de\/wp-json\/wp\/v2\/pages"}],"about":[{"href":"https:\/\/pokeriomokykla.com\/de\/wp-json\/wp\/v2\/types\/page"}],"author":[{"embeddable":true,"href":"https:\/\/pokeriomokykla.com\/de\/wp-json\/wp\/v2\/users\/5318"}],"replies":[{"embeddable":true,"href":"https:\/\/pokeriomokykla.com\/de\/wp-json\/wp\/v2\/comments?post=787480"}],"version-history":[{"count":5,"href":"https:\/\/pokeriomokykla.com\/de\/wp-json\/wp\/v2\/pages\/787480\/revisions"}],"predecessor-version":[{"id":1093481,"href":"https:\/\/pokeriomokykla.com\/de\/wp-json\/wp\/v2\/pages\/787480\/revisions\/1093481"}],"wp:featuredmedia":[{"embeddable":true,"href":"https:\/\/pokeriomokykla.com\/de\/wp-json\/wp\/v2\/media\/1091380"}],"wp:attachment":[{"href":"https:\/\/pokeriomokykla.com\/de\/wp-json\/wp\/v2\/media?parent=787480"}],"curies":[{"name":"wp","href":"https:\/\/api.w.org\/{rel}","templated":true}]}}